{"id":435,"date":"2024-02-15T12:35:07","date_gmt":"2024-02-15T12:35:07","guid":{"rendered":"https:\/\/melbet.plus\/yo-ng\/?page_id=435"},"modified":"2026-05-14T03:55:36","modified_gmt":"2026-05-14T03:55:36","slug":"affiliate","status":"publish","type":"page","link":"https:\/\/melbet.plus\/yo-ng\/affiliate\/","title":{"rendered":"Alafaramo"},"content":{"rendered":"","protected":false},"excerpt":{"rendered":"","protected":false},"author":1,"featured_media":0,"parent":0,"menu_order":0,"comment_status":"closed","ping_status":"closed","template":"","meta":{"inline_featured_image":false,"footnotes":""},"class_list":["post-435","page","type-page","status-publish","hentry"],"yoast_head":"<!-- This site is optimized with the Yoast SEO plugin v27.6 - https:\/\/yoast.com\/product\/yoast-seo-wordpress\/ -->\n<title>Melbet \u00c0w\u1ecdn al\u00e1b\u00e1\u1e63i\u1e63\u1eb9p\u1ecd\u0300 \u2014 \u00c8t\u00f2 \u00c0j\u1ecd\u1e63ep\u1ecd\u0300 G\u00edga 2026<\/title>\n<meta name=\"description\" content=\"Dara p\u1ecd\u0300 m\u1ecd\u0301 \u00c8t\u00f2 \u00c0j\u1ecd\u1e63ep\u1ecd\u0300 Melbet Nigeria k\u00ed o s\u00ec jo&#039;gun t\u00f3 60% n\u00ed gbogbo \u00ecgb\u00e0 RevShare t\u00e0b\u00ed CPA t\u00edt\u00ed d\u00e9 200000 NGN f\u00fan \u1eb9ni t\u00ed \u00f3 \u0144 gb\u00e1 b\u1ecd\u0301\u1ecd\u0300l\u00f9. \u00c0w\u1ecdn \u00ecsanw\u00f3 \u1ecd\u0300s\u1ecd\u0300\u1ecd\u0300s\u1eb9\u0300 k\u00ed\u00e1k\u00ed\u00e1, \u00e0\u00ecl\u00f3pin \u00ecj\u00e1de \u00e0ti \u00e0w\u1ecdn ow\u00f3 \u00ecy\u00edpad\u00e0 t\u00f3 ga j\u00f9l\u1ecd k\u00e1r\u00ed ay\u00e9.\" \/>\n<meta name=\"robots\" content=\"noindex, follow, max-snippet:-1, max-image-preview:large, max-video-preview:-1\" \/>\n<meta property=\"og:locale\" content=\"en_US\" \/>\n<meta property=\"og:type\" content=\"article\" \/>\n<meta property=\"og:title\" content=\"Melbet \u00c0w\u1ecdn al\u00e1b\u00e1\u1e63i\u1e63\u1eb9p\u1ecd\u0300 \u2014 \u00c8t\u00f2 \u00c0j\u1ecd\u1e63ep\u1ecd\u0300 G\u00edga 2026\" \/>\n<meta property=\"og:description\" content=\"Dara p\u1ecd\u0300 m\u1ecd\u0301 \u00c8t\u00f2 \u00c0j\u1ecd\u1e63ep\u1ecd\u0300 Melbet Nigeria k\u00ed o s\u00ec jo&#039;gun t\u00f3 60% n\u00ed gbogbo \u00ecgb\u00e0 RevShare t\u00e0b\u00ed CPA t\u00edt\u00ed d\u00e9 200000 NGN f\u00fan \u1eb9ni t\u00ed \u00f3 \u0144 gb\u00e1 b\u1ecd\u0301\u1ecd\u0300l\u00f9. \u00c0w\u1ecdn \u00ecsanw\u00f3 \u1ecd\u0300s\u1ecd\u0300\u1ecd\u0300s\u1eb9\u0300 k\u00ed\u00e1k\u00ed\u00e1, \u00e0\u00ecl\u00f3pin \u00ecj\u00e1de \u00e0ti \u00e0w\u1ecdn ow\u00f3 \u00ecy\u00edpad\u00e0 t\u00f3 ga j\u00f9l\u1ecd k\u00e1r\u00ed ay\u00e9.\" \/>\n<meta property=\"og:url\" content=\"https:\/\/melbet.plus\/yo-ng\/affiliate\/\" \/>\n<meta property=\"og:site_name\" content=\"Melbet ng\" \/>\n<meta property=\"article:modified_time\" content=\"2026-05-14T03:55:36+00:00\" \/>\n<meta name=\"twitter:card\" content=\"summary_large_image\" \/>\n<script type=\"application\/ld+json\" class=\"yoast-schema-graph\">{\"@context\":\"https:\\\/\\\/schema.org\",\"@graph\":[{\"@type\":\"WebPage\",\"@id\":\"https:\\\/\\\/melbet.plus\\\/yo-ng\\\/affiliate\\\/\",\"url\":\"https:\\\/\\\/melbet.plus\\\/yo-ng\\\/affiliate\\\/\",\"name\":\"Melbet \u00c0w\u1ecdn al\u00e1b\u00e1\u1e63i\u1e63\u1eb9p\u1ecd\u0300 \u2014 \u00c8t\u00f2 \u00c0j\u1ecd\u1e63ep\u1ecd\u0300 G\u00edga 2026\",\"isPartOf\":{\"@id\":\"https:\\\/\\\/melbet.plus\\\/yo-ng\\\/#website\"},\"datePublished\":\"2024-02-15T12:35:07+00:00\",\"dateModified\":\"2026-05-14T03:55:36+00:00\",\"description\":\"Dara p\u1ecd\u0300 m\u1ecd\u0301 \u00c8t\u00f2 \u00c0j\u1ecd\u1e63ep\u1ecd\u0300 Melbet Nigeria k\u00ed o s\u00ec jo'gun t\u00f3 60% n\u00ed gbogbo \u00ecgb\u00e0 RevShare t\u00e0b\u00ed CPA t\u00edt\u00ed d\u00e9 200000 NGN f\u00fan \u1eb9ni t\u00ed \u00f3 \u0144 gb\u00e1 b\u1ecd\u0301\u1ecd\u0300l\u00f9. \u00c0w\u1ecdn \u00ecsanw\u00f3 \u1ecd\u0300s\u1ecd\u0300\u1ecd\u0300s\u1eb9\u0300 k\u00ed\u00e1k\u00ed\u00e1, \u00e0\u00ecl\u00f3pin \u00ecj\u00e1de \u00e0ti \u00e0w\u1ecdn ow\u00f3 \u00ecy\u00edpad\u00e0 t\u00f3 ga j\u00f9l\u1ecd k\u00e1r\u00ed ay\u00e9.\",\"breadcrumb\":{\"@id\":\"https:\\\/\\\/melbet.plus\\\/yo-ng\\\/affiliate\\\/#breadcrumb\"},\"inLanguage\":\"en-NG\",\"potentialAction\":[{\"@type\":\"ReadAction\",\"target\":[\"https:\\\/\\\/melbet.plus\\\/yo-ng\\\/affiliate\\\/\"]}]},{\"@type\":\"BreadcrumbList\",\"@id\":\"https:\\\/\\\/melbet.plus\\\/yo-ng\\\/affiliate\\\/#breadcrumb\",\"itemListElement\":[{\"@type\":\"ListItem\",\"position\":1,\"name\":\"Home\",\"item\":\"https:\\\/\\\/melbet.plus\\\/yo-ng\\\/\"},{\"@type\":\"ListItem\",\"position\":2,\"name\":\"Alafaramo\"}]},{\"@type\":\"WebSite\",\"@id\":\"https:\\\/\\\/melbet.plus\\\/yo-ng\\\/#website\",\"url\":\"https:\\\/\\\/melbet.plus\\\/yo-ng\\\/\",\"name\":\"Melbet ng\",\"description\":\"My WordPress Blog\",\"potentialAction\":[{\"@type\":\"SearchAction\",\"target\":{\"@type\":\"EntryPoint\",\"urlTemplate\":\"https:\\\/\\\/melbet.plus\\\/yo-ng\\\/?s={search_term_string}\"},\"query-input\":{\"@type\":\"PropertyValueSpecification\",\"valueRequired\":true,\"valueName\":\"search_term_string\"}}],\"inLanguage\":\"en-NG\"}]}<\/script>\n<!-- \/ Yoast SEO plugin. -->","yoast_head_json":{"title":"Melbet \u00c0w\u1ecdn al\u00e1b\u00e1\u1e63i\u1e63\u1eb9p\u1ecd\u0300 \u2014 \u00c8t\u00f2 \u00c0j\u1ecd\u1e63ep\u1ecd\u0300 G\u00edga 2026","description":"Dara p\u1ecd\u0300 m\u1ecd\u0301 \u00c8t\u00f2 \u00c0j\u1ecd\u1e63ep\u1ecd\u0300 Melbet Nigeria k\u00ed o s\u00ec jo'gun t\u00f3 60% n\u00ed gbogbo \u00ecgb\u00e0 RevShare t\u00e0b\u00ed CPA t\u00edt\u00ed d\u00e9 200000 NGN f\u00fan \u1eb9ni t\u00ed \u00f3 \u0144 gb\u00e1 b\u1ecd\u0301\u1ecd\u0300l\u00f9. \u00c0w\u1ecdn \u00ecsanw\u00f3 \u1ecd\u0300s\u1ecd\u0300\u1ecd\u0300s\u1eb9\u0300 k\u00ed\u00e1k\u00ed\u00e1, \u00e0\u00ecl\u00f3pin \u00ecj\u00e1de \u00e0ti \u00e0w\u1ecdn ow\u00f3 \u00ecy\u00edpad\u00e0 t\u00f3 ga j\u00f9l\u1ecd k\u00e1r\u00ed ay\u00e9.","robots":{"index":"noindex","follow":"follow","max-snippet":"max-snippet:-1","max-image-preview":"max-image-preview:large","max-video-preview":"max-video-preview:-1"},"og_locale":"en_US","og_type":"article","og_title":"Melbet \u00c0w\u1ecdn al\u00e1b\u00e1\u1e63i\u1e63\u1eb9p\u1ecd\u0300 \u2014 \u00c8t\u00f2 \u00c0j\u1ecd\u1e63ep\u1ecd\u0300 G\u00edga 2026","og_description":"Dara p\u1ecd\u0300 m\u1ecd\u0301 \u00c8t\u00f2 \u00c0j\u1ecd\u1e63ep\u1ecd\u0300 Melbet Nigeria k\u00ed o s\u00ec jo'gun t\u00f3 60% n\u00ed gbogbo \u00ecgb\u00e0 RevShare t\u00e0b\u00ed CPA t\u00edt\u00ed d\u00e9 200000 NGN f\u00fan \u1eb9ni t\u00ed \u00f3 \u0144 gb\u00e1 b\u1ecd\u0301\u1ecd\u0300l\u00f9. \u00c0w\u1ecdn \u00ecsanw\u00f3 \u1ecd\u0300s\u1ecd\u0300\u1ecd\u0300s\u1eb9\u0300 k\u00ed\u00e1k\u00ed\u00e1, \u00e0\u00ecl\u00f3pin \u00ecj\u00e1de \u00e0ti \u00e0w\u1ecdn ow\u00f3 \u00ecy\u00edpad\u00e0 t\u00f3 ga j\u00f9l\u1ecd k\u00e1r\u00ed ay\u00e9.","og_url":"https:\/\/melbet.plus\/yo-ng\/affiliate\/","og_site_name":"Melbet ng","article_modified_time":"2026-05-14T03:55:36+00:00","twitter_card":"summary_large_image","schema":{"@context":"https:\/\/schema.org","@graph":[{"@type":"WebPage","@id":"https:\/\/melbet.plus\/yo-ng\/affiliate\/","url":"https:\/\/melbet.plus\/yo-ng\/affiliate\/","name":"Melbet \u00c0w\u1ecdn al\u00e1b\u00e1\u1e63i\u1e63\u1eb9p\u1ecd\u0300 \u2014 \u00c8t\u00f2 \u00c0j\u1ecd\u1e63ep\u1ecd\u0300 G\u00edga 2026","isPartOf":{"@id":"https:\/\/melbet.plus\/yo-ng\/#website"},"datePublished":"2024-02-15T12:35:07+00:00","dateModified":"2026-05-14T03:55:36+00:00","description":"Dara p\u1ecd\u0300 m\u1ecd\u0301 \u00c8t\u00f2 \u00c0j\u1ecd\u1e63ep\u1ecd\u0300 Melbet Nigeria k\u00ed o s\u00ec jo'gun t\u00f3 60% n\u00ed gbogbo \u00ecgb\u00e0 RevShare t\u00e0b\u00ed CPA t\u00edt\u00ed d\u00e9 200000 NGN f\u00fan \u1eb9ni t\u00ed \u00f3 \u0144 gb\u00e1 b\u1ecd\u0301\u1ecd\u0300l\u00f9. \u00c0w\u1ecdn \u00ecsanw\u00f3 \u1ecd\u0300s\u1ecd\u0300\u1ecd\u0300s\u1eb9\u0300 k\u00ed\u00e1k\u00ed\u00e1, \u00e0\u00ecl\u00f3pin \u00ecj\u00e1de \u00e0ti \u00e0w\u1ecdn ow\u00f3 \u00ecy\u00edpad\u00e0 t\u00f3 ga j\u00f9l\u1ecd k\u00e1r\u00ed ay\u00e9.","breadcrumb":{"@id":"https:\/\/melbet.plus\/yo-ng\/affiliate\/#breadcrumb"},"inLanguage":"en-NG","potentialAction":[{"@type":"ReadAction","target":["https:\/\/melbet.plus\/yo-ng\/affiliate\/"]}]},{"@type":"BreadcrumbList","@id":"https:\/\/melbet.plus\/yo-ng\/affiliate\/#breadcrumb","itemListElement":[{"@type":"ListItem","position":1,"name":"Home","item":"https:\/\/melbet.plus\/yo-ng\/"},{"@type":"ListItem","position":2,"name":"Alafaramo"}]},{"@type":"WebSite","@id":"https:\/\/melbet.plus\/yo-ng\/#website","url":"https:\/\/melbet.plus\/yo-ng\/","name":"Melbet ng","description":"My WordPress Blog","potentialAction":[{"@type":"SearchAction","target":{"@type":"EntryPoint","urlTemplate":"https:\/\/melbet.plus\/yo-ng\/?s={search_term_string}"},"query-input":{"@type":"PropertyValueSpecification","valueRequired":true,"valueName":"search_term_string"}}],"inLanguage":"en-NG"}]}},"_links":{"self":[{"href":"https:\/\/melbet.plus\/yo-ng\/wp-json\/wp\/v2\/pages\/435","targetHints":{"allow":["GET"]}}],"collection":[{"href":"https:\/\/melbet.plus\/yo-ng\/wp-json\/wp\/v2\/pages"}],"about":[{"href":"https:\/\/melbet.plus\/yo-ng\/wp-json\/wp\/v2\/types\/page"}],"author":[{"embeddable":true,"href":"https:\/\/melbet.plus\/yo-ng\/wp-json\/wp\/v2\/users\/1"}],"replies":[{"embeddable":true,"href":"https:\/\/melbet.plus\/yo-ng\/wp-json\/wp\/v2\/comments?post=435"}],"version-history":[{"count":5,"href":"https:\/\/melbet.plus\/yo-ng\/wp-json\/wp\/v2\/pages\/435\/revisions"}],"predecessor-version":[{"id":1397,"href":"https:\/\/melbet.plus\/yo-ng\/wp-json\/wp\/v2\/pages\/435\/revisions\/1397"}],"wp:attachment":[{"href":"https:\/\/melbet.plus\/yo-ng\/wp-json\/wp\/v2\/media?parent=435"}],"curies":[{"name":"wp","href":"https:\/\/api.w.org\/{rel}","templated":true}]}}