{"id":1087,"date":"2026-03-23T09:18:57","date_gmt":"2026-03-23T09:18:57","guid":{"rendered":"https:\/\/melbet.plus\/yo-ng\/?page_id=1087"},"modified":"2026-05-14T10:42:35","modified_gmt":"2026-05-14T10:42:35","slug":"chicken-road","status":"publish","type":"page","link":"https:\/\/melbet.plus\/yo-ng\/chicken-road\/","title":{"rendered":"Chicken Road"},"content":{"rendered":"","protected":false},"excerpt":{"rendered":"","protected":false},"author":1,"featured_media":0,"parent":0,"menu_order":0,"comment_status":"closed","ping_status":"closed","template":"","meta":{"inline_featured_image":false,"footnotes":""},"class_list":["post-1087","page","type-page","status-publish","hentry"],"yoast_head":"<!-- This site is optimized with the Yoast SEO plugin v27.6 - https:\/\/yoast.com\/product\/yoast-seo-wordpress\/ -->\n<title>Chicken Road n\u00ed Melbet \u2014 i\u1e63akoso ewu ati i\u1e63akoso<\/title>\n<meta name=\"description\" content=\"Chicken Road n\u00ed Melbet Nigeria Ile Itaja\u2014 \u00ecd\u00f9nn\u00fa ju \u00e0w\u1ecdn ih\u00f2 l\u1ecd. \u00cc\u1e63\u00eds\u1eb9\u0300 ad\u00ecy\u1eb9 n\u00e1\u00e0, \u00ecl\u1ecd\u0301po p\u00fap\u1ecd\u0300 s\u00ed i, \u00e0ti \u00ecj\u00e1de ow\u00f3 n\u00ed \u00e0k\u00f3k\u00f2. \u00ccgb\u00e9s\u1eb9\u0300 \u00e0ti \u1ecdgb\u1ecd\u0301n t\u00f3 d\u00f9n m\u1ecd\u0301ni \u2013 \u1e63er\u00e9 l\u00f3r\u00ed ay\u00e9luj\u00e1ra!\" \/>\n<meta name=\"robots\" content=\"noindex, follow, max-snippet:-1, max-image-preview:large, max-video-preview:-1\" \/>\n<meta property=\"og:locale\" content=\"en_US\" \/>\n<meta property=\"og:type\" content=\"article\" \/>\n<meta property=\"og:title\" content=\"Chicken Road n\u00ed Melbet \u2014 i\u1e63akoso ewu ati i\u1e63akoso\" \/>\n<meta property=\"og:description\" content=\"Chicken Road n\u00ed Melbet Nigeria Ile Itaja\u2014 \u00ecd\u00f9nn\u00fa ju \u00e0w\u1ecdn ih\u00f2 l\u1ecd. \u00cc\u1e63\u00eds\u1eb9\u0300 ad\u00ecy\u1eb9 n\u00e1\u00e0, \u00ecl\u1ecd\u0301po p\u00fap\u1ecd\u0300 s\u00ed i, \u00e0ti \u00ecj\u00e1de ow\u00f3 n\u00ed \u00e0k\u00f3k\u00f2. \u00ccgb\u00e9s\u1eb9\u0300 \u00e0ti \u1ecdgb\u1ecd\u0301n t\u00f3 d\u00f9n m\u1ecd\u0301ni \u2013 \u1e63er\u00e9 l\u00f3r\u00ed ay\u00e9luj\u00e1ra!\" \/>\n<meta property=\"og:url\" content=\"https:\/\/melbet.plus\/yo-ng\/chicken-road\/\" \/>\n<meta property=\"og:site_name\" content=\"Melbet ng\" \/>\n<meta property=\"article:modified_time\" content=\"2026-05-14T10:42:35+00:00\" \/>\n<meta name=\"twitter:card\" content=\"summary_large_image\" \/>\n<script type=\"application\/ld+json\" class=\"yoast-schema-graph\">{\"@context\":\"https:\\\/\\\/schema.org\",\"@graph\":[{\"@type\":\"WebPage\",\"@id\":\"https:\\\/\\\/melbet.plus\\\/yo-ng\\\/chicken-road\\\/\",\"url\":\"https:\\\/\\\/melbet.plus\\\/yo-ng\\\/chicken-road\\\/\",\"name\":\"Chicken Road n\u00ed Melbet \u2014 i\u1e63akoso ewu ati i\u1e63akoso\",\"isPartOf\":{\"@id\":\"https:\\\/\\\/melbet.plus\\\/yo-ng\\\/#website\"},\"datePublished\":\"2026-03-23T09:18:57+00:00\",\"dateModified\":\"2026-05-14T10:42:35+00:00\",\"description\":\"Chicken Road n\u00ed Melbet Nigeria Ile Itaja\u2014 \u00ecd\u00f9nn\u00fa ju \u00e0w\u1ecdn ih\u00f2 l\u1ecd. \u00cc\u1e63\u00eds\u1eb9\u0300 ad\u00ecy\u1eb9 n\u00e1\u00e0, \u00ecl\u1ecd\u0301po p\u00fap\u1ecd\u0300 s\u00ed i, \u00e0ti \u00ecj\u00e1de ow\u00f3 n\u00ed \u00e0k\u00f3k\u00f2. \u00ccgb\u00e9s\u1eb9\u0300 \u00e0ti \u1ecdgb\u1ecd\u0301n t\u00f3 d\u00f9n m\u1ecd\u0301ni \u2013 \u1e63er\u00e9 l\u00f3r\u00ed ay\u00e9luj\u00e1ra!\",\"breadcrumb\":{\"@id\":\"https:\\\/\\\/melbet.plus\\\/yo-ng\\\/chicken-road\\\/#breadcrumb\"},\"inLanguage\":\"en-NG\",\"potentialAction\":[{\"@type\":\"ReadAction\",\"target\":[\"https:\\\/\\\/melbet.plus\\\/yo-ng\\\/chicken-road\\\/\"]}]},{\"@type\":\"BreadcrumbList\",\"@id\":\"https:\\\/\\\/melbet.plus\\\/yo-ng\\\/chicken-road\\\/#breadcrumb\",\"itemListElement\":[{\"@type\":\"ListItem\",\"position\":1,\"name\":\"Home\",\"item\":\"https:\\\/\\\/melbet.plus\\\/yo-ng\\\/\"},{\"@type\":\"ListItem\",\"position\":2,\"name\":\"Chicken Road\"}]},{\"@type\":\"WebSite\",\"@id\":\"https:\\\/\\\/melbet.plus\\\/yo-ng\\\/#website\",\"url\":\"https:\\\/\\\/melbet.plus\\\/yo-ng\\\/\",\"name\":\"Melbet ng\",\"description\":\"My WordPress Blog\",\"potentialAction\":[{\"@type\":\"SearchAction\",\"target\":{\"@type\":\"EntryPoint\",\"urlTemplate\":\"https:\\\/\\\/melbet.plus\\\/yo-ng\\\/?s={search_term_string}\"},\"query-input\":{\"@type\":\"PropertyValueSpecification\",\"valueRequired\":true,\"valueName\":\"search_term_string\"}}],\"inLanguage\":\"en-NG\"}]}<\/script>\n<!-- \/ Yoast SEO plugin. -->","yoast_head_json":{"title":"Chicken Road n\u00ed Melbet \u2014 i\u1e63akoso ewu ati i\u1e63akoso","description":"Chicken Road n\u00ed Melbet Nigeria Ile Itaja\u2014 \u00ecd\u00f9nn\u00fa ju \u00e0w\u1ecdn ih\u00f2 l\u1ecd. \u00cc\u1e63\u00eds\u1eb9\u0300 ad\u00ecy\u1eb9 n\u00e1\u00e0, \u00ecl\u1ecd\u0301po p\u00fap\u1ecd\u0300 s\u00ed i, \u00e0ti \u00ecj\u00e1de ow\u00f3 n\u00ed \u00e0k\u00f3k\u00f2. \u00ccgb\u00e9s\u1eb9\u0300 \u00e0ti \u1ecdgb\u1ecd\u0301n t\u00f3 d\u00f9n m\u1ecd\u0301ni \u2013 \u1e63er\u00e9 l\u00f3r\u00ed ay\u00e9luj\u00e1ra!","robots":{"index":"noindex","follow":"follow","max-snippet":"max-snippet:-1","max-image-preview":"max-image-preview:large","max-video-preview":"max-video-preview:-1"},"og_locale":"en_US","og_type":"article","og_title":"Chicken Road n\u00ed Melbet \u2014 i\u1e63akoso ewu ati i\u1e63akoso","og_description":"Chicken Road n\u00ed Melbet Nigeria Ile Itaja\u2014 \u00ecd\u00f9nn\u00fa ju \u00e0w\u1ecdn ih\u00f2 l\u1ecd. \u00cc\u1e63\u00eds\u1eb9\u0300 ad\u00ecy\u1eb9 n\u00e1\u00e0, \u00ecl\u1ecd\u0301po p\u00fap\u1ecd\u0300 s\u00ed i, \u00e0ti \u00ecj\u00e1de ow\u00f3 n\u00ed \u00e0k\u00f3k\u00f2. \u00ccgb\u00e9s\u1eb9\u0300 \u00e0ti \u1ecdgb\u1ecd\u0301n t\u00f3 d\u00f9n m\u1ecd\u0301ni \u2013 \u1e63er\u00e9 l\u00f3r\u00ed ay\u00e9luj\u00e1ra!","og_url":"https:\/\/melbet.plus\/yo-ng\/chicken-road\/","og_site_name":"Melbet ng","article_modified_time":"2026-05-14T10:42:35+00:00","twitter_card":"summary_large_image","schema":{"@context":"https:\/\/schema.org","@graph":[{"@type":"WebPage","@id":"https:\/\/melbet.plus\/yo-ng\/chicken-road\/","url":"https:\/\/melbet.plus\/yo-ng\/chicken-road\/","name":"Chicken Road n\u00ed Melbet \u2014 i\u1e63akoso ewu ati i\u1e63akoso","isPartOf":{"@id":"https:\/\/melbet.plus\/yo-ng\/#website"},"datePublished":"2026-03-23T09:18:57+00:00","dateModified":"2026-05-14T10:42:35+00:00","description":"Chicken Road n\u00ed Melbet Nigeria Ile Itaja\u2014 \u00ecd\u00f9nn\u00fa ju \u00e0w\u1ecdn ih\u00f2 l\u1ecd. \u00cc\u1e63\u00eds\u1eb9\u0300 ad\u00ecy\u1eb9 n\u00e1\u00e0, \u00ecl\u1ecd\u0301po p\u00fap\u1ecd\u0300 s\u00ed i, \u00e0ti \u00ecj\u00e1de ow\u00f3 n\u00ed \u00e0k\u00f3k\u00f2. \u00ccgb\u00e9s\u1eb9\u0300 \u00e0ti \u1ecdgb\u1ecd\u0301n t\u00f3 d\u00f9n m\u1ecd\u0301ni \u2013 \u1e63er\u00e9 l\u00f3r\u00ed ay\u00e9luj\u00e1ra!","breadcrumb":{"@id":"https:\/\/melbet.plus\/yo-ng\/chicken-road\/#breadcrumb"},"inLanguage":"en-NG","potentialAction":[{"@type":"ReadAction","target":["https:\/\/melbet.plus\/yo-ng\/chicken-road\/"]}]},{"@type":"BreadcrumbList","@id":"https:\/\/melbet.plus\/yo-ng\/chicken-road\/#breadcrumb","itemListElement":[{"@type":"ListItem","position":1,"name":"Home","item":"https:\/\/melbet.plus\/yo-ng\/"},{"@type":"ListItem","position":2,"name":"Chicken Road"}]},{"@type":"WebSite","@id":"https:\/\/melbet.plus\/yo-ng\/#website","url":"https:\/\/melbet.plus\/yo-ng\/","name":"Melbet ng","description":"My WordPress Blog","potentialAction":[{"@type":"SearchAction","target":{"@type":"EntryPoint","urlTemplate":"https:\/\/melbet.plus\/yo-ng\/?s={search_term_string}"},"query-input":{"@type":"PropertyValueSpecification","valueRequired":true,"valueName":"search_term_string"}}],"inLanguage":"en-NG"}]}},"_links":{"self":[{"href":"https:\/\/melbet.plus\/yo-ng\/wp-json\/wp\/v2\/pages\/1087","targetHints":{"allow":["GET"]}}],"collection":[{"href":"https:\/\/melbet.plus\/yo-ng\/wp-json\/wp\/v2\/pages"}],"about":[{"href":"https:\/\/melbet.plus\/yo-ng\/wp-json\/wp\/v2\/types\/page"}],"author":[{"embeddable":true,"href":"https:\/\/melbet.plus\/yo-ng\/wp-json\/wp\/v2\/users\/1"}],"replies":[{"embeddable":true,"href":"https:\/\/melbet.plus\/yo-ng\/wp-json\/wp\/v2\/comments?post=1087"}],"version-history":[{"count":5,"href":"https:\/\/melbet.plus\/yo-ng\/wp-json\/wp\/v2\/pages\/1087\/revisions"}],"predecessor-version":[{"id":1409,"href":"https:\/\/melbet.plus\/yo-ng\/wp-json\/wp\/v2\/pages\/1087\/revisions\/1409"}],"wp:attachment":[{"href":"https:\/\/melbet.plus\/yo-ng\/wp-json\/wp\/v2\/media?parent=1087"}],"curies":[{"name":"wp","href":"https:\/\/api.w.org\/{rel}","templated":true}]}}