{"id":751,"date":"2025-04-25T07:51:03","date_gmt":"2025-04-25T07:51:03","guid":{"rendered":"https:\/\/melbet.plus\/ve\/?page_id=751"},"modified":"2026-01-27T09:07:07","modified_gmt":"2026-01-27T09:07:07","slug":"deposit-series","status":"publish","type":"page","link":"https:\/\/melbet.plus\/ve\/bonus\/deposit-series\/","title":{"rendered":"Serie de dep\u00f3sitos"},"content":{"rendered":"","protected":false},"excerpt":{"rendered":"","protected":false},"author":1,"featured_media":0,"parent":152,"menu_order":0,"comment_status":"closed","ping_status":"closed","template":"","meta":{"inline_featured_image":false,"footnotes":""},"class_list":["post-751","page","type-page","status-publish","hentry"],"yoast_head":"<!-- This site is optimized with the Yoast SEO plugin v27.4 - https:\/\/yoast.com\/product\/yoast-seo-wordpress\/ -->\n<title>Serie de dep\u00f3sitos de Melbet \u1409 obtenga 42.000 VES en dep\u00f3sitos<\/title>\n<meta name=\"description\" content=\"\u00a1Deposita desde 200 VES en Melbet Venezuela y obt\u00e9n hasta 42 000 VES de bonificaci\u00f3n en tu segundo, tercer y cuarto dep\u00f3sito! Acumulaci\u00f3n autom\u00e1tica, intereses reales y m\u00e1ximos beneficios: \u00a1apuesta por tus ganancias y no pierdas esta oportunidad!\" \/>\n<meta name=\"robots\" content=\"index, follow, max-snippet:-1, max-image-preview:large, max-video-preview:-1\" \/>\n<meta property=\"og:locale\" content=\"es_ES\" \/>\n<meta property=\"og:type\" content=\"article\" \/>\n<meta property=\"og:title\" content=\"Serie de dep\u00f3sitos de Melbet \u1409 obtenga 42.000 VES en dep\u00f3sitos\" \/>\n<meta property=\"og:description\" content=\"\u00a1Deposita desde 200 VES en Melbet Venezuela y obt\u00e9n hasta 42 000 VES de bonificaci\u00f3n en tu segundo, tercer y cuarto dep\u00f3sito! Acumulaci\u00f3n autom\u00e1tica, intereses reales y m\u00e1ximos beneficios: \u00a1apuesta por tus ganancias y no pierdas esta oportunidad!\" \/>\n<meta property=\"og:url\" content=\"https:\/\/melbet.plus\/ve\/bonus\/deposit-series\/\" \/>\n<meta property=\"og:site_name\" content=\"Melbet VE\" \/>\n<meta property=\"article:modified_time\" content=\"2026-01-27T09:07:07+00:00\" \/>\n<meta name=\"twitter:card\" content=\"summary_large_image\" \/>\n<script type=\"application\/ld+json\" class=\"yoast-schema-graph\">{\"@context\":\"https:\\\/\\\/schema.org\",\"@graph\":[{\"@type\":\"WebPage\",\"@id\":\"https:\\\/\\\/melbet.plus\\\/ve\\\/bonus\\\/deposit-series\\\/\",\"url\":\"https:\\\/\\\/melbet.plus\\\/ve\\\/bonus\\\/deposit-series\\\/\",\"name\":\"Serie de dep\u00f3sitos de Melbet \u1409 obtenga 42.000 VES en dep\u00f3sitos\",\"isPartOf\":{\"@id\":\"https:\\\/\\\/melbet.plus\\\/ve\\\/#website\"},\"datePublished\":\"2025-04-25T07:51:03+00:00\",\"dateModified\":\"2026-01-27T09:07:07+00:00\",\"description\":\"\u00a1Deposita desde 200 VES en Melbet Venezuela y obt\u00e9n hasta 42 000 VES de bonificaci\u00f3n en tu segundo, tercer y cuarto dep\u00f3sito! Acumulaci\u00f3n autom\u00e1tica, intereses reales y m\u00e1ximos beneficios: \u00a1apuesta por tus ganancias y no pierdas esta oportunidad!\",\"breadcrumb\":{\"@id\":\"https:\\\/\\\/melbet.plus\\\/ve\\\/bonus\\\/deposit-series\\\/#breadcrumb\"},\"inLanguage\":\"es\",\"potentialAction\":[{\"@type\":\"ReadAction\",\"target\":[\"https:\\\/\\\/melbet.plus\\\/ve\\\/bonus\\\/deposit-series\\\/\"]}]},{\"@type\":\"BreadcrumbList\",\"@id\":\"https:\\\/\\\/melbet.plus\\\/ve\\\/bonus\\\/deposit-series\\\/#breadcrumb\",\"itemListElement\":[{\"@type\":\"ListItem\",\"position\":1,\"name\":\"Home\",\"item\":\"https:\\\/\\\/melbet.plus\\\/ve\\\/\"},{\"@type\":\"ListItem\",\"position\":2,\"name\":\"Bonificaciones\",\"item\":\"https:\\\/\\\/melbet.plus\\\/ve\\\/bonus\\\/\"},{\"@type\":\"ListItem\",\"position\":3,\"name\":\"Serie de dep\u00f3sitos\"}]},{\"@type\":\"WebSite\",\"@id\":\"https:\\\/\\\/melbet.plus\\\/ve\\\/#website\",\"url\":\"https:\\\/\\\/melbet.plus\\\/ve\\\/\",\"name\":\"Melbet VE\",\"description\":\"My WordPress Blog\",\"potentialAction\":[{\"@type\":\"SearchAction\",\"target\":{\"@type\":\"EntryPoint\",\"urlTemplate\":\"https:\\\/\\\/melbet.plus\\\/ve\\\/?s={search_term_string}\"},\"query-input\":{\"@type\":\"PropertyValueSpecification\",\"valueRequired\":true,\"valueName\":\"search_term_string\"}}],\"inLanguage\":\"es\"}]}<\/script>\n<!-- \/ Yoast SEO plugin. -->","yoast_head_json":{"title":"Serie de dep\u00f3sitos de Melbet \u1409 obtenga 42.000 VES en dep\u00f3sitos","description":"\u00a1Deposita desde 200 VES en Melbet Venezuela y obt\u00e9n hasta 42 000 VES de bonificaci\u00f3n en tu segundo, tercer y cuarto dep\u00f3sito! Acumulaci\u00f3n autom\u00e1tica, intereses reales y m\u00e1ximos beneficios: \u00a1apuesta por tus ganancias y no pierdas esta oportunidad!","robots":{"index":"index","follow":"follow","max-snippet":"max-snippet:-1","max-image-preview":"max-image-preview:large","max-video-preview":"max-video-preview:-1"},"og_locale":"es_ES","og_type":"article","og_title":"Serie de dep\u00f3sitos de Melbet \u1409 obtenga 42.000 VES en dep\u00f3sitos","og_description":"\u00a1Deposita desde 200 VES en Melbet Venezuela y obt\u00e9n hasta 42 000 VES de bonificaci\u00f3n en tu segundo, tercer y cuarto dep\u00f3sito! Acumulaci\u00f3n autom\u00e1tica, intereses reales y m\u00e1ximos beneficios: \u00a1apuesta por tus ganancias y no pierdas esta oportunidad!","og_url":"https:\/\/melbet.plus\/ve\/bonus\/deposit-series\/","og_site_name":"Melbet VE","article_modified_time":"2026-01-27T09:07:07+00:00","twitter_card":"summary_large_image","schema":{"@context":"https:\/\/schema.org","@graph":[{"@type":"WebPage","@id":"https:\/\/melbet.plus\/ve\/bonus\/deposit-series\/","url":"https:\/\/melbet.plus\/ve\/bonus\/deposit-series\/","name":"Serie de dep\u00f3sitos de Melbet \u1409 obtenga 42.000 VES en dep\u00f3sitos","isPartOf":{"@id":"https:\/\/melbet.plus\/ve\/#website"},"datePublished":"2025-04-25T07:51:03+00:00","dateModified":"2026-01-27T09:07:07+00:00","description":"\u00a1Deposita desde 200 VES en Melbet Venezuela y obt\u00e9n hasta 42 000 VES de bonificaci\u00f3n en tu segundo, tercer y cuarto dep\u00f3sito! Acumulaci\u00f3n autom\u00e1tica, intereses reales y m\u00e1ximos beneficios: \u00a1apuesta por tus ganancias y no pierdas esta oportunidad!","breadcrumb":{"@id":"https:\/\/melbet.plus\/ve\/bonus\/deposit-series\/#breadcrumb"},"inLanguage":"es","potentialAction":[{"@type":"ReadAction","target":["https:\/\/melbet.plus\/ve\/bonus\/deposit-series\/"]}]},{"@type":"BreadcrumbList","@id":"https:\/\/melbet.plus\/ve\/bonus\/deposit-series\/#breadcrumb","itemListElement":[{"@type":"ListItem","position":1,"name":"Home","item":"https:\/\/melbet.plus\/ve\/"},{"@type":"ListItem","position":2,"name":"Bonificaciones","item":"https:\/\/melbet.plus\/ve\/bonus\/"},{"@type":"ListItem","position":3,"name":"Serie de dep\u00f3sitos"}]},{"@type":"WebSite","@id":"https:\/\/melbet.plus\/ve\/#website","url":"https:\/\/melbet.plus\/ve\/","name":"Melbet VE","description":"My WordPress Blog","potentialAction":[{"@type":"SearchAction","target":{"@type":"EntryPoint","urlTemplate":"https:\/\/melbet.plus\/ve\/?s={search_term_string}"},"query-input":{"@type":"PropertyValueSpecification","valueRequired":true,"valueName":"search_term_string"}}],"inLanguage":"es"}]}},"_links":{"self":[{"href":"https:\/\/melbet.plus\/ve\/wp-json\/wp\/v2\/pages\/751","targetHints":{"allow":["GET"]}}],"collection":[{"href":"https:\/\/melbet.plus\/ve\/wp-json\/wp\/v2\/pages"}],"about":[{"href":"https:\/\/melbet.plus\/ve\/wp-json\/wp\/v2\/types\/page"}],"author":[{"embeddable":true,"href":"https:\/\/melbet.plus\/ve\/wp-json\/wp\/v2\/users\/1"}],"replies":[{"embeddable":true,"href":"https:\/\/melbet.plus\/ve\/wp-json\/wp\/v2\/comments?post=751"}],"version-history":[{"count":5,"href":"https:\/\/melbet.plus\/ve\/wp-json\/wp\/v2\/pages\/751\/revisions"}],"predecessor-version":[{"id":986,"href":"https:\/\/melbet.plus\/ve\/wp-json\/wp\/v2\/pages\/751\/revisions\/986"}],"up":[{"embeddable":true,"href":"https:\/\/melbet.plus\/ve\/wp-json\/wp\/v2\/pages\/152"}],"wp:attachment":[{"href":"https:\/\/melbet.plus\/ve\/wp-json\/wp\/v2\/media?parent=751"}],"curies":[{"name":"wp","href":"https:\/\/api.w.org\/{rel}","templated":true}]}}