{"id":746,"date":"2025-04-25T07:31:56","date_gmt":"2025-04-25T07:31:56","guid":{"rendered":"https:\/\/melbet.plus\/ve\/?page_id=746"},"modified":"2026-01-27T08:59:39","modified_gmt":"2026-01-27T08:59:39","slug":"casino-welcome-package","status":"publish","type":"page","link":"https:\/\/melbet.plus\/ve\/bonus\/casino-welcome-package\/","title":{"rendered":"Paquete de bienvenida al casino"},"content":{"rendered":"","protected":false},"excerpt":{"rendered":"","protected":false},"author":1,"featured_media":0,"parent":152,"menu_order":0,"comment_status":"closed","ping_status":"closed","template":"","meta":{"inline_featured_image":false,"footnotes":""},"class_list":["post-746","page","type-page","status-publish","hentry"],"yoast_head":"<!-- This site is optimized with the Yoast SEO plugin v27.4 - https:\/\/yoast.com\/product\/yoast-seo-wordpress\/ -->\n<title>Paquete de bienvenida de Melbet Casino \u1409 hasta 750.000 VES<\/title>\n<meta name=\"description\" content=\"\u00bfListo para ganar el premio mayor? \u00a1Consigue hasta 750 000 VES y 290 giros gratis con tus primeros cinco dep\u00f3sitos en Melbet Venezuela Casino! Reg\u00edstrate, deposita dinero y aprovecha al m\u00e1ximo los bonos y giros gratis: \u00a1juega con ganancias y disfruta de cada apuesta!\" \/>\n<meta name=\"robots\" content=\"index, follow, max-snippet:-1, max-image-preview:large, max-video-preview:-1\" \/>\n<meta property=\"og:locale\" content=\"es_ES\" \/>\n<meta property=\"og:type\" content=\"article\" \/>\n<meta property=\"og:title\" content=\"Paquete de bienvenida de Melbet Casino \u1409 hasta 750.000 VES\" \/>\n<meta property=\"og:description\" content=\"\u00bfListo para ganar el premio mayor? \u00a1Consigue hasta 750 000 VES y 290 giros gratis con tus primeros cinco dep\u00f3sitos en Melbet Venezuela Casino! Reg\u00edstrate, deposita dinero y aprovecha al m\u00e1ximo los bonos y giros gratis: \u00a1juega con ganancias y disfruta de cada apuesta!\" \/>\n<meta property=\"og:url\" content=\"https:\/\/melbet.plus\/ve\/bonus\/casino-welcome-package\/\" \/>\n<meta property=\"og:site_name\" content=\"Melbet VE\" \/>\n<meta property=\"article:modified_time\" content=\"2026-01-27T08:59:39+00:00\" \/>\n<meta name=\"twitter:card\" content=\"summary_large_image\" \/>\n<script type=\"application\/ld+json\" class=\"yoast-schema-graph\">{\"@context\":\"https:\\\/\\\/schema.org\",\"@graph\":[{\"@type\":\"WebPage\",\"@id\":\"https:\\\/\\\/melbet.plus\\\/ve\\\/bonus\\\/casino-welcome-package\\\/\",\"url\":\"https:\\\/\\\/melbet.plus\\\/ve\\\/bonus\\\/casino-welcome-package\\\/\",\"name\":\"Paquete de bienvenida de Melbet Casino \u1409 hasta 750.000 VES\",\"isPartOf\":{\"@id\":\"https:\\\/\\\/melbet.plus\\\/ve\\\/#website\"},\"datePublished\":\"2025-04-25T07:31:56+00:00\",\"dateModified\":\"2026-01-27T08:59:39+00:00\",\"description\":\"\u00bfListo para ganar el premio mayor? \u00a1Consigue hasta 750 000 VES y 290 giros gratis con tus primeros cinco dep\u00f3sitos en Melbet Venezuela Casino! Reg\u00edstrate, deposita dinero y aprovecha al m\u00e1ximo los bonos y giros gratis: \u00a1juega con ganancias y disfruta de cada apuesta!\",\"breadcrumb\":{\"@id\":\"https:\\\/\\\/melbet.plus\\\/ve\\\/bonus\\\/casino-welcome-package\\\/#breadcrumb\"},\"inLanguage\":\"es\",\"potentialAction\":[{\"@type\":\"ReadAction\",\"target\":[\"https:\\\/\\\/melbet.plus\\\/ve\\\/bonus\\\/casino-welcome-package\\\/\"]}]},{\"@type\":\"BreadcrumbList\",\"@id\":\"https:\\\/\\\/melbet.plus\\\/ve\\\/bonus\\\/casino-welcome-package\\\/#breadcrumb\",\"itemListElement\":[{\"@type\":\"ListItem\",\"position\":1,\"name\":\"Home\",\"item\":\"https:\\\/\\\/melbet.plus\\\/ve\\\/\"},{\"@type\":\"ListItem\",\"position\":2,\"name\":\"Bonificaciones\",\"item\":\"https:\\\/\\\/melbet.plus\\\/ve\\\/bonus\\\/\"},{\"@type\":\"ListItem\",\"position\":3,\"name\":\"Paquete de bienvenida al casino\"}]},{\"@type\":\"WebSite\",\"@id\":\"https:\\\/\\\/melbet.plus\\\/ve\\\/#website\",\"url\":\"https:\\\/\\\/melbet.plus\\\/ve\\\/\",\"name\":\"Melbet VE\",\"description\":\"My WordPress Blog\",\"potentialAction\":[{\"@type\":\"SearchAction\",\"target\":{\"@type\":\"EntryPoint\",\"urlTemplate\":\"https:\\\/\\\/melbet.plus\\\/ve\\\/?s={search_term_string}\"},\"query-input\":{\"@type\":\"PropertyValueSpecification\",\"valueRequired\":true,\"valueName\":\"search_term_string\"}}],\"inLanguage\":\"es\"}]}<\/script>\n<!-- \/ Yoast SEO plugin. -->","yoast_head_json":{"title":"Paquete de bienvenida de Melbet Casino \u1409 hasta 750.000 VES","description":"\u00bfListo para ganar el premio mayor? \u00a1Consigue hasta 750 000 VES y 290 giros gratis con tus primeros cinco dep\u00f3sitos en Melbet Venezuela Casino! Reg\u00edstrate, deposita dinero y aprovecha al m\u00e1ximo los bonos y giros gratis: \u00a1juega con ganancias y disfruta de cada apuesta!","robots":{"index":"index","follow":"follow","max-snippet":"max-snippet:-1","max-image-preview":"max-image-preview:large","max-video-preview":"max-video-preview:-1"},"og_locale":"es_ES","og_type":"article","og_title":"Paquete de bienvenida de Melbet Casino \u1409 hasta 750.000 VES","og_description":"\u00bfListo para ganar el premio mayor? \u00a1Consigue hasta 750 000 VES y 290 giros gratis con tus primeros cinco dep\u00f3sitos en Melbet Venezuela Casino! Reg\u00edstrate, deposita dinero y aprovecha al m\u00e1ximo los bonos y giros gratis: \u00a1juega con ganancias y disfruta de cada apuesta!","og_url":"https:\/\/melbet.plus\/ve\/bonus\/casino-welcome-package\/","og_site_name":"Melbet VE","article_modified_time":"2026-01-27T08:59:39+00:00","twitter_card":"summary_large_image","schema":{"@context":"https:\/\/schema.org","@graph":[{"@type":"WebPage","@id":"https:\/\/melbet.plus\/ve\/bonus\/casino-welcome-package\/","url":"https:\/\/melbet.plus\/ve\/bonus\/casino-welcome-package\/","name":"Paquete de bienvenida de Melbet Casino \u1409 hasta 750.000 VES","isPartOf":{"@id":"https:\/\/melbet.plus\/ve\/#website"},"datePublished":"2025-04-25T07:31:56+00:00","dateModified":"2026-01-27T08:59:39+00:00","description":"\u00bfListo para ganar el premio mayor? \u00a1Consigue hasta 750 000 VES y 290 giros gratis con tus primeros cinco dep\u00f3sitos en Melbet Venezuela Casino! Reg\u00edstrate, deposita dinero y aprovecha al m\u00e1ximo los bonos y giros gratis: \u00a1juega con ganancias y disfruta de cada apuesta!","breadcrumb":{"@id":"https:\/\/melbet.plus\/ve\/bonus\/casino-welcome-package\/#breadcrumb"},"inLanguage":"es","potentialAction":[{"@type":"ReadAction","target":["https:\/\/melbet.plus\/ve\/bonus\/casino-welcome-package\/"]}]},{"@type":"BreadcrumbList","@id":"https:\/\/melbet.plus\/ve\/bonus\/casino-welcome-package\/#breadcrumb","itemListElement":[{"@type":"ListItem","position":1,"name":"Home","item":"https:\/\/melbet.plus\/ve\/"},{"@type":"ListItem","position":2,"name":"Bonificaciones","item":"https:\/\/melbet.plus\/ve\/bonus\/"},{"@type":"ListItem","position":3,"name":"Paquete de bienvenida al casino"}]},{"@type":"WebSite","@id":"https:\/\/melbet.plus\/ve\/#website","url":"https:\/\/melbet.plus\/ve\/","name":"Melbet VE","description":"My WordPress Blog","potentialAction":[{"@type":"SearchAction","target":{"@type":"EntryPoint","urlTemplate":"https:\/\/melbet.plus\/ve\/?s={search_term_string}"},"query-input":{"@type":"PropertyValueSpecification","valueRequired":true,"valueName":"search_term_string"}}],"inLanguage":"es"}]}},"_links":{"self":[{"href":"https:\/\/melbet.plus\/ve\/wp-json\/wp\/v2\/pages\/746","targetHints":{"allow":["GET"]}}],"collection":[{"href":"https:\/\/melbet.plus\/ve\/wp-json\/wp\/v2\/pages"}],"about":[{"href":"https:\/\/melbet.plus\/ve\/wp-json\/wp\/v2\/types\/page"}],"author":[{"embeddable":true,"href":"https:\/\/melbet.plus\/ve\/wp-json\/wp\/v2\/users\/1"}],"replies":[{"embeddable":true,"href":"https:\/\/melbet.plus\/ve\/wp-json\/wp\/v2\/comments?post=746"}],"version-history":[{"count":5,"href":"https:\/\/melbet.plus\/ve\/wp-json\/wp\/v2\/pages\/746\/revisions"}],"predecessor-version":[{"id":984,"href":"https:\/\/melbet.plus\/ve\/wp-json\/wp\/v2\/pages\/746\/revisions\/984"}],"up":[{"embeddable":true,"href":"https:\/\/melbet.plus\/ve\/wp-json\/wp\/v2\/pages\/152"}],"wp:attachment":[{"href":"https:\/\/melbet.plus\/ve\/wp-json\/wp\/v2\/media?parent=746"}],"curies":[{"name":"wp","href":"https:\/\/api.w.org\/{rel}","templated":true}]}}