{"id":740,"date":"2025-04-25T07:11:44","date_gmt":"2025-04-25T07:11:44","guid":{"rendered":"https:\/\/melbet.plus\/ve\/?page_id=740"},"modified":"2026-01-27T08:50:25","modified_gmt":"2026-01-27T08:50:25","slug":"cashback","status":"publish","type":"page","link":"https:\/\/melbet.plus\/ve\/bonus\/cashback\/","title":{"rendered":"Reembolso"},"content":{"rendered":"","protected":false},"excerpt":{"rendered":"","protected":false},"author":1,"featured_media":0,"parent":152,"menu_order":0,"comment_status":"closed","ping_status":"closed","template":"","meta":{"inline_featured_image":false,"footnotes":""},"class_list":["post-740","page","type-page","status-publish","hentry"],"yoast_head":"<!-- This site is optimized with the Yoast SEO plugin v27.4 - https:\/\/yoast.com\/product\/yoast-seo-wordpress\/ -->\n<title>Melbet 10% de reembolso en la aplicaci\u00f3n m\u00f3vil<\/title>\n<meta name=\"description\" content=\"\u00bfQuieres recuperar el 10 % de tus apuestas? \u00a1Usa la aplicaci\u00f3n m\u00f3vil Melbet Venezuela y obt\u00e9n reembolsos semanales! Inicia sesi\u00f3n en tu cuenta, activa la promoci\u00f3n y realiza apuestas a partir de 400 VES con las cuotas adecuadas: las ganancias se devolver\u00e1n directamente a tu cuenta.\" \/>\n<meta name=\"robots\" content=\"index, follow, max-snippet:-1, max-image-preview:large, max-video-preview:-1\" \/>\n<meta property=\"og:locale\" content=\"es_ES\" \/>\n<meta property=\"og:type\" content=\"article\" \/>\n<meta property=\"og:title\" content=\"Melbet 10% de reembolso en la aplicaci\u00f3n m\u00f3vil\" \/>\n<meta property=\"og:description\" content=\"\u00bfQuieres recuperar el 10 % de tus apuestas? \u00a1Usa la aplicaci\u00f3n m\u00f3vil Melbet Venezuela y obt\u00e9n reembolsos semanales! Inicia sesi\u00f3n en tu cuenta, activa la promoci\u00f3n y realiza apuestas a partir de 400 VES con las cuotas adecuadas: las ganancias se devolver\u00e1n directamente a tu cuenta.\" \/>\n<meta property=\"og:url\" content=\"https:\/\/melbet.plus\/ve\/bonus\/cashback\/\" \/>\n<meta property=\"og:site_name\" content=\"Melbet VE\" \/>\n<meta property=\"article:modified_time\" content=\"2026-01-27T08:50:25+00:00\" \/>\n<meta name=\"twitter:card\" content=\"summary_large_image\" \/>\n<script type=\"application\/ld+json\" class=\"yoast-schema-graph\">{\"@context\":\"https:\\\/\\\/schema.org\",\"@graph\":[{\"@type\":\"WebPage\",\"@id\":\"https:\\\/\\\/melbet.plus\\\/ve\\\/bonus\\\/cashback\\\/\",\"url\":\"https:\\\/\\\/melbet.plus\\\/ve\\\/bonus\\\/cashback\\\/\",\"name\":\"Melbet 10% de reembolso en la aplicaci\u00f3n m\u00f3vil\",\"isPartOf\":{\"@id\":\"https:\\\/\\\/melbet.plus\\\/ve\\\/#website\"},\"datePublished\":\"2025-04-25T07:11:44+00:00\",\"dateModified\":\"2026-01-27T08:50:25+00:00\",\"description\":\"\u00bfQuieres recuperar el 10 % de tus apuestas? \u00a1Usa la aplicaci\u00f3n m\u00f3vil Melbet Venezuela y obt\u00e9n reembolsos semanales! Inicia sesi\u00f3n en tu cuenta, activa la promoci\u00f3n y realiza apuestas a partir de 400 VES con las cuotas adecuadas: las ganancias se devolver\u00e1n directamente a tu cuenta.\",\"breadcrumb\":{\"@id\":\"https:\\\/\\\/melbet.plus\\\/ve\\\/bonus\\\/cashback\\\/#breadcrumb\"},\"inLanguage\":\"es\",\"potentialAction\":[{\"@type\":\"ReadAction\",\"target\":[\"https:\\\/\\\/melbet.plus\\\/ve\\\/bonus\\\/cashback\\\/\"]}]},{\"@type\":\"BreadcrumbList\",\"@id\":\"https:\\\/\\\/melbet.plus\\\/ve\\\/bonus\\\/cashback\\\/#breadcrumb\",\"itemListElement\":[{\"@type\":\"ListItem\",\"position\":1,\"name\":\"Home\",\"item\":\"https:\\\/\\\/melbet.plus\\\/ve\\\/\"},{\"@type\":\"ListItem\",\"position\":2,\"name\":\"Bonificaciones\",\"item\":\"https:\\\/\\\/melbet.plus\\\/ve\\\/bonus\\\/\"},{\"@type\":\"ListItem\",\"position\":3,\"name\":\"Reembolso\"}]},{\"@type\":\"WebSite\",\"@id\":\"https:\\\/\\\/melbet.plus\\\/ve\\\/#website\",\"url\":\"https:\\\/\\\/melbet.plus\\\/ve\\\/\",\"name\":\"Melbet VE\",\"description\":\"My WordPress Blog\",\"potentialAction\":[{\"@type\":\"SearchAction\",\"target\":{\"@type\":\"EntryPoint\",\"urlTemplate\":\"https:\\\/\\\/melbet.plus\\\/ve\\\/?s={search_term_string}\"},\"query-input\":{\"@type\":\"PropertyValueSpecification\",\"valueRequired\":true,\"valueName\":\"search_term_string\"}}],\"inLanguage\":\"es\"}]}<\/script>\n<!-- \/ Yoast SEO plugin. -->","yoast_head_json":{"title":"Melbet 10% de reembolso en la aplicaci\u00f3n m\u00f3vil","description":"\u00bfQuieres recuperar el 10 % de tus apuestas? \u00a1Usa la aplicaci\u00f3n m\u00f3vil Melbet Venezuela y obt\u00e9n reembolsos semanales! Inicia sesi\u00f3n en tu cuenta, activa la promoci\u00f3n y realiza apuestas a partir de 400 VES con las cuotas adecuadas: las ganancias se devolver\u00e1n directamente a tu cuenta.","robots":{"index":"index","follow":"follow","max-snippet":"max-snippet:-1","max-image-preview":"max-image-preview:large","max-video-preview":"max-video-preview:-1"},"og_locale":"es_ES","og_type":"article","og_title":"Melbet 10% de reembolso en la aplicaci\u00f3n m\u00f3vil","og_description":"\u00bfQuieres recuperar el 10 % de tus apuestas? \u00a1Usa la aplicaci\u00f3n m\u00f3vil Melbet Venezuela y obt\u00e9n reembolsos semanales! Inicia sesi\u00f3n en tu cuenta, activa la promoci\u00f3n y realiza apuestas a partir de 400 VES con las cuotas adecuadas: las ganancias se devolver\u00e1n directamente a tu cuenta.","og_url":"https:\/\/melbet.plus\/ve\/bonus\/cashback\/","og_site_name":"Melbet VE","article_modified_time":"2026-01-27T08:50:25+00:00","twitter_card":"summary_large_image","schema":{"@context":"https:\/\/schema.org","@graph":[{"@type":"WebPage","@id":"https:\/\/melbet.plus\/ve\/bonus\/cashback\/","url":"https:\/\/melbet.plus\/ve\/bonus\/cashback\/","name":"Melbet 10% de reembolso en la aplicaci\u00f3n m\u00f3vil","isPartOf":{"@id":"https:\/\/melbet.plus\/ve\/#website"},"datePublished":"2025-04-25T07:11:44+00:00","dateModified":"2026-01-27T08:50:25+00:00","description":"\u00bfQuieres recuperar el 10 % de tus apuestas? \u00a1Usa la aplicaci\u00f3n m\u00f3vil Melbet Venezuela y obt\u00e9n reembolsos semanales! Inicia sesi\u00f3n en tu cuenta, activa la promoci\u00f3n y realiza apuestas a partir de 400 VES con las cuotas adecuadas: las ganancias se devolver\u00e1n directamente a tu cuenta.","breadcrumb":{"@id":"https:\/\/melbet.plus\/ve\/bonus\/cashback\/#breadcrumb"},"inLanguage":"es","potentialAction":[{"@type":"ReadAction","target":["https:\/\/melbet.plus\/ve\/bonus\/cashback\/"]}]},{"@type":"BreadcrumbList","@id":"https:\/\/melbet.plus\/ve\/bonus\/cashback\/#breadcrumb","itemListElement":[{"@type":"ListItem","position":1,"name":"Home","item":"https:\/\/melbet.plus\/ve\/"},{"@type":"ListItem","position":2,"name":"Bonificaciones","item":"https:\/\/melbet.plus\/ve\/bonus\/"},{"@type":"ListItem","position":3,"name":"Reembolso"}]},{"@type":"WebSite","@id":"https:\/\/melbet.plus\/ve\/#website","url":"https:\/\/melbet.plus\/ve\/","name":"Melbet VE","description":"My WordPress Blog","potentialAction":[{"@type":"SearchAction","target":{"@type":"EntryPoint","urlTemplate":"https:\/\/melbet.plus\/ve\/?s={search_term_string}"},"query-input":{"@type":"PropertyValueSpecification","valueRequired":true,"valueName":"search_term_string"}}],"inLanguage":"es"}]}},"_links":{"self":[{"href":"https:\/\/melbet.plus\/ve\/wp-json\/wp\/v2\/pages\/740","targetHints":{"allow":["GET"]}}],"collection":[{"href":"https:\/\/melbet.plus\/ve\/wp-json\/wp\/v2\/pages"}],"about":[{"href":"https:\/\/melbet.plus\/ve\/wp-json\/wp\/v2\/types\/page"}],"author":[{"embeddable":true,"href":"https:\/\/melbet.plus\/ve\/wp-json\/wp\/v2\/users\/1"}],"replies":[{"embeddable":true,"href":"https:\/\/melbet.plus\/ve\/wp-json\/wp\/v2\/comments?post=740"}],"version-history":[{"count":5,"href":"https:\/\/melbet.plus\/ve\/wp-json\/wp\/v2\/pages\/740\/revisions"}],"predecessor-version":[{"id":982,"href":"https:\/\/melbet.plus\/ve\/wp-json\/wp\/v2\/pages\/740\/revisions\/982"}],"up":[{"embeddable":true,"href":"https:\/\/melbet.plus\/ve\/wp-json\/wp\/v2\/pages\/152"}],"wp:attachment":[{"href":"https:\/\/melbet.plus\/ve\/wp-json\/wp\/v2\/media?parent=740"}],"curies":[{"name":"wp","href":"https:\/\/api.w.org\/{rel}","templated":true}]}}