{"id":554,"date":"2024-09-11T06:32:09","date_gmt":"2024-09-11T06:32:09","guid":{"rendered":"https:\/\/melbet.plus\/ve\/?page_id=554"},"modified":"2026-01-26T14:11:52","modified_gmt":"2026-01-26T14:11:52","slug":"apk","status":"publish","type":"page","link":"https:\/\/melbet.plus\/ve\/apk\/","title":{"rendered":"Apk"},"content":{"rendered":"","protected":false},"excerpt":{"rendered":"","protected":false},"author":1,"featured_media":0,"parent":0,"menu_order":0,"comment_status":"closed","ping_status":"closed","template":"","meta":{"inline_featured_image":false,"footnotes":""},"class_list":["post-554","page","type-page","status-publish","hentry"],"yoast_head":"<!-- This site is optimized with the Yoast SEO plugin v27.5 - https:\/\/yoast.com\/product\/yoast-seo-wordpress\/ -->\n<title>Descargar Melbet Apk para Android | \u00daltima versi\u00f3n de APK<\/title>\n<meta name=\"description\" content=\"Melbet Venezuela Apk ofrece apuestas deportivas y juegos de casino. Descarga la aplicaci\u00f3n oficial de Melbet de forma gratuita. Instrucciones paso a paso y descripci\u00f3n de la aplicaci\u00f3n. Instala la aplicaci\u00f3n Melbet para acceder r\u00e1pidamente al sitio web de Melbet.\" \/>\n<meta name=\"robots\" content=\"index, follow, max-snippet:-1, max-image-preview:large, max-video-preview:-1\" \/>\n<meta property=\"og:locale\" content=\"es_ES\" \/>\n<meta property=\"og:type\" content=\"article\" \/>\n<meta property=\"og:title\" content=\"Descargar Melbet Apk para Android | \u00daltima versi\u00f3n de APK\" \/>\n<meta property=\"og:description\" content=\"Melbet Venezuela Apk ofrece apuestas deportivas y juegos de casino. Descarga la aplicaci\u00f3n oficial de Melbet de forma gratuita. Instrucciones paso a paso y descripci\u00f3n de la aplicaci\u00f3n. Instala la aplicaci\u00f3n Melbet para acceder r\u00e1pidamente al sitio web de Melbet.\" \/>\n<meta property=\"og:url\" content=\"https:\/\/melbet.plus\/ve\/apk\/\" \/>\n<meta property=\"og:site_name\" content=\"Melbet VE\" \/>\n<meta property=\"article:modified_time\" content=\"2026-01-26T14:11:52+00:00\" \/>\n<meta name=\"twitter:card\" content=\"summary_large_image\" \/>\n<script type=\"application\/ld+json\" class=\"yoast-schema-graph\">{\"@context\":\"https:\\\/\\\/schema.org\",\"@graph\":[{\"@type\":\"WebPage\",\"@id\":\"https:\\\/\\\/melbet.plus\\\/ve\\\/apk\\\/\",\"url\":\"https:\\\/\\\/melbet.plus\\\/ve\\\/apk\\\/\",\"name\":\"Descargar Melbet Apk para Android | \u00daltima versi\u00f3n de APK\",\"isPartOf\":{\"@id\":\"https:\\\/\\\/melbet.plus\\\/ve\\\/#website\"},\"datePublished\":\"2024-09-11T06:32:09+00:00\",\"dateModified\":\"2026-01-26T14:11:52+00:00\",\"description\":\"Melbet Venezuela Apk ofrece apuestas deportivas y juegos de casino. Descarga la aplicaci\u00f3n oficial de Melbet de forma gratuita. Instrucciones paso a paso y descripci\u00f3n de la aplicaci\u00f3n. Instala la aplicaci\u00f3n Melbet para acceder r\u00e1pidamente al sitio web de Melbet.\",\"breadcrumb\":{\"@id\":\"https:\\\/\\\/melbet.plus\\\/ve\\\/apk\\\/#breadcrumb\"},\"inLanguage\":\"es\",\"potentialAction\":[{\"@type\":\"ReadAction\",\"target\":[\"https:\\\/\\\/melbet.plus\\\/ve\\\/apk\\\/\"]}]},{\"@type\":\"BreadcrumbList\",\"@id\":\"https:\\\/\\\/melbet.plus\\\/ve\\\/apk\\\/#breadcrumb\",\"itemListElement\":[{\"@type\":\"ListItem\",\"position\":1,\"name\":\"Home\",\"item\":\"https:\\\/\\\/melbet.plus\\\/ve\\\/\"},{\"@type\":\"ListItem\",\"position\":2,\"name\":\"Apk\"}]},{\"@type\":\"WebSite\",\"@id\":\"https:\\\/\\\/melbet.plus\\\/ve\\\/#website\",\"url\":\"https:\\\/\\\/melbet.plus\\\/ve\\\/\",\"name\":\"Melbet VE\",\"description\":\"My WordPress Blog\",\"potentialAction\":[{\"@type\":\"SearchAction\",\"target\":{\"@type\":\"EntryPoint\",\"urlTemplate\":\"https:\\\/\\\/melbet.plus\\\/ve\\\/?s={search_term_string}\"},\"query-input\":{\"@type\":\"PropertyValueSpecification\",\"valueRequired\":true,\"valueName\":\"search_term_string\"}}],\"inLanguage\":\"es\"}]}<\/script>\n<!-- \/ Yoast SEO plugin. -->","yoast_head_json":{"title":"Descargar Melbet Apk para Android | \u00daltima versi\u00f3n de APK","description":"Melbet Venezuela Apk ofrece apuestas deportivas y juegos de casino. Descarga la aplicaci\u00f3n oficial de Melbet de forma gratuita. Instrucciones paso a paso y descripci\u00f3n de la aplicaci\u00f3n. Instala la aplicaci\u00f3n Melbet para acceder r\u00e1pidamente al sitio web de Melbet.","robots":{"index":"index","follow":"follow","max-snippet":"max-snippet:-1","max-image-preview":"max-image-preview:large","max-video-preview":"max-video-preview:-1"},"og_locale":"es_ES","og_type":"article","og_title":"Descargar Melbet Apk para Android | \u00daltima versi\u00f3n de APK","og_description":"Melbet Venezuela Apk ofrece apuestas deportivas y juegos de casino. Descarga la aplicaci\u00f3n oficial de Melbet de forma gratuita. Instrucciones paso a paso y descripci\u00f3n de la aplicaci\u00f3n. Instala la aplicaci\u00f3n Melbet para acceder r\u00e1pidamente al sitio web de Melbet.","og_url":"https:\/\/melbet.plus\/ve\/apk\/","og_site_name":"Melbet VE","article_modified_time":"2026-01-26T14:11:52+00:00","twitter_card":"summary_large_image","schema":{"@context":"https:\/\/schema.org","@graph":[{"@type":"WebPage","@id":"https:\/\/melbet.plus\/ve\/apk\/","url":"https:\/\/melbet.plus\/ve\/apk\/","name":"Descargar Melbet Apk para Android | \u00daltima versi\u00f3n de APK","isPartOf":{"@id":"https:\/\/melbet.plus\/ve\/#website"},"datePublished":"2024-09-11T06:32:09+00:00","dateModified":"2026-01-26T14:11:52+00:00","description":"Melbet Venezuela Apk ofrece apuestas deportivas y juegos de casino. Descarga la aplicaci\u00f3n oficial de Melbet de forma gratuita. Instrucciones paso a paso y descripci\u00f3n de la aplicaci\u00f3n. Instala la aplicaci\u00f3n Melbet para acceder r\u00e1pidamente al sitio web de Melbet.","breadcrumb":{"@id":"https:\/\/melbet.plus\/ve\/apk\/#breadcrumb"},"inLanguage":"es","potentialAction":[{"@type":"ReadAction","target":["https:\/\/melbet.plus\/ve\/apk\/"]}]},{"@type":"BreadcrumbList","@id":"https:\/\/melbet.plus\/ve\/apk\/#breadcrumb","itemListElement":[{"@type":"ListItem","position":1,"name":"Home","item":"https:\/\/melbet.plus\/ve\/"},{"@type":"ListItem","position":2,"name":"Apk"}]},{"@type":"WebSite","@id":"https:\/\/melbet.plus\/ve\/#website","url":"https:\/\/melbet.plus\/ve\/","name":"Melbet VE","description":"My WordPress Blog","potentialAction":[{"@type":"SearchAction","target":{"@type":"EntryPoint","urlTemplate":"https:\/\/melbet.plus\/ve\/?s={search_term_string}"},"query-input":{"@type":"PropertyValueSpecification","valueRequired":true,"valueName":"search_term_string"}}],"inLanguage":"es"}]}},"_links":{"self":[{"href":"https:\/\/melbet.plus\/ve\/wp-json\/wp\/v2\/pages\/554","targetHints":{"allow":["GET"]}}],"collection":[{"href":"https:\/\/melbet.plus\/ve\/wp-json\/wp\/v2\/pages"}],"about":[{"href":"https:\/\/melbet.plus\/ve\/wp-json\/wp\/v2\/types\/page"}],"author":[{"embeddable":true,"href":"https:\/\/melbet.plus\/ve\/wp-json\/wp\/v2\/users\/1"}],"replies":[{"embeddable":true,"href":"https:\/\/melbet.plus\/ve\/wp-json\/wp\/v2\/comments?post=554"}],"version-history":[{"count":5,"href":"https:\/\/melbet.plus\/ve\/wp-json\/wp\/v2\/pages\/554\/revisions"}],"predecessor-version":[{"id":961,"href":"https:\/\/melbet.plus\/ve\/wp-json\/wp\/v2\/pages\/554\/revisions\/961"}],"wp:attachment":[{"href":"https:\/\/melbet.plus\/ve\/wp-json\/wp\/v2\/media?parent=554"}],"curies":[{"name":"wp","href":"https:\/\/api.w.org\/{rel}","templated":true}]}}