{"id":826,"date":"2025-06-04T14:47:16","date_gmt":"2025-06-04T14:47:16","guid":{"rendered":"https:\/\/melbet.plus\/tr\/?page_id=826"},"modified":"2026-05-04T11:22:25","modified_gmt":"2026-05-04T11:22:25","slug":"safe-bet","status":"publish","type":"page","link":"https:\/\/melbet.plus\/tr\/bonus\/safe-bet\/","title":{"rendered":"Kesin sonu\u00e7"},"content":{"rendered":"","protected":false},"excerpt":{"rendered":"","protected":false},"author":1,"featured_media":0,"parent":152,"menu_order":0,"comment_status":"closed","ping_status":"closed","template":"","meta":{"inline_featured_image":false,"footnotes":""},"class_list":["post-826","page","type-page","status-publish","hentry"],"yoast_head":"<!-- This site is optimized with the Yoast SEO plugin v27.5 - https:\/\/yoast.com\/product\/yoast-seo-wordpress\/ -->\n<title>Melbet \u0130ade Bonusu \u2014 Kaybetseniz de Bedava Bahis Kazan\u0131n!<\/title>\n<meta name=\"description\" content=\"Sigortas\u0131z risk almay\u0131n! Melbet&#039;in korumal\u0131 bahisleri, kaybetseniz bile \u00fccretsiz bahis kazanma \u015fans\u0131n\u0131zd\u0131r. En pop\u00fcler ma\u00e7lara bahis yap\u0131n ve c\u00f6mert \u00f6d\u00fcllere haz\u0131r olun! Bize kat\u0131l\u0131n ve g\u00fcvenle oynay\u0131n!\" \/>\n<meta name=\"robots\" content=\"index, follow, max-snippet:-1, max-image-preview:large, max-video-preview:-1\" \/>\n<meta property=\"og:locale\" content=\"tr_TR\" \/>\n<meta property=\"og:type\" content=\"article\" \/>\n<meta property=\"og:title\" content=\"Melbet \u0130ade Bonusu \u2014 Kaybetseniz de Bedava Bahis Kazan\u0131n!\" \/>\n<meta property=\"og:description\" content=\"Sigortas\u0131z risk almay\u0131n! Melbet&#039;in korumal\u0131 bahisleri, kaybetseniz bile \u00fccretsiz bahis kazanma \u015fans\u0131n\u0131zd\u0131r. En pop\u00fcler ma\u00e7lara bahis yap\u0131n ve c\u00f6mert \u00f6d\u00fcllere haz\u0131r olun! Bize kat\u0131l\u0131n ve g\u00fcvenle oynay\u0131n!\" \/>\n<meta property=\"og:url\" content=\"https:\/\/melbet.plus\/tr\/bonus\/safe-bet\/\" \/>\n<meta property=\"og:site_name\" content=\"Melbet tr\" \/>\n<meta property=\"article:modified_time\" content=\"2026-05-04T11:22:25+00:00\" \/>\n<meta name=\"twitter:card\" content=\"summary_large_image\" \/>\n<script type=\"application\/ld+json\" class=\"yoast-schema-graph\">{\"@context\":\"https:\\\/\\\/schema.org\",\"@graph\":[{\"@type\":\"WebPage\",\"@id\":\"https:\\\/\\\/melbet.plus\\\/tr\\\/bonus\\\/safe-bet\\\/\",\"url\":\"https:\\\/\\\/melbet.plus\\\/tr\\\/bonus\\\/safe-bet\\\/\",\"name\":\"Melbet \u0130ade Bonusu \u2014 Kaybetseniz de Bedava Bahis Kazan\u0131n!\",\"isPartOf\":{\"@id\":\"https:\\\/\\\/melbet.plus\\\/tr\\\/#website\"},\"datePublished\":\"2025-06-04T14:47:16+00:00\",\"dateModified\":\"2026-05-04T11:22:25+00:00\",\"description\":\"Sigortas\u0131z risk almay\u0131n! Melbet'in korumal\u0131 bahisleri, kaybetseniz bile \u00fccretsiz bahis kazanma \u015fans\u0131n\u0131zd\u0131r. En pop\u00fcler ma\u00e7lara bahis yap\u0131n ve c\u00f6mert \u00f6d\u00fcllere haz\u0131r olun! Bize kat\u0131l\u0131n ve g\u00fcvenle oynay\u0131n!\",\"breadcrumb\":{\"@id\":\"https:\\\/\\\/melbet.plus\\\/tr\\\/bonus\\\/safe-bet\\\/#breadcrumb\"},\"inLanguage\":\"tr\",\"potentialAction\":[{\"@type\":\"ReadAction\",\"target\":[\"https:\\\/\\\/melbet.plus\\\/tr\\\/bonus\\\/safe-bet\\\/\"]}]},{\"@type\":\"BreadcrumbList\",\"@id\":\"https:\\\/\\\/melbet.plus\\\/tr\\\/bonus\\\/safe-bet\\\/#breadcrumb\",\"itemListElement\":[{\"@type\":\"ListItem\",\"position\":1,\"name\":\"Home\",\"item\":\"https:\\\/\\\/melbet.plus\\\/tr\\\/\"},{\"@type\":\"ListItem\",\"position\":2,\"name\":\"Bonuslar\",\"item\":\"https:\\\/\\\/melbet.plus\\\/tr\\\/bonus\\\/\"},{\"@type\":\"ListItem\",\"position\":3,\"name\":\"Kesin sonu\u00e7\"}]},{\"@type\":\"WebSite\",\"@id\":\"https:\\\/\\\/melbet.plus\\\/tr\\\/#website\",\"url\":\"https:\\\/\\\/melbet.plus\\\/tr\\\/\",\"name\":\"Melbet tr\",\"description\":\"My WordPress Blog\",\"potentialAction\":[{\"@type\":\"SearchAction\",\"target\":{\"@type\":\"EntryPoint\",\"urlTemplate\":\"https:\\\/\\\/melbet.plus\\\/tr\\\/?s={search_term_string}\"},\"query-input\":{\"@type\":\"PropertyValueSpecification\",\"valueRequired\":true,\"valueName\":\"search_term_string\"}}],\"inLanguage\":\"tr\"}]}<\/script>\n<!-- \/ Yoast SEO plugin. -->","yoast_head_json":{"title":"Melbet \u0130ade Bonusu \u2014 Kaybetseniz de Bedava Bahis Kazan\u0131n!","description":"Sigortas\u0131z risk almay\u0131n! Melbet'in korumal\u0131 bahisleri, kaybetseniz bile \u00fccretsiz bahis kazanma \u015fans\u0131n\u0131zd\u0131r. En pop\u00fcler ma\u00e7lara bahis yap\u0131n ve c\u00f6mert \u00f6d\u00fcllere haz\u0131r olun! Bize kat\u0131l\u0131n ve g\u00fcvenle oynay\u0131n!","robots":{"index":"index","follow":"follow","max-snippet":"max-snippet:-1","max-image-preview":"max-image-preview:large","max-video-preview":"max-video-preview:-1"},"og_locale":"tr_TR","og_type":"article","og_title":"Melbet \u0130ade Bonusu \u2014 Kaybetseniz de Bedava Bahis Kazan\u0131n!","og_description":"Sigortas\u0131z risk almay\u0131n! Melbet'in korumal\u0131 bahisleri, kaybetseniz bile \u00fccretsiz bahis kazanma \u015fans\u0131n\u0131zd\u0131r. En pop\u00fcler ma\u00e7lara bahis yap\u0131n ve c\u00f6mert \u00f6d\u00fcllere haz\u0131r olun! Bize kat\u0131l\u0131n ve g\u00fcvenle oynay\u0131n!","og_url":"https:\/\/melbet.plus\/tr\/bonus\/safe-bet\/","og_site_name":"Melbet tr","article_modified_time":"2026-05-04T11:22:25+00:00","twitter_card":"summary_large_image","schema":{"@context":"https:\/\/schema.org","@graph":[{"@type":"WebPage","@id":"https:\/\/melbet.plus\/tr\/bonus\/safe-bet\/","url":"https:\/\/melbet.plus\/tr\/bonus\/safe-bet\/","name":"Melbet \u0130ade Bonusu \u2014 Kaybetseniz de Bedava Bahis Kazan\u0131n!","isPartOf":{"@id":"https:\/\/melbet.plus\/tr\/#website"},"datePublished":"2025-06-04T14:47:16+00:00","dateModified":"2026-05-04T11:22:25+00:00","description":"Sigortas\u0131z risk almay\u0131n! Melbet'in korumal\u0131 bahisleri, kaybetseniz bile \u00fccretsiz bahis kazanma \u015fans\u0131n\u0131zd\u0131r. En pop\u00fcler ma\u00e7lara bahis yap\u0131n ve c\u00f6mert \u00f6d\u00fcllere haz\u0131r olun! Bize kat\u0131l\u0131n ve g\u00fcvenle oynay\u0131n!","breadcrumb":{"@id":"https:\/\/melbet.plus\/tr\/bonus\/safe-bet\/#breadcrumb"},"inLanguage":"tr","potentialAction":[{"@type":"ReadAction","target":["https:\/\/melbet.plus\/tr\/bonus\/safe-bet\/"]}]},{"@type":"BreadcrumbList","@id":"https:\/\/melbet.plus\/tr\/bonus\/safe-bet\/#breadcrumb","itemListElement":[{"@type":"ListItem","position":1,"name":"Home","item":"https:\/\/melbet.plus\/tr\/"},{"@type":"ListItem","position":2,"name":"Bonuslar","item":"https:\/\/melbet.plus\/tr\/bonus\/"},{"@type":"ListItem","position":3,"name":"Kesin sonu\u00e7"}]},{"@type":"WebSite","@id":"https:\/\/melbet.plus\/tr\/#website","url":"https:\/\/melbet.plus\/tr\/","name":"Melbet tr","description":"My WordPress Blog","potentialAction":[{"@type":"SearchAction","target":{"@type":"EntryPoint","urlTemplate":"https:\/\/melbet.plus\/tr\/?s={search_term_string}"},"query-input":{"@type":"PropertyValueSpecification","valueRequired":true,"valueName":"search_term_string"}}],"inLanguage":"tr"}]}},"_links":{"self":[{"href":"https:\/\/melbet.plus\/tr\/wp-json\/wp\/v2\/pages\/826","targetHints":{"allow":["GET"]}}],"collection":[{"href":"https:\/\/melbet.plus\/tr\/wp-json\/wp\/v2\/pages"}],"about":[{"href":"https:\/\/melbet.plus\/tr\/wp-json\/wp\/v2\/types\/page"}],"author":[{"embeddable":true,"href":"https:\/\/melbet.plus\/tr\/wp-json\/wp\/v2\/users\/1"}],"replies":[{"embeddable":true,"href":"https:\/\/melbet.plus\/tr\/wp-json\/wp\/v2\/comments?post=826"}],"version-history":[{"count":5,"href":"https:\/\/melbet.plus\/tr\/wp-json\/wp\/v2\/pages\/826\/revisions"}],"predecessor-version":[{"id":1398,"href":"https:\/\/melbet.plus\/tr\/wp-json\/wp\/v2\/pages\/826\/revisions\/1398"}],"up":[{"embeddable":true,"href":"https:\/\/melbet.plus\/tr\/wp-json\/wp\/v2\/pages\/152"}],"wp:attachment":[{"href":"https:\/\/melbet.plus\/tr\/wp-json\/wp\/v2\/media?parent=826"}],"curies":[{"name":"wp","href":"https:\/\/api.w.org\/{rel}","templated":true}]}}