{"id":751,"date":"2025-04-25T07:51:03","date_gmt":"2025-04-25T07:51:03","guid":{"rendered":"https:\/\/melbet.plus\/tr\/?page_id=751"},"modified":"2026-05-04T10:07:36","modified_gmt":"2026-05-04T10:07:36","slug":"deposit-series","status":"publish","type":"page","link":"https:\/\/melbet.plus\/tr\/bonus\/deposit-series\/","title":{"rendered":"Para yat\u0131rma serisi"},"content":{"rendered":"","protected":false},"excerpt":{"rendered":"","protected":false},"author":1,"featured_media":0,"parent":152,"menu_order":0,"comment_status":"closed","ping_status":"closed","template":"","meta":{"inline_featured_image":false,"footnotes":""},"class_list":["post-751","page","type-page","status-publish","hentry"],"yoast_head":"<!-- This site is optimized with the Yoast SEO plugin v27.5 - https:\/\/yoast.com\/product\/yoast-seo-wordpress\/ -->\n<title>Melbet Yat\u0131r\u0131m Serisi: 2, 3 ve 4. Yat\u0131r\u0131ma 4000 TRY Bonus<\/title>\n<meta name=\"description\" content=\"Melbet&#039;te 200 TRY&#039;den ba\u015flayan yat\u0131r\u0131mlarla 2., 3. ve 4. yat\u0131r\u0131m\u0131n\u0131za 4000 TRY&#039;ye kadar bonus kazan\u0131n! Otomatik tan\u0131mlama, ger\u00e7ek oranlar ve maksimum avantajlar; kazanc\u0131n\u0131za bahis yap\u0131n ve f\u0131rsat\u0131 ka\u00e7\u0131rmay\u0131n!\" \/>\n<meta name=\"robots\" content=\"index, follow, max-snippet:-1, max-image-preview:large, max-video-preview:-1\" \/>\n<meta property=\"og:locale\" content=\"tr_TR\" \/>\n<meta property=\"og:type\" content=\"article\" \/>\n<meta property=\"og:title\" content=\"Melbet Yat\u0131r\u0131m Serisi: 2, 3 ve 4. Yat\u0131r\u0131ma 4000 TRY Bonus\" \/>\n<meta property=\"og:description\" content=\"Melbet&#039;te 200 TRY&#039;den ba\u015flayan yat\u0131r\u0131mlarla 2., 3. ve 4. yat\u0131r\u0131m\u0131n\u0131za 4000 TRY&#039;ye kadar bonus kazan\u0131n! Otomatik tan\u0131mlama, ger\u00e7ek oranlar ve maksimum avantajlar; kazanc\u0131n\u0131za bahis yap\u0131n ve f\u0131rsat\u0131 ka\u00e7\u0131rmay\u0131n!\" \/>\n<meta property=\"og:url\" content=\"https:\/\/melbet.plus\/tr\/bonus\/deposit-series\/\" \/>\n<meta property=\"og:site_name\" content=\"Melbet tr\" \/>\n<meta property=\"article:modified_time\" content=\"2026-05-04T10:07:36+00:00\" \/>\n<meta name=\"twitter:card\" content=\"summary_large_image\" \/>\n<script type=\"application\/ld+json\" class=\"yoast-schema-graph\">{\"@context\":\"https:\\\/\\\/schema.org\",\"@graph\":[{\"@type\":\"WebPage\",\"@id\":\"https:\\\/\\\/melbet.plus\\\/tr\\\/bonus\\\/deposit-series\\\/\",\"url\":\"https:\\\/\\\/melbet.plus\\\/tr\\\/bonus\\\/deposit-series\\\/\",\"name\":\"Melbet Yat\u0131r\u0131m Serisi: 2, 3 ve 4. Yat\u0131r\u0131ma 4000 TRY Bonus\",\"isPartOf\":{\"@id\":\"https:\\\/\\\/melbet.plus\\\/tr\\\/#website\"},\"datePublished\":\"2025-04-25T07:51:03+00:00\",\"dateModified\":\"2026-05-04T10:07:36+00:00\",\"description\":\"Melbet'te 200 TRY'den ba\u015flayan yat\u0131r\u0131mlarla 2., 3. ve 4. yat\u0131r\u0131m\u0131n\u0131za 4000 TRY'ye kadar bonus kazan\u0131n! Otomatik tan\u0131mlama, ger\u00e7ek oranlar ve maksimum avantajlar; kazanc\u0131n\u0131za bahis yap\u0131n ve f\u0131rsat\u0131 ka\u00e7\u0131rmay\u0131n!\",\"breadcrumb\":{\"@id\":\"https:\\\/\\\/melbet.plus\\\/tr\\\/bonus\\\/deposit-series\\\/#breadcrumb\"},\"inLanguage\":\"tr\",\"potentialAction\":[{\"@type\":\"ReadAction\",\"target\":[\"https:\\\/\\\/melbet.plus\\\/tr\\\/bonus\\\/deposit-series\\\/\"]}]},{\"@type\":\"BreadcrumbList\",\"@id\":\"https:\\\/\\\/melbet.plus\\\/tr\\\/bonus\\\/deposit-series\\\/#breadcrumb\",\"itemListElement\":[{\"@type\":\"ListItem\",\"position\":1,\"name\":\"Home\",\"item\":\"https:\\\/\\\/melbet.plus\\\/tr\\\/\"},{\"@type\":\"ListItem\",\"position\":2,\"name\":\"Bonuslar\",\"item\":\"https:\\\/\\\/melbet.plus\\\/tr\\\/bonus\\\/\"},{\"@type\":\"ListItem\",\"position\":3,\"name\":\"Para yat\u0131rma serisi\"}]},{\"@type\":\"WebSite\",\"@id\":\"https:\\\/\\\/melbet.plus\\\/tr\\\/#website\",\"url\":\"https:\\\/\\\/melbet.plus\\\/tr\\\/\",\"name\":\"Melbet tr\",\"description\":\"My WordPress Blog\",\"potentialAction\":[{\"@type\":\"SearchAction\",\"target\":{\"@type\":\"EntryPoint\",\"urlTemplate\":\"https:\\\/\\\/melbet.plus\\\/tr\\\/?s={search_term_string}\"},\"query-input\":{\"@type\":\"PropertyValueSpecification\",\"valueRequired\":true,\"valueName\":\"search_term_string\"}}],\"inLanguage\":\"tr\"}]}<\/script>\n<!-- \/ Yoast SEO plugin. -->","yoast_head_json":{"title":"Melbet Yat\u0131r\u0131m Serisi: 2, 3 ve 4. Yat\u0131r\u0131ma 4000 TRY Bonus","description":"Melbet'te 200 TRY'den ba\u015flayan yat\u0131r\u0131mlarla 2., 3. ve 4. yat\u0131r\u0131m\u0131n\u0131za 4000 TRY'ye kadar bonus kazan\u0131n! Otomatik tan\u0131mlama, ger\u00e7ek oranlar ve maksimum avantajlar; kazanc\u0131n\u0131za bahis yap\u0131n ve f\u0131rsat\u0131 ka\u00e7\u0131rmay\u0131n!","robots":{"index":"index","follow":"follow","max-snippet":"max-snippet:-1","max-image-preview":"max-image-preview:large","max-video-preview":"max-video-preview:-1"},"og_locale":"tr_TR","og_type":"article","og_title":"Melbet Yat\u0131r\u0131m Serisi: 2, 3 ve 4. Yat\u0131r\u0131ma 4000 TRY Bonus","og_description":"Melbet'te 200 TRY'den ba\u015flayan yat\u0131r\u0131mlarla 2., 3. ve 4. yat\u0131r\u0131m\u0131n\u0131za 4000 TRY'ye kadar bonus kazan\u0131n! Otomatik tan\u0131mlama, ger\u00e7ek oranlar ve maksimum avantajlar; kazanc\u0131n\u0131za bahis yap\u0131n ve f\u0131rsat\u0131 ka\u00e7\u0131rmay\u0131n!","og_url":"https:\/\/melbet.plus\/tr\/bonus\/deposit-series\/","og_site_name":"Melbet tr","article_modified_time":"2026-05-04T10:07:36+00:00","twitter_card":"summary_large_image","schema":{"@context":"https:\/\/schema.org","@graph":[{"@type":"WebPage","@id":"https:\/\/melbet.plus\/tr\/bonus\/deposit-series\/","url":"https:\/\/melbet.plus\/tr\/bonus\/deposit-series\/","name":"Melbet Yat\u0131r\u0131m Serisi: 2, 3 ve 4. Yat\u0131r\u0131ma 4000 TRY Bonus","isPartOf":{"@id":"https:\/\/melbet.plus\/tr\/#website"},"datePublished":"2025-04-25T07:51:03+00:00","dateModified":"2026-05-04T10:07:36+00:00","description":"Melbet'te 200 TRY'den ba\u015flayan yat\u0131r\u0131mlarla 2., 3. ve 4. yat\u0131r\u0131m\u0131n\u0131za 4000 TRY'ye kadar bonus kazan\u0131n! Otomatik tan\u0131mlama, ger\u00e7ek oranlar ve maksimum avantajlar; kazanc\u0131n\u0131za bahis yap\u0131n ve f\u0131rsat\u0131 ka\u00e7\u0131rmay\u0131n!","breadcrumb":{"@id":"https:\/\/melbet.plus\/tr\/bonus\/deposit-series\/#breadcrumb"},"inLanguage":"tr","potentialAction":[{"@type":"ReadAction","target":["https:\/\/melbet.plus\/tr\/bonus\/deposit-series\/"]}]},{"@type":"BreadcrumbList","@id":"https:\/\/melbet.plus\/tr\/bonus\/deposit-series\/#breadcrumb","itemListElement":[{"@type":"ListItem","position":1,"name":"Home","item":"https:\/\/melbet.plus\/tr\/"},{"@type":"ListItem","position":2,"name":"Bonuslar","item":"https:\/\/melbet.plus\/tr\/bonus\/"},{"@type":"ListItem","position":3,"name":"Para yat\u0131rma serisi"}]},{"@type":"WebSite","@id":"https:\/\/melbet.plus\/tr\/#website","url":"https:\/\/melbet.plus\/tr\/","name":"Melbet tr","description":"My WordPress Blog","potentialAction":[{"@type":"SearchAction","target":{"@type":"EntryPoint","urlTemplate":"https:\/\/melbet.plus\/tr\/?s={search_term_string}"},"query-input":{"@type":"PropertyValueSpecification","valueRequired":true,"valueName":"search_term_string"}}],"inLanguage":"tr"}]}},"_links":{"self":[{"href":"https:\/\/melbet.plus\/tr\/wp-json\/wp\/v2\/pages\/751","targetHints":{"allow":["GET"]}}],"collection":[{"href":"https:\/\/melbet.plus\/tr\/wp-json\/wp\/v2\/pages"}],"about":[{"href":"https:\/\/melbet.plus\/tr\/wp-json\/wp\/v2\/types\/page"}],"author":[{"embeddable":true,"href":"https:\/\/melbet.plus\/tr\/wp-json\/wp\/v2\/users\/1"}],"replies":[{"embeddable":true,"href":"https:\/\/melbet.plus\/tr\/wp-json\/wp\/v2\/comments?post=751"}],"version-history":[{"count":5,"href":"https:\/\/melbet.plus\/tr\/wp-json\/wp\/v2\/pages\/751\/revisions"}],"predecessor-version":[{"id":1382,"href":"https:\/\/melbet.plus\/tr\/wp-json\/wp\/v2\/pages\/751\/revisions\/1382"}],"up":[{"embeddable":true,"href":"https:\/\/melbet.plus\/tr\/wp-json\/wp\/v2\/pages\/152"}],"wp:attachment":[{"href":"https:\/\/melbet.plus\/tr\/wp-json\/wp\/v2\/media?parent=751"}],"curies":[{"name":"wp","href":"https:\/\/api.w.org\/{rel}","templated":true}]}}