{"id":746,"date":"2025-04-25T07:31:56","date_gmt":"2025-04-25T07:31:56","guid":{"rendered":"https:\/\/melbet.plus\/tr\/?page_id=746"},"modified":"2026-05-04T09:38:03","modified_gmt":"2026-05-04T09:38:03","slug":"casino-welcome-package","status":"publish","type":"page","link":"https:\/\/melbet.plus\/tr\/bonus\/casino-welcome-package\/","title":{"rendered":"Kumarhane Ho\u015f Geldiniz Paketi"},"content":{"rendered":"","protected":false},"excerpt":{"rendered":"","protected":false},"author":1,"featured_media":0,"parent":152,"menu_order":0,"comment_status":"closed","ping_status":"closed","template":"","meta":{"inline_featured_image":false,"footnotes":""},"class_list":["post-746","page","type-page","status-publish","hentry"],"yoast_head":"<!-- This site is optimized with the Yoast SEO plugin v27.5 - https:\/\/yoast.com\/product\/yoast-seo-wordpress\/ -->\n<title>Melbet Casino Ho\u015f Geldin Paketi \u2014 61300 TRY + 290 Freespin<\/title>\n<meta name=\"description\" content=\"Jackpotu vurmaya haz\u0131r m\u0131s\u0131n\u0131z? Melbet Casino&#039;da yapaca\u011f\u0131n\u0131z ilk be\u015f yat\u0131r\u0131m\u0131n\u0131zla 61300 TRY&#039;ye kadar bonus ve 290 freespin kazan\u0131n! Kay\u0131t olun, para yat\u0131r\u0131n, maksimum bonuslar\u0131 ve \u00fccretsiz d\u00f6nd\u00fcrmeleri kap\u0131n - kazan\u00e7la oynay\u0131n ve her bahsin tad\u0131n\u0131 \u00e7\u0131kar\u0131n!\" \/>\n<meta name=\"robots\" content=\"index, follow, max-snippet:-1, max-image-preview:large, max-video-preview:-1\" \/>\n<meta property=\"og:locale\" content=\"tr_TR\" \/>\n<meta property=\"og:type\" content=\"article\" \/>\n<meta property=\"og:title\" content=\"Melbet Casino Ho\u015f Geldin Paketi \u2014 61300 TRY + 290 Freespin\" \/>\n<meta property=\"og:description\" content=\"Jackpotu vurmaya haz\u0131r m\u0131s\u0131n\u0131z? Melbet Casino&#039;da yapaca\u011f\u0131n\u0131z ilk be\u015f yat\u0131r\u0131m\u0131n\u0131zla 61300 TRY&#039;ye kadar bonus ve 290 freespin kazan\u0131n! Kay\u0131t olun, para yat\u0131r\u0131n, maksimum bonuslar\u0131 ve \u00fccretsiz d\u00f6nd\u00fcrmeleri kap\u0131n - kazan\u00e7la oynay\u0131n ve her bahsin tad\u0131n\u0131 \u00e7\u0131kar\u0131n!\" \/>\n<meta property=\"og:url\" content=\"https:\/\/melbet.plus\/tr\/bonus\/casino-welcome-package\/\" \/>\n<meta property=\"og:site_name\" content=\"Melbet tr\" \/>\n<meta property=\"article:modified_time\" content=\"2026-05-04T09:38:03+00:00\" \/>\n<meta name=\"twitter:card\" content=\"summary_large_image\" \/>\n<script type=\"application\/ld+json\" class=\"yoast-schema-graph\">{\"@context\":\"https:\\\/\\\/schema.org\",\"@graph\":[{\"@type\":\"WebPage\",\"@id\":\"https:\\\/\\\/melbet.plus\\\/tr\\\/bonus\\\/casino-welcome-package\\\/\",\"url\":\"https:\\\/\\\/melbet.plus\\\/tr\\\/bonus\\\/casino-welcome-package\\\/\",\"name\":\"Melbet Casino Ho\u015f Geldin Paketi \u2014 61300 TRY + 290 Freespin\",\"isPartOf\":{\"@id\":\"https:\\\/\\\/melbet.plus\\\/tr\\\/#website\"},\"datePublished\":\"2025-04-25T07:31:56+00:00\",\"dateModified\":\"2026-05-04T09:38:03+00:00\",\"description\":\"Jackpotu vurmaya haz\u0131r m\u0131s\u0131n\u0131z? Melbet Casino'da yapaca\u011f\u0131n\u0131z ilk be\u015f yat\u0131r\u0131m\u0131n\u0131zla 61300 TRY'ye kadar bonus ve 290 freespin kazan\u0131n! Kay\u0131t olun, para yat\u0131r\u0131n, maksimum bonuslar\u0131 ve \u00fccretsiz d\u00f6nd\u00fcrmeleri kap\u0131n - kazan\u00e7la oynay\u0131n ve her bahsin tad\u0131n\u0131 \u00e7\u0131kar\u0131n!\",\"breadcrumb\":{\"@id\":\"https:\\\/\\\/melbet.plus\\\/tr\\\/bonus\\\/casino-welcome-package\\\/#breadcrumb\"},\"inLanguage\":\"tr\",\"potentialAction\":[{\"@type\":\"ReadAction\",\"target\":[\"https:\\\/\\\/melbet.plus\\\/tr\\\/bonus\\\/casino-welcome-package\\\/\"]}]},{\"@type\":\"BreadcrumbList\",\"@id\":\"https:\\\/\\\/melbet.plus\\\/tr\\\/bonus\\\/casino-welcome-package\\\/#breadcrumb\",\"itemListElement\":[{\"@type\":\"ListItem\",\"position\":1,\"name\":\"Home\",\"item\":\"https:\\\/\\\/melbet.plus\\\/tr\\\/\"},{\"@type\":\"ListItem\",\"position\":2,\"name\":\"Bonuslar\",\"item\":\"https:\\\/\\\/melbet.plus\\\/tr\\\/bonus\\\/\"},{\"@type\":\"ListItem\",\"position\":3,\"name\":\"Kumarhane Ho\u015f Geldiniz Paketi\"}]},{\"@type\":\"WebSite\",\"@id\":\"https:\\\/\\\/melbet.plus\\\/tr\\\/#website\",\"url\":\"https:\\\/\\\/melbet.plus\\\/tr\\\/\",\"name\":\"Melbet tr\",\"description\":\"My WordPress Blog\",\"potentialAction\":[{\"@type\":\"SearchAction\",\"target\":{\"@type\":\"EntryPoint\",\"urlTemplate\":\"https:\\\/\\\/melbet.plus\\\/tr\\\/?s={search_term_string}\"},\"query-input\":{\"@type\":\"PropertyValueSpecification\",\"valueRequired\":true,\"valueName\":\"search_term_string\"}}],\"inLanguage\":\"tr\"}]}<\/script>\n<!-- \/ Yoast SEO plugin. -->","yoast_head_json":{"title":"Melbet Casino Ho\u015f Geldin Paketi \u2014 61300 TRY + 290 Freespin","description":"Jackpotu vurmaya haz\u0131r m\u0131s\u0131n\u0131z? Melbet Casino'da yapaca\u011f\u0131n\u0131z ilk be\u015f yat\u0131r\u0131m\u0131n\u0131zla 61300 TRY'ye kadar bonus ve 290 freespin kazan\u0131n! Kay\u0131t olun, para yat\u0131r\u0131n, maksimum bonuslar\u0131 ve \u00fccretsiz d\u00f6nd\u00fcrmeleri kap\u0131n - kazan\u00e7la oynay\u0131n ve her bahsin tad\u0131n\u0131 \u00e7\u0131kar\u0131n!","robots":{"index":"index","follow":"follow","max-snippet":"max-snippet:-1","max-image-preview":"max-image-preview:large","max-video-preview":"max-video-preview:-1"},"og_locale":"tr_TR","og_type":"article","og_title":"Melbet Casino Ho\u015f Geldin Paketi \u2014 61300 TRY + 290 Freespin","og_description":"Jackpotu vurmaya haz\u0131r m\u0131s\u0131n\u0131z? Melbet Casino'da yapaca\u011f\u0131n\u0131z ilk be\u015f yat\u0131r\u0131m\u0131n\u0131zla 61300 TRY'ye kadar bonus ve 290 freespin kazan\u0131n! Kay\u0131t olun, para yat\u0131r\u0131n, maksimum bonuslar\u0131 ve \u00fccretsiz d\u00f6nd\u00fcrmeleri kap\u0131n - kazan\u00e7la oynay\u0131n ve her bahsin tad\u0131n\u0131 \u00e7\u0131kar\u0131n!","og_url":"https:\/\/melbet.plus\/tr\/bonus\/casino-welcome-package\/","og_site_name":"Melbet tr","article_modified_time":"2026-05-04T09:38:03+00:00","twitter_card":"summary_large_image","schema":{"@context":"https:\/\/schema.org","@graph":[{"@type":"WebPage","@id":"https:\/\/melbet.plus\/tr\/bonus\/casino-welcome-package\/","url":"https:\/\/melbet.plus\/tr\/bonus\/casino-welcome-package\/","name":"Melbet Casino Ho\u015f Geldin Paketi \u2014 61300 TRY + 290 Freespin","isPartOf":{"@id":"https:\/\/melbet.plus\/tr\/#website"},"datePublished":"2025-04-25T07:31:56+00:00","dateModified":"2026-05-04T09:38:03+00:00","description":"Jackpotu vurmaya haz\u0131r m\u0131s\u0131n\u0131z? Melbet Casino'da yapaca\u011f\u0131n\u0131z ilk be\u015f yat\u0131r\u0131m\u0131n\u0131zla 61300 TRY'ye kadar bonus ve 290 freespin kazan\u0131n! Kay\u0131t olun, para yat\u0131r\u0131n, maksimum bonuslar\u0131 ve \u00fccretsiz d\u00f6nd\u00fcrmeleri kap\u0131n - kazan\u00e7la oynay\u0131n ve her bahsin tad\u0131n\u0131 \u00e7\u0131kar\u0131n!","breadcrumb":{"@id":"https:\/\/melbet.plus\/tr\/bonus\/casino-welcome-package\/#breadcrumb"},"inLanguage":"tr","potentialAction":[{"@type":"ReadAction","target":["https:\/\/melbet.plus\/tr\/bonus\/casino-welcome-package\/"]}]},{"@type":"BreadcrumbList","@id":"https:\/\/melbet.plus\/tr\/bonus\/casino-welcome-package\/#breadcrumb","itemListElement":[{"@type":"ListItem","position":1,"name":"Home","item":"https:\/\/melbet.plus\/tr\/"},{"@type":"ListItem","position":2,"name":"Bonuslar","item":"https:\/\/melbet.plus\/tr\/bonus\/"},{"@type":"ListItem","position":3,"name":"Kumarhane Ho\u015f Geldiniz Paketi"}]},{"@type":"WebSite","@id":"https:\/\/melbet.plus\/tr\/#website","url":"https:\/\/melbet.plus\/tr\/","name":"Melbet tr","description":"My WordPress Blog","potentialAction":[{"@type":"SearchAction","target":{"@type":"EntryPoint","urlTemplate":"https:\/\/melbet.plus\/tr\/?s={search_term_string}"},"query-input":{"@type":"PropertyValueSpecification","valueRequired":true,"valueName":"search_term_string"}}],"inLanguage":"tr"}]}},"_links":{"self":[{"href":"https:\/\/melbet.plus\/tr\/wp-json\/wp\/v2\/pages\/746","targetHints":{"allow":["GET"]}}],"collection":[{"href":"https:\/\/melbet.plus\/tr\/wp-json\/wp\/v2\/pages"}],"about":[{"href":"https:\/\/melbet.plus\/tr\/wp-json\/wp\/v2\/types\/page"}],"author":[{"embeddable":true,"href":"https:\/\/melbet.plus\/tr\/wp-json\/wp\/v2\/users\/1"}],"replies":[{"embeddable":true,"href":"https:\/\/melbet.plus\/tr\/wp-json\/wp\/v2\/comments?post=746"}],"version-history":[{"count":5,"href":"https:\/\/melbet.plus\/tr\/wp-json\/wp\/v2\/pages\/746\/revisions"}],"predecessor-version":[{"id":1376,"href":"https:\/\/melbet.plus\/tr\/wp-json\/wp\/v2\/pages\/746\/revisions\/1376"}],"up":[{"embeddable":true,"href":"https:\/\/melbet.plus\/tr\/wp-json\/wp\/v2\/pages\/152"}],"wp:attachment":[{"href":"https:\/\/melbet.plus\/tr\/wp-json\/wp\/v2\/media?parent=746"}],"curies":[{"name":"wp","href":"https:\/\/api.w.org\/{rel}","templated":true}]}}