{"id":727,"date":"2025-04-25T06:27:44","date_gmt":"2025-04-25T06:27:44","guid":{"rendered":"https:\/\/melbet.plus\/tr\/?page_id=727"},"modified":"2026-05-04T11:31:59","modified_gmt":"2026-05-04T11:31:59","slug":"welcome-bonus","status":"publish","type":"page","link":"https:\/\/melbet.plus\/tr\/bonus\/welcome-bonus\/","title":{"rendered":"Ho\u015f geldiniz bonusu"},"content":{"rendered":"","protected":false},"excerpt":{"rendered":"","protected":false},"author":1,"featured_media":0,"parent":152,"menu_order":0,"comment_status":"closed","ping_status":"closed","template":"","meta":{"inline_featured_image":false,"footnotes":""},"class_list":["post-727","page","type-page","status-publish","hentry"],"yoast_head":"<!-- This site is optimized with the Yoast SEO plugin v27.5 - https:\/\/yoast.com\/product\/yoast-seo-wordpress\/ -->\n<title>Melbet Ho\u015f Geldin Bonusu \u2014 \u0130lk yat\u0131r\u0131mda 4.100 TRY kazan\u0131n!<\/title>\n<meta name=\"description\" content=\"Melbet&#039;te 4.100 TRY kazan\u0131n \u2014 kay\u0131t olduktan sonra sadece 100 TRY yat\u0131r\u0131n, yat\u0131r\u0131m\u0131n\u0131z\u0131 ikiye katlayal\u0131m! Bahsinizi art\u0131rma ve maksimum bonusla oynamaya ba\u015flama f\u0131rsat\u0131n\u0131 ka\u00e7\u0131rmay\u0131n. Ger\u00e7ekten i\u015fe yarayan bir bonus \u2014 kazanmaya haz\u0131r m\u0131s\u0131n\u0131z?\" \/>\n<meta name=\"robots\" content=\"index, follow, max-snippet:-1, max-image-preview:large, max-video-preview:-1\" \/>\n<meta property=\"og:locale\" content=\"tr_TR\" \/>\n<meta property=\"og:type\" content=\"article\" \/>\n<meta property=\"og:title\" content=\"Melbet Ho\u015f Geldin Bonusu \u2014 \u0130lk yat\u0131r\u0131mda 4.100 TRY kazan\u0131n!\" \/>\n<meta property=\"og:description\" content=\"Melbet&#039;te 4.100 TRY kazan\u0131n \u2014 kay\u0131t olduktan sonra sadece 100 TRY yat\u0131r\u0131n, yat\u0131r\u0131m\u0131n\u0131z\u0131 ikiye katlayal\u0131m! Bahsinizi art\u0131rma ve maksimum bonusla oynamaya ba\u015flama f\u0131rsat\u0131n\u0131 ka\u00e7\u0131rmay\u0131n. Ger\u00e7ekten i\u015fe yarayan bir bonus \u2014 kazanmaya haz\u0131r m\u0131s\u0131n\u0131z?\" \/>\n<meta property=\"og:url\" content=\"https:\/\/melbet.plus\/tr\/bonus\/welcome-bonus\/\" \/>\n<meta property=\"og:site_name\" content=\"Melbet tr\" \/>\n<meta property=\"article:modified_time\" content=\"2026-05-04T11:31:59+00:00\" \/>\n<meta name=\"twitter:card\" content=\"summary_large_image\" \/>\n<script type=\"application\/ld+json\" class=\"yoast-schema-graph\">{\"@context\":\"https:\\\/\\\/schema.org\",\"@graph\":[{\"@type\":\"WebPage\",\"@id\":\"https:\\\/\\\/melbet.plus\\\/tr\\\/bonus\\\/welcome-bonus\\\/\",\"url\":\"https:\\\/\\\/melbet.plus\\\/tr\\\/bonus\\\/welcome-bonus\\\/\",\"name\":\"Melbet Ho\u015f Geldin Bonusu \u2014 \u0130lk yat\u0131r\u0131mda 4.100 TRY kazan\u0131n!\",\"isPartOf\":{\"@id\":\"https:\\\/\\\/melbet.plus\\\/tr\\\/#website\"},\"datePublished\":\"2025-04-25T06:27:44+00:00\",\"dateModified\":\"2026-05-04T11:31:59+00:00\",\"description\":\"Melbet'te 4.100 TRY kazan\u0131n \u2014 kay\u0131t olduktan sonra sadece 100 TRY yat\u0131r\u0131n, yat\u0131r\u0131m\u0131n\u0131z\u0131 ikiye katlayal\u0131m! Bahsinizi art\u0131rma ve maksimum bonusla oynamaya ba\u015flama f\u0131rsat\u0131n\u0131 ka\u00e7\u0131rmay\u0131n. Ger\u00e7ekten i\u015fe yarayan bir bonus \u2014 kazanmaya haz\u0131r m\u0131s\u0131n\u0131z?\",\"breadcrumb\":{\"@id\":\"https:\\\/\\\/melbet.plus\\\/tr\\\/bonus\\\/welcome-bonus\\\/#breadcrumb\"},\"inLanguage\":\"tr\",\"potentialAction\":[{\"@type\":\"ReadAction\",\"target\":[\"https:\\\/\\\/melbet.plus\\\/tr\\\/bonus\\\/welcome-bonus\\\/\"]}]},{\"@type\":\"BreadcrumbList\",\"@id\":\"https:\\\/\\\/melbet.plus\\\/tr\\\/bonus\\\/welcome-bonus\\\/#breadcrumb\",\"itemListElement\":[{\"@type\":\"ListItem\",\"position\":1,\"name\":\"Home\",\"item\":\"https:\\\/\\\/melbet.plus\\\/tr\\\/\"},{\"@type\":\"ListItem\",\"position\":2,\"name\":\"Bonuslar\",\"item\":\"https:\\\/\\\/melbet.plus\\\/tr\\\/bonus\\\/\"},{\"@type\":\"ListItem\",\"position\":3,\"name\":\"Ho\u015f geldiniz bonusu\"}]},{\"@type\":\"WebSite\",\"@id\":\"https:\\\/\\\/melbet.plus\\\/tr\\\/#website\",\"url\":\"https:\\\/\\\/melbet.plus\\\/tr\\\/\",\"name\":\"Melbet tr\",\"description\":\"My WordPress Blog\",\"potentialAction\":[{\"@type\":\"SearchAction\",\"target\":{\"@type\":\"EntryPoint\",\"urlTemplate\":\"https:\\\/\\\/melbet.plus\\\/tr\\\/?s={search_term_string}\"},\"query-input\":{\"@type\":\"PropertyValueSpecification\",\"valueRequired\":true,\"valueName\":\"search_term_string\"}}],\"inLanguage\":\"tr\"}]}<\/script>\n<!-- \/ Yoast SEO plugin. -->","yoast_head_json":{"title":"Melbet Ho\u015f Geldin Bonusu \u2014 \u0130lk yat\u0131r\u0131mda 4.100 TRY kazan\u0131n!","description":"Melbet'te 4.100 TRY kazan\u0131n \u2014 kay\u0131t olduktan sonra sadece 100 TRY yat\u0131r\u0131n, yat\u0131r\u0131m\u0131n\u0131z\u0131 ikiye katlayal\u0131m! Bahsinizi art\u0131rma ve maksimum bonusla oynamaya ba\u015flama f\u0131rsat\u0131n\u0131 ka\u00e7\u0131rmay\u0131n. Ger\u00e7ekten i\u015fe yarayan bir bonus \u2014 kazanmaya haz\u0131r m\u0131s\u0131n\u0131z?","robots":{"index":"index","follow":"follow","max-snippet":"max-snippet:-1","max-image-preview":"max-image-preview:large","max-video-preview":"max-video-preview:-1"},"og_locale":"tr_TR","og_type":"article","og_title":"Melbet Ho\u015f Geldin Bonusu \u2014 \u0130lk yat\u0131r\u0131mda 4.100 TRY kazan\u0131n!","og_description":"Melbet'te 4.100 TRY kazan\u0131n \u2014 kay\u0131t olduktan sonra sadece 100 TRY yat\u0131r\u0131n, yat\u0131r\u0131m\u0131n\u0131z\u0131 ikiye katlayal\u0131m! Bahsinizi art\u0131rma ve maksimum bonusla oynamaya ba\u015flama f\u0131rsat\u0131n\u0131 ka\u00e7\u0131rmay\u0131n. Ger\u00e7ekten i\u015fe yarayan bir bonus \u2014 kazanmaya haz\u0131r m\u0131s\u0131n\u0131z?","og_url":"https:\/\/melbet.plus\/tr\/bonus\/welcome-bonus\/","og_site_name":"Melbet tr","article_modified_time":"2026-05-04T11:31:59+00:00","twitter_card":"summary_large_image","schema":{"@context":"https:\/\/schema.org","@graph":[{"@type":"WebPage","@id":"https:\/\/melbet.plus\/tr\/bonus\/welcome-bonus\/","url":"https:\/\/melbet.plus\/tr\/bonus\/welcome-bonus\/","name":"Melbet Ho\u015f Geldin Bonusu \u2014 \u0130lk yat\u0131r\u0131mda 4.100 TRY kazan\u0131n!","isPartOf":{"@id":"https:\/\/melbet.plus\/tr\/#website"},"datePublished":"2025-04-25T06:27:44+00:00","dateModified":"2026-05-04T11:31:59+00:00","description":"Melbet'te 4.100 TRY kazan\u0131n \u2014 kay\u0131t olduktan sonra sadece 100 TRY yat\u0131r\u0131n, yat\u0131r\u0131m\u0131n\u0131z\u0131 ikiye katlayal\u0131m! Bahsinizi art\u0131rma ve maksimum bonusla oynamaya ba\u015flama f\u0131rsat\u0131n\u0131 ka\u00e7\u0131rmay\u0131n. Ger\u00e7ekten i\u015fe yarayan bir bonus \u2014 kazanmaya haz\u0131r m\u0131s\u0131n\u0131z?","breadcrumb":{"@id":"https:\/\/melbet.plus\/tr\/bonus\/welcome-bonus\/#breadcrumb"},"inLanguage":"tr","potentialAction":[{"@type":"ReadAction","target":["https:\/\/melbet.plus\/tr\/bonus\/welcome-bonus\/"]}]},{"@type":"BreadcrumbList","@id":"https:\/\/melbet.plus\/tr\/bonus\/welcome-bonus\/#breadcrumb","itemListElement":[{"@type":"ListItem","position":1,"name":"Home","item":"https:\/\/melbet.plus\/tr\/"},{"@type":"ListItem","position":2,"name":"Bonuslar","item":"https:\/\/melbet.plus\/tr\/bonus\/"},{"@type":"ListItem","position":3,"name":"Ho\u015f geldiniz bonusu"}]},{"@type":"WebSite","@id":"https:\/\/melbet.plus\/tr\/#website","url":"https:\/\/melbet.plus\/tr\/","name":"Melbet tr","description":"My WordPress Blog","potentialAction":[{"@type":"SearchAction","target":{"@type":"EntryPoint","urlTemplate":"https:\/\/melbet.plus\/tr\/?s={search_term_string}"},"query-input":{"@type":"PropertyValueSpecification","valueRequired":true,"valueName":"search_term_string"}}],"inLanguage":"tr"}]}},"_links":{"self":[{"href":"https:\/\/melbet.plus\/tr\/wp-json\/wp\/v2\/pages\/727","targetHints":{"allow":["GET"]}}],"collection":[{"href":"https:\/\/melbet.plus\/tr\/wp-json\/wp\/v2\/pages"}],"about":[{"href":"https:\/\/melbet.plus\/tr\/wp-json\/wp\/v2\/types\/page"}],"author":[{"embeddable":true,"href":"https:\/\/melbet.plus\/tr\/wp-json\/wp\/v2\/users\/1"}],"replies":[{"embeddable":true,"href":"https:\/\/melbet.plus\/tr\/wp-json\/wp\/v2\/comments?post=727"}],"version-history":[{"count":5,"href":"https:\/\/melbet.plus\/tr\/wp-json\/wp\/v2\/pages\/727\/revisions"}],"predecessor-version":[{"id":1401,"href":"https:\/\/melbet.plus\/tr\/wp-json\/wp\/v2\/pages\/727\/revisions\/1401"}],"up":[{"embeddable":true,"href":"https:\/\/melbet.plus\/tr\/wp-json\/wp\/v2\/pages\/152"}],"wp:attachment":[{"href":"https:\/\/melbet.plus\/tr\/wp-json\/wp\/v2\/media?parent=727"}],"curies":[{"name":"wp","href":"https:\/\/api.w.org\/{rel}","templated":true}]}}