{"id":579,"date":"2024-09-23T13:41:56","date_gmt":"2024-09-23T13:41:56","guid":{"rendered":"https:\/\/melbet.plus\/tr\/?page_id=579"},"modified":"2026-05-04T15:16:21","modified_gmt":"2026-05-04T15:16:21","slug":"login","status":"publish","type":"page","link":"https:\/\/melbet.plus\/tr\/login\/","title":{"rendered":"Giri\u015f"},"content":{"rendered":"","protected":false},"excerpt":{"rendered":"","protected":false},"author":1,"featured_media":0,"parent":0,"menu_order":0,"comment_status":"closed","ping_status":"closed","template":"","meta":{"inline_featured_image":false,"footnotes":""},"class_list":["post-579","page","type-page","status-publish","hentry"],"yoast_head":"<!-- This site is optimized with the Yoast SEO plugin v27.6 - https:\/\/yoast.com\/product\/yoast-seo-wordpress\/ -->\n<title>MelBet Giri\u015f | Resmi Bahis Sitesi<\/title>\n<meta name=\"description\" content=\"MelBet hesab\u0131n\u0131za \u00e7evrimi\u00e7i olarak giri\u015f yap\u0131n. Giri\u015f yapmak i\u00e7in telefon numaran\u0131z\u0131 veya e-posta adresinizi kullan\u0131n. MelBet ki\u015fisel hesab\u0131n\u0131za nas\u0131l giri\u015f yap\u0131l\u0131r? MelBet Giri\u015f Sayfas\u0131n\u0131 ziyaret edin ve hemen bahis yapmaya ba\u015flay\u0131n!\" \/>\n<meta name=\"robots\" content=\"index, follow, max-snippet:-1, max-image-preview:large, max-video-preview:-1\" \/>\n<meta property=\"og:locale\" content=\"tr_TR\" \/>\n<meta property=\"og:type\" content=\"article\" \/>\n<meta property=\"og:title\" content=\"MelBet Giri\u015f | Resmi Bahis Sitesi\" \/>\n<meta property=\"og:description\" content=\"MelBet hesab\u0131n\u0131za \u00e7evrimi\u00e7i olarak giri\u015f yap\u0131n. Giri\u015f yapmak i\u00e7in telefon numaran\u0131z\u0131 veya e-posta adresinizi kullan\u0131n. MelBet ki\u015fisel hesab\u0131n\u0131za nas\u0131l giri\u015f yap\u0131l\u0131r? MelBet Giri\u015f Sayfas\u0131n\u0131 ziyaret edin ve hemen bahis yapmaya ba\u015flay\u0131n!\" \/>\n<meta property=\"og:url\" content=\"https:\/\/melbet.plus\/tr\/login\/\" \/>\n<meta property=\"og:site_name\" content=\"Melbet tr\" \/>\n<meta property=\"article:modified_time\" content=\"2026-05-04T15:16:21+00:00\" \/>\n<meta name=\"twitter:card\" content=\"summary_large_image\" \/>\n<script type=\"application\/ld+json\" class=\"yoast-schema-graph\">{\"@context\":\"https:\\\/\\\/schema.org\",\"@graph\":[{\"@type\":\"WebPage\",\"@id\":\"https:\\\/\\\/melbet.plus\\\/tr\\\/login\\\/\",\"url\":\"https:\\\/\\\/melbet.plus\\\/tr\\\/login\\\/\",\"name\":\"MelBet Giri\u015f | Resmi Bahis Sitesi\",\"isPartOf\":{\"@id\":\"https:\\\/\\\/melbet.plus\\\/tr\\\/#website\"},\"datePublished\":\"2024-09-23T13:41:56+00:00\",\"dateModified\":\"2026-05-04T15:16:21+00:00\",\"description\":\"MelBet hesab\u0131n\u0131za \u00e7evrimi\u00e7i olarak giri\u015f yap\u0131n. Giri\u015f yapmak i\u00e7in telefon numaran\u0131z\u0131 veya e-posta adresinizi kullan\u0131n. MelBet ki\u015fisel hesab\u0131n\u0131za nas\u0131l giri\u015f yap\u0131l\u0131r? MelBet Giri\u015f Sayfas\u0131n\u0131 ziyaret edin ve hemen bahis yapmaya ba\u015flay\u0131n!\",\"breadcrumb\":{\"@id\":\"https:\\\/\\\/melbet.plus\\\/tr\\\/login\\\/#breadcrumb\"},\"inLanguage\":\"tr\",\"potentialAction\":[{\"@type\":\"ReadAction\",\"target\":[\"https:\\\/\\\/melbet.plus\\\/tr\\\/login\\\/\"]}]},{\"@type\":\"BreadcrumbList\",\"@id\":\"https:\\\/\\\/melbet.plus\\\/tr\\\/login\\\/#breadcrumb\",\"itemListElement\":[{\"@type\":\"ListItem\",\"position\":1,\"name\":\"Home\",\"item\":\"https:\\\/\\\/melbet.plus\\\/tr\\\/\"},{\"@type\":\"ListItem\",\"position\":2,\"name\":\"Giri\u015f\"}]},{\"@type\":\"WebSite\",\"@id\":\"https:\\\/\\\/melbet.plus\\\/tr\\\/#website\",\"url\":\"https:\\\/\\\/melbet.plus\\\/tr\\\/\",\"name\":\"Melbet tr\",\"description\":\"My WordPress Blog\",\"potentialAction\":[{\"@type\":\"SearchAction\",\"target\":{\"@type\":\"EntryPoint\",\"urlTemplate\":\"https:\\\/\\\/melbet.plus\\\/tr\\\/?s={search_term_string}\"},\"query-input\":{\"@type\":\"PropertyValueSpecification\",\"valueRequired\":true,\"valueName\":\"search_term_string\"}}],\"inLanguage\":\"tr\"}]}<\/script>\n<!-- \/ Yoast SEO plugin. -->","yoast_head_json":{"title":"MelBet Giri\u015f | Resmi Bahis Sitesi","description":"MelBet hesab\u0131n\u0131za \u00e7evrimi\u00e7i olarak giri\u015f yap\u0131n. Giri\u015f yapmak i\u00e7in telefon numaran\u0131z\u0131 veya e-posta adresinizi kullan\u0131n. MelBet ki\u015fisel hesab\u0131n\u0131za nas\u0131l giri\u015f yap\u0131l\u0131r? MelBet Giri\u015f Sayfas\u0131n\u0131 ziyaret edin ve hemen bahis yapmaya ba\u015flay\u0131n!","robots":{"index":"index","follow":"follow","max-snippet":"max-snippet:-1","max-image-preview":"max-image-preview:large","max-video-preview":"max-video-preview:-1"},"og_locale":"tr_TR","og_type":"article","og_title":"MelBet Giri\u015f | Resmi Bahis Sitesi","og_description":"MelBet hesab\u0131n\u0131za \u00e7evrimi\u00e7i olarak giri\u015f yap\u0131n. Giri\u015f yapmak i\u00e7in telefon numaran\u0131z\u0131 veya e-posta adresinizi kullan\u0131n. MelBet ki\u015fisel hesab\u0131n\u0131za nas\u0131l giri\u015f yap\u0131l\u0131r? MelBet Giri\u015f Sayfas\u0131n\u0131 ziyaret edin ve hemen bahis yapmaya ba\u015flay\u0131n!","og_url":"https:\/\/melbet.plus\/tr\/login\/","og_site_name":"Melbet tr","article_modified_time":"2026-05-04T15:16:21+00:00","twitter_card":"summary_large_image","schema":{"@context":"https:\/\/schema.org","@graph":[{"@type":"WebPage","@id":"https:\/\/melbet.plus\/tr\/login\/","url":"https:\/\/melbet.plus\/tr\/login\/","name":"MelBet Giri\u015f | Resmi Bahis Sitesi","isPartOf":{"@id":"https:\/\/melbet.plus\/tr\/#website"},"datePublished":"2024-09-23T13:41:56+00:00","dateModified":"2026-05-04T15:16:21+00:00","description":"MelBet hesab\u0131n\u0131za \u00e7evrimi\u00e7i olarak giri\u015f yap\u0131n. Giri\u015f yapmak i\u00e7in telefon numaran\u0131z\u0131 veya e-posta adresinizi kullan\u0131n. MelBet ki\u015fisel hesab\u0131n\u0131za nas\u0131l giri\u015f yap\u0131l\u0131r? MelBet Giri\u015f Sayfas\u0131n\u0131 ziyaret edin ve hemen bahis yapmaya ba\u015flay\u0131n!","breadcrumb":{"@id":"https:\/\/melbet.plus\/tr\/login\/#breadcrumb"},"inLanguage":"tr","potentialAction":[{"@type":"ReadAction","target":["https:\/\/melbet.plus\/tr\/login\/"]}]},{"@type":"BreadcrumbList","@id":"https:\/\/melbet.plus\/tr\/login\/#breadcrumb","itemListElement":[{"@type":"ListItem","position":1,"name":"Home","item":"https:\/\/melbet.plus\/tr\/"},{"@type":"ListItem","position":2,"name":"Giri\u015f"}]},{"@type":"WebSite","@id":"https:\/\/melbet.plus\/tr\/#website","url":"https:\/\/melbet.plus\/tr\/","name":"Melbet tr","description":"My WordPress Blog","potentialAction":[{"@type":"SearchAction","target":{"@type":"EntryPoint","urlTemplate":"https:\/\/melbet.plus\/tr\/?s={search_term_string}"},"query-input":{"@type":"PropertyValueSpecification","valueRequired":true,"valueName":"search_term_string"}}],"inLanguage":"tr"}]}},"_links":{"self":[{"href":"https:\/\/melbet.plus\/tr\/wp-json\/wp\/v2\/pages\/579","targetHints":{"allow":["GET"]}}],"collection":[{"href":"https:\/\/melbet.plus\/tr\/wp-json\/wp\/v2\/pages"}],"about":[{"href":"https:\/\/melbet.plus\/tr\/wp-json\/wp\/v2\/types\/page"}],"author":[{"embeddable":true,"href":"https:\/\/melbet.plus\/tr\/wp-json\/wp\/v2\/users\/1"}],"replies":[{"embeddable":true,"href":"https:\/\/melbet.plus\/tr\/wp-json\/wp\/v2\/comments?post=579"}],"version-history":[{"count":5,"href":"https:\/\/melbet.plus\/tr\/wp-json\/wp\/v2\/pages\/579\/revisions"}],"predecessor-version":[{"id":1423,"href":"https:\/\/melbet.plus\/tr\/wp-json\/wp\/v2\/pages\/579\/revisions\/1423"}],"wp:attachment":[{"href":"https:\/\/melbet.plus\/tr\/wp-json\/wp\/v2\/media?parent=579"}],"curies":[{"name":"wp","href":"https:\/\/api.w.org\/{rel}","templated":true}]}}