{"id":554,"date":"2024-09-11T06:32:09","date_gmt":"2024-09-11T06:32:09","guid":{"rendered":"https:\/\/melbet.plus\/tr\/?page_id=554"},"modified":"2025-02-24T05:22:21","modified_gmt":"2025-02-24T05:22:21","slug":"apk","status":"publish","type":"page","link":"https:\/\/melbet.plus\/tr\/apk\/","title":{"rendered":"Apk"},"content":{"rendered":"","protected":false},"excerpt":{"rendered":"","protected":false},"author":1,"featured_media":0,"parent":0,"menu_order":0,"comment_status":"closed","ping_status":"closed","template":"","meta":{"inline_featured_image":false,"footnotes":""},"class_list":["post-554","page","type-page","status-publish","hentry"],"yoast_head":"<!-- This site is optimized with the Yoast SEO plugin v27.4 - https:\/\/yoast.com\/product\/yoast-seo-wordpress\/ -->\n<title>Melbet T\u00fcrkiye Android i\u00e7in Apk \u0130ndir | Son APK S\u00fcr\u00fcm\u00fc<\/title>\n<meta name=\"description\" content=\"Melbet Apk spor bahisleri ve casino oyunlar\u0131 sunar. Resmi Melbet apk&#039;s\u0131n\u0131 \u00fccretsiz indirin. Ad\u0131m ad\u0131m talimatlar ve apk a\u00e7\u0131klamas\u0131. Melbet sitesine h\u0131zl\u0131 eri\u015fim i\u00e7in Melbet apk&#039;y\u0131 y\u00fckleyin\" \/>\n<meta name=\"robots\" content=\"index, follow, max-snippet:-1, max-image-preview:large, max-video-preview:-1\" \/>\n<meta property=\"og:locale\" content=\"tr_TR\" \/>\n<meta property=\"og:type\" content=\"article\" \/>\n<meta property=\"og:title\" content=\"Melbet T\u00fcrkiye Android i\u00e7in Apk \u0130ndir | Son APK S\u00fcr\u00fcm\u00fc\" \/>\n<meta property=\"og:description\" content=\"Melbet Apk spor bahisleri ve casino oyunlar\u0131 sunar. Resmi Melbet apk&#039;s\u0131n\u0131 \u00fccretsiz indirin. Ad\u0131m ad\u0131m talimatlar ve apk a\u00e7\u0131klamas\u0131. Melbet sitesine h\u0131zl\u0131 eri\u015fim i\u00e7in Melbet apk&#039;y\u0131 y\u00fckleyin\" \/>\n<meta property=\"og:url\" content=\"https:\/\/melbet.plus\/tr\/apk\/\" \/>\n<meta property=\"og:site_name\" content=\"Melbet tr\" \/>\n<meta property=\"article:modified_time\" content=\"2025-02-24T05:22:21+00:00\" \/>\n<meta name=\"twitter:card\" content=\"summary_large_image\" \/>\n<script type=\"application\/ld+json\" class=\"yoast-schema-graph\">{\"@context\":\"https:\\\/\\\/schema.org\",\"@graph\":[{\"@type\":\"WebPage\",\"@id\":\"https:\\\/\\\/melbet.plus\\\/tr\\\/apk\\\/\",\"url\":\"https:\\\/\\\/melbet.plus\\\/tr\\\/apk\\\/\",\"name\":\"Melbet T\u00fcrkiye Android i\u00e7in Apk \u0130ndir | Son APK S\u00fcr\u00fcm\u00fc\",\"isPartOf\":{\"@id\":\"https:\\\/\\\/melbet.plus\\\/tr\\\/#website\"},\"datePublished\":\"2024-09-11T06:32:09+00:00\",\"dateModified\":\"2025-02-24T05:22:21+00:00\",\"description\":\"Melbet Apk spor bahisleri ve casino oyunlar\u0131 sunar. Resmi Melbet apk's\u0131n\u0131 \u00fccretsiz indirin. Ad\u0131m ad\u0131m talimatlar ve apk a\u00e7\u0131klamas\u0131. Melbet sitesine h\u0131zl\u0131 eri\u015fim i\u00e7in Melbet apk'y\u0131 y\u00fckleyin\",\"breadcrumb\":{\"@id\":\"https:\\\/\\\/melbet.plus\\\/tr\\\/apk\\\/#breadcrumb\"},\"inLanguage\":\"tr\",\"potentialAction\":[{\"@type\":\"ReadAction\",\"target\":[\"https:\\\/\\\/melbet.plus\\\/tr\\\/apk\\\/\"]}]},{\"@type\":\"BreadcrumbList\",\"@id\":\"https:\\\/\\\/melbet.plus\\\/tr\\\/apk\\\/#breadcrumb\",\"itemListElement\":[{\"@type\":\"ListItem\",\"position\":1,\"name\":\"Home\",\"item\":\"https:\\\/\\\/melbet.plus\\\/tr\\\/\"},{\"@type\":\"ListItem\",\"position\":2,\"name\":\"Apk\"}]},{\"@type\":\"WebSite\",\"@id\":\"https:\\\/\\\/melbet.plus\\\/tr\\\/#website\",\"url\":\"https:\\\/\\\/melbet.plus\\\/tr\\\/\",\"name\":\"Melbet tr\",\"description\":\"My WordPress Blog\",\"potentialAction\":[{\"@type\":\"SearchAction\",\"target\":{\"@type\":\"EntryPoint\",\"urlTemplate\":\"https:\\\/\\\/melbet.plus\\\/tr\\\/?s={search_term_string}\"},\"query-input\":{\"@type\":\"PropertyValueSpecification\",\"valueRequired\":true,\"valueName\":\"search_term_string\"}}],\"inLanguage\":\"tr\"}]}<\/script>\n<!-- \/ Yoast SEO plugin. -->","yoast_head_json":{"title":"Melbet T\u00fcrkiye Android i\u00e7in Apk \u0130ndir | Son APK S\u00fcr\u00fcm\u00fc","description":"Melbet Apk spor bahisleri ve casino oyunlar\u0131 sunar. Resmi Melbet apk's\u0131n\u0131 \u00fccretsiz indirin. Ad\u0131m ad\u0131m talimatlar ve apk a\u00e7\u0131klamas\u0131. Melbet sitesine h\u0131zl\u0131 eri\u015fim i\u00e7in Melbet apk'y\u0131 y\u00fckleyin","robots":{"index":"index","follow":"follow","max-snippet":"max-snippet:-1","max-image-preview":"max-image-preview:large","max-video-preview":"max-video-preview:-1"},"og_locale":"tr_TR","og_type":"article","og_title":"Melbet T\u00fcrkiye Android i\u00e7in Apk \u0130ndir | Son APK S\u00fcr\u00fcm\u00fc","og_description":"Melbet Apk spor bahisleri ve casino oyunlar\u0131 sunar. Resmi Melbet apk's\u0131n\u0131 \u00fccretsiz indirin. Ad\u0131m ad\u0131m talimatlar ve apk a\u00e7\u0131klamas\u0131. Melbet sitesine h\u0131zl\u0131 eri\u015fim i\u00e7in Melbet apk'y\u0131 y\u00fckleyin","og_url":"https:\/\/melbet.plus\/tr\/apk\/","og_site_name":"Melbet tr","article_modified_time":"2025-02-24T05:22:21+00:00","twitter_card":"summary_large_image","schema":{"@context":"https:\/\/schema.org","@graph":[{"@type":"WebPage","@id":"https:\/\/melbet.plus\/tr\/apk\/","url":"https:\/\/melbet.plus\/tr\/apk\/","name":"Melbet T\u00fcrkiye Android i\u00e7in Apk \u0130ndir | Son APK S\u00fcr\u00fcm\u00fc","isPartOf":{"@id":"https:\/\/melbet.plus\/tr\/#website"},"datePublished":"2024-09-11T06:32:09+00:00","dateModified":"2025-02-24T05:22:21+00:00","description":"Melbet Apk spor bahisleri ve casino oyunlar\u0131 sunar. Resmi Melbet apk's\u0131n\u0131 \u00fccretsiz indirin. Ad\u0131m ad\u0131m talimatlar ve apk a\u00e7\u0131klamas\u0131. Melbet sitesine h\u0131zl\u0131 eri\u015fim i\u00e7in Melbet apk'y\u0131 y\u00fckleyin","breadcrumb":{"@id":"https:\/\/melbet.plus\/tr\/apk\/#breadcrumb"},"inLanguage":"tr","potentialAction":[{"@type":"ReadAction","target":["https:\/\/melbet.plus\/tr\/apk\/"]}]},{"@type":"BreadcrumbList","@id":"https:\/\/melbet.plus\/tr\/apk\/#breadcrumb","itemListElement":[{"@type":"ListItem","position":1,"name":"Home","item":"https:\/\/melbet.plus\/tr\/"},{"@type":"ListItem","position":2,"name":"Apk"}]},{"@type":"WebSite","@id":"https:\/\/melbet.plus\/tr\/#website","url":"https:\/\/melbet.plus\/tr\/","name":"Melbet tr","description":"My WordPress Blog","potentialAction":[{"@type":"SearchAction","target":{"@type":"EntryPoint","urlTemplate":"https:\/\/melbet.plus\/tr\/?s={search_term_string}"},"query-input":{"@type":"PropertyValueSpecification","valueRequired":true,"valueName":"search_term_string"}}],"inLanguage":"tr"}]}},"_links":{"self":[{"href":"https:\/\/melbet.plus\/tr\/wp-json\/wp\/v2\/pages\/554","targetHints":{"allow":["GET"]}}],"collection":[{"href":"https:\/\/melbet.plus\/tr\/wp-json\/wp\/v2\/pages"}],"about":[{"href":"https:\/\/melbet.plus\/tr\/wp-json\/wp\/v2\/types\/page"}],"author":[{"embeddable":true,"href":"https:\/\/melbet.plus\/tr\/wp-json\/wp\/v2\/users\/1"}],"replies":[{"embeddable":true,"href":"https:\/\/melbet.plus\/tr\/wp-json\/wp\/v2\/comments?post=554"}],"version-history":[{"count":19,"href":"https:\/\/melbet.plus\/tr\/wp-json\/wp\/v2\/pages\/554\/revisions"}],"predecessor-version":[{"id":737,"href":"https:\/\/melbet.plus\/tr\/wp-json\/wp\/v2\/pages\/554\/revisions\/737"}],"wp:attachment":[{"href":"https:\/\/melbet.plus\/tr\/wp-json\/wp\/v2\/media?parent=554"}],"curies":[{"name":"wp","href":"https:\/\/api.w.org\/{rel}","templated":true}]}}