{"id":328,"date":"2024-08-15T09:32:52","date_gmt":"2024-08-15T09:32:52","guid":{"rendered":"https:\/\/melbet.plus\/tr\/?page_id=328"},"modified":"2025-02-24T05:37:38","modified_gmt":"2025-02-24T05:37:38","slug":"registration","status":"publish","type":"page","link":"https:\/\/melbet.plus\/tr\/registration\/","title":{"rendered":"Kay\u0131t"},"content":{"rendered":"","protected":false},"excerpt":{"rendered":"","protected":false},"author":1,"featured_media":0,"parent":0,"menu_order":0,"comment_status":"closed","ping_status":"closed","template":"","meta":{"inline_featured_image":false,"footnotes":""},"class_list":["post-328","page","type-page","status-publish","hentry"],"yoast_head":"<!-- This site is optimized with the Yoast SEO plugin v27.5 - https:\/\/yoast.com\/product\/yoast-seo-wordpress\/ -->\n<title>Melbet T\u00fcrkiyec Hesap Kayd\u0131 ve Do\u011frulamas\u0131<\/title>\n<meta name=\"description\" content=\"Bir Melbet hesab\u0131na kaydolma s\u00fcreci \u00e7ok basit ve anla\u015f\u0131l\u0131rd\u0131r ve bunu d\u00f6rt \u015fekilde yapabilirsiniz: e-posta ile, telefon numaras\u0131yla, tek bir t\u0131klamayla veya bir sosyal a\u011f arac\u0131l\u0131\u011f\u0131yla.\" \/>\n<meta name=\"robots\" content=\"index, follow, max-snippet:-1, max-image-preview:large, max-video-preview:-1\" \/>\n<meta property=\"og:locale\" content=\"tr_TR\" \/>\n<meta property=\"og:type\" content=\"article\" \/>\n<meta property=\"og:title\" content=\"Melbet T\u00fcrkiyec Hesap Kayd\u0131 ve Do\u011frulamas\u0131\" \/>\n<meta property=\"og:description\" content=\"Bir Melbet hesab\u0131na kaydolma s\u00fcreci \u00e7ok basit ve anla\u015f\u0131l\u0131rd\u0131r ve bunu d\u00f6rt \u015fekilde yapabilirsiniz: e-posta ile, telefon numaras\u0131yla, tek bir t\u0131klamayla veya bir sosyal a\u011f arac\u0131l\u0131\u011f\u0131yla.\" \/>\n<meta property=\"og:url\" content=\"https:\/\/melbet.plus\/tr\/registration\/\" \/>\n<meta property=\"og:site_name\" content=\"Melbet tr\" \/>\n<meta property=\"article:modified_time\" content=\"2025-02-24T05:37:38+00:00\" \/>\n<meta name=\"twitter:card\" content=\"summary_large_image\" \/>\n<script type=\"application\/ld+json\" class=\"yoast-schema-graph\">{\"@context\":\"https:\\\/\\\/schema.org\",\"@graph\":[{\"@type\":\"WebPage\",\"@id\":\"https:\\\/\\\/melbet.plus\\\/tr\\\/registration\\\/\",\"url\":\"https:\\\/\\\/melbet.plus\\\/tr\\\/registration\\\/\",\"name\":\"Melbet T\u00fcrkiyec Hesap Kayd\u0131 ve Do\u011frulamas\u0131\",\"isPartOf\":{\"@id\":\"https:\\\/\\\/melbet.plus\\\/tr\\\/#website\"},\"datePublished\":\"2024-08-15T09:32:52+00:00\",\"dateModified\":\"2025-02-24T05:37:38+00:00\",\"description\":\"Bir Melbet hesab\u0131na kaydolma s\u00fcreci \u00e7ok basit ve anla\u015f\u0131l\u0131rd\u0131r ve bunu d\u00f6rt \u015fekilde yapabilirsiniz: e-posta ile, telefon numaras\u0131yla, tek bir t\u0131klamayla veya bir sosyal a\u011f arac\u0131l\u0131\u011f\u0131yla.\",\"breadcrumb\":{\"@id\":\"https:\\\/\\\/melbet.plus\\\/tr\\\/registration\\\/#breadcrumb\"},\"inLanguage\":\"tr\",\"potentialAction\":[{\"@type\":\"ReadAction\",\"target\":[\"https:\\\/\\\/melbet.plus\\\/tr\\\/registration\\\/\"]}]},{\"@type\":\"BreadcrumbList\",\"@id\":\"https:\\\/\\\/melbet.plus\\\/tr\\\/registration\\\/#breadcrumb\",\"itemListElement\":[{\"@type\":\"ListItem\",\"position\":1,\"name\":\"Home\",\"item\":\"https:\\\/\\\/melbet.plus\\\/tr\\\/\"},{\"@type\":\"ListItem\",\"position\":2,\"name\":\"Kay\u0131t\"}]},{\"@type\":\"WebSite\",\"@id\":\"https:\\\/\\\/melbet.plus\\\/tr\\\/#website\",\"url\":\"https:\\\/\\\/melbet.plus\\\/tr\\\/\",\"name\":\"Melbet tr\",\"description\":\"My WordPress Blog\",\"potentialAction\":[{\"@type\":\"SearchAction\",\"target\":{\"@type\":\"EntryPoint\",\"urlTemplate\":\"https:\\\/\\\/melbet.plus\\\/tr\\\/?s={search_term_string}\"},\"query-input\":{\"@type\":\"PropertyValueSpecification\",\"valueRequired\":true,\"valueName\":\"search_term_string\"}}],\"inLanguage\":\"tr\"}]}<\/script>\n<!-- \/ Yoast SEO plugin. -->","yoast_head_json":{"title":"Melbet T\u00fcrkiyec Hesap Kayd\u0131 ve Do\u011frulamas\u0131","description":"Bir Melbet hesab\u0131na kaydolma s\u00fcreci \u00e7ok basit ve anla\u015f\u0131l\u0131rd\u0131r ve bunu d\u00f6rt \u015fekilde yapabilirsiniz: e-posta ile, telefon numaras\u0131yla, tek bir t\u0131klamayla veya bir sosyal a\u011f arac\u0131l\u0131\u011f\u0131yla.","robots":{"index":"index","follow":"follow","max-snippet":"max-snippet:-1","max-image-preview":"max-image-preview:large","max-video-preview":"max-video-preview:-1"},"og_locale":"tr_TR","og_type":"article","og_title":"Melbet T\u00fcrkiyec Hesap Kayd\u0131 ve Do\u011frulamas\u0131","og_description":"Bir Melbet hesab\u0131na kaydolma s\u00fcreci \u00e7ok basit ve anla\u015f\u0131l\u0131rd\u0131r ve bunu d\u00f6rt \u015fekilde yapabilirsiniz: e-posta ile, telefon numaras\u0131yla, tek bir t\u0131klamayla veya bir sosyal a\u011f arac\u0131l\u0131\u011f\u0131yla.","og_url":"https:\/\/melbet.plus\/tr\/registration\/","og_site_name":"Melbet tr","article_modified_time":"2025-02-24T05:37:38+00:00","twitter_card":"summary_large_image","schema":{"@context":"https:\/\/schema.org","@graph":[{"@type":"WebPage","@id":"https:\/\/melbet.plus\/tr\/registration\/","url":"https:\/\/melbet.plus\/tr\/registration\/","name":"Melbet T\u00fcrkiyec Hesap Kayd\u0131 ve Do\u011frulamas\u0131","isPartOf":{"@id":"https:\/\/melbet.plus\/tr\/#website"},"datePublished":"2024-08-15T09:32:52+00:00","dateModified":"2025-02-24T05:37:38+00:00","description":"Bir Melbet hesab\u0131na kaydolma s\u00fcreci \u00e7ok basit ve anla\u015f\u0131l\u0131rd\u0131r ve bunu d\u00f6rt \u015fekilde yapabilirsiniz: e-posta ile, telefon numaras\u0131yla, tek bir t\u0131klamayla veya bir sosyal a\u011f arac\u0131l\u0131\u011f\u0131yla.","breadcrumb":{"@id":"https:\/\/melbet.plus\/tr\/registration\/#breadcrumb"},"inLanguage":"tr","potentialAction":[{"@type":"ReadAction","target":["https:\/\/melbet.plus\/tr\/registration\/"]}]},{"@type":"BreadcrumbList","@id":"https:\/\/melbet.plus\/tr\/registration\/#breadcrumb","itemListElement":[{"@type":"ListItem","position":1,"name":"Home","item":"https:\/\/melbet.plus\/tr\/"},{"@type":"ListItem","position":2,"name":"Kay\u0131t"}]},{"@type":"WebSite","@id":"https:\/\/melbet.plus\/tr\/#website","url":"https:\/\/melbet.plus\/tr\/","name":"Melbet tr","description":"My WordPress Blog","potentialAction":[{"@type":"SearchAction","target":{"@type":"EntryPoint","urlTemplate":"https:\/\/melbet.plus\/tr\/?s={search_term_string}"},"query-input":{"@type":"PropertyValueSpecification","valueRequired":true,"valueName":"search_term_string"}}],"inLanguage":"tr"}]}},"_links":{"self":[{"href":"https:\/\/melbet.plus\/tr\/wp-json\/wp\/v2\/pages\/328","targetHints":{"allow":["GET"]}}],"collection":[{"href":"https:\/\/melbet.plus\/tr\/wp-json\/wp\/v2\/pages"}],"about":[{"href":"https:\/\/melbet.plus\/tr\/wp-json\/wp\/v2\/types\/page"}],"author":[{"embeddable":true,"href":"https:\/\/melbet.plus\/tr\/wp-json\/wp\/v2\/users\/1"}],"replies":[{"embeddable":true,"href":"https:\/\/melbet.plus\/tr\/wp-json\/wp\/v2\/comments?post=328"}],"version-history":[{"count":31,"href":"https:\/\/melbet.plus\/tr\/wp-json\/wp\/v2\/pages\/328\/revisions"}],"predecessor-version":[{"id":741,"href":"https:\/\/melbet.plus\/tr\/wp-json\/wp\/v2\/pages\/328\/revisions\/741"}],"wp:attachment":[{"href":"https:\/\/melbet.plus\/tr\/wp-json\/wp\/v2\/media?parent=328"}],"curies":[{"name":"wp","href":"https:\/\/api.w.org\/{rel}","templated":true}]}}