{"id":1294,"date":"2026-04-17T06:19:55","date_gmt":"2026-04-17T06:19:55","guid":{"rendered":"https:\/\/melbet.plus\/tr\/?page_id=1294"},"modified":"2026-05-12T06:15:52","modified_gmt":"2026-05-12T06:15:52","slug":"telegram","status":"publish","type":"page","link":"https:\/\/melbet.plus\/tr\/telegram\/","title":{"rendered":"Telegram"},"content":{"rendered":"","protected":false},"excerpt":{"rendered":"","protected":false},"author":1,"featured_media":0,"parent":0,"menu_order":0,"comment_status":"closed","ping_status":"closed","template":"","meta":{"inline_featured_image":false,"footnotes":""},"class_list":["post-1294","page","type-page","status-publish","hentry"],"yoast_head":"<!-- This site is optimized with the Yoast SEO plugin v27.6 - https:\/\/yoast.com\/product\/yoast-seo-wordpress\/ -->\n<title>MelBet Telegram kanal\u0131 \u2014 En son bonuslar ve promosyon kodlar\u0131<\/title>\n<meta name=\"description\" content=\"\u00d6zel promosyon kodlar\u0131 i\u00e7in MelBet Telegram kanal\u0131na abone olun, \u00f6zel teklifler ve bahis tahminleri\u00d6zel promosyon kodlar\u0131, \u00f6zel teklifler ve bahis tahminleri i\u00e7in MelBet Telegram kanal\u0131na abone olunons \u2014 May\u0131s 2026\" \/>\n<meta name=\"robots\" content=\"index, follow, max-snippet:-1, max-image-preview:large, max-video-preview:-1\" \/>\n<meta property=\"og:locale\" content=\"tr_TR\" \/>\n<meta property=\"og:type\" content=\"article\" \/>\n<meta property=\"og:title\" content=\"MelBet Telegram kanal\u0131 \u2014 En son bonuslar ve promosyon kodlar\u0131\" \/>\n<meta property=\"og:description\" content=\"\u00d6zel promosyon kodlar\u0131 i\u00e7in MelBet Telegram kanal\u0131na abone olun, \u00f6zel teklifler ve bahis tahminleri\u00d6zel promosyon kodlar\u0131, \u00f6zel teklifler ve bahis tahminleri i\u00e7in MelBet Telegram kanal\u0131na abone olunons \u2014 May\u0131s 2026\" \/>\n<meta property=\"og:url\" content=\"https:\/\/melbet.plus\/tr\/telegram\/\" \/>\n<meta property=\"og:site_name\" content=\"Melbet tr\" \/>\n<meta property=\"article:modified_time\" content=\"2026-05-12T06:15:52+00:00\" \/>\n<meta name=\"twitter:card\" content=\"summary_large_image\" \/>\n<script type=\"application\/ld+json\" class=\"yoast-schema-graph\">{\"@context\":\"https:\\\/\\\/schema.org\",\"@graph\":[{\"@type\":\"WebPage\",\"@id\":\"https:\\\/\\\/melbet.plus\\\/tr\\\/telegram\\\/\",\"url\":\"https:\\\/\\\/melbet.plus\\\/tr\\\/telegram\\\/\",\"name\":\"MelBet Telegram kanal\u0131 \u2014 En son bonuslar ve promosyon kodlar\u0131\",\"isPartOf\":{\"@id\":\"https:\\\/\\\/melbet.plus\\\/tr\\\/#website\"},\"datePublished\":\"2026-04-17T06:19:55+00:00\",\"dateModified\":\"2026-05-12T06:15:52+00:00\",\"description\":\"\u00d6zel promosyon kodlar\u0131 i\u00e7in MelBet Telegram kanal\u0131na abone olun, \u00f6zel teklifler ve bahis tahminleri\u00d6zel promosyon kodlar\u0131, \u00f6zel teklifler ve bahis tahminleri i\u00e7in MelBet Telegram kanal\u0131na abone olunons \u2014 May\u0131s 2026\",\"breadcrumb\":{\"@id\":\"https:\\\/\\\/melbet.plus\\\/tr\\\/telegram\\\/#breadcrumb\"},\"inLanguage\":\"tr\",\"potentialAction\":[{\"@type\":\"ReadAction\",\"target\":[\"https:\\\/\\\/melbet.plus\\\/tr\\\/telegram\\\/\"]}]},{\"@type\":\"BreadcrumbList\",\"@id\":\"https:\\\/\\\/melbet.plus\\\/tr\\\/telegram\\\/#breadcrumb\",\"itemListElement\":[{\"@type\":\"ListItem\",\"position\":1,\"name\":\"Home\",\"item\":\"https:\\\/\\\/melbet.plus\\\/tr\\\/\"},{\"@type\":\"ListItem\",\"position\":2,\"name\":\"Telegram\"}]},{\"@type\":\"WebSite\",\"@id\":\"https:\\\/\\\/melbet.plus\\\/tr\\\/#website\",\"url\":\"https:\\\/\\\/melbet.plus\\\/tr\\\/\",\"name\":\"Melbet tr\",\"description\":\"My WordPress Blog\",\"potentialAction\":[{\"@type\":\"SearchAction\",\"target\":{\"@type\":\"EntryPoint\",\"urlTemplate\":\"https:\\\/\\\/melbet.plus\\\/tr\\\/?s={search_term_string}\"},\"query-input\":{\"@type\":\"PropertyValueSpecification\",\"valueRequired\":true,\"valueName\":\"search_term_string\"}}],\"inLanguage\":\"tr\"}]}<\/script>\n<!-- \/ Yoast SEO plugin. -->","yoast_head_json":{"title":"MelBet Telegram kanal\u0131 \u2014 En son bonuslar ve promosyon kodlar\u0131","description":"\u00d6zel promosyon kodlar\u0131 i\u00e7in MelBet Telegram kanal\u0131na abone olun, \u00f6zel teklifler ve bahis tahminleri\u00d6zel promosyon kodlar\u0131, \u00f6zel teklifler ve bahis tahminleri i\u00e7in MelBet Telegram kanal\u0131na abone olunons \u2014 May\u0131s 2026","robots":{"index":"index","follow":"follow","max-snippet":"max-snippet:-1","max-image-preview":"max-image-preview:large","max-video-preview":"max-video-preview:-1"},"og_locale":"tr_TR","og_type":"article","og_title":"MelBet Telegram kanal\u0131 \u2014 En son bonuslar ve promosyon kodlar\u0131","og_description":"\u00d6zel promosyon kodlar\u0131 i\u00e7in MelBet Telegram kanal\u0131na abone olun, \u00f6zel teklifler ve bahis tahminleri\u00d6zel promosyon kodlar\u0131, \u00f6zel teklifler ve bahis tahminleri i\u00e7in MelBet Telegram kanal\u0131na abone olunons \u2014 May\u0131s 2026","og_url":"https:\/\/melbet.plus\/tr\/telegram\/","og_site_name":"Melbet tr","article_modified_time":"2026-05-12T06:15:52+00:00","twitter_card":"summary_large_image","schema":{"@context":"https:\/\/schema.org","@graph":[{"@type":"WebPage","@id":"https:\/\/melbet.plus\/tr\/telegram\/","url":"https:\/\/melbet.plus\/tr\/telegram\/","name":"MelBet Telegram kanal\u0131 \u2014 En son bonuslar ve promosyon kodlar\u0131","isPartOf":{"@id":"https:\/\/melbet.plus\/tr\/#website"},"datePublished":"2026-04-17T06:19:55+00:00","dateModified":"2026-05-12T06:15:52+00:00","description":"\u00d6zel promosyon kodlar\u0131 i\u00e7in MelBet Telegram kanal\u0131na abone olun, \u00f6zel teklifler ve bahis tahminleri\u00d6zel promosyon kodlar\u0131, \u00f6zel teklifler ve bahis tahminleri i\u00e7in MelBet Telegram kanal\u0131na abone olunons \u2014 May\u0131s 2026","breadcrumb":{"@id":"https:\/\/melbet.plus\/tr\/telegram\/#breadcrumb"},"inLanguage":"tr","potentialAction":[{"@type":"ReadAction","target":["https:\/\/melbet.plus\/tr\/telegram\/"]}]},{"@type":"BreadcrumbList","@id":"https:\/\/melbet.plus\/tr\/telegram\/#breadcrumb","itemListElement":[{"@type":"ListItem","position":1,"name":"Home","item":"https:\/\/melbet.plus\/tr\/"},{"@type":"ListItem","position":2,"name":"Telegram"}]},{"@type":"WebSite","@id":"https:\/\/melbet.plus\/tr\/#website","url":"https:\/\/melbet.plus\/tr\/","name":"Melbet tr","description":"My WordPress Blog","potentialAction":[{"@type":"SearchAction","target":{"@type":"EntryPoint","urlTemplate":"https:\/\/melbet.plus\/tr\/?s={search_term_string}"},"query-input":{"@type":"PropertyValueSpecification","valueRequired":true,"valueName":"search_term_string"}}],"inLanguage":"tr"}]}},"_links":{"self":[{"href":"https:\/\/melbet.plus\/tr\/wp-json\/wp\/v2\/pages\/1294","targetHints":{"allow":["GET"]}}],"collection":[{"href":"https:\/\/melbet.plus\/tr\/wp-json\/wp\/v2\/pages"}],"about":[{"href":"https:\/\/melbet.plus\/tr\/wp-json\/wp\/v2\/types\/page"}],"author":[{"embeddable":true,"href":"https:\/\/melbet.plus\/tr\/wp-json\/wp\/v2\/users\/1"}],"replies":[{"embeddable":true,"href":"https:\/\/melbet.plus\/tr\/wp-json\/wp\/v2\/comments?post=1294"}],"version-history":[{"count":3,"href":"https:\/\/melbet.plus\/tr\/wp-json\/wp\/v2\/pages\/1294\/revisions"}],"predecessor-version":[{"id":1435,"href":"https:\/\/melbet.plus\/tr\/wp-json\/wp\/v2\/pages\/1294\/revisions\/1435"}],"wp:attachment":[{"href":"https:\/\/melbet.plus\/tr\/wp-json\/wp\/v2\/media?parent=1294"}],"curies":[{"name":"wp","href":"https:\/\/api.w.org\/{rel}","templated":true}]}}