{"id":1278,"date":"2026-04-15T16:03:29","date_gmt":"2026-04-15T16:03:29","guid":{"rendered":"https:\/\/melbet.plus\/tr\/?page_id=1278"},"modified":"2026-05-04T11:26:22","modified_gmt":"2026-05-04T11:26:22","slug":"toto","status":"publish","type":"page","link":"https:\/\/melbet.plus\/tr\/bonus\/toto\/","title":{"rendered":"TOTO"},"content":{"rendered":"","protected":false},"excerpt":{"rendered":"","protected":false},"author":1,"featured_media":0,"parent":152,"menu_order":0,"comment_status":"closed","ping_status":"closed","template":"","meta":{"inline_featured_image":false,"footnotes":""},"class_list":["post-1278","page","type-page","status-publish","hentry"],"yoast_head":"<!-- This site is optimized with the Yoast SEO plugin v27.6 - https:\/\/yoast.com\/product\/yoast-seo-wordpress\/ -->\n<title>TOTO by MelBet \u2014 \u00fccretsiz tahmin ve bahis bonusu<\/title>\n<meta name=\"description\" content=\"MelBet&#039;te \u00fccretsiz bir TOTO tahmini yap\u0131n ve bonus kazan\u0131n! 2.00 oranla 100 TRY tutar\u0131ndan ba\u015flayan bahisler yap\u0131n. 12 ma\u00e7\u0131 do\u011fru tahmin edin ve 7.000&#039;e kadar puan kazan\u0131n.\" \/>\n<meta name=\"robots\" content=\"index, follow, max-snippet:-1, max-image-preview:large, max-video-preview:-1\" \/>\n<meta property=\"og:locale\" content=\"tr_TR\" \/>\n<meta property=\"og:type\" content=\"article\" \/>\n<meta property=\"og:title\" content=\"TOTO by MelBet \u2014 \u00fccretsiz tahmin ve bahis bonusu\" \/>\n<meta property=\"og:description\" content=\"MelBet&#039;te \u00fccretsiz bir TOTO tahmini yap\u0131n ve bonus kazan\u0131n! 2.00 oranla 100 TRY tutar\u0131ndan ba\u015flayan bahisler yap\u0131n. 12 ma\u00e7\u0131 do\u011fru tahmin edin ve 7.000&#039;e kadar puan kazan\u0131n.\" \/>\n<meta property=\"og:url\" content=\"https:\/\/melbet.plus\/tr\/bonus\/toto\/\" \/>\n<meta property=\"og:site_name\" content=\"Melbet tr\" \/>\n<meta property=\"article:modified_time\" content=\"2026-05-04T11:26:22+00:00\" \/>\n<meta name=\"twitter:card\" content=\"summary_large_image\" \/>\n<script type=\"application\/ld+json\" class=\"yoast-schema-graph\">{\"@context\":\"https:\\\/\\\/schema.org\",\"@graph\":[{\"@type\":\"WebPage\",\"@id\":\"https:\\\/\\\/melbet.plus\\\/tr\\\/bonus\\\/toto\\\/\",\"url\":\"https:\\\/\\\/melbet.plus\\\/tr\\\/bonus\\\/toto\\\/\",\"name\":\"TOTO by MelBet \u2014 \u00fccretsiz tahmin ve bahis bonusu\",\"isPartOf\":{\"@id\":\"https:\\\/\\\/melbet.plus\\\/tr\\\/#website\"},\"datePublished\":\"2026-04-15T16:03:29+00:00\",\"dateModified\":\"2026-05-04T11:26:22+00:00\",\"description\":\"MelBet'te \u00fccretsiz bir TOTO tahmini yap\u0131n ve bonus kazan\u0131n! 2.00 oranla 100 TRY tutar\u0131ndan ba\u015flayan bahisler yap\u0131n. 12 ma\u00e7\u0131 do\u011fru tahmin edin ve 7.000'e kadar puan kazan\u0131n.\",\"breadcrumb\":{\"@id\":\"https:\\\/\\\/melbet.plus\\\/tr\\\/bonus\\\/toto\\\/#breadcrumb\"},\"inLanguage\":\"tr\",\"potentialAction\":[{\"@type\":\"ReadAction\",\"target\":[\"https:\\\/\\\/melbet.plus\\\/tr\\\/bonus\\\/toto\\\/\"]}]},{\"@type\":\"BreadcrumbList\",\"@id\":\"https:\\\/\\\/melbet.plus\\\/tr\\\/bonus\\\/toto\\\/#breadcrumb\",\"itemListElement\":[{\"@type\":\"ListItem\",\"position\":1,\"name\":\"Home\",\"item\":\"https:\\\/\\\/melbet.plus\\\/tr\\\/\"},{\"@type\":\"ListItem\",\"position\":2,\"name\":\"Bonuslar\",\"item\":\"https:\\\/\\\/melbet.plus\\\/tr\\\/bonus\\\/\"},{\"@type\":\"ListItem\",\"position\":3,\"name\":\"TOTO\"}]},{\"@type\":\"WebSite\",\"@id\":\"https:\\\/\\\/melbet.plus\\\/tr\\\/#website\",\"url\":\"https:\\\/\\\/melbet.plus\\\/tr\\\/\",\"name\":\"Melbet tr\",\"description\":\"My WordPress Blog\",\"potentialAction\":[{\"@type\":\"SearchAction\",\"target\":{\"@type\":\"EntryPoint\",\"urlTemplate\":\"https:\\\/\\\/melbet.plus\\\/tr\\\/?s={search_term_string}\"},\"query-input\":{\"@type\":\"PropertyValueSpecification\",\"valueRequired\":true,\"valueName\":\"search_term_string\"}}],\"inLanguage\":\"tr\"}]}<\/script>\n<!-- \/ Yoast SEO plugin. -->","yoast_head_json":{"title":"TOTO by MelBet \u2014 \u00fccretsiz tahmin ve bahis bonusu","description":"MelBet'te \u00fccretsiz bir TOTO tahmini yap\u0131n ve bonus kazan\u0131n! 2.00 oranla 100 TRY tutar\u0131ndan ba\u015flayan bahisler yap\u0131n. 12 ma\u00e7\u0131 do\u011fru tahmin edin ve 7.000'e kadar puan kazan\u0131n.","robots":{"index":"index","follow":"follow","max-snippet":"max-snippet:-1","max-image-preview":"max-image-preview:large","max-video-preview":"max-video-preview:-1"},"og_locale":"tr_TR","og_type":"article","og_title":"TOTO by MelBet \u2014 \u00fccretsiz tahmin ve bahis bonusu","og_description":"MelBet'te \u00fccretsiz bir TOTO tahmini yap\u0131n ve bonus kazan\u0131n! 2.00 oranla 100 TRY tutar\u0131ndan ba\u015flayan bahisler yap\u0131n. 12 ma\u00e7\u0131 do\u011fru tahmin edin ve 7.000'e kadar puan kazan\u0131n.","og_url":"https:\/\/melbet.plus\/tr\/bonus\/toto\/","og_site_name":"Melbet tr","article_modified_time":"2026-05-04T11:26:22+00:00","twitter_card":"summary_large_image","schema":{"@context":"https:\/\/schema.org","@graph":[{"@type":"WebPage","@id":"https:\/\/melbet.plus\/tr\/bonus\/toto\/","url":"https:\/\/melbet.plus\/tr\/bonus\/toto\/","name":"TOTO by MelBet \u2014 \u00fccretsiz tahmin ve bahis bonusu","isPartOf":{"@id":"https:\/\/melbet.plus\/tr\/#website"},"datePublished":"2026-04-15T16:03:29+00:00","dateModified":"2026-05-04T11:26:22+00:00","description":"MelBet'te \u00fccretsiz bir TOTO tahmini yap\u0131n ve bonus kazan\u0131n! 2.00 oranla 100 TRY tutar\u0131ndan ba\u015flayan bahisler yap\u0131n. 12 ma\u00e7\u0131 do\u011fru tahmin edin ve 7.000'e kadar puan kazan\u0131n.","breadcrumb":{"@id":"https:\/\/melbet.plus\/tr\/bonus\/toto\/#breadcrumb"},"inLanguage":"tr","potentialAction":[{"@type":"ReadAction","target":["https:\/\/melbet.plus\/tr\/bonus\/toto\/"]}]},{"@type":"BreadcrumbList","@id":"https:\/\/melbet.plus\/tr\/bonus\/toto\/#breadcrumb","itemListElement":[{"@type":"ListItem","position":1,"name":"Home","item":"https:\/\/melbet.plus\/tr\/"},{"@type":"ListItem","position":2,"name":"Bonuslar","item":"https:\/\/melbet.plus\/tr\/bonus\/"},{"@type":"ListItem","position":3,"name":"TOTO"}]},{"@type":"WebSite","@id":"https:\/\/melbet.plus\/tr\/#website","url":"https:\/\/melbet.plus\/tr\/","name":"Melbet tr","description":"My WordPress Blog","potentialAction":[{"@type":"SearchAction","target":{"@type":"EntryPoint","urlTemplate":"https:\/\/melbet.plus\/tr\/?s={search_term_string}"},"query-input":{"@type":"PropertyValueSpecification","valueRequired":true,"valueName":"search_term_string"}}],"inLanguage":"tr"}]}},"_links":{"self":[{"href":"https:\/\/melbet.plus\/tr\/wp-json\/wp\/v2\/pages\/1278","targetHints":{"allow":["GET"]}}],"collection":[{"href":"https:\/\/melbet.plus\/tr\/wp-json\/wp\/v2\/pages"}],"about":[{"href":"https:\/\/melbet.plus\/tr\/wp-json\/wp\/v2\/types\/page"}],"author":[{"embeddable":true,"href":"https:\/\/melbet.plus\/tr\/wp-json\/wp\/v2\/users\/1"}],"replies":[{"embeddable":true,"href":"https:\/\/melbet.plus\/tr\/wp-json\/wp\/v2\/comments?post=1278"}],"version-history":[{"count":3,"href":"https:\/\/melbet.plus\/tr\/wp-json\/wp\/v2\/pages\/1278\/revisions"}],"predecessor-version":[{"id":1399,"href":"https:\/\/melbet.plus\/tr\/wp-json\/wp\/v2\/pages\/1278\/revisions\/1399"}],"up":[{"embeddable":true,"href":"https:\/\/melbet.plus\/tr\/wp-json\/wp\/v2\/pages\/152"}],"wp:attachment":[{"href":"https:\/\/melbet.plus\/tr\/wp-json\/wp\/v2\/media?parent=1278"}],"curies":[{"name":"wp","href":"https:\/\/api.w.org\/{rel}","templated":true}]}}