{"id":1269,"date":"2026-04-15T15:21:24","date_gmt":"2026-04-15T15:21:24","guid":{"rendered":"https:\/\/melbet.plus\/tr\/?page_id=1269"},"modified":"2026-05-04T09:00:08","modified_gmt":"2026-05-04T09:00:08","slug":"100-refund","status":"publish","type":"page","link":"https:\/\/melbet.plus\/tr\/bonus\/100-refund\/","title":{"rendered":"%100 Para \u0130adesi"},"content":{"rendered":"","protected":false},"excerpt":{"rendered":"","protected":false},"author":1,"featured_media":0,"parent":152,"menu_order":0,"comment_status":"closed","ping_status":"closed","template":"","meta":{"inline_featured_image":false,"footnotes":""},"class_list":["post-1269","page","type-page","status-publish","hentry"],"yoast_head":"<!-- This site is optimized with the Yoast SEO plugin v27.6 - https:\/\/yoast.com\/product\/yoast-seo-wordpress\/ -->\n<title>%100 Bahis Tutar\u0131 \u0130adesi \u2014 Melbet&#039;te G\u00fcvenle Bahis Yap\u0131n<\/title>\n<meta name=\"description\" content=\"Melbet&#039;te 0 Para \u0130adesi \u2013 7 veya daha fazla se\u00e7ene\u011fin bulundu\u011fu kombine bahisler i\u00e7in sigorta (oran 1,70 veya \u00fczeri): Tam olarak tek bir se\u00e7ene\u011finiz kaybederse, t\u00fcm bahis tutar\u0131n\u0131z iade edilir! \u0130ptal edilen veya iade edilen etkinlikler hari\u00e7, t\u00fcm spor dallar\u0131nda ma\u00e7 \u00f6ncesi ve canl\u0131 bahisler i\u00e7in ge\u00e7erlidir. Endi\u015felenmeden uzun kombine bahisler olu\u015fturun \u2014 tek bir kay\u0131p = s\u0131f\u0131r kay\u0131p!\" \/>\n<meta name=\"robots\" content=\"index, follow, max-snippet:-1, max-image-preview:large, max-video-preview:-1\" \/>\n<meta property=\"og:locale\" content=\"tr_TR\" \/>\n<meta property=\"og:type\" content=\"article\" \/>\n<meta property=\"og:title\" content=\"%100 Bahis Tutar\u0131 \u0130adesi \u2014 Melbet&#039;te G\u00fcvenle Bahis Yap\u0131n\" \/>\n<meta property=\"og:description\" content=\"Melbet&#039;te 0 Para \u0130adesi \u2013 7 veya daha fazla se\u00e7ene\u011fin bulundu\u011fu kombine bahisler i\u00e7in sigorta (oran 1,70 veya \u00fczeri): Tam olarak tek bir se\u00e7ene\u011finiz kaybederse, t\u00fcm bahis tutar\u0131n\u0131z iade edilir! \u0130ptal edilen veya iade edilen etkinlikler hari\u00e7, t\u00fcm spor dallar\u0131nda ma\u00e7 \u00f6ncesi ve canl\u0131 bahisler i\u00e7in ge\u00e7erlidir. Endi\u015felenmeden uzun kombine bahisler olu\u015fturun \u2014 tek bir kay\u0131p = s\u0131f\u0131r kay\u0131p!\" \/>\n<meta property=\"og:url\" content=\"https:\/\/melbet.plus\/tr\/bonus\/100-refund\/\" \/>\n<meta property=\"og:site_name\" content=\"Melbet tr\" \/>\n<meta property=\"article:modified_time\" content=\"2026-05-04T09:00:08+00:00\" \/>\n<meta name=\"twitter:card\" content=\"summary_large_image\" \/>\n<script type=\"application\/ld+json\" class=\"yoast-schema-graph\">{\"@context\":\"https:\\\/\\\/schema.org\",\"@graph\":[{\"@type\":\"WebPage\",\"@id\":\"https:\\\/\\\/melbet.plus\\\/tr\\\/bonus\\\/100-refund\\\/\",\"url\":\"https:\\\/\\\/melbet.plus\\\/tr\\\/bonus\\\/100-refund\\\/\",\"name\":\"%100 Bahis Tutar\u0131 \u0130adesi \u2014 Melbet'te G\u00fcvenle Bahis Yap\u0131n\",\"isPartOf\":{\"@id\":\"https:\\\/\\\/melbet.plus\\\/tr\\\/#website\"},\"datePublished\":\"2026-04-15T15:21:24+00:00\",\"dateModified\":\"2026-05-04T09:00:08+00:00\",\"description\":\"Melbet'te 0 Para \u0130adesi \u2013 7 veya daha fazla se\u00e7ene\u011fin bulundu\u011fu kombine bahisler i\u00e7in sigorta (oran 1,70 veya \u00fczeri): Tam olarak tek bir se\u00e7ene\u011finiz kaybederse, t\u00fcm bahis tutar\u0131n\u0131z iade edilir! \u0130ptal edilen veya iade edilen etkinlikler hari\u00e7, t\u00fcm spor dallar\u0131nda ma\u00e7 \u00f6ncesi ve canl\u0131 bahisler i\u00e7in ge\u00e7erlidir. Endi\u015felenmeden uzun kombine bahisler olu\u015fturun \u2014 tek bir kay\u0131p = s\u0131f\u0131r kay\u0131p!\",\"breadcrumb\":{\"@id\":\"https:\\\/\\\/melbet.plus\\\/tr\\\/bonus\\\/100-refund\\\/#breadcrumb\"},\"inLanguage\":\"tr\",\"potentialAction\":[{\"@type\":\"ReadAction\",\"target\":[\"https:\\\/\\\/melbet.plus\\\/tr\\\/bonus\\\/100-refund\\\/\"]}]},{\"@type\":\"BreadcrumbList\",\"@id\":\"https:\\\/\\\/melbet.plus\\\/tr\\\/bonus\\\/100-refund\\\/#breadcrumb\",\"itemListElement\":[{\"@type\":\"ListItem\",\"position\":1,\"name\":\"Home\",\"item\":\"https:\\\/\\\/melbet.plus\\\/tr\\\/\"},{\"@type\":\"ListItem\",\"position\":2,\"name\":\"Bonuslar\",\"item\":\"https:\\\/\\\/melbet.plus\\\/tr\\\/bonus\\\/\"},{\"@type\":\"ListItem\",\"position\":3,\"name\":\"%100 Para \u0130adesi\"}]},{\"@type\":\"WebSite\",\"@id\":\"https:\\\/\\\/melbet.plus\\\/tr\\\/#website\",\"url\":\"https:\\\/\\\/melbet.plus\\\/tr\\\/\",\"name\":\"Melbet tr\",\"description\":\"My WordPress Blog\",\"potentialAction\":[{\"@type\":\"SearchAction\",\"target\":{\"@type\":\"EntryPoint\",\"urlTemplate\":\"https:\\\/\\\/melbet.plus\\\/tr\\\/?s={search_term_string}\"},\"query-input\":{\"@type\":\"PropertyValueSpecification\",\"valueRequired\":true,\"valueName\":\"search_term_string\"}}],\"inLanguage\":\"tr\"}]}<\/script>\n<!-- \/ Yoast SEO plugin. -->","yoast_head_json":{"title":"%100 Bahis Tutar\u0131 \u0130adesi \u2014 Melbet'te G\u00fcvenle Bahis Yap\u0131n","description":"Melbet'te 0 Para \u0130adesi \u2013 7 veya daha fazla se\u00e7ene\u011fin bulundu\u011fu kombine bahisler i\u00e7in sigorta (oran 1,70 veya \u00fczeri): Tam olarak tek bir se\u00e7ene\u011finiz kaybederse, t\u00fcm bahis tutar\u0131n\u0131z iade edilir! \u0130ptal edilen veya iade edilen etkinlikler hari\u00e7, t\u00fcm spor dallar\u0131nda ma\u00e7 \u00f6ncesi ve canl\u0131 bahisler i\u00e7in ge\u00e7erlidir. Endi\u015felenmeden uzun kombine bahisler olu\u015fturun \u2014 tek bir kay\u0131p = s\u0131f\u0131r kay\u0131p!","robots":{"index":"index","follow":"follow","max-snippet":"max-snippet:-1","max-image-preview":"max-image-preview:large","max-video-preview":"max-video-preview:-1"},"og_locale":"tr_TR","og_type":"article","og_title":"%100 Bahis Tutar\u0131 \u0130adesi \u2014 Melbet'te G\u00fcvenle Bahis Yap\u0131n","og_description":"Melbet'te 0 Para \u0130adesi \u2013 7 veya daha fazla se\u00e7ene\u011fin bulundu\u011fu kombine bahisler i\u00e7in sigorta (oran 1,70 veya \u00fczeri): Tam olarak tek bir se\u00e7ene\u011finiz kaybederse, t\u00fcm bahis tutar\u0131n\u0131z iade edilir! \u0130ptal edilen veya iade edilen etkinlikler hari\u00e7, t\u00fcm spor dallar\u0131nda ma\u00e7 \u00f6ncesi ve canl\u0131 bahisler i\u00e7in ge\u00e7erlidir. Endi\u015felenmeden uzun kombine bahisler olu\u015fturun \u2014 tek bir kay\u0131p = s\u0131f\u0131r kay\u0131p!","og_url":"https:\/\/melbet.plus\/tr\/bonus\/100-refund\/","og_site_name":"Melbet tr","article_modified_time":"2026-05-04T09:00:08+00:00","twitter_card":"summary_large_image","schema":{"@context":"https:\/\/schema.org","@graph":[{"@type":"WebPage","@id":"https:\/\/melbet.plus\/tr\/bonus\/100-refund\/","url":"https:\/\/melbet.plus\/tr\/bonus\/100-refund\/","name":"%100 Bahis Tutar\u0131 \u0130adesi \u2014 Melbet'te G\u00fcvenle Bahis Yap\u0131n","isPartOf":{"@id":"https:\/\/melbet.plus\/tr\/#website"},"datePublished":"2026-04-15T15:21:24+00:00","dateModified":"2026-05-04T09:00:08+00:00","description":"Melbet'te 0 Para \u0130adesi \u2013 7 veya daha fazla se\u00e7ene\u011fin bulundu\u011fu kombine bahisler i\u00e7in sigorta (oran 1,70 veya \u00fczeri): Tam olarak tek bir se\u00e7ene\u011finiz kaybederse, t\u00fcm bahis tutar\u0131n\u0131z iade edilir! \u0130ptal edilen veya iade edilen etkinlikler hari\u00e7, t\u00fcm spor dallar\u0131nda ma\u00e7 \u00f6ncesi ve canl\u0131 bahisler i\u00e7in ge\u00e7erlidir. Endi\u015felenmeden uzun kombine bahisler olu\u015fturun \u2014 tek bir kay\u0131p = s\u0131f\u0131r kay\u0131p!","breadcrumb":{"@id":"https:\/\/melbet.plus\/tr\/bonus\/100-refund\/#breadcrumb"},"inLanguage":"tr","potentialAction":[{"@type":"ReadAction","target":["https:\/\/melbet.plus\/tr\/bonus\/100-refund\/"]}]},{"@type":"BreadcrumbList","@id":"https:\/\/melbet.plus\/tr\/bonus\/100-refund\/#breadcrumb","itemListElement":[{"@type":"ListItem","position":1,"name":"Home","item":"https:\/\/melbet.plus\/tr\/"},{"@type":"ListItem","position":2,"name":"Bonuslar","item":"https:\/\/melbet.plus\/tr\/bonus\/"},{"@type":"ListItem","position":3,"name":"%100 Para \u0130adesi"}]},{"@type":"WebSite","@id":"https:\/\/melbet.plus\/tr\/#website","url":"https:\/\/melbet.plus\/tr\/","name":"Melbet tr","description":"My WordPress Blog","potentialAction":[{"@type":"SearchAction","target":{"@type":"EntryPoint","urlTemplate":"https:\/\/melbet.plus\/tr\/?s={search_term_string}"},"query-input":{"@type":"PropertyValueSpecification","valueRequired":true,"valueName":"search_term_string"}}],"inLanguage":"tr"}]}},"_links":{"self":[{"href":"https:\/\/melbet.plus\/tr\/wp-json\/wp\/v2\/pages\/1269","targetHints":{"allow":["GET"]}}],"collection":[{"href":"https:\/\/melbet.plus\/tr\/wp-json\/wp\/v2\/pages"}],"about":[{"href":"https:\/\/melbet.plus\/tr\/wp-json\/wp\/v2\/types\/page"}],"author":[{"embeddable":true,"href":"https:\/\/melbet.plus\/tr\/wp-json\/wp\/v2\/users\/1"}],"replies":[{"embeddable":true,"href":"https:\/\/melbet.plus\/tr\/wp-json\/wp\/v2\/comments?post=1269"}],"version-history":[{"count":5,"href":"https:\/\/melbet.plus\/tr\/wp-json\/wp\/v2\/pages\/1269\/revisions"}],"predecessor-version":[{"id":1357,"href":"https:\/\/melbet.plus\/tr\/wp-json\/wp\/v2\/pages\/1269\/revisions\/1357"}],"up":[{"embeddable":true,"href":"https:\/\/melbet.plus\/tr\/wp-json\/wp\/v2\/pages\/152"}],"wp:attachment":[{"href":"https:\/\/melbet.plus\/tr\/wp-json\/wp\/v2\/media?parent=1269"}],"curies":[{"name":"wp","href":"https:\/\/api.w.org\/{rel}","templated":true}]}}