{"id":1262,"date":"2026-04-14T17:13:35","date_gmt":"2026-04-14T17:13:35","guid":{"rendered":"https:\/\/melbet.plus\/tr\/?page_id=1262"},"modified":"2026-05-04T11:17:59","modified_gmt":"2026-05-04T11:17:59","slug":"promo-code-store","status":"publish","type":"page","link":"https:\/\/melbet.plus\/tr\/bonus\/promo-code-store\/","title":{"rendered":"Promosyon Kodu Ma\u011fazas\u0131"},"content":{"rendered":"","protected":false},"excerpt":{"rendered":"","protected":false},"author":1,"featured_media":0,"parent":152,"menu_order":0,"comment_status":"closed","ping_status":"closed","template":"","meta":{"inline_featured_image":false,"footnotes":""},"class_list":["post-1262","page","type-page","status-publish","hentry"],"yoast_head":"<!-- This site is optimized with the Yoast SEO plugin v27.6 - https:\/\/yoast.com\/product\/yoast-seo-wordpress\/ -->\n<title>Melbet Promo Kodu Ma\u011fazas\u0131 \u2014 Bonuslarla Bahis Sat\u0131n Al!<\/title>\n<meta name=\"description\" content=\"Melbet Promosyon Kodu Ma\u011fazas\u0131 \u2014 &quot;Promosyonlar&quot; veya &quot;Hesab\u0131m&quot; b\u00f6l\u00fcm\u00fcnden kazand\u0131\u011f\u0131n\u0131z bonus puanlar\u0131n\u0131z\u0131, herhangi bir spor dal\u0131nda ve herhangi bir bahis tutar\u0131nda kullanabilece\u011finiz promosyon kodlar\u0131 i\u00e7in harcay\u0131n. Bir kod se\u00e7in, puanlar\u0131n\u0131z\u0131 girin, promosyon kodunuzu al\u0131n ve galibiyete bahis yap\u0131n \u2014 d\u00fczenli olarak oynay\u0131n, puan toplay\u0131n ve bunlar\u0131 ger\u00e7ek para yat\u0131rmadan kazanabilece\u011finiz \u00fccretsiz bahislerle de\u011fi\u015ftirin!\" \/>\n<meta name=\"robots\" content=\"index, follow, max-snippet:-1, max-image-preview:large, max-video-preview:-1\" \/>\n<meta property=\"og:locale\" content=\"tr_TR\" \/>\n<meta property=\"og:type\" content=\"article\" \/>\n<meta property=\"og:title\" content=\"Melbet Promo Kodu Ma\u011fazas\u0131 \u2014 Bonuslarla Bahis Sat\u0131n Al!\" \/>\n<meta property=\"og:description\" content=\"Melbet Promosyon Kodu Ma\u011fazas\u0131 \u2014 &quot;Promosyonlar&quot; veya &quot;Hesab\u0131m&quot; b\u00f6l\u00fcm\u00fcnden kazand\u0131\u011f\u0131n\u0131z bonus puanlar\u0131n\u0131z\u0131, herhangi bir spor dal\u0131nda ve herhangi bir bahis tutar\u0131nda kullanabilece\u011finiz promosyon kodlar\u0131 i\u00e7in harcay\u0131n. Bir kod se\u00e7in, puanlar\u0131n\u0131z\u0131 girin, promosyon kodunuzu al\u0131n ve galibiyete bahis yap\u0131n \u2014 d\u00fczenli olarak oynay\u0131n, puan toplay\u0131n ve bunlar\u0131 ger\u00e7ek para yat\u0131rmadan kazanabilece\u011finiz \u00fccretsiz bahislerle de\u011fi\u015ftirin!\" \/>\n<meta property=\"og:url\" content=\"https:\/\/melbet.plus\/tr\/bonus\/promo-code-store\/\" \/>\n<meta property=\"og:site_name\" content=\"Melbet tr\" \/>\n<meta property=\"article:modified_time\" content=\"2026-05-04T11:17:59+00:00\" \/>\n<meta name=\"twitter:card\" content=\"summary_large_image\" \/>\n<script type=\"application\/ld+json\" class=\"yoast-schema-graph\">{\"@context\":\"https:\\\/\\\/schema.org\",\"@graph\":[{\"@type\":\"WebPage\",\"@id\":\"https:\\\/\\\/melbet.plus\\\/tr\\\/bonus\\\/promo-code-store\\\/\",\"url\":\"https:\\\/\\\/melbet.plus\\\/tr\\\/bonus\\\/promo-code-store\\\/\",\"name\":\"Melbet Promo Kodu Ma\u011fazas\u0131 \u2014 Bonuslarla Bahis Sat\u0131n Al!\",\"isPartOf\":{\"@id\":\"https:\\\/\\\/melbet.plus\\\/tr\\\/#website\"},\"datePublished\":\"2026-04-14T17:13:35+00:00\",\"dateModified\":\"2026-05-04T11:17:59+00:00\",\"description\":\"Melbet Promosyon Kodu Ma\u011fazas\u0131 \u2014 \\\"Promosyonlar\\\" veya \\\"Hesab\u0131m\\\" b\u00f6l\u00fcm\u00fcnden kazand\u0131\u011f\u0131n\u0131z bonus puanlar\u0131n\u0131z\u0131, herhangi bir spor dal\u0131nda ve herhangi bir bahis tutar\u0131nda kullanabilece\u011finiz promosyon kodlar\u0131 i\u00e7in harcay\u0131n. Bir kod se\u00e7in, puanlar\u0131n\u0131z\u0131 girin, promosyon kodunuzu al\u0131n ve galibiyete bahis yap\u0131n \u2014 d\u00fczenli olarak oynay\u0131n, puan toplay\u0131n ve bunlar\u0131 ger\u00e7ek para yat\u0131rmadan kazanabilece\u011finiz \u00fccretsiz bahislerle de\u011fi\u015ftirin!\",\"breadcrumb\":{\"@id\":\"https:\\\/\\\/melbet.plus\\\/tr\\\/bonus\\\/promo-code-store\\\/#breadcrumb\"},\"inLanguage\":\"tr\",\"potentialAction\":[{\"@type\":\"ReadAction\",\"target\":[\"https:\\\/\\\/melbet.plus\\\/tr\\\/bonus\\\/promo-code-store\\\/\"]}]},{\"@type\":\"BreadcrumbList\",\"@id\":\"https:\\\/\\\/melbet.plus\\\/tr\\\/bonus\\\/promo-code-store\\\/#breadcrumb\",\"itemListElement\":[{\"@type\":\"ListItem\",\"position\":1,\"name\":\"Home\",\"item\":\"https:\\\/\\\/melbet.plus\\\/tr\\\/\"},{\"@type\":\"ListItem\",\"position\":2,\"name\":\"Bonuslar\",\"item\":\"https:\\\/\\\/melbet.plus\\\/tr\\\/bonus\\\/\"},{\"@type\":\"ListItem\",\"position\":3,\"name\":\"Promosyon Kodu Ma\u011fazas\u0131\"}]},{\"@type\":\"WebSite\",\"@id\":\"https:\\\/\\\/melbet.plus\\\/tr\\\/#website\",\"url\":\"https:\\\/\\\/melbet.plus\\\/tr\\\/\",\"name\":\"Melbet tr\",\"description\":\"My WordPress Blog\",\"potentialAction\":[{\"@type\":\"SearchAction\",\"target\":{\"@type\":\"EntryPoint\",\"urlTemplate\":\"https:\\\/\\\/melbet.plus\\\/tr\\\/?s={search_term_string}\"},\"query-input\":{\"@type\":\"PropertyValueSpecification\",\"valueRequired\":true,\"valueName\":\"search_term_string\"}}],\"inLanguage\":\"tr\"}]}<\/script>\n<!-- \/ Yoast SEO plugin. -->","yoast_head_json":{"title":"Melbet Promo Kodu Ma\u011fazas\u0131 \u2014 Bonuslarla Bahis Sat\u0131n Al!","description":"Melbet Promosyon Kodu Ma\u011fazas\u0131 \u2014 \"Promosyonlar\" veya \"Hesab\u0131m\" b\u00f6l\u00fcm\u00fcnden kazand\u0131\u011f\u0131n\u0131z bonus puanlar\u0131n\u0131z\u0131, herhangi bir spor dal\u0131nda ve herhangi bir bahis tutar\u0131nda kullanabilece\u011finiz promosyon kodlar\u0131 i\u00e7in harcay\u0131n. Bir kod se\u00e7in, puanlar\u0131n\u0131z\u0131 girin, promosyon kodunuzu al\u0131n ve galibiyete bahis yap\u0131n \u2014 d\u00fczenli olarak oynay\u0131n, puan toplay\u0131n ve bunlar\u0131 ger\u00e7ek para yat\u0131rmadan kazanabilece\u011finiz \u00fccretsiz bahislerle de\u011fi\u015ftirin!","robots":{"index":"index","follow":"follow","max-snippet":"max-snippet:-1","max-image-preview":"max-image-preview:large","max-video-preview":"max-video-preview:-1"},"og_locale":"tr_TR","og_type":"article","og_title":"Melbet Promo Kodu Ma\u011fazas\u0131 \u2014 Bonuslarla Bahis Sat\u0131n Al!","og_description":"Melbet Promosyon Kodu Ma\u011fazas\u0131 \u2014 \"Promosyonlar\" veya \"Hesab\u0131m\" b\u00f6l\u00fcm\u00fcnden kazand\u0131\u011f\u0131n\u0131z bonus puanlar\u0131n\u0131z\u0131, herhangi bir spor dal\u0131nda ve herhangi bir bahis tutar\u0131nda kullanabilece\u011finiz promosyon kodlar\u0131 i\u00e7in harcay\u0131n. Bir kod se\u00e7in, puanlar\u0131n\u0131z\u0131 girin, promosyon kodunuzu al\u0131n ve galibiyete bahis yap\u0131n \u2014 d\u00fczenli olarak oynay\u0131n, puan toplay\u0131n ve bunlar\u0131 ger\u00e7ek para yat\u0131rmadan kazanabilece\u011finiz \u00fccretsiz bahislerle de\u011fi\u015ftirin!","og_url":"https:\/\/melbet.plus\/tr\/bonus\/promo-code-store\/","og_site_name":"Melbet tr","article_modified_time":"2026-05-04T11:17:59+00:00","twitter_card":"summary_large_image","schema":{"@context":"https:\/\/schema.org","@graph":[{"@type":"WebPage","@id":"https:\/\/melbet.plus\/tr\/bonus\/promo-code-store\/","url":"https:\/\/melbet.plus\/tr\/bonus\/promo-code-store\/","name":"Melbet Promo Kodu Ma\u011fazas\u0131 \u2014 Bonuslarla Bahis Sat\u0131n Al!","isPartOf":{"@id":"https:\/\/melbet.plus\/tr\/#website"},"datePublished":"2026-04-14T17:13:35+00:00","dateModified":"2026-05-04T11:17:59+00:00","description":"Melbet Promosyon Kodu Ma\u011fazas\u0131 \u2014 \"Promosyonlar\" veya \"Hesab\u0131m\" b\u00f6l\u00fcm\u00fcnden kazand\u0131\u011f\u0131n\u0131z bonus puanlar\u0131n\u0131z\u0131, herhangi bir spor dal\u0131nda ve herhangi bir bahis tutar\u0131nda kullanabilece\u011finiz promosyon kodlar\u0131 i\u00e7in harcay\u0131n. Bir kod se\u00e7in, puanlar\u0131n\u0131z\u0131 girin, promosyon kodunuzu al\u0131n ve galibiyete bahis yap\u0131n \u2014 d\u00fczenli olarak oynay\u0131n, puan toplay\u0131n ve bunlar\u0131 ger\u00e7ek para yat\u0131rmadan kazanabilece\u011finiz \u00fccretsiz bahislerle de\u011fi\u015ftirin!","breadcrumb":{"@id":"https:\/\/melbet.plus\/tr\/bonus\/promo-code-store\/#breadcrumb"},"inLanguage":"tr","potentialAction":[{"@type":"ReadAction","target":["https:\/\/melbet.plus\/tr\/bonus\/promo-code-store\/"]}]},{"@type":"BreadcrumbList","@id":"https:\/\/melbet.plus\/tr\/bonus\/promo-code-store\/#breadcrumb","itemListElement":[{"@type":"ListItem","position":1,"name":"Home","item":"https:\/\/melbet.plus\/tr\/"},{"@type":"ListItem","position":2,"name":"Bonuslar","item":"https:\/\/melbet.plus\/tr\/bonus\/"},{"@type":"ListItem","position":3,"name":"Promosyon Kodu Ma\u011fazas\u0131"}]},{"@type":"WebSite","@id":"https:\/\/melbet.plus\/tr\/#website","url":"https:\/\/melbet.plus\/tr\/","name":"Melbet tr","description":"My WordPress Blog","potentialAction":[{"@type":"SearchAction","target":{"@type":"EntryPoint","urlTemplate":"https:\/\/melbet.plus\/tr\/?s={search_term_string}"},"query-input":{"@type":"PropertyValueSpecification","valueRequired":true,"valueName":"search_term_string"}}],"inLanguage":"tr"}]}},"_links":{"self":[{"href":"https:\/\/melbet.plus\/tr\/wp-json\/wp\/v2\/pages\/1262","targetHints":{"allow":["GET"]}}],"collection":[{"href":"https:\/\/melbet.plus\/tr\/wp-json\/wp\/v2\/pages"}],"about":[{"href":"https:\/\/melbet.plus\/tr\/wp-json\/wp\/v2\/types\/page"}],"author":[{"embeddable":true,"href":"https:\/\/melbet.plus\/tr\/wp-json\/wp\/v2\/users\/1"}],"replies":[{"embeddable":true,"href":"https:\/\/melbet.plus\/tr\/wp-json\/wp\/v2\/comments?post=1262"}],"version-history":[{"count":4,"href":"https:\/\/melbet.plus\/tr\/wp-json\/wp\/v2\/pages\/1262\/revisions"}],"predecessor-version":[{"id":1395,"href":"https:\/\/melbet.plus\/tr\/wp-json\/wp\/v2\/pages\/1262\/revisions\/1395"}],"up":[{"embeddable":true,"href":"https:\/\/melbet.plus\/tr\/wp-json\/wp\/v2\/pages\/152"}],"wp:attachment":[{"href":"https:\/\/melbet.plus\/tr\/wp-json\/wp\/v2\/media?parent=1262"}],"curies":[{"name":"wp","href":"https:\/\/api.w.org\/{rel}","templated":true}]}}