{"id":1258,"date":"2026-04-14T16:57:55","date_gmt":"2026-04-14T16:57:55","guid":{"rendered":"https:\/\/melbet.plus\/tr\/?page_id=1258"},"modified":"2026-05-04T09:14:47","modified_gmt":"2026-05-04T09:14:47","slug":"bet-celebrate","status":"publish","type":"page","link":"https:\/\/melbet.plus\/tr\/bonus\/bet-celebrate\/","title":{"rendered":"Bahis Yap ve Kutla"},"content":{"rendered":"","protected":false},"excerpt":{"rendered":"","protected":false},"author":1,"featured_media":0,"parent":152,"menu_order":0,"comment_status":"closed","ping_status":"closed","template":"","meta":{"inline_featured_image":false,"footnotes":""},"class_list":["post-1258","page","type-page","status-publish","hentry"],"yoast_head":"<!-- This site is optimized with the Yoast SEO plugin v27.6 - https:\/\/yoast.com\/product\/yoast-seo-wordpress\/ -->\n<title>Melbet Bahis ve Kutlama \u2014 Do\u011fum G\u00fcn\u00fc \u00dccretsiz Bahisi<\/title>\n<meta name=\"description\" content=\"Melbet&#039;te Bahis Yap\u0131n ve Kutlay\u0131n \u2014 Do\u011fum g\u00fcn\u00fcn\u00fczde \u00fccretsiz bahis i\u00e7in promosyon kodu kazan\u0131n! \u015eartlar ve ko\u015fullar: Hesab\u0131n\u0131z\u0131n en az 30 g\u00fcn \u00f6nce a\u00e7\u0131lm\u0131\u015f olmas\u0131, 20&#039;den fazla bahis oynam\u0131\u015f olman\u0131z, profilinizin eksiksiz olmas\u0131, telefon numaran\u0131z\u0131n\/e-posta adresinizin do\u011frulanm\u0131\u015f olmas\u0131 ve bonus almay\u0131 kabul etmeniz gerekmektedir. Do\u011fum g\u00fcn\u00fcn\u00fczde oturum a\u00e7\u0131n ve kazanman\u0131za yard\u0131mc\u0131 olacak hediyenizi al\u0131n!\" \/>\n<meta name=\"robots\" content=\"index, follow, max-snippet:-1, max-image-preview:large, max-video-preview:-1\" \/>\n<meta property=\"og:locale\" content=\"tr_TR\" \/>\n<meta property=\"og:type\" content=\"article\" \/>\n<meta property=\"og:title\" content=\"Melbet Bahis ve Kutlama \u2014 Do\u011fum G\u00fcn\u00fc \u00dccretsiz Bahisi\" \/>\n<meta property=\"og:description\" content=\"Melbet&#039;te Bahis Yap\u0131n ve Kutlay\u0131n \u2014 Do\u011fum g\u00fcn\u00fcn\u00fczde \u00fccretsiz bahis i\u00e7in promosyon kodu kazan\u0131n! \u015eartlar ve ko\u015fullar: Hesab\u0131n\u0131z\u0131n en az 30 g\u00fcn \u00f6nce a\u00e7\u0131lm\u0131\u015f olmas\u0131, 20&#039;den fazla bahis oynam\u0131\u015f olman\u0131z, profilinizin eksiksiz olmas\u0131, telefon numaran\u0131z\u0131n\/e-posta adresinizin do\u011frulanm\u0131\u015f olmas\u0131 ve bonus almay\u0131 kabul etmeniz gerekmektedir. Do\u011fum g\u00fcn\u00fcn\u00fczde oturum a\u00e7\u0131n ve kazanman\u0131za yard\u0131mc\u0131 olacak hediyenizi al\u0131n!\" \/>\n<meta property=\"og:url\" content=\"https:\/\/melbet.plus\/tr\/bonus\/bet-celebrate\/\" \/>\n<meta property=\"og:site_name\" content=\"Melbet tr\" \/>\n<meta property=\"article:modified_time\" content=\"2026-05-04T09:14:47+00:00\" \/>\n<meta name=\"twitter:card\" content=\"summary_large_image\" \/>\n<script type=\"application\/ld+json\" class=\"yoast-schema-graph\">{\"@context\":\"https:\\\/\\\/schema.org\",\"@graph\":[{\"@type\":\"WebPage\",\"@id\":\"https:\\\/\\\/melbet.plus\\\/tr\\\/bonus\\\/bet-celebrate\\\/\",\"url\":\"https:\\\/\\\/melbet.plus\\\/tr\\\/bonus\\\/bet-celebrate\\\/\",\"name\":\"Melbet Bahis ve Kutlama \u2014 Do\u011fum G\u00fcn\u00fc \u00dccretsiz Bahisi\",\"isPartOf\":{\"@id\":\"https:\\\/\\\/melbet.plus\\\/tr\\\/#website\"},\"datePublished\":\"2026-04-14T16:57:55+00:00\",\"dateModified\":\"2026-05-04T09:14:47+00:00\",\"description\":\"Melbet'te Bahis Yap\u0131n ve Kutlay\u0131n \u2014 Do\u011fum g\u00fcn\u00fcn\u00fczde \u00fccretsiz bahis i\u00e7in promosyon kodu kazan\u0131n! \u015eartlar ve ko\u015fullar: Hesab\u0131n\u0131z\u0131n en az 30 g\u00fcn \u00f6nce a\u00e7\u0131lm\u0131\u015f olmas\u0131, 20'den fazla bahis oynam\u0131\u015f olman\u0131z, profilinizin eksiksiz olmas\u0131, telefon numaran\u0131z\u0131n\\\/e-posta adresinizin do\u011frulanm\u0131\u015f olmas\u0131 ve bonus almay\u0131 kabul etmeniz gerekmektedir. Do\u011fum g\u00fcn\u00fcn\u00fczde oturum a\u00e7\u0131n ve kazanman\u0131za yard\u0131mc\u0131 olacak hediyenizi al\u0131n!\",\"breadcrumb\":{\"@id\":\"https:\\\/\\\/melbet.plus\\\/tr\\\/bonus\\\/bet-celebrate\\\/#breadcrumb\"},\"inLanguage\":\"tr\",\"potentialAction\":[{\"@type\":\"ReadAction\",\"target\":[\"https:\\\/\\\/melbet.plus\\\/tr\\\/bonus\\\/bet-celebrate\\\/\"]}]},{\"@type\":\"BreadcrumbList\",\"@id\":\"https:\\\/\\\/melbet.plus\\\/tr\\\/bonus\\\/bet-celebrate\\\/#breadcrumb\",\"itemListElement\":[{\"@type\":\"ListItem\",\"position\":1,\"name\":\"Home\",\"item\":\"https:\\\/\\\/melbet.plus\\\/tr\\\/\"},{\"@type\":\"ListItem\",\"position\":2,\"name\":\"Bonuslar\",\"item\":\"https:\\\/\\\/melbet.plus\\\/tr\\\/bonus\\\/\"},{\"@type\":\"ListItem\",\"position\":3,\"name\":\"Bahis Yap ve Kutla\"}]},{\"@type\":\"WebSite\",\"@id\":\"https:\\\/\\\/melbet.plus\\\/tr\\\/#website\",\"url\":\"https:\\\/\\\/melbet.plus\\\/tr\\\/\",\"name\":\"Melbet tr\",\"description\":\"My WordPress Blog\",\"potentialAction\":[{\"@type\":\"SearchAction\",\"target\":{\"@type\":\"EntryPoint\",\"urlTemplate\":\"https:\\\/\\\/melbet.plus\\\/tr\\\/?s={search_term_string}\"},\"query-input\":{\"@type\":\"PropertyValueSpecification\",\"valueRequired\":true,\"valueName\":\"search_term_string\"}}],\"inLanguage\":\"tr\"}]}<\/script>\n<!-- \/ Yoast SEO plugin. -->","yoast_head_json":{"title":"Melbet Bahis ve Kutlama \u2014 Do\u011fum G\u00fcn\u00fc \u00dccretsiz Bahisi","description":"Melbet'te Bahis Yap\u0131n ve Kutlay\u0131n \u2014 Do\u011fum g\u00fcn\u00fcn\u00fczde \u00fccretsiz bahis i\u00e7in promosyon kodu kazan\u0131n! \u015eartlar ve ko\u015fullar: Hesab\u0131n\u0131z\u0131n en az 30 g\u00fcn \u00f6nce a\u00e7\u0131lm\u0131\u015f olmas\u0131, 20'den fazla bahis oynam\u0131\u015f olman\u0131z, profilinizin eksiksiz olmas\u0131, telefon numaran\u0131z\u0131n\/e-posta adresinizin do\u011frulanm\u0131\u015f olmas\u0131 ve bonus almay\u0131 kabul etmeniz gerekmektedir. Do\u011fum g\u00fcn\u00fcn\u00fczde oturum a\u00e7\u0131n ve kazanman\u0131za yard\u0131mc\u0131 olacak hediyenizi al\u0131n!","robots":{"index":"index","follow":"follow","max-snippet":"max-snippet:-1","max-image-preview":"max-image-preview:large","max-video-preview":"max-video-preview:-1"},"og_locale":"tr_TR","og_type":"article","og_title":"Melbet Bahis ve Kutlama \u2014 Do\u011fum G\u00fcn\u00fc \u00dccretsiz Bahisi","og_description":"Melbet'te Bahis Yap\u0131n ve Kutlay\u0131n \u2014 Do\u011fum g\u00fcn\u00fcn\u00fczde \u00fccretsiz bahis i\u00e7in promosyon kodu kazan\u0131n! \u015eartlar ve ko\u015fullar: Hesab\u0131n\u0131z\u0131n en az 30 g\u00fcn \u00f6nce a\u00e7\u0131lm\u0131\u015f olmas\u0131, 20'den fazla bahis oynam\u0131\u015f olman\u0131z, profilinizin eksiksiz olmas\u0131, telefon numaran\u0131z\u0131n\/e-posta adresinizin do\u011frulanm\u0131\u015f olmas\u0131 ve bonus almay\u0131 kabul etmeniz gerekmektedir. Do\u011fum g\u00fcn\u00fcn\u00fczde oturum a\u00e7\u0131n ve kazanman\u0131za yard\u0131mc\u0131 olacak hediyenizi al\u0131n!","og_url":"https:\/\/melbet.plus\/tr\/bonus\/bet-celebrate\/","og_site_name":"Melbet tr","article_modified_time":"2026-05-04T09:14:47+00:00","twitter_card":"summary_large_image","schema":{"@context":"https:\/\/schema.org","@graph":[{"@type":"WebPage","@id":"https:\/\/melbet.plus\/tr\/bonus\/bet-celebrate\/","url":"https:\/\/melbet.plus\/tr\/bonus\/bet-celebrate\/","name":"Melbet Bahis ve Kutlama \u2014 Do\u011fum G\u00fcn\u00fc \u00dccretsiz Bahisi","isPartOf":{"@id":"https:\/\/melbet.plus\/tr\/#website"},"datePublished":"2026-04-14T16:57:55+00:00","dateModified":"2026-05-04T09:14:47+00:00","description":"Melbet'te Bahis Yap\u0131n ve Kutlay\u0131n \u2014 Do\u011fum g\u00fcn\u00fcn\u00fczde \u00fccretsiz bahis i\u00e7in promosyon kodu kazan\u0131n! \u015eartlar ve ko\u015fullar: Hesab\u0131n\u0131z\u0131n en az 30 g\u00fcn \u00f6nce a\u00e7\u0131lm\u0131\u015f olmas\u0131, 20'den fazla bahis oynam\u0131\u015f olman\u0131z, profilinizin eksiksiz olmas\u0131, telefon numaran\u0131z\u0131n\/e-posta adresinizin do\u011frulanm\u0131\u015f olmas\u0131 ve bonus almay\u0131 kabul etmeniz gerekmektedir. Do\u011fum g\u00fcn\u00fcn\u00fczde oturum a\u00e7\u0131n ve kazanman\u0131za yard\u0131mc\u0131 olacak hediyenizi al\u0131n!","breadcrumb":{"@id":"https:\/\/melbet.plus\/tr\/bonus\/bet-celebrate\/#breadcrumb"},"inLanguage":"tr","potentialAction":[{"@type":"ReadAction","target":["https:\/\/melbet.plus\/tr\/bonus\/bet-celebrate\/"]}]},{"@type":"BreadcrumbList","@id":"https:\/\/melbet.plus\/tr\/bonus\/bet-celebrate\/#breadcrumb","itemListElement":[{"@type":"ListItem","position":1,"name":"Home","item":"https:\/\/melbet.plus\/tr\/"},{"@type":"ListItem","position":2,"name":"Bonuslar","item":"https:\/\/melbet.plus\/tr\/bonus\/"},{"@type":"ListItem","position":3,"name":"Bahis Yap ve Kutla"}]},{"@type":"WebSite","@id":"https:\/\/melbet.plus\/tr\/#website","url":"https:\/\/melbet.plus\/tr\/","name":"Melbet tr","description":"My WordPress Blog","potentialAction":[{"@type":"SearchAction","target":{"@type":"EntryPoint","urlTemplate":"https:\/\/melbet.plus\/tr\/?s={search_term_string}"},"query-input":{"@type":"PropertyValueSpecification","valueRequired":true,"valueName":"search_term_string"}}],"inLanguage":"tr"}]}},"_links":{"self":[{"href":"https:\/\/melbet.plus\/tr\/wp-json\/wp\/v2\/pages\/1258","targetHints":{"allow":["GET"]}}],"collection":[{"href":"https:\/\/melbet.plus\/tr\/wp-json\/wp\/v2\/pages"}],"about":[{"href":"https:\/\/melbet.plus\/tr\/wp-json\/wp\/v2\/types\/page"}],"author":[{"embeddable":true,"href":"https:\/\/melbet.plus\/tr\/wp-json\/wp\/v2\/users\/1"}],"replies":[{"embeddable":true,"href":"https:\/\/melbet.plus\/tr\/wp-json\/wp\/v2\/comments?post=1258"}],"version-history":[{"count":5,"href":"https:\/\/melbet.plus\/tr\/wp-json\/wp\/v2\/pages\/1258\/revisions"}],"predecessor-version":[{"id":1367,"href":"https:\/\/melbet.plus\/tr\/wp-json\/wp\/v2\/pages\/1258\/revisions\/1367"}],"up":[{"embeddable":true,"href":"https:\/\/melbet.plus\/tr\/wp-json\/wp\/v2\/pages\/152"}],"wp:attachment":[{"href":"https:\/\/melbet.plus\/tr\/wp-json\/wp\/v2\/media?parent=1258"}],"curies":[{"name":"wp","href":"https:\/\/api.w.org\/{rel}","templated":true}]}}