{"id":1254,"date":"2026-04-14T16:44:33","date_gmt":"2026-04-14T16:44:33","guid":{"rendered":"https:\/\/melbet.plus\/tr\/?page_id=1254"},"modified":"2026-05-12T05:50:51","modified_gmt":"2026-05-12T05:50:51","slug":"ice-cashback","status":"publish","type":"page","link":"https:\/\/melbet.plus\/tr\/bonus\/ice-cashback\/","title":{"rendered":"Buz Para \u0130adesi"},"content":{"rendered":"","protected":false},"excerpt":{"rendered":"","protected":false},"author":1,"featured_media":0,"parent":152,"menu_order":0,"comment_status":"closed","ping_status":"closed","template":"","meta":{"inline_featured_image":false,"footnotes":""},"class_list":["post-1254","page","type-page","status-publish","hentry"],"yoast_head":"<!-- This site is optimized with the Yoast SEO plugin v27.6 - https:\/\/yoast.com\/product\/yoast-seo-wordpress\/ -->\n<title>Melbet Buz Para \u0130adesi \u2014 NHL bahisleri i\u00e7in haftal\u0131k \u00fccretsiz bahisler<\/title>\n<meta name=\"description\" content=\"Melbet Buz Geri \u00d6demesi \u2014 2025\u20132026 sezonu boyunca NHL ma\u00e7lar\u0131na 100 TRY veya daha fazla tutarda bahis yap\u0131n ve her hafta bedava bahis kazan\u0131n: 3\u20135 bahis i\u00e7in %5, 6\u201310 i\u00e7in %7 ve 11 veya daha fazlas\u0131 i\u00e7in . Kaydolun, \u2018Kat\u0131l\u2019 butonuna t\u0131klay\u0131n ve stake tutar\u0131n\u0131z\u0131n bir k\u0131sm\u0131n\u0131 en sevdi\u011finiz buz hokeyi ma\u00e7lar\u0131nda bedava bahis olarak geri al\u0131n!\" \/>\n<meta name=\"robots\" content=\"index, follow, max-snippet:-1, max-image-preview:large, max-video-preview:-1\" \/>\n<meta property=\"og:locale\" content=\"tr_TR\" \/>\n<meta property=\"og:type\" content=\"article\" \/>\n<meta property=\"og:title\" content=\"Melbet Buz Para \u0130adesi \u2014 NHL bahisleri i\u00e7in haftal\u0131k \u00fccretsiz bahisler\" \/>\n<meta property=\"og:description\" content=\"Melbet Buz Geri \u00d6demesi \u2014 2025\u20132026 sezonu boyunca NHL ma\u00e7lar\u0131na 100 TRY veya daha fazla tutarda bahis yap\u0131n ve her hafta bedava bahis kazan\u0131n: 3\u20135 bahis i\u00e7in %5, 6\u201310 i\u00e7in %7 ve 11 veya daha fazlas\u0131 i\u00e7in . Kaydolun, \u2018Kat\u0131l\u2019 butonuna t\u0131klay\u0131n ve stake tutar\u0131n\u0131z\u0131n bir k\u0131sm\u0131n\u0131 en sevdi\u011finiz buz hokeyi ma\u00e7lar\u0131nda bedava bahis olarak geri al\u0131n!\" \/>\n<meta property=\"og:url\" content=\"https:\/\/melbet.plus\/tr\/bonus\/ice-cashback\/\" \/>\n<meta property=\"og:site_name\" content=\"Melbet tr\" \/>\n<meta property=\"article:modified_time\" content=\"2026-05-12T05:50:51+00:00\" \/>\n<meta name=\"twitter:card\" content=\"summary_large_image\" \/>\n<script type=\"application\/ld+json\" class=\"yoast-schema-graph\">{\"@context\":\"https:\\\/\\\/schema.org\",\"@graph\":[{\"@type\":\"WebPage\",\"@id\":\"https:\\\/\\\/melbet.plus\\\/tr\\\/bonus\\\/ice-cashback\\\/\",\"url\":\"https:\\\/\\\/melbet.plus\\\/tr\\\/bonus\\\/ice-cashback\\\/\",\"name\":\"Melbet Buz Para \u0130adesi \u2014 NHL bahisleri i\u00e7in haftal\u0131k \u00fccretsiz bahisler\",\"isPartOf\":{\"@id\":\"https:\\\/\\\/melbet.plus\\\/tr\\\/#website\"},\"datePublished\":\"2026-04-14T16:44:33+00:00\",\"dateModified\":\"2026-05-12T05:50:51+00:00\",\"description\":\"Melbet Buz Geri \u00d6demesi \u2014 2025\u20132026 sezonu boyunca NHL ma\u00e7lar\u0131na 100 TRY veya daha fazla tutarda bahis yap\u0131n ve her hafta bedava bahis kazan\u0131n: 3\u20135 bahis i\u00e7in %5, 6\u201310 i\u00e7in %7 ve 11 veya daha fazlas\u0131 i\u00e7in . Kaydolun, \u2018Kat\u0131l\u2019 butonuna t\u0131klay\u0131n ve stake tutar\u0131n\u0131z\u0131n bir k\u0131sm\u0131n\u0131 en sevdi\u011finiz buz hokeyi ma\u00e7lar\u0131nda bedava bahis olarak geri al\u0131n!\",\"breadcrumb\":{\"@id\":\"https:\\\/\\\/melbet.plus\\\/tr\\\/bonus\\\/ice-cashback\\\/#breadcrumb\"},\"inLanguage\":\"tr\",\"potentialAction\":[{\"@type\":\"ReadAction\",\"target\":[\"https:\\\/\\\/melbet.plus\\\/tr\\\/bonus\\\/ice-cashback\\\/\"]}]},{\"@type\":\"BreadcrumbList\",\"@id\":\"https:\\\/\\\/melbet.plus\\\/tr\\\/bonus\\\/ice-cashback\\\/#breadcrumb\",\"itemListElement\":[{\"@type\":\"ListItem\",\"position\":1,\"name\":\"Home\",\"item\":\"https:\\\/\\\/melbet.plus\\\/tr\\\/\"},{\"@type\":\"ListItem\",\"position\":2,\"name\":\"Bonuslar\",\"item\":\"https:\\\/\\\/melbet.plus\\\/tr\\\/bonus\\\/\"},{\"@type\":\"ListItem\",\"position\":3,\"name\":\"Buz Para \u0130adesi\"}]},{\"@type\":\"WebSite\",\"@id\":\"https:\\\/\\\/melbet.plus\\\/tr\\\/#website\",\"url\":\"https:\\\/\\\/melbet.plus\\\/tr\\\/\",\"name\":\"Melbet tr\",\"description\":\"My WordPress Blog\",\"potentialAction\":[{\"@type\":\"SearchAction\",\"target\":{\"@type\":\"EntryPoint\",\"urlTemplate\":\"https:\\\/\\\/melbet.plus\\\/tr\\\/?s={search_term_string}\"},\"query-input\":{\"@type\":\"PropertyValueSpecification\",\"valueRequired\":true,\"valueName\":\"search_term_string\"}}],\"inLanguage\":\"tr\"}]}<\/script>\n<!-- \/ Yoast SEO plugin. -->","yoast_head_json":{"title":"Melbet Buz Para \u0130adesi \u2014 NHL bahisleri i\u00e7in haftal\u0131k \u00fccretsiz bahisler","description":"Melbet Buz Geri \u00d6demesi \u2014 2025\u20132026 sezonu boyunca NHL ma\u00e7lar\u0131na 100 TRY veya daha fazla tutarda bahis yap\u0131n ve her hafta bedava bahis kazan\u0131n: 3\u20135 bahis i\u00e7in %5, 6\u201310 i\u00e7in %7 ve 11 veya daha fazlas\u0131 i\u00e7in . Kaydolun, \u2018Kat\u0131l\u2019 butonuna t\u0131klay\u0131n ve stake tutar\u0131n\u0131z\u0131n bir k\u0131sm\u0131n\u0131 en sevdi\u011finiz buz hokeyi ma\u00e7lar\u0131nda bedava bahis olarak geri al\u0131n!","robots":{"index":"index","follow":"follow","max-snippet":"max-snippet:-1","max-image-preview":"max-image-preview:large","max-video-preview":"max-video-preview:-1"},"og_locale":"tr_TR","og_type":"article","og_title":"Melbet Buz Para \u0130adesi \u2014 NHL bahisleri i\u00e7in haftal\u0131k \u00fccretsiz bahisler","og_description":"Melbet Buz Geri \u00d6demesi \u2014 2025\u20132026 sezonu boyunca NHL ma\u00e7lar\u0131na 100 TRY veya daha fazla tutarda bahis yap\u0131n ve her hafta bedava bahis kazan\u0131n: 3\u20135 bahis i\u00e7in %5, 6\u201310 i\u00e7in %7 ve 11 veya daha fazlas\u0131 i\u00e7in . Kaydolun, \u2018Kat\u0131l\u2019 butonuna t\u0131klay\u0131n ve stake tutar\u0131n\u0131z\u0131n bir k\u0131sm\u0131n\u0131 en sevdi\u011finiz buz hokeyi ma\u00e7lar\u0131nda bedava bahis olarak geri al\u0131n!","og_url":"https:\/\/melbet.plus\/tr\/bonus\/ice-cashback\/","og_site_name":"Melbet tr","article_modified_time":"2026-05-12T05:50:51+00:00","twitter_card":"summary_large_image","schema":{"@context":"https:\/\/schema.org","@graph":[{"@type":"WebPage","@id":"https:\/\/melbet.plus\/tr\/bonus\/ice-cashback\/","url":"https:\/\/melbet.plus\/tr\/bonus\/ice-cashback\/","name":"Melbet Buz Para \u0130adesi \u2014 NHL bahisleri i\u00e7in haftal\u0131k \u00fccretsiz bahisler","isPartOf":{"@id":"https:\/\/melbet.plus\/tr\/#website"},"datePublished":"2026-04-14T16:44:33+00:00","dateModified":"2026-05-12T05:50:51+00:00","description":"Melbet Buz Geri \u00d6demesi \u2014 2025\u20132026 sezonu boyunca NHL ma\u00e7lar\u0131na 100 TRY veya daha fazla tutarda bahis yap\u0131n ve her hafta bedava bahis kazan\u0131n: 3\u20135 bahis i\u00e7in %5, 6\u201310 i\u00e7in %7 ve 11 veya daha fazlas\u0131 i\u00e7in . Kaydolun, \u2018Kat\u0131l\u2019 butonuna t\u0131klay\u0131n ve stake tutar\u0131n\u0131z\u0131n bir k\u0131sm\u0131n\u0131 en sevdi\u011finiz buz hokeyi ma\u00e7lar\u0131nda bedava bahis olarak geri al\u0131n!","breadcrumb":{"@id":"https:\/\/melbet.plus\/tr\/bonus\/ice-cashback\/#breadcrumb"},"inLanguage":"tr","potentialAction":[{"@type":"ReadAction","target":["https:\/\/melbet.plus\/tr\/bonus\/ice-cashback\/"]}]},{"@type":"BreadcrumbList","@id":"https:\/\/melbet.plus\/tr\/bonus\/ice-cashback\/#breadcrumb","itemListElement":[{"@type":"ListItem","position":1,"name":"Home","item":"https:\/\/melbet.plus\/tr\/"},{"@type":"ListItem","position":2,"name":"Bonuslar","item":"https:\/\/melbet.plus\/tr\/bonus\/"},{"@type":"ListItem","position":3,"name":"Buz Para \u0130adesi"}]},{"@type":"WebSite","@id":"https:\/\/melbet.plus\/tr\/#website","url":"https:\/\/melbet.plus\/tr\/","name":"Melbet tr","description":"My WordPress Blog","potentialAction":[{"@type":"SearchAction","target":{"@type":"EntryPoint","urlTemplate":"https:\/\/melbet.plus\/tr\/?s={search_term_string}"},"query-input":{"@type":"PropertyValueSpecification","valueRequired":true,"valueName":"search_term_string"}}],"inLanguage":"tr"}]}},"_links":{"self":[{"href":"https:\/\/melbet.plus\/tr\/wp-json\/wp\/v2\/pages\/1254","targetHints":{"allow":["GET"]}}],"collection":[{"href":"https:\/\/melbet.plus\/tr\/wp-json\/wp\/v2\/pages"}],"about":[{"href":"https:\/\/melbet.plus\/tr\/wp-json\/wp\/v2\/types\/page"}],"author":[{"embeddable":true,"href":"https:\/\/melbet.plus\/tr\/wp-json\/wp\/v2\/users\/1"}],"replies":[{"embeddable":true,"href":"https:\/\/melbet.plus\/tr\/wp-json\/wp\/v2\/comments?post=1254"}],"version-history":[{"count":5,"href":"https:\/\/melbet.plus\/tr\/wp-json\/wp\/v2\/pages\/1254\/revisions"}],"predecessor-version":[{"id":1452,"href":"https:\/\/melbet.plus\/tr\/wp-json\/wp\/v2\/pages\/1254\/revisions\/1452"}],"up":[{"embeddable":true,"href":"https:\/\/melbet.plus\/tr\/wp-json\/wp\/v2\/pages\/152"}],"wp:attachment":[{"href":"https:\/\/melbet.plus\/tr\/wp-json\/wp\/v2\/media?parent=1254"}],"curies":[{"name":"wp","href":"https:\/\/api.w.org\/{rel}","templated":true}]}}