{"id":1249,"date":"2026-04-14T14:57:28","date_gmt":"2026-04-14T14:57:28","guid":{"rendered":"https:\/\/melbet.plus\/tr\/?page_id=1249"},"modified":"2026-05-12T05:49:50","modified_gmt":"2026-05-12T05:49:50","slug":"accumulator-booster","status":"publish","type":"page","link":"https:\/\/melbet.plus\/tr\/bonus\/accumulator-booster\/","title":{"rendered":"Ak\u00fc G\u00fc\u00e7lendirici"},"content":{"rendered":"","protected":false},"excerpt":{"rendered":"","protected":false},"author":1,"featured_media":0,"parent":152,"menu_order":0,"comment_status":"closed","ping_status":"closed","template":"","meta":{"inline_featured_image":false,"footnotes":""},"class_list":["post-1249","page","type-page","status-publish","hentry"],"yoast_head":"<!-- This site is optimized with the Yoast SEO plugin v27.6 - https:\/\/yoast.com\/product\/yoast-seo-wordpress\/ -->\n<title>Melbet Kombine Bahis G\u00fc\u00e7lendirici \u2014 Ekspres Oranlarda Art\u0131\u015f<\/title>\n<meta name=\"description\" content=\"Melbet Ak\u00fc G\u00fc\u00e7lendirici \u2014 4 veya daha fazla se\u00e7imden (1.2 veya daha y\u00fcksek oranl\u0131) olu\u015fan ak\u00fcm\u00fclat\u00f6rler i\u00e7in otomatik oran art\u0131\u015f\u0131 \u2014 4 se\u00e7im i\u00e7in +%1, 30 veya daha fazlas\u0131 i\u00e7in +&#039;a kadar. \u00d6rnek: 1.2\/2.0\/1.3\/1.5 oranlar\u0131nda 4 etkinlik * 1.01 = 500 TRY tutar\u0131nda bir bahis i\u00e7in 2400 TRY \u00f6deme. Ak\u00fcm\u00fclat\u00f6rlerinizi olu\u015fturun ve \u00e7evrim \u015fart\u0131 olmadan daha fazla kazan\u0131n!\" \/>\n<meta name=\"robots\" content=\"index, follow, max-snippet:-1, max-image-preview:large, max-video-preview:-1\" \/>\n<meta property=\"og:locale\" content=\"tr_TR\" \/>\n<meta property=\"og:type\" content=\"article\" \/>\n<meta property=\"og:title\" content=\"Melbet Kombine Bahis G\u00fc\u00e7lendirici \u2014 Ekspres Oranlarda Art\u0131\u015f\" \/>\n<meta property=\"og:description\" content=\"Melbet Ak\u00fc G\u00fc\u00e7lendirici \u2014 4 veya daha fazla se\u00e7imden (1.2 veya daha y\u00fcksek oranl\u0131) olu\u015fan ak\u00fcm\u00fclat\u00f6rler i\u00e7in otomatik oran art\u0131\u015f\u0131 \u2014 4 se\u00e7im i\u00e7in +%1, 30 veya daha fazlas\u0131 i\u00e7in +&#039;a kadar. \u00d6rnek: 1.2\/2.0\/1.3\/1.5 oranlar\u0131nda 4 etkinlik * 1.01 = 500 TRY tutar\u0131nda bir bahis i\u00e7in 2400 TRY \u00f6deme. Ak\u00fcm\u00fclat\u00f6rlerinizi olu\u015fturun ve \u00e7evrim \u015fart\u0131 olmadan daha fazla kazan\u0131n!\" \/>\n<meta property=\"og:url\" content=\"https:\/\/melbet.plus\/tr\/bonus\/accumulator-booster\/\" \/>\n<meta property=\"og:site_name\" content=\"Melbet tr\" \/>\n<meta property=\"article:modified_time\" content=\"2026-05-12T05:49:50+00:00\" \/>\n<meta name=\"twitter:card\" content=\"summary_large_image\" \/>\n<script type=\"application\/ld+json\" class=\"yoast-schema-graph\">{\"@context\":\"https:\\\/\\\/schema.org\",\"@graph\":[{\"@type\":\"WebPage\",\"@id\":\"https:\\\/\\\/melbet.plus\\\/tr\\\/bonus\\\/accumulator-booster\\\/\",\"url\":\"https:\\\/\\\/melbet.plus\\\/tr\\\/bonus\\\/accumulator-booster\\\/\",\"name\":\"Melbet Kombine Bahis G\u00fc\u00e7lendirici \u2014 Ekspres Oranlarda Art\u0131\u015f\",\"isPartOf\":{\"@id\":\"https:\\\/\\\/melbet.plus\\\/tr\\\/#website\"},\"datePublished\":\"2026-04-14T14:57:28+00:00\",\"dateModified\":\"2026-05-12T05:49:50+00:00\",\"description\":\"Melbet Ak\u00fc G\u00fc\u00e7lendirici \u2014 4 veya daha fazla se\u00e7imden (1.2 veya daha y\u00fcksek oranl\u0131) olu\u015fan ak\u00fcm\u00fclat\u00f6rler i\u00e7in otomatik oran art\u0131\u015f\u0131 \u2014 4 se\u00e7im i\u00e7in +%1, 30 veya daha fazlas\u0131 i\u00e7in +'a kadar. \u00d6rnek: 1.2\\\/2.0\\\/1.3\\\/1.5 oranlar\u0131nda 4 etkinlik * 1.01 = 500 TRY tutar\u0131nda bir bahis i\u00e7in 2400 TRY \u00f6deme. Ak\u00fcm\u00fclat\u00f6rlerinizi olu\u015fturun ve \u00e7evrim \u015fart\u0131 olmadan daha fazla kazan\u0131n!\",\"breadcrumb\":{\"@id\":\"https:\\\/\\\/melbet.plus\\\/tr\\\/bonus\\\/accumulator-booster\\\/#breadcrumb\"},\"inLanguage\":\"tr\",\"potentialAction\":[{\"@type\":\"ReadAction\",\"target\":[\"https:\\\/\\\/melbet.plus\\\/tr\\\/bonus\\\/accumulator-booster\\\/\"]}]},{\"@type\":\"BreadcrumbList\",\"@id\":\"https:\\\/\\\/melbet.plus\\\/tr\\\/bonus\\\/accumulator-booster\\\/#breadcrumb\",\"itemListElement\":[{\"@type\":\"ListItem\",\"position\":1,\"name\":\"Home\",\"item\":\"https:\\\/\\\/melbet.plus\\\/tr\\\/\"},{\"@type\":\"ListItem\",\"position\":2,\"name\":\"Bonuslar\",\"item\":\"https:\\\/\\\/melbet.plus\\\/tr\\\/bonus\\\/\"},{\"@type\":\"ListItem\",\"position\":3,\"name\":\"Ak\u00fc G\u00fc\u00e7lendirici\"}]},{\"@type\":\"WebSite\",\"@id\":\"https:\\\/\\\/melbet.plus\\\/tr\\\/#website\",\"url\":\"https:\\\/\\\/melbet.plus\\\/tr\\\/\",\"name\":\"Melbet tr\",\"description\":\"My WordPress Blog\",\"potentialAction\":[{\"@type\":\"SearchAction\",\"target\":{\"@type\":\"EntryPoint\",\"urlTemplate\":\"https:\\\/\\\/melbet.plus\\\/tr\\\/?s={search_term_string}\"},\"query-input\":{\"@type\":\"PropertyValueSpecification\",\"valueRequired\":true,\"valueName\":\"search_term_string\"}}],\"inLanguage\":\"tr\"}]}<\/script>\n<!-- \/ Yoast SEO plugin. -->","yoast_head_json":{"title":"Melbet Kombine Bahis G\u00fc\u00e7lendirici \u2014 Ekspres Oranlarda Art\u0131\u015f","description":"Melbet Ak\u00fc G\u00fc\u00e7lendirici \u2014 4 veya daha fazla se\u00e7imden (1.2 veya daha y\u00fcksek oranl\u0131) olu\u015fan ak\u00fcm\u00fclat\u00f6rler i\u00e7in otomatik oran art\u0131\u015f\u0131 \u2014 4 se\u00e7im i\u00e7in +%1, 30 veya daha fazlas\u0131 i\u00e7in +'a kadar. \u00d6rnek: 1.2\/2.0\/1.3\/1.5 oranlar\u0131nda 4 etkinlik * 1.01 = 500 TRY tutar\u0131nda bir bahis i\u00e7in 2400 TRY \u00f6deme. Ak\u00fcm\u00fclat\u00f6rlerinizi olu\u015fturun ve \u00e7evrim \u015fart\u0131 olmadan daha fazla kazan\u0131n!","robots":{"index":"index","follow":"follow","max-snippet":"max-snippet:-1","max-image-preview":"max-image-preview:large","max-video-preview":"max-video-preview:-1"},"og_locale":"tr_TR","og_type":"article","og_title":"Melbet Kombine Bahis G\u00fc\u00e7lendirici \u2014 Ekspres Oranlarda Art\u0131\u015f","og_description":"Melbet Ak\u00fc G\u00fc\u00e7lendirici \u2014 4 veya daha fazla se\u00e7imden (1.2 veya daha y\u00fcksek oranl\u0131) olu\u015fan ak\u00fcm\u00fclat\u00f6rler i\u00e7in otomatik oran art\u0131\u015f\u0131 \u2014 4 se\u00e7im i\u00e7in +%1, 30 veya daha fazlas\u0131 i\u00e7in +'a kadar. \u00d6rnek: 1.2\/2.0\/1.3\/1.5 oranlar\u0131nda 4 etkinlik * 1.01 = 500 TRY tutar\u0131nda bir bahis i\u00e7in 2400 TRY \u00f6deme. Ak\u00fcm\u00fclat\u00f6rlerinizi olu\u015fturun ve \u00e7evrim \u015fart\u0131 olmadan daha fazla kazan\u0131n!","og_url":"https:\/\/melbet.plus\/tr\/bonus\/accumulator-booster\/","og_site_name":"Melbet tr","article_modified_time":"2026-05-12T05:49:50+00:00","twitter_card":"summary_large_image","schema":{"@context":"https:\/\/schema.org","@graph":[{"@type":"WebPage","@id":"https:\/\/melbet.plus\/tr\/bonus\/accumulator-booster\/","url":"https:\/\/melbet.plus\/tr\/bonus\/accumulator-booster\/","name":"Melbet Kombine Bahis G\u00fc\u00e7lendirici \u2014 Ekspres Oranlarda Art\u0131\u015f","isPartOf":{"@id":"https:\/\/melbet.plus\/tr\/#website"},"datePublished":"2026-04-14T14:57:28+00:00","dateModified":"2026-05-12T05:49:50+00:00","description":"Melbet Ak\u00fc G\u00fc\u00e7lendirici \u2014 4 veya daha fazla se\u00e7imden (1.2 veya daha y\u00fcksek oranl\u0131) olu\u015fan ak\u00fcm\u00fclat\u00f6rler i\u00e7in otomatik oran art\u0131\u015f\u0131 \u2014 4 se\u00e7im i\u00e7in +%1, 30 veya daha fazlas\u0131 i\u00e7in +'a kadar. \u00d6rnek: 1.2\/2.0\/1.3\/1.5 oranlar\u0131nda 4 etkinlik * 1.01 = 500 TRY tutar\u0131nda bir bahis i\u00e7in 2400 TRY \u00f6deme. Ak\u00fcm\u00fclat\u00f6rlerinizi olu\u015fturun ve \u00e7evrim \u015fart\u0131 olmadan daha fazla kazan\u0131n!","breadcrumb":{"@id":"https:\/\/melbet.plus\/tr\/bonus\/accumulator-booster\/#breadcrumb"},"inLanguage":"tr","potentialAction":[{"@type":"ReadAction","target":["https:\/\/melbet.plus\/tr\/bonus\/accumulator-booster\/"]}]},{"@type":"BreadcrumbList","@id":"https:\/\/melbet.plus\/tr\/bonus\/accumulator-booster\/#breadcrumb","itemListElement":[{"@type":"ListItem","position":1,"name":"Home","item":"https:\/\/melbet.plus\/tr\/"},{"@type":"ListItem","position":2,"name":"Bonuslar","item":"https:\/\/melbet.plus\/tr\/bonus\/"},{"@type":"ListItem","position":3,"name":"Ak\u00fc G\u00fc\u00e7lendirici"}]},{"@type":"WebSite","@id":"https:\/\/melbet.plus\/tr\/#website","url":"https:\/\/melbet.plus\/tr\/","name":"Melbet tr","description":"My WordPress Blog","potentialAction":[{"@type":"SearchAction","target":{"@type":"EntryPoint","urlTemplate":"https:\/\/melbet.plus\/tr\/?s={search_term_string}"},"query-input":{"@type":"PropertyValueSpecification","valueRequired":true,"valueName":"search_term_string"}}],"inLanguage":"tr"}]}},"_links":{"self":[{"href":"https:\/\/melbet.plus\/tr\/wp-json\/wp\/v2\/pages\/1249","targetHints":{"allow":["GET"]}}],"collection":[{"href":"https:\/\/melbet.plus\/tr\/wp-json\/wp\/v2\/pages"}],"about":[{"href":"https:\/\/melbet.plus\/tr\/wp-json\/wp\/v2\/types\/page"}],"author":[{"embeddable":true,"href":"https:\/\/melbet.plus\/tr\/wp-json\/wp\/v2\/users\/1"}],"replies":[{"embeddable":true,"href":"https:\/\/melbet.plus\/tr\/wp-json\/wp\/v2\/comments?post=1249"}],"version-history":[{"count":5,"href":"https:\/\/melbet.plus\/tr\/wp-json\/wp\/v2\/pages\/1249\/revisions"}],"predecessor-version":[{"id":1451,"href":"https:\/\/melbet.plus\/tr\/wp-json\/wp\/v2\/pages\/1249\/revisions\/1451"}],"up":[{"embeddable":true,"href":"https:\/\/melbet.plus\/tr\/wp-json\/wp\/v2\/pages\/152"}],"wp:attachment":[{"href":"https:\/\/melbet.plus\/tr\/wp-json\/wp\/v2\/media?parent=1249"}],"curies":[{"name":"wp","href":"https:\/\/api.w.org\/{rel}","templated":true}]}}