{"id":1245,"date":"2026-04-14T14:01:28","date_gmt":"2026-04-14T14:01:28","guid":{"rendered":"https:\/\/melbet.plus\/tr\/?page_id=1245"},"modified":"2026-05-12T06:08:14","modified_gmt":"2026-05-12T06:08:14","slug":"major-league-baseball","status":"publish","type":"page","link":"https:\/\/melbet.plus\/tr\/bonus\/major-league-baseball\/","title":{"rendered":"Amerikan Beyzbol Ligi"},"content":{"rendered":"","protected":false},"excerpt":{"rendered":"","protected":false},"author":1,"featured_media":0,"parent":152,"menu_order":0,"comment_status":"closed","ping_status":"closed","template":"","meta":{"inline_featured_image":false,"footnotes":""},"class_list":["post-1245","page","type-page","status-publish","hentry"],"yoast_head":"<!-- This site is optimized with the Yoast SEO plugin v27.6 - https:\/\/yoast.com\/product\/yoast-seo-wordpress\/ -->\n<title>Melbet MLB 2026 \u2014 Beyzbol Bahislerinde Haftal\u0131k Bonus!<\/title>\n<meta name=\"description\" content=\"Melbet B\u00fcy\u00fck Lig Beyzbolu 2026 \u2014 MLB ma\u00e7lar\u0131na 100 TRY itibaren bahis yap\u0131n ve haftal\u0131k bonus kazan\u0131n: Bonus = Bahis Tutar\u0131 \u2212 (Bahis Tutar\u0131 \u00f7 Oran).\" \/>\n<meta name=\"robots\" content=\"index, follow, max-snippet:-1, max-image-preview:large, max-video-preview:-1\" \/>\n<meta property=\"og:locale\" content=\"tr_TR\" \/>\n<meta property=\"og:type\" content=\"article\" \/>\n<meta property=\"og:title\" content=\"Melbet MLB 2026 \u2014 Beyzbol Bahislerinde Haftal\u0131k Bonus!\" \/>\n<meta property=\"og:description\" content=\"Melbet B\u00fcy\u00fck Lig Beyzbolu 2026 \u2014 MLB ma\u00e7lar\u0131na 100 TRY itibaren bahis yap\u0131n ve haftal\u0131k bonus kazan\u0131n: Bonus = Bahis Tutar\u0131 \u2212 (Bahis Tutar\u0131 \u00f7 Oran).\" \/>\n<meta property=\"og:url\" content=\"https:\/\/melbet.plus\/tr\/bonus\/major-league-baseball\/\" \/>\n<meta property=\"og:site_name\" content=\"Melbet tr\" \/>\n<meta property=\"article:modified_time\" content=\"2026-05-12T06:08:14+00:00\" \/>\n<meta name=\"twitter:card\" content=\"summary_large_image\" \/>\n<script type=\"application\/ld+json\" class=\"yoast-schema-graph\">{\"@context\":\"https:\\\/\\\/schema.org\",\"@graph\":[{\"@type\":\"WebPage\",\"@id\":\"https:\\\/\\\/melbet.plus\\\/tr\\\/bonus\\\/major-league-baseball\\\/\",\"url\":\"https:\\\/\\\/melbet.plus\\\/tr\\\/bonus\\\/major-league-baseball\\\/\",\"name\":\"Melbet MLB 2026 \u2014 Beyzbol Bahislerinde Haftal\u0131k Bonus!\",\"isPartOf\":{\"@id\":\"https:\\\/\\\/melbet.plus\\\/tr\\\/#website\"},\"datePublished\":\"2026-04-14T14:01:28+00:00\",\"dateModified\":\"2026-05-12T06:08:14+00:00\",\"description\":\"Melbet B\u00fcy\u00fck Lig Beyzbolu 2026 \u2014 MLB ma\u00e7lar\u0131na 100 TRY itibaren bahis yap\u0131n ve haftal\u0131k bonus kazan\u0131n: Bonus = Bahis Tutar\u0131 \u2212 (Bahis Tutar\u0131 \u00f7 Oran).\",\"breadcrumb\":{\"@id\":\"https:\\\/\\\/melbet.plus\\\/tr\\\/bonus\\\/major-league-baseball\\\/#breadcrumb\"},\"inLanguage\":\"tr\",\"potentialAction\":[{\"@type\":\"ReadAction\",\"target\":[\"https:\\\/\\\/melbet.plus\\\/tr\\\/bonus\\\/major-league-baseball\\\/\"]}]},{\"@type\":\"BreadcrumbList\",\"@id\":\"https:\\\/\\\/melbet.plus\\\/tr\\\/bonus\\\/major-league-baseball\\\/#breadcrumb\",\"itemListElement\":[{\"@type\":\"ListItem\",\"position\":1,\"name\":\"Home\",\"item\":\"https:\\\/\\\/melbet.plus\\\/tr\\\/\"},{\"@type\":\"ListItem\",\"position\":2,\"name\":\"Bonuslar\",\"item\":\"https:\\\/\\\/melbet.plus\\\/tr\\\/bonus\\\/\"},{\"@type\":\"ListItem\",\"position\":3,\"name\":\"Amerikan Beyzbol Ligi\"}]},{\"@type\":\"WebSite\",\"@id\":\"https:\\\/\\\/melbet.plus\\\/tr\\\/#website\",\"url\":\"https:\\\/\\\/melbet.plus\\\/tr\\\/\",\"name\":\"Melbet tr\",\"description\":\"My WordPress Blog\",\"potentialAction\":[{\"@type\":\"SearchAction\",\"target\":{\"@type\":\"EntryPoint\",\"urlTemplate\":\"https:\\\/\\\/melbet.plus\\\/tr\\\/?s={search_term_string}\"},\"query-input\":{\"@type\":\"PropertyValueSpecification\",\"valueRequired\":true,\"valueName\":\"search_term_string\"}}],\"inLanguage\":\"tr\"}]}<\/script>\n<!-- \/ Yoast SEO plugin. -->","yoast_head_json":{"title":"Melbet MLB 2026 \u2014 Beyzbol Bahislerinde Haftal\u0131k Bonus!","description":"Melbet B\u00fcy\u00fck Lig Beyzbolu 2026 \u2014 MLB ma\u00e7lar\u0131na 100 TRY itibaren bahis yap\u0131n ve haftal\u0131k bonus kazan\u0131n: Bonus = Bahis Tutar\u0131 \u2212 (Bahis Tutar\u0131 \u00f7 Oran).","robots":{"index":"index","follow":"follow","max-snippet":"max-snippet:-1","max-image-preview":"max-image-preview:large","max-video-preview":"max-video-preview:-1"},"og_locale":"tr_TR","og_type":"article","og_title":"Melbet MLB 2026 \u2014 Beyzbol Bahislerinde Haftal\u0131k Bonus!","og_description":"Melbet B\u00fcy\u00fck Lig Beyzbolu 2026 \u2014 MLB ma\u00e7lar\u0131na 100 TRY itibaren bahis yap\u0131n ve haftal\u0131k bonus kazan\u0131n: Bonus = Bahis Tutar\u0131 \u2212 (Bahis Tutar\u0131 \u00f7 Oran).","og_url":"https:\/\/melbet.plus\/tr\/bonus\/major-league-baseball\/","og_site_name":"Melbet tr","article_modified_time":"2026-05-12T06:08:14+00:00","twitter_card":"summary_large_image","schema":{"@context":"https:\/\/schema.org","@graph":[{"@type":"WebPage","@id":"https:\/\/melbet.plus\/tr\/bonus\/major-league-baseball\/","url":"https:\/\/melbet.plus\/tr\/bonus\/major-league-baseball\/","name":"Melbet MLB 2026 \u2014 Beyzbol Bahislerinde Haftal\u0131k Bonus!","isPartOf":{"@id":"https:\/\/melbet.plus\/tr\/#website"},"datePublished":"2026-04-14T14:01:28+00:00","dateModified":"2026-05-12T06:08:14+00:00","description":"Melbet B\u00fcy\u00fck Lig Beyzbolu 2026 \u2014 MLB ma\u00e7lar\u0131na 100 TRY itibaren bahis yap\u0131n ve haftal\u0131k bonus kazan\u0131n: Bonus = Bahis Tutar\u0131 \u2212 (Bahis Tutar\u0131 \u00f7 Oran).","breadcrumb":{"@id":"https:\/\/melbet.plus\/tr\/bonus\/major-league-baseball\/#breadcrumb"},"inLanguage":"tr","potentialAction":[{"@type":"ReadAction","target":["https:\/\/melbet.plus\/tr\/bonus\/major-league-baseball\/"]}]},{"@type":"BreadcrumbList","@id":"https:\/\/melbet.plus\/tr\/bonus\/major-league-baseball\/#breadcrumb","itemListElement":[{"@type":"ListItem","position":1,"name":"Home","item":"https:\/\/melbet.plus\/tr\/"},{"@type":"ListItem","position":2,"name":"Bonuslar","item":"https:\/\/melbet.plus\/tr\/bonus\/"},{"@type":"ListItem","position":3,"name":"Amerikan Beyzbol Ligi"}]},{"@type":"WebSite","@id":"https:\/\/melbet.plus\/tr\/#website","url":"https:\/\/melbet.plus\/tr\/","name":"Melbet tr","description":"My WordPress Blog","potentialAction":[{"@type":"SearchAction","target":{"@type":"EntryPoint","urlTemplate":"https:\/\/melbet.plus\/tr\/?s={search_term_string}"},"query-input":{"@type":"PropertyValueSpecification","valueRequired":true,"valueName":"search_term_string"}}],"inLanguage":"tr"}]}},"_links":{"self":[{"href":"https:\/\/melbet.plus\/tr\/wp-json\/wp\/v2\/pages\/1245","targetHints":{"allow":["GET"]}}],"collection":[{"href":"https:\/\/melbet.plus\/tr\/wp-json\/wp\/v2\/pages"}],"about":[{"href":"https:\/\/melbet.plus\/tr\/wp-json\/wp\/v2\/types\/page"}],"author":[{"embeddable":true,"href":"https:\/\/melbet.plus\/tr\/wp-json\/wp\/v2\/users\/1"}],"replies":[{"embeddable":true,"href":"https:\/\/melbet.plus\/tr\/wp-json\/wp\/v2\/comments?post=1245"}],"version-history":[{"count":5,"href":"https:\/\/melbet.plus\/tr\/wp-json\/wp\/v2\/pages\/1245\/revisions"}],"predecessor-version":[{"id":1391,"href":"https:\/\/melbet.plus\/tr\/wp-json\/wp\/v2\/pages\/1245\/revisions\/1391"}],"up":[{"embeddable":true,"href":"https:\/\/melbet.plus\/tr\/wp-json\/wp\/v2\/pages\/152"}],"wp:attachment":[{"href":"https:\/\/melbet.plus\/tr\/wp-json\/wp\/v2\/media?parent=1245"}],"curies":[{"name":"wp","href":"https:\/\/api.w.org\/{rel}","templated":true}]}}