{"id":1239,"date":"2026-04-14T13:01:32","date_gmt":"2026-04-14T13:01:32","guid":{"rendered":"https:\/\/melbet.plus\/tr\/?page_id=1239"},"modified":"2026-05-12T05:48:41","modified_gmt":"2026-05-12T05:48:41","slug":"cyber-circuit","status":"publish","type":"page","link":"https:\/\/melbet.plus\/tr\/bonus\/cyber-circuit\/","title":{"rendered":"Siber Devre"},"content":{"rendered":"","protected":false},"excerpt":{"rendered":"","protected":false},"author":1,"featured_media":0,"parent":152,"menu_order":0,"comment_status":"closed","ping_status":"closed","template":"","meta":{"inline_featured_image":false,"footnotes":""},"class_list":["post-1239","page","type-page","status-publish","hentry"],"yoast_head":"<!-- This site is optimized with the Yoast SEO plugin v27.6 - https:\/\/yoast.com\/product\/yoast-seo-wordpress\/ -->\n<title>Melbet Siber Devre \u2014 CS2 Bahislerine Cihazlar ve Bedava Bahisler<\/title>\n<meta name=\"description\" content=\"Melbet&#039;ten Siber Devre \u2014 en iyi CS2 turnuvalar\u0131nda (1.5+ oranla) 100 TRY ve \u00fczeri bahisler yaparak bilet kazan\u0131n: 100 TRY i\u00e7in 1 bilet, 2900 TRY ve \u00fczeri i\u00e7in 170 bilete kadar. MacBook Pro M4 Max, iPhone 17 Pro Max, PS5 Pro, Xbox Series X, Logitech oyuncu ekipmanlar\u0131 + 3500 TRY&#039;ye kadar bedava bahisler ve bonus puanlar kazan\u0131n \u2014 her a\u015famadan sonra \u00e7ekili\u015fle \u00f6d\u00fcller verilecektir!\" \/>\n<meta name=\"robots\" content=\"index, follow, max-snippet:-1, max-image-preview:large, max-video-preview:-1\" \/>\n<meta property=\"og:locale\" content=\"tr_TR\" \/>\n<meta property=\"og:type\" content=\"article\" \/>\n<meta property=\"og:title\" content=\"Melbet Siber Devre \u2014 CS2 Bahislerine Cihazlar ve Bedava Bahisler\" \/>\n<meta property=\"og:description\" content=\"Melbet&#039;ten Siber Devre \u2014 en iyi CS2 turnuvalar\u0131nda (1.5+ oranla) 100 TRY ve \u00fczeri bahisler yaparak bilet kazan\u0131n: 100 TRY i\u00e7in 1 bilet, 2900 TRY ve \u00fczeri i\u00e7in 170 bilete kadar. MacBook Pro M4 Max, iPhone 17 Pro Max, PS5 Pro, Xbox Series X, Logitech oyuncu ekipmanlar\u0131 + 3500 TRY&#039;ye kadar bedava bahisler ve bonus puanlar kazan\u0131n \u2014 her a\u015famadan sonra \u00e7ekili\u015fle \u00f6d\u00fcller verilecektir!\" \/>\n<meta property=\"og:url\" content=\"https:\/\/melbet.plus\/tr\/bonus\/cyber-circuit\/\" \/>\n<meta property=\"og:site_name\" content=\"Melbet tr\" \/>\n<meta property=\"article:modified_time\" content=\"2026-05-12T05:48:41+00:00\" \/>\n<meta name=\"twitter:card\" content=\"summary_large_image\" \/>\n<script type=\"application\/ld+json\" class=\"yoast-schema-graph\">{\"@context\":\"https:\\\/\\\/schema.org\",\"@graph\":[{\"@type\":\"WebPage\",\"@id\":\"https:\\\/\\\/melbet.plus\\\/tr\\\/bonus\\\/cyber-circuit\\\/\",\"url\":\"https:\\\/\\\/melbet.plus\\\/tr\\\/bonus\\\/cyber-circuit\\\/\",\"name\":\"Melbet Siber Devre \u2014 CS2 Bahislerine Cihazlar ve Bedava Bahisler\",\"isPartOf\":{\"@id\":\"https:\\\/\\\/melbet.plus\\\/tr\\\/#website\"},\"datePublished\":\"2026-04-14T13:01:32+00:00\",\"dateModified\":\"2026-05-12T05:48:41+00:00\",\"description\":\"Melbet'ten Siber Devre \u2014 en iyi CS2 turnuvalar\u0131nda (1.5+ oranla) 100 TRY ve \u00fczeri bahisler yaparak bilet kazan\u0131n: 100 TRY i\u00e7in 1 bilet, 2900 TRY ve \u00fczeri i\u00e7in 170 bilete kadar. MacBook Pro M4 Max, iPhone 17 Pro Max, PS5 Pro, Xbox Series X, Logitech oyuncu ekipmanlar\u0131 + 3500 TRY'ye kadar bedava bahisler ve bonus puanlar kazan\u0131n \u2014 her a\u015famadan sonra \u00e7ekili\u015fle \u00f6d\u00fcller verilecektir!\",\"breadcrumb\":{\"@id\":\"https:\\\/\\\/melbet.plus\\\/tr\\\/bonus\\\/cyber-circuit\\\/#breadcrumb\"},\"inLanguage\":\"tr\",\"potentialAction\":[{\"@type\":\"ReadAction\",\"target\":[\"https:\\\/\\\/melbet.plus\\\/tr\\\/bonus\\\/cyber-circuit\\\/\"]}]},{\"@type\":\"BreadcrumbList\",\"@id\":\"https:\\\/\\\/melbet.plus\\\/tr\\\/bonus\\\/cyber-circuit\\\/#breadcrumb\",\"itemListElement\":[{\"@type\":\"ListItem\",\"position\":1,\"name\":\"Home\",\"item\":\"https:\\\/\\\/melbet.plus\\\/tr\\\/\"},{\"@type\":\"ListItem\",\"position\":2,\"name\":\"Bonuslar\",\"item\":\"https:\\\/\\\/melbet.plus\\\/tr\\\/bonus\\\/\"},{\"@type\":\"ListItem\",\"position\":3,\"name\":\"Siber Devre\"}]},{\"@type\":\"WebSite\",\"@id\":\"https:\\\/\\\/melbet.plus\\\/tr\\\/#website\",\"url\":\"https:\\\/\\\/melbet.plus\\\/tr\\\/\",\"name\":\"Melbet tr\",\"description\":\"My WordPress Blog\",\"potentialAction\":[{\"@type\":\"SearchAction\",\"target\":{\"@type\":\"EntryPoint\",\"urlTemplate\":\"https:\\\/\\\/melbet.plus\\\/tr\\\/?s={search_term_string}\"},\"query-input\":{\"@type\":\"PropertyValueSpecification\",\"valueRequired\":true,\"valueName\":\"search_term_string\"}}],\"inLanguage\":\"tr\"}]}<\/script>\n<!-- \/ Yoast SEO plugin. -->","yoast_head_json":{"title":"Melbet Siber Devre \u2014 CS2 Bahislerine Cihazlar ve Bedava Bahisler","description":"Melbet'ten Siber Devre \u2014 en iyi CS2 turnuvalar\u0131nda (1.5+ oranla) 100 TRY ve \u00fczeri bahisler yaparak bilet kazan\u0131n: 100 TRY i\u00e7in 1 bilet, 2900 TRY ve \u00fczeri i\u00e7in 170 bilete kadar. MacBook Pro M4 Max, iPhone 17 Pro Max, PS5 Pro, Xbox Series X, Logitech oyuncu ekipmanlar\u0131 + 3500 TRY'ye kadar bedava bahisler ve bonus puanlar kazan\u0131n \u2014 her a\u015famadan sonra \u00e7ekili\u015fle \u00f6d\u00fcller verilecektir!","robots":{"index":"index","follow":"follow","max-snippet":"max-snippet:-1","max-image-preview":"max-image-preview:large","max-video-preview":"max-video-preview:-1"},"og_locale":"tr_TR","og_type":"article","og_title":"Melbet Siber Devre \u2014 CS2 Bahislerine Cihazlar ve Bedava Bahisler","og_description":"Melbet'ten Siber Devre \u2014 en iyi CS2 turnuvalar\u0131nda (1.5+ oranla) 100 TRY ve \u00fczeri bahisler yaparak bilet kazan\u0131n: 100 TRY i\u00e7in 1 bilet, 2900 TRY ve \u00fczeri i\u00e7in 170 bilete kadar. MacBook Pro M4 Max, iPhone 17 Pro Max, PS5 Pro, Xbox Series X, Logitech oyuncu ekipmanlar\u0131 + 3500 TRY'ye kadar bedava bahisler ve bonus puanlar kazan\u0131n \u2014 her a\u015famadan sonra \u00e7ekili\u015fle \u00f6d\u00fcller verilecektir!","og_url":"https:\/\/melbet.plus\/tr\/bonus\/cyber-circuit\/","og_site_name":"Melbet tr","article_modified_time":"2026-05-12T05:48:41+00:00","twitter_card":"summary_large_image","schema":{"@context":"https:\/\/schema.org","@graph":[{"@type":"WebPage","@id":"https:\/\/melbet.plus\/tr\/bonus\/cyber-circuit\/","url":"https:\/\/melbet.plus\/tr\/bonus\/cyber-circuit\/","name":"Melbet Siber Devre \u2014 CS2 Bahislerine Cihazlar ve Bedava Bahisler","isPartOf":{"@id":"https:\/\/melbet.plus\/tr\/#website"},"datePublished":"2026-04-14T13:01:32+00:00","dateModified":"2026-05-12T05:48:41+00:00","description":"Melbet'ten Siber Devre \u2014 en iyi CS2 turnuvalar\u0131nda (1.5+ oranla) 100 TRY ve \u00fczeri bahisler yaparak bilet kazan\u0131n: 100 TRY i\u00e7in 1 bilet, 2900 TRY ve \u00fczeri i\u00e7in 170 bilete kadar. MacBook Pro M4 Max, iPhone 17 Pro Max, PS5 Pro, Xbox Series X, Logitech oyuncu ekipmanlar\u0131 + 3500 TRY'ye kadar bedava bahisler ve bonus puanlar kazan\u0131n \u2014 her a\u015famadan sonra \u00e7ekili\u015fle \u00f6d\u00fcller verilecektir!","breadcrumb":{"@id":"https:\/\/melbet.plus\/tr\/bonus\/cyber-circuit\/#breadcrumb"},"inLanguage":"tr","potentialAction":[{"@type":"ReadAction","target":["https:\/\/melbet.plus\/tr\/bonus\/cyber-circuit\/"]}]},{"@type":"BreadcrumbList","@id":"https:\/\/melbet.plus\/tr\/bonus\/cyber-circuit\/#breadcrumb","itemListElement":[{"@type":"ListItem","position":1,"name":"Home","item":"https:\/\/melbet.plus\/tr\/"},{"@type":"ListItem","position":2,"name":"Bonuslar","item":"https:\/\/melbet.plus\/tr\/bonus\/"},{"@type":"ListItem","position":3,"name":"Siber Devre"}]},{"@type":"WebSite","@id":"https:\/\/melbet.plus\/tr\/#website","url":"https:\/\/melbet.plus\/tr\/","name":"Melbet tr","description":"My WordPress Blog","potentialAction":[{"@type":"SearchAction","target":{"@type":"EntryPoint","urlTemplate":"https:\/\/melbet.plus\/tr\/?s={search_term_string}"},"query-input":{"@type":"PropertyValueSpecification","valueRequired":true,"valueName":"search_term_string"}}],"inLanguage":"tr"}]}},"_links":{"self":[{"href":"https:\/\/melbet.plus\/tr\/wp-json\/wp\/v2\/pages\/1239","targetHints":{"allow":["GET"]}}],"collection":[{"href":"https:\/\/melbet.plus\/tr\/wp-json\/wp\/v2\/pages"}],"about":[{"href":"https:\/\/melbet.plus\/tr\/wp-json\/wp\/v2\/types\/page"}],"author":[{"embeddable":true,"href":"https:\/\/melbet.plus\/tr\/wp-json\/wp\/v2\/users\/1"}],"replies":[{"embeddable":true,"href":"https:\/\/melbet.plus\/tr\/wp-json\/wp\/v2\/comments?post=1239"}],"version-history":[{"count":5,"href":"https:\/\/melbet.plus\/tr\/wp-json\/wp\/v2\/pages\/1239\/revisions"}],"predecessor-version":[{"id":1450,"href":"https:\/\/melbet.plus\/tr\/wp-json\/wp\/v2\/pages\/1239\/revisions\/1450"}],"up":[{"embeddable":true,"href":"https:\/\/melbet.plus\/tr\/wp-json\/wp\/v2\/pages\/152"}],"wp:attachment":[{"href":"https:\/\/melbet.plus\/tr\/wp-json\/wp\/v2\/media?parent=1239"}],"curies":[{"name":"wp","href":"https:\/\/api.w.org\/{rel}","templated":true}]}}