{"id":1235,"date":"2026-04-14T12:03:12","date_gmt":"2026-04-14T12:03:12","guid":{"rendered":"https:\/\/melbet.plus\/tr\/?page_id=1235"},"modified":"2026-05-12T06:10:04","modified_gmt":"2026-05-12T06:10:04","slug":"match-point-legends","status":"publish","type":"page","link":"https:\/\/melbet.plus\/tr\/bonus\/match-point-legends\/","title":{"rendered":"Ma\u00e7 Puan\u0131 Efsaneleri"},"content":{"rendered":"","protected":false},"excerpt":{"rendered":"","protected":false},"author":1,"featured_media":0,"parent":152,"menu_order":0,"comment_status":"closed","ping_status":"closed","template":"","meta":{"inline_featured_image":false,"footnotes":""},"class_list":["post-1235","page","type-page","status-publish","hentry"],"yoast_head":"<!-- This site is optimized with the Yoast SEO plugin v27.6 - https:\/\/yoast.com\/product\/yoast-seo-wordpress\/ -->\n<title>Ma\u00e7 Puan\u0131 Efsaneler \u2014 Melbet&#039;te Tenis Bahisleri i\u00e7in \u00d6d\u00fcller<\/title>\n<meta name=\"description\" content=\"Ma\u00e7 Puan\u0131 Efsaneleri Melbet \u2014 Avustralya A\u00e7\u0131k, Roland Garros, Wimbledon ve ABD A\u00e7\u0131k ma\u00e7lar\u0131na 100 TRY veya daha fazla tutarda bahis yaparak bilet kazan\u0131n. Her turnuvadan sonra yap\u0131lacak \u00e7ekili\u015flerde iPhone 17 Pro Max, iPad, PS5 Slim, ak\u0131ll\u0131 saat + bonus puanlar (5.000&#039;e kadar) ve bedava bahis kazanma \u015fans\u0131 yakalay\u0131n!\" \/>\n<meta name=\"robots\" content=\"index, follow, max-snippet:-1, max-image-preview:large, max-video-preview:-1\" \/>\n<meta property=\"og:locale\" content=\"tr_TR\" \/>\n<meta property=\"og:type\" content=\"article\" \/>\n<meta property=\"og:title\" content=\"Ma\u00e7 Puan\u0131 Efsaneler \u2014 Melbet&#039;te Tenis Bahisleri i\u00e7in \u00d6d\u00fcller\" \/>\n<meta property=\"og:description\" content=\"Ma\u00e7 Puan\u0131 Efsaneleri Melbet \u2014 Avustralya A\u00e7\u0131k, Roland Garros, Wimbledon ve ABD A\u00e7\u0131k ma\u00e7lar\u0131na 100 TRY veya daha fazla tutarda bahis yaparak bilet kazan\u0131n. Her turnuvadan sonra yap\u0131lacak \u00e7ekili\u015flerde iPhone 17 Pro Max, iPad, PS5 Slim, ak\u0131ll\u0131 saat + bonus puanlar (5.000&#039;e kadar) ve bedava bahis kazanma \u015fans\u0131 yakalay\u0131n!\" \/>\n<meta property=\"og:url\" content=\"https:\/\/melbet.plus\/tr\/bonus\/match-point-legends\/\" \/>\n<meta property=\"og:site_name\" content=\"Melbet tr\" \/>\n<meta property=\"article:modified_time\" content=\"2026-05-12T06:10:04+00:00\" \/>\n<meta name=\"twitter:card\" content=\"summary_large_image\" \/>\n<script type=\"application\/ld+json\" class=\"yoast-schema-graph\">{\"@context\":\"https:\\\/\\\/schema.org\",\"@graph\":[{\"@type\":\"WebPage\",\"@id\":\"https:\\\/\\\/melbet.plus\\\/tr\\\/bonus\\\/match-point-legends\\\/\",\"url\":\"https:\\\/\\\/melbet.plus\\\/tr\\\/bonus\\\/match-point-legends\\\/\",\"name\":\"Ma\u00e7 Puan\u0131 Efsaneler \u2014 Melbet'te Tenis Bahisleri i\u00e7in \u00d6d\u00fcller\",\"isPartOf\":{\"@id\":\"https:\\\/\\\/melbet.plus\\\/tr\\\/#website\"},\"datePublished\":\"2026-04-14T12:03:12+00:00\",\"dateModified\":\"2026-05-12T06:10:04+00:00\",\"description\":\"Ma\u00e7 Puan\u0131 Efsaneleri Melbet \u2014 Avustralya A\u00e7\u0131k, Roland Garros, Wimbledon ve ABD A\u00e7\u0131k ma\u00e7lar\u0131na 100 TRY veya daha fazla tutarda bahis yaparak bilet kazan\u0131n. Her turnuvadan sonra yap\u0131lacak \u00e7ekili\u015flerde iPhone 17 Pro Max, iPad, PS5 Slim, ak\u0131ll\u0131 saat + bonus puanlar (5.000'e kadar) ve bedava bahis kazanma \u015fans\u0131 yakalay\u0131n!\",\"breadcrumb\":{\"@id\":\"https:\\\/\\\/melbet.plus\\\/tr\\\/bonus\\\/match-point-legends\\\/#breadcrumb\"},\"inLanguage\":\"tr\",\"potentialAction\":[{\"@type\":\"ReadAction\",\"target\":[\"https:\\\/\\\/melbet.plus\\\/tr\\\/bonus\\\/match-point-legends\\\/\"]}]},{\"@type\":\"BreadcrumbList\",\"@id\":\"https:\\\/\\\/melbet.plus\\\/tr\\\/bonus\\\/match-point-legends\\\/#breadcrumb\",\"itemListElement\":[{\"@type\":\"ListItem\",\"position\":1,\"name\":\"Home\",\"item\":\"https:\\\/\\\/melbet.plus\\\/tr\\\/\"},{\"@type\":\"ListItem\",\"position\":2,\"name\":\"Bonuslar\",\"item\":\"https:\\\/\\\/melbet.plus\\\/tr\\\/bonus\\\/\"},{\"@type\":\"ListItem\",\"position\":3,\"name\":\"Ma\u00e7 Puan\u0131 Efsaneleri\"}]},{\"@type\":\"WebSite\",\"@id\":\"https:\\\/\\\/melbet.plus\\\/tr\\\/#website\",\"url\":\"https:\\\/\\\/melbet.plus\\\/tr\\\/\",\"name\":\"Melbet tr\",\"description\":\"My WordPress Blog\",\"potentialAction\":[{\"@type\":\"SearchAction\",\"target\":{\"@type\":\"EntryPoint\",\"urlTemplate\":\"https:\\\/\\\/melbet.plus\\\/tr\\\/?s={search_term_string}\"},\"query-input\":{\"@type\":\"PropertyValueSpecification\",\"valueRequired\":true,\"valueName\":\"search_term_string\"}}],\"inLanguage\":\"tr\"}]}<\/script>\n<!-- \/ Yoast SEO plugin. -->","yoast_head_json":{"title":"Ma\u00e7 Puan\u0131 Efsaneler \u2014 Melbet'te Tenis Bahisleri i\u00e7in \u00d6d\u00fcller","description":"Ma\u00e7 Puan\u0131 Efsaneleri Melbet \u2014 Avustralya A\u00e7\u0131k, Roland Garros, Wimbledon ve ABD A\u00e7\u0131k ma\u00e7lar\u0131na 100 TRY veya daha fazla tutarda bahis yaparak bilet kazan\u0131n. Her turnuvadan sonra yap\u0131lacak \u00e7ekili\u015flerde iPhone 17 Pro Max, iPad, PS5 Slim, ak\u0131ll\u0131 saat + bonus puanlar (5.000'e kadar) ve bedava bahis kazanma \u015fans\u0131 yakalay\u0131n!","robots":{"index":"index","follow":"follow","max-snippet":"max-snippet:-1","max-image-preview":"max-image-preview:large","max-video-preview":"max-video-preview:-1"},"og_locale":"tr_TR","og_type":"article","og_title":"Ma\u00e7 Puan\u0131 Efsaneler \u2014 Melbet'te Tenis Bahisleri i\u00e7in \u00d6d\u00fcller","og_description":"Ma\u00e7 Puan\u0131 Efsaneleri Melbet \u2014 Avustralya A\u00e7\u0131k, Roland Garros, Wimbledon ve ABD A\u00e7\u0131k ma\u00e7lar\u0131na 100 TRY veya daha fazla tutarda bahis yaparak bilet kazan\u0131n. Her turnuvadan sonra yap\u0131lacak \u00e7ekili\u015flerde iPhone 17 Pro Max, iPad, PS5 Slim, ak\u0131ll\u0131 saat + bonus puanlar (5.000'e kadar) ve bedava bahis kazanma \u015fans\u0131 yakalay\u0131n!","og_url":"https:\/\/melbet.plus\/tr\/bonus\/match-point-legends\/","og_site_name":"Melbet tr","article_modified_time":"2026-05-12T06:10:04+00:00","twitter_card":"summary_large_image","schema":{"@context":"https:\/\/schema.org","@graph":[{"@type":"WebPage","@id":"https:\/\/melbet.plus\/tr\/bonus\/match-point-legends\/","url":"https:\/\/melbet.plus\/tr\/bonus\/match-point-legends\/","name":"Ma\u00e7 Puan\u0131 Efsaneler \u2014 Melbet'te Tenis Bahisleri i\u00e7in \u00d6d\u00fcller","isPartOf":{"@id":"https:\/\/melbet.plus\/tr\/#website"},"datePublished":"2026-04-14T12:03:12+00:00","dateModified":"2026-05-12T06:10:04+00:00","description":"Ma\u00e7 Puan\u0131 Efsaneleri Melbet \u2014 Avustralya A\u00e7\u0131k, Roland Garros, Wimbledon ve ABD A\u00e7\u0131k ma\u00e7lar\u0131na 100 TRY veya daha fazla tutarda bahis yaparak bilet kazan\u0131n. Her turnuvadan sonra yap\u0131lacak \u00e7ekili\u015flerde iPhone 17 Pro Max, iPad, PS5 Slim, ak\u0131ll\u0131 saat + bonus puanlar (5.000'e kadar) ve bedava bahis kazanma \u015fans\u0131 yakalay\u0131n!","breadcrumb":{"@id":"https:\/\/melbet.plus\/tr\/bonus\/match-point-legends\/#breadcrumb"},"inLanguage":"tr","potentialAction":[{"@type":"ReadAction","target":["https:\/\/melbet.plus\/tr\/bonus\/match-point-legends\/"]}]},{"@type":"BreadcrumbList","@id":"https:\/\/melbet.plus\/tr\/bonus\/match-point-legends\/#breadcrumb","itemListElement":[{"@type":"ListItem","position":1,"name":"Home","item":"https:\/\/melbet.plus\/tr\/"},{"@type":"ListItem","position":2,"name":"Bonuslar","item":"https:\/\/melbet.plus\/tr\/bonus\/"},{"@type":"ListItem","position":3,"name":"Ma\u00e7 Puan\u0131 Efsaneleri"}]},{"@type":"WebSite","@id":"https:\/\/melbet.plus\/tr\/#website","url":"https:\/\/melbet.plus\/tr\/","name":"Melbet tr","description":"My WordPress Blog","potentialAction":[{"@type":"SearchAction","target":{"@type":"EntryPoint","urlTemplate":"https:\/\/melbet.plus\/tr\/?s={search_term_string}"},"query-input":{"@type":"PropertyValueSpecification","valueRequired":true,"valueName":"search_term_string"}}],"inLanguage":"tr"}]}},"_links":{"self":[{"href":"https:\/\/melbet.plus\/tr\/wp-json\/wp\/v2\/pages\/1235","targetHints":{"allow":["GET"]}}],"collection":[{"href":"https:\/\/melbet.plus\/tr\/wp-json\/wp\/v2\/pages"}],"about":[{"href":"https:\/\/melbet.plus\/tr\/wp-json\/wp\/v2\/types\/page"}],"author":[{"embeddable":true,"href":"https:\/\/melbet.plus\/tr\/wp-json\/wp\/v2\/users\/1"}],"replies":[{"embeddable":true,"href":"https:\/\/melbet.plus\/tr\/wp-json\/wp\/v2\/comments?post=1235"}],"version-history":[{"count":5,"href":"https:\/\/melbet.plus\/tr\/wp-json\/wp\/v2\/pages\/1235\/revisions"}],"predecessor-version":[{"id":1449,"href":"https:\/\/melbet.plus\/tr\/wp-json\/wp\/v2\/pages\/1235\/revisions\/1449"}],"up":[{"embeddable":true,"href":"https:\/\/melbet.plus\/tr\/wp-json\/wp\/v2\/pages\/152"}],"wp:attachment":[{"href":"https:\/\/melbet.plus\/tr\/wp-json\/wp\/v2\/media?parent=1235"}],"curies":[{"name":"wp","href":"https:\/\/api.w.org\/{rel}","templated":true}]}}