{"id":1224,"date":"2026-04-13T17:04:53","date_gmt":"2026-04-13T17:04:53","guid":{"rendered":"https:\/\/melbet.plus\/tr\/?page_id=1224"},"modified":"2026-05-12T06:17:03","modified_gmt":"2026-05-12T06:17:03","slug":"basket-bonus-back","status":"publish","type":"page","link":"https:\/\/melbet.plus\/tr\/bonus\/basket-bonus-back\/","title":{"rendered":"Sepet Bonusu Geri \u00d6demesi"},"content":{"rendered":"","protected":false},"excerpt":{"rendered":"","protected":false},"author":1,"featured_media":0,"parent":152,"menu_order":0,"comment_status":"closed","ping_status":"closed","template":"","meta":{"inline_featured_image":false,"footnotes":""},"class_list":["post-1224","page","type-page","status-publish","hentry"],"yoast_head":"<!-- This site is optimized with the Yoast SEO plugin v27.6 - https:\/\/yoast.com\/product\/yoast-seo-wordpress\/ -->\n<title>Melbet Basket Geri \u00d6demesi \u2014 \u2019ye Varan Bedava Bahis<\/title>\n<meta name=\"description\" content=\"Melbet Basketbol Bonusu Geri \u00d6demesi \u2014 2025\/26 sezonu NBA ma\u00e7lar\u0131na 100 TRY veya daha fazla tutarda bahis yap\u0131n (Pzt\u2013Paz) ve sonraki hafta bedava bahis kazan\u0131n: 200 TRY veya \u00fczerine , 500 TRY veya \u00fczerine , 900 TRY veya \u00fczerine . Kay\u0131t olun, \u2018Kat\u0131l\u2019 butonuna t\u0131klay\u0131n ve favori liginizde bedava bahisleri kap\u0131n!\" \/>\n<meta name=\"robots\" content=\"index, follow, max-snippet:-1, max-image-preview:large, max-video-preview:-1\" \/>\n<meta property=\"og:locale\" content=\"tr_TR\" \/>\n<meta property=\"og:type\" content=\"article\" \/>\n<meta property=\"og:title\" content=\"Melbet Basket Geri \u00d6demesi \u2014 \u2019ye Varan Bedava Bahis\" \/>\n<meta property=\"og:description\" content=\"Melbet Basketbol Bonusu Geri \u00d6demesi \u2014 2025\/26 sezonu NBA ma\u00e7lar\u0131na 100 TRY veya daha fazla tutarda bahis yap\u0131n (Pzt\u2013Paz) ve sonraki hafta bedava bahis kazan\u0131n: 200 TRY veya \u00fczerine , 500 TRY veya \u00fczerine , 900 TRY veya \u00fczerine . Kay\u0131t olun, \u2018Kat\u0131l\u2019 butonuna t\u0131klay\u0131n ve favori liginizde bedava bahisleri kap\u0131n!\" \/>\n<meta property=\"og:url\" content=\"https:\/\/melbet.plus\/tr\/bonus\/basket-bonus-back\/\" \/>\n<meta property=\"og:site_name\" content=\"Melbet tr\" \/>\n<meta property=\"article:modified_time\" content=\"2026-05-12T06:17:03+00:00\" \/>\n<meta name=\"twitter:card\" content=\"summary_large_image\" \/>\n<script type=\"application\/ld+json\" class=\"yoast-schema-graph\">{\"@context\":\"https:\\\/\\\/schema.org\",\"@graph\":[{\"@type\":\"WebPage\",\"@id\":\"https:\\\/\\\/melbet.plus\\\/tr\\\/bonus\\\/basket-bonus-back\\\/\",\"url\":\"https:\\\/\\\/melbet.plus\\\/tr\\\/bonus\\\/basket-bonus-back\\\/\",\"name\":\"Melbet Basket Geri \u00d6demesi \u2014 \u2019ye Varan Bedava Bahis\",\"isPartOf\":{\"@id\":\"https:\\\/\\\/melbet.plus\\\/tr\\\/#website\"},\"datePublished\":\"2026-04-13T17:04:53+00:00\",\"dateModified\":\"2026-05-12T06:17:03+00:00\",\"description\":\"Melbet Basketbol Bonusu Geri \u00d6demesi \u2014 2025\\\/26 sezonu NBA ma\u00e7lar\u0131na 100 TRY veya daha fazla tutarda bahis yap\u0131n (Pzt\u2013Paz) ve sonraki hafta bedava bahis kazan\u0131n: 200 TRY veya \u00fczerine , 500 TRY veya \u00fczerine , 900 TRY veya \u00fczerine . Kay\u0131t olun, \u2018Kat\u0131l\u2019 butonuna t\u0131klay\u0131n ve favori liginizde bedava bahisleri kap\u0131n!\",\"breadcrumb\":{\"@id\":\"https:\\\/\\\/melbet.plus\\\/tr\\\/bonus\\\/basket-bonus-back\\\/#breadcrumb\"},\"inLanguage\":\"tr\",\"potentialAction\":[{\"@type\":\"ReadAction\",\"target\":[\"https:\\\/\\\/melbet.plus\\\/tr\\\/bonus\\\/basket-bonus-back\\\/\"]}]},{\"@type\":\"BreadcrumbList\",\"@id\":\"https:\\\/\\\/melbet.plus\\\/tr\\\/bonus\\\/basket-bonus-back\\\/#breadcrumb\",\"itemListElement\":[{\"@type\":\"ListItem\",\"position\":1,\"name\":\"Home\",\"item\":\"https:\\\/\\\/melbet.plus\\\/tr\\\/\"},{\"@type\":\"ListItem\",\"position\":2,\"name\":\"Bonuslar\",\"item\":\"https:\\\/\\\/melbet.plus\\\/tr\\\/bonus\\\/\"},{\"@type\":\"ListItem\",\"position\":3,\"name\":\"Sepet Bonusu Geri \u00d6demesi\"}]},{\"@type\":\"WebSite\",\"@id\":\"https:\\\/\\\/melbet.plus\\\/tr\\\/#website\",\"url\":\"https:\\\/\\\/melbet.plus\\\/tr\\\/\",\"name\":\"Melbet tr\",\"description\":\"My WordPress Blog\",\"potentialAction\":[{\"@type\":\"SearchAction\",\"target\":{\"@type\":\"EntryPoint\",\"urlTemplate\":\"https:\\\/\\\/melbet.plus\\\/tr\\\/?s={search_term_string}\"},\"query-input\":{\"@type\":\"PropertyValueSpecification\",\"valueRequired\":true,\"valueName\":\"search_term_string\"}}],\"inLanguage\":\"tr\"}]}<\/script>\n<!-- \/ Yoast SEO plugin. -->","yoast_head_json":{"title":"Melbet Basket Geri \u00d6demesi \u2014 \u2019ye Varan Bedava Bahis","description":"Melbet Basketbol Bonusu Geri \u00d6demesi \u2014 2025\/26 sezonu NBA ma\u00e7lar\u0131na 100 TRY veya daha fazla tutarda bahis yap\u0131n (Pzt\u2013Paz) ve sonraki hafta bedava bahis kazan\u0131n: 200 TRY veya \u00fczerine , 500 TRY veya \u00fczerine , 900 TRY veya \u00fczerine . Kay\u0131t olun, \u2018Kat\u0131l\u2019 butonuna t\u0131klay\u0131n ve favori liginizde bedava bahisleri kap\u0131n!","robots":{"index":"index","follow":"follow","max-snippet":"max-snippet:-1","max-image-preview":"max-image-preview:large","max-video-preview":"max-video-preview:-1"},"og_locale":"tr_TR","og_type":"article","og_title":"Melbet Basket Geri \u00d6demesi \u2014 \u2019ye Varan Bedava Bahis","og_description":"Melbet Basketbol Bonusu Geri \u00d6demesi \u2014 2025\/26 sezonu NBA ma\u00e7lar\u0131na 100 TRY veya daha fazla tutarda bahis yap\u0131n (Pzt\u2013Paz) ve sonraki hafta bedava bahis kazan\u0131n: 200 TRY veya \u00fczerine , 500 TRY veya \u00fczerine , 900 TRY veya \u00fczerine . Kay\u0131t olun, \u2018Kat\u0131l\u2019 butonuna t\u0131klay\u0131n ve favori liginizde bedava bahisleri kap\u0131n!","og_url":"https:\/\/melbet.plus\/tr\/bonus\/basket-bonus-back\/","og_site_name":"Melbet tr","article_modified_time":"2026-05-12T06:17:03+00:00","twitter_card":"summary_large_image","schema":{"@context":"https:\/\/schema.org","@graph":[{"@type":"WebPage","@id":"https:\/\/melbet.plus\/tr\/bonus\/basket-bonus-back\/","url":"https:\/\/melbet.plus\/tr\/bonus\/basket-bonus-back\/","name":"Melbet Basket Geri \u00d6demesi \u2014 \u2019ye Varan Bedava Bahis","isPartOf":{"@id":"https:\/\/melbet.plus\/tr\/#website"},"datePublished":"2026-04-13T17:04:53+00:00","dateModified":"2026-05-12T06:17:03+00:00","description":"Melbet Basketbol Bonusu Geri \u00d6demesi \u2014 2025\/26 sezonu NBA ma\u00e7lar\u0131na 100 TRY veya daha fazla tutarda bahis yap\u0131n (Pzt\u2013Paz) ve sonraki hafta bedava bahis kazan\u0131n: 200 TRY veya \u00fczerine , 500 TRY veya \u00fczerine , 900 TRY veya \u00fczerine . Kay\u0131t olun, \u2018Kat\u0131l\u2019 butonuna t\u0131klay\u0131n ve favori liginizde bedava bahisleri kap\u0131n!","breadcrumb":{"@id":"https:\/\/melbet.plus\/tr\/bonus\/basket-bonus-back\/#breadcrumb"},"inLanguage":"tr","potentialAction":[{"@type":"ReadAction","target":["https:\/\/melbet.plus\/tr\/bonus\/basket-bonus-back\/"]}]},{"@type":"BreadcrumbList","@id":"https:\/\/melbet.plus\/tr\/bonus\/basket-bonus-back\/#breadcrumb","itemListElement":[{"@type":"ListItem","position":1,"name":"Home","item":"https:\/\/melbet.plus\/tr\/"},{"@type":"ListItem","position":2,"name":"Bonuslar","item":"https:\/\/melbet.plus\/tr\/bonus\/"},{"@type":"ListItem","position":3,"name":"Sepet Bonusu Geri \u00d6demesi"}]},{"@type":"WebSite","@id":"https:\/\/melbet.plus\/tr\/#website","url":"https:\/\/melbet.plus\/tr\/","name":"Melbet tr","description":"My WordPress Blog","potentialAction":[{"@type":"SearchAction","target":{"@type":"EntryPoint","urlTemplate":"https:\/\/melbet.plus\/tr\/?s={search_term_string}"},"query-input":{"@type":"PropertyValueSpecification","valueRequired":true,"valueName":"search_term_string"}}],"inLanguage":"tr"}]}},"_links":{"self":[{"href":"https:\/\/melbet.plus\/tr\/wp-json\/wp\/v2\/pages\/1224","targetHints":{"allow":["GET"]}}],"collection":[{"href":"https:\/\/melbet.plus\/tr\/wp-json\/wp\/v2\/pages"}],"about":[{"href":"https:\/\/melbet.plus\/tr\/wp-json\/wp\/v2\/types\/page"}],"author":[{"embeddable":true,"href":"https:\/\/melbet.plus\/tr\/wp-json\/wp\/v2\/users\/1"}],"replies":[{"embeddable":true,"href":"https:\/\/melbet.plus\/tr\/wp-json\/wp\/v2\/comments?post=1224"}],"version-history":[{"count":4,"href":"https:\/\/melbet.plus\/tr\/wp-json\/wp\/v2\/pages\/1224\/revisions"}],"predecessor-version":[{"id":1364,"href":"https:\/\/melbet.plus\/tr\/wp-json\/wp\/v2\/pages\/1224\/revisions\/1364"}],"up":[{"embeddable":true,"href":"https:\/\/melbet.plus\/tr\/wp-json\/wp\/v2\/pages\/152"}],"wp:attachment":[{"href":"https:\/\/melbet.plus\/tr\/wp-json\/wp\/v2\/media?parent=1224"}],"curies":[{"name":"wp","href":"https:\/\/api.w.org\/{rel}","templated":true}]}}