{"id":1199,"date":"2026-04-13T13:44:53","date_gmt":"2026-04-13T13:44:53","guid":{"rendered":"https:\/\/melbet.plus\/tr\/?page_id=1199"},"modified":"2026-05-12T06:05:21","modified_gmt":"2026-05-12T06:05:21","slug":"champions-combo","status":"publish","type":"page","link":"https:\/\/melbet.plus\/tr\/bonus\/champions-combo\/","title":{"rendered":"\u015eampiyon Kombinasyonu"},"content":{"rendered":"","protected":false},"excerpt":{"rendered":"","protected":false},"author":1,"featured_media":0,"parent":152,"menu_order":0,"comment_status":"closed","ping_status":"closed","template":"","meta":{"inline_featured_image":false,"footnotes":""},"class_list":["post-1199","page","type-page","status-publish","hentry"],"yoast_head":"<!-- This site is optimized with the Yoast SEO plugin v27.6 - https:\/\/yoast.com\/product\/yoast-seo-wordpress\/ -->\n<title>Melbet \u015eampiyon Kombinesi \u2014 Futbol Bahisleriyle \u00d6d\u00fcller Kazan\u0131n<\/title>\n<meta name=\"description\" content=\"Melbet \u015eampiyon Kombinesi \u2014 en iyi liglerde (Premier League, La Liga, Serie A, Bundesliga, Ligue 1) 100 TRY ve \u00fczeri bahisler yaparak promosyon biletleri kazan\u0131n. Kay\u0131t olun, \u2018Kat\u0131l\u2019 butonuna t\u0131klay\u0131n ve bonuslar, teknolojik aletler ile ak\u0131ll\u0131 telefonlar kazan\u0131n \u2014 daha fazla gol ve bahis, daha iyi \u00f6d\u00fcller demektir!\" \/>\n<meta name=\"robots\" content=\"index, follow, max-snippet:-1, max-image-preview:large, max-video-preview:-1\" \/>\n<meta property=\"og:locale\" content=\"tr_TR\" \/>\n<meta property=\"og:type\" content=\"article\" \/>\n<meta property=\"og:title\" content=\"Melbet \u015eampiyon Kombinesi \u2014 Futbol Bahisleriyle \u00d6d\u00fcller Kazan\u0131n\" \/>\n<meta property=\"og:description\" content=\"Melbet \u015eampiyon Kombinesi \u2014 en iyi liglerde (Premier League, La Liga, Serie A, Bundesliga, Ligue 1) 100 TRY ve \u00fczeri bahisler yaparak promosyon biletleri kazan\u0131n. Kay\u0131t olun, \u2018Kat\u0131l\u2019 butonuna t\u0131klay\u0131n ve bonuslar, teknolojik aletler ile ak\u0131ll\u0131 telefonlar kazan\u0131n \u2014 daha fazla gol ve bahis, daha iyi \u00f6d\u00fcller demektir!\" \/>\n<meta property=\"og:url\" content=\"https:\/\/melbet.plus\/tr\/bonus\/champions-combo\/\" \/>\n<meta property=\"og:site_name\" content=\"Melbet tr\" \/>\n<meta property=\"article:modified_time\" content=\"2026-05-12T06:05:21+00:00\" \/>\n<meta name=\"twitter:card\" content=\"summary_large_image\" \/>\n<script type=\"application\/ld+json\" class=\"yoast-schema-graph\">{\"@context\":\"https:\\\/\\\/schema.org\",\"@graph\":[{\"@type\":\"WebPage\",\"@id\":\"https:\\\/\\\/melbet.plus\\\/tr\\\/bonus\\\/champions-combo\\\/\",\"url\":\"https:\\\/\\\/melbet.plus\\\/tr\\\/bonus\\\/champions-combo\\\/\",\"name\":\"Melbet \u015eampiyon Kombinesi \u2014 Futbol Bahisleriyle \u00d6d\u00fcller Kazan\u0131n\",\"isPartOf\":{\"@id\":\"https:\\\/\\\/melbet.plus\\\/tr\\\/#website\"},\"datePublished\":\"2026-04-13T13:44:53+00:00\",\"dateModified\":\"2026-05-12T06:05:21+00:00\",\"description\":\"Melbet \u015eampiyon Kombinesi \u2014 en iyi liglerde (Premier League, La Liga, Serie A, Bundesliga, Ligue 1) 100 TRY ve \u00fczeri bahisler yaparak promosyon biletleri kazan\u0131n. Kay\u0131t olun, \u2018Kat\u0131l\u2019 butonuna t\u0131klay\u0131n ve bonuslar, teknolojik aletler ile ak\u0131ll\u0131 telefonlar kazan\u0131n \u2014 daha fazla gol ve bahis, daha iyi \u00f6d\u00fcller demektir!\",\"breadcrumb\":{\"@id\":\"https:\\\/\\\/melbet.plus\\\/tr\\\/bonus\\\/champions-combo\\\/#breadcrumb\"},\"inLanguage\":\"tr\",\"potentialAction\":[{\"@type\":\"ReadAction\",\"target\":[\"https:\\\/\\\/melbet.plus\\\/tr\\\/bonus\\\/champions-combo\\\/\"]}]},{\"@type\":\"BreadcrumbList\",\"@id\":\"https:\\\/\\\/melbet.plus\\\/tr\\\/bonus\\\/champions-combo\\\/#breadcrumb\",\"itemListElement\":[{\"@type\":\"ListItem\",\"position\":1,\"name\":\"Home\",\"item\":\"https:\\\/\\\/melbet.plus\\\/tr\\\/\"},{\"@type\":\"ListItem\",\"position\":2,\"name\":\"Bonuslar\",\"item\":\"https:\\\/\\\/melbet.plus\\\/tr\\\/bonus\\\/\"},{\"@type\":\"ListItem\",\"position\":3,\"name\":\"\u015eampiyon Kombinasyonu\"}]},{\"@type\":\"WebSite\",\"@id\":\"https:\\\/\\\/melbet.plus\\\/tr\\\/#website\",\"url\":\"https:\\\/\\\/melbet.plus\\\/tr\\\/\",\"name\":\"Melbet tr\",\"description\":\"My WordPress Blog\",\"potentialAction\":[{\"@type\":\"SearchAction\",\"target\":{\"@type\":\"EntryPoint\",\"urlTemplate\":\"https:\\\/\\\/melbet.plus\\\/tr\\\/?s={search_term_string}\"},\"query-input\":{\"@type\":\"PropertyValueSpecification\",\"valueRequired\":true,\"valueName\":\"search_term_string\"}}],\"inLanguage\":\"tr\"}]}<\/script>\n<!-- \/ Yoast SEO plugin. -->","yoast_head_json":{"title":"Melbet \u015eampiyon Kombinesi \u2014 Futbol Bahisleriyle \u00d6d\u00fcller Kazan\u0131n","description":"Melbet \u015eampiyon Kombinesi \u2014 en iyi liglerde (Premier League, La Liga, Serie A, Bundesliga, Ligue 1) 100 TRY ve \u00fczeri bahisler yaparak promosyon biletleri kazan\u0131n. Kay\u0131t olun, \u2018Kat\u0131l\u2019 butonuna t\u0131klay\u0131n ve bonuslar, teknolojik aletler ile ak\u0131ll\u0131 telefonlar kazan\u0131n \u2014 daha fazla gol ve bahis, daha iyi \u00f6d\u00fcller demektir!","robots":{"index":"index","follow":"follow","max-snippet":"max-snippet:-1","max-image-preview":"max-image-preview:large","max-video-preview":"max-video-preview:-1"},"og_locale":"tr_TR","og_type":"article","og_title":"Melbet \u015eampiyon Kombinesi \u2014 Futbol Bahisleriyle \u00d6d\u00fcller Kazan\u0131n","og_description":"Melbet \u015eampiyon Kombinesi \u2014 en iyi liglerde (Premier League, La Liga, Serie A, Bundesliga, Ligue 1) 100 TRY ve \u00fczeri bahisler yaparak promosyon biletleri kazan\u0131n. Kay\u0131t olun, \u2018Kat\u0131l\u2019 butonuna t\u0131klay\u0131n ve bonuslar, teknolojik aletler ile ak\u0131ll\u0131 telefonlar kazan\u0131n \u2014 daha fazla gol ve bahis, daha iyi \u00f6d\u00fcller demektir!","og_url":"https:\/\/melbet.plus\/tr\/bonus\/champions-combo\/","og_site_name":"Melbet tr","article_modified_time":"2026-05-12T06:05:21+00:00","twitter_card":"summary_large_image","schema":{"@context":"https:\/\/schema.org","@graph":[{"@type":"WebPage","@id":"https:\/\/melbet.plus\/tr\/bonus\/champions-combo\/","url":"https:\/\/melbet.plus\/tr\/bonus\/champions-combo\/","name":"Melbet \u015eampiyon Kombinesi \u2014 Futbol Bahisleriyle \u00d6d\u00fcller Kazan\u0131n","isPartOf":{"@id":"https:\/\/melbet.plus\/tr\/#website"},"datePublished":"2026-04-13T13:44:53+00:00","dateModified":"2026-05-12T06:05:21+00:00","description":"Melbet \u015eampiyon Kombinesi \u2014 en iyi liglerde (Premier League, La Liga, Serie A, Bundesliga, Ligue 1) 100 TRY ve \u00fczeri bahisler yaparak promosyon biletleri kazan\u0131n. Kay\u0131t olun, \u2018Kat\u0131l\u2019 butonuna t\u0131klay\u0131n ve bonuslar, teknolojik aletler ile ak\u0131ll\u0131 telefonlar kazan\u0131n \u2014 daha fazla gol ve bahis, daha iyi \u00f6d\u00fcller demektir!","breadcrumb":{"@id":"https:\/\/melbet.plus\/tr\/bonus\/champions-combo\/#breadcrumb"},"inLanguage":"tr","potentialAction":[{"@type":"ReadAction","target":["https:\/\/melbet.plus\/tr\/bonus\/champions-combo\/"]}]},{"@type":"BreadcrumbList","@id":"https:\/\/melbet.plus\/tr\/bonus\/champions-combo\/#breadcrumb","itemListElement":[{"@type":"ListItem","position":1,"name":"Home","item":"https:\/\/melbet.plus\/tr\/"},{"@type":"ListItem","position":2,"name":"Bonuslar","item":"https:\/\/melbet.plus\/tr\/bonus\/"},{"@type":"ListItem","position":3,"name":"\u015eampiyon Kombinasyonu"}]},{"@type":"WebSite","@id":"https:\/\/melbet.plus\/tr\/#website","url":"https:\/\/melbet.plus\/tr\/","name":"Melbet tr","description":"My WordPress Blog","potentialAction":[{"@type":"SearchAction","target":{"@type":"EntryPoint","urlTemplate":"https:\/\/melbet.plus\/tr\/?s={search_term_string}"},"query-input":{"@type":"PropertyValueSpecification","valueRequired":true,"valueName":"search_term_string"}}],"inLanguage":"tr"}]}},"_links":{"self":[{"href":"https:\/\/melbet.plus\/tr\/wp-json\/wp\/v2\/pages\/1199","targetHints":{"allow":["GET"]}}],"collection":[{"href":"https:\/\/melbet.plus\/tr\/wp-json\/wp\/v2\/pages"}],"about":[{"href":"https:\/\/melbet.plus\/tr\/wp-json\/wp\/v2\/types\/page"}],"author":[{"embeddable":true,"href":"https:\/\/melbet.plus\/tr\/wp-json\/wp\/v2\/users\/1"}],"replies":[{"embeddable":true,"href":"https:\/\/melbet.plus\/tr\/wp-json\/wp\/v2\/comments?post=1199"}],"version-history":[{"count":5,"href":"https:\/\/melbet.plus\/tr\/wp-json\/wp\/v2\/pages\/1199\/revisions"}],"predecessor-version":[{"id":1448,"href":"https:\/\/melbet.plus\/tr\/wp-json\/wp\/v2\/pages\/1199\/revisions\/1448"}],"up":[{"embeddable":true,"href":"https:\/\/melbet.plus\/tr\/wp-json\/wp\/v2\/pages\/152"}],"wp:attachment":[{"href":"https:\/\/melbet.plus\/tr\/wp-json\/wp\/v2\/media?parent=1199"}],"curies":[{"name":"wp","href":"https:\/\/api.w.org\/{rel}","templated":true}]}}