{"id":1120,"date":"2026-03-25T05:58:18","date_gmt":"2026-03-25T05:58:18","guid":{"rendered":"https:\/\/melbet.plus\/tr\/?page_id=1120"},"modified":"2026-05-04T15:29:19","modified_gmt":"2026-05-04T15:29:19","slug":"plinko","status":"publish","type":"page","link":"https:\/\/melbet.plus\/tr\/plinko\/","title":{"rendered":"Plinko"},"content":{"rendered":"","protected":false},"excerpt":{"rendered":"","protected":false},"author":1,"featured_media":0,"parent":0,"menu_order":0,"comment_status":"closed","ping_status":"closed","template":"","meta":{"inline_featured_image":false,"footnotes":""},"class_list":["post-1120","page","type-page","status-publish","hentry"],"yoast_head":"<!-- This site is optimized with the Yoast SEO plugin v27.5 - https:\/\/yoast.com\/product\/yoast-seo-wordpress\/ -->\n<title>Melbet&#039;te MMA bahisleri \u2014 y\u00fcksek oranlar ve geni\u015f b\u00fclten<\/title>\n<meta name=\"description\" content=\"Melbet Casino&#039;da Plinko. Topun \u00e7iviler aras\u0131nda z\u0131plamas\u0131n\u0131, riskleri ve oranlar\u0131 izleyin \u2013 her z\u0131plamadan slot oyunlar\u0131ndan bile daha fazla keyif al\u0131n. \u00c7ok say\u0131da se\u00e7enek ve ayr\u0131ca \u00e7evrimi\u00e7i demo modu!\" \/>\n<meta name=\"robots\" content=\"index, follow, max-snippet:-1, max-image-preview:large, max-video-preview:-1\" \/>\n<meta property=\"og:locale\" content=\"tr_TR\" \/>\n<meta property=\"og:type\" content=\"article\" \/>\n<meta property=\"og:title\" content=\"Melbet&#039;te MMA bahisleri \u2014 y\u00fcksek oranlar ve geni\u015f b\u00fclten\" \/>\n<meta property=\"og:description\" content=\"Melbet Casino&#039;da Plinko. Topun \u00e7iviler aras\u0131nda z\u0131plamas\u0131n\u0131, riskleri ve oranlar\u0131 izleyin \u2013 her z\u0131plamadan slot oyunlar\u0131ndan bile daha fazla keyif al\u0131n. \u00c7ok say\u0131da se\u00e7enek ve ayr\u0131ca \u00e7evrimi\u00e7i demo modu!\" \/>\n<meta property=\"og:url\" content=\"https:\/\/melbet.plus\/tr\/plinko\/\" \/>\n<meta property=\"og:site_name\" content=\"Melbet tr\" \/>\n<meta property=\"article:modified_time\" content=\"2026-05-04T15:29:19+00:00\" \/>\n<meta name=\"twitter:card\" content=\"summary_large_image\" \/>\n<script type=\"application\/ld+json\" class=\"yoast-schema-graph\">{\"@context\":\"https:\\\/\\\/schema.org\",\"@graph\":[{\"@type\":\"WebPage\",\"@id\":\"https:\\\/\\\/melbet.plus\\\/tr\\\/plinko\\\/\",\"url\":\"https:\\\/\\\/melbet.plus\\\/tr\\\/plinko\\\/\",\"name\":\"Melbet'te MMA bahisleri \u2014 y\u00fcksek oranlar ve geni\u015f b\u00fclten\",\"isPartOf\":{\"@id\":\"https:\\\/\\\/melbet.plus\\\/tr\\\/#website\"},\"datePublished\":\"2026-03-25T05:58:18+00:00\",\"dateModified\":\"2026-05-04T15:29:19+00:00\",\"description\":\"Melbet Casino'da Plinko. Topun \u00e7iviler aras\u0131nda z\u0131plamas\u0131n\u0131, riskleri ve oranlar\u0131 izleyin \u2013 her z\u0131plamadan slot oyunlar\u0131ndan bile daha fazla keyif al\u0131n. \u00c7ok say\u0131da se\u00e7enek ve ayr\u0131ca \u00e7evrimi\u00e7i demo modu!\",\"breadcrumb\":{\"@id\":\"https:\\\/\\\/melbet.plus\\\/tr\\\/plinko\\\/#breadcrumb\"},\"inLanguage\":\"tr\",\"potentialAction\":[{\"@type\":\"ReadAction\",\"target\":[\"https:\\\/\\\/melbet.plus\\\/tr\\\/plinko\\\/\"]}]},{\"@type\":\"BreadcrumbList\",\"@id\":\"https:\\\/\\\/melbet.plus\\\/tr\\\/plinko\\\/#breadcrumb\",\"itemListElement\":[{\"@type\":\"ListItem\",\"position\":1,\"name\":\"Home\",\"item\":\"https:\\\/\\\/melbet.plus\\\/tr\\\/\"},{\"@type\":\"ListItem\",\"position\":2,\"name\":\"Plinko\"}]},{\"@type\":\"WebSite\",\"@id\":\"https:\\\/\\\/melbet.plus\\\/tr\\\/#website\",\"url\":\"https:\\\/\\\/melbet.plus\\\/tr\\\/\",\"name\":\"Melbet tr\",\"description\":\"My WordPress Blog\",\"potentialAction\":[{\"@type\":\"SearchAction\",\"target\":{\"@type\":\"EntryPoint\",\"urlTemplate\":\"https:\\\/\\\/melbet.plus\\\/tr\\\/?s={search_term_string}\"},\"query-input\":{\"@type\":\"PropertyValueSpecification\",\"valueRequired\":true,\"valueName\":\"search_term_string\"}}],\"inLanguage\":\"tr\"}]}<\/script>\n<!-- \/ Yoast SEO plugin. -->","yoast_head_json":{"title":"Melbet'te MMA bahisleri \u2014 y\u00fcksek oranlar ve geni\u015f b\u00fclten","description":"Melbet Casino'da Plinko. Topun \u00e7iviler aras\u0131nda z\u0131plamas\u0131n\u0131, riskleri ve oranlar\u0131 izleyin \u2013 her z\u0131plamadan slot oyunlar\u0131ndan bile daha fazla keyif al\u0131n. \u00c7ok say\u0131da se\u00e7enek ve ayr\u0131ca \u00e7evrimi\u00e7i demo modu!","robots":{"index":"index","follow":"follow","max-snippet":"max-snippet:-1","max-image-preview":"max-image-preview:large","max-video-preview":"max-video-preview:-1"},"og_locale":"tr_TR","og_type":"article","og_title":"Melbet'te MMA bahisleri \u2014 y\u00fcksek oranlar ve geni\u015f b\u00fclten","og_description":"Melbet Casino'da Plinko. Topun \u00e7iviler aras\u0131nda z\u0131plamas\u0131n\u0131, riskleri ve oranlar\u0131 izleyin \u2013 her z\u0131plamadan slot oyunlar\u0131ndan bile daha fazla keyif al\u0131n. \u00c7ok say\u0131da se\u00e7enek ve ayr\u0131ca \u00e7evrimi\u00e7i demo modu!","og_url":"https:\/\/melbet.plus\/tr\/plinko\/","og_site_name":"Melbet tr","article_modified_time":"2026-05-04T15:29:19+00:00","twitter_card":"summary_large_image","schema":{"@context":"https:\/\/schema.org","@graph":[{"@type":"WebPage","@id":"https:\/\/melbet.plus\/tr\/plinko\/","url":"https:\/\/melbet.plus\/tr\/plinko\/","name":"Melbet'te MMA bahisleri \u2014 y\u00fcksek oranlar ve geni\u015f b\u00fclten","isPartOf":{"@id":"https:\/\/melbet.plus\/tr\/#website"},"datePublished":"2026-03-25T05:58:18+00:00","dateModified":"2026-05-04T15:29:19+00:00","description":"Melbet Casino'da Plinko. Topun \u00e7iviler aras\u0131nda z\u0131plamas\u0131n\u0131, riskleri ve oranlar\u0131 izleyin \u2013 her z\u0131plamadan slot oyunlar\u0131ndan bile daha fazla keyif al\u0131n. \u00c7ok say\u0131da se\u00e7enek ve ayr\u0131ca \u00e7evrimi\u00e7i demo modu!","breadcrumb":{"@id":"https:\/\/melbet.plus\/tr\/plinko\/#breadcrumb"},"inLanguage":"tr","potentialAction":[{"@type":"ReadAction","target":["https:\/\/melbet.plus\/tr\/plinko\/"]}]},{"@type":"BreadcrumbList","@id":"https:\/\/melbet.plus\/tr\/plinko\/#breadcrumb","itemListElement":[{"@type":"ListItem","position":1,"name":"Home","item":"https:\/\/melbet.plus\/tr\/"},{"@type":"ListItem","position":2,"name":"Plinko"}]},{"@type":"WebSite","@id":"https:\/\/melbet.plus\/tr\/#website","url":"https:\/\/melbet.plus\/tr\/","name":"Melbet tr","description":"My WordPress Blog","potentialAction":[{"@type":"SearchAction","target":{"@type":"EntryPoint","urlTemplate":"https:\/\/melbet.plus\/tr\/?s={search_term_string}"},"query-input":{"@type":"PropertyValueSpecification","valueRequired":true,"valueName":"search_term_string"}}],"inLanguage":"tr"}]}},"_links":{"self":[{"href":"https:\/\/melbet.plus\/tr\/wp-json\/wp\/v2\/pages\/1120","targetHints":{"allow":["GET"]}}],"collection":[{"href":"https:\/\/melbet.plus\/tr\/wp-json\/wp\/v2\/pages"}],"about":[{"href":"https:\/\/melbet.plus\/tr\/wp-json\/wp\/v2\/types\/page"}],"author":[{"embeddable":true,"href":"https:\/\/melbet.plus\/tr\/wp-json\/wp\/v2\/users\/1"}],"replies":[{"embeddable":true,"href":"https:\/\/melbet.plus\/tr\/wp-json\/wp\/v2\/comments?post=1120"}],"version-history":[{"count":4,"href":"https:\/\/melbet.plus\/tr\/wp-json\/wp\/v2\/pages\/1120\/revisions"}],"predecessor-version":[{"id":1426,"href":"https:\/\/melbet.plus\/tr\/wp-json\/wp\/v2\/pages\/1120\/revisions\/1426"}],"wp:attachment":[{"href":"https:\/\/melbet.plus\/tr\/wp-json\/wp\/v2\/media?parent=1120"}],"curies":[{"name":"wp","href":"https:\/\/api.w.org\/{rel}","templated":true}]}}