{"id":1094,"date":"2026-03-23T09:35:30","date_gmt":"2026-03-23T09:35:30","guid":{"rendered":"https:\/\/melbet.plus\/tr\/?page_id=1094"},"modified":"2026-05-04T12:36:15","modified_gmt":"2026-05-04T12:36:15","slug":"gonzos-quest","status":"publish","type":"page","link":"https:\/\/melbet.plus\/tr\/gonzos-quest\/","title":{"rendered":"Gonzo\u2019s Quest"},"content":{"rendered":"","protected":false},"excerpt":{"rendered":"","protected":false},"author":1,"featured_media":0,"parent":0,"menu_order":0,"comment_status":"closed","ping_status":"closed","template":"","meta":{"inline_featured_image":false,"footnotes":""},"class_list":["post-1094","page","type-page","status-publish","hentry"],"yoast_head":"<!-- This site is optimized with the Yoast SEO plugin v27.6 - https:\/\/yoast.com\/product\/yoast-seo-wordpress\/ -->\n<title>Melbet&#039;te Gonzo\u2019s Quest \u2014 x15 \u00c7arpan ve \u00c7\u0131\u011f Kazan\u00e7lar\u0131<\/title>\n<meta name=\"description\" content=\"Melbet&#039;te NetEnt&#039;in Gonzo\u2019s Quest oyunu \u2014 Avalanche kaskadlar\u0131 ve 15 kata kadar \u00e7arpanlar i\u00e7eren 2010 tarihli bir klasik. Slot oyunlar\u0131 i\u00e7in \u00e7\u0131tay\u0131 y\u00fckselten nostaljik bir hit \u2013 demoyu \u00e7evrimi\u00e7i oynay\u0131n!\" \/>\n<meta name=\"robots\" content=\"index, follow, max-snippet:-1, max-image-preview:large, max-video-preview:-1\" \/>\n<meta property=\"og:locale\" content=\"tr_TR\" \/>\n<meta property=\"og:type\" content=\"article\" \/>\n<meta property=\"og:title\" content=\"Melbet&#039;te Gonzo\u2019s Quest \u2014 x15 \u00c7arpan ve \u00c7\u0131\u011f Kazan\u00e7lar\u0131\" \/>\n<meta property=\"og:description\" content=\"Melbet&#039;te NetEnt&#039;in Gonzo\u2019s Quest oyunu \u2014 Avalanche kaskadlar\u0131 ve 15 kata kadar \u00e7arpanlar i\u00e7eren 2010 tarihli bir klasik. Slot oyunlar\u0131 i\u00e7in \u00e7\u0131tay\u0131 y\u00fckselten nostaljik bir hit \u2013 demoyu \u00e7evrimi\u00e7i oynay\u0131n!\" \/>\n<meta property=\"og:url\" content=\"https:\/\/melbet.plus\/tr\/gonzos-quest\/\" \/>\n<meta property=\"og:site_name\" content=\"Melbet tr\" \/>\n<meta property=\"article:modified_time\" content=\"2026-05-04T12:36:15+00:00\" \/>\n<meta name=\"twitter:card\" content=\"summary_large_image\" \/>\n<script type=\"application\/ld+json\" class=\"yoast-schema-graph\">{\"@context\":\"https:\\\/\\\/schema.org\",\"@graph\":[{\"@type\":\"WebPage\",\"@id\":\"https:\\\/\\\/melbet.plus\\\/tr\\\/gonzos-quest\\\/\",\"url\":\"https:\\\/\\\/melbet.plus\\\/tr\\\/gonzos-quest\\\/\",\"name\":\"Melbet'te Gonzo\u2019s Quest \u2014 x15 \u00c7arpan ve \u00c7\u0131\u011f Kazan\u00e7lar\u0131\",\"isPartOf\":{\"@id\":\"https:\\\/\\\/melbet.plus\\\/tr\\\/#website\"},\"datePublished\":\"2026-03-23T09:35:30+00:00\",\"dateModified\":\"2026-05-04T12:36:15+00:00\",\"description\":\"Melbet'te NetEnt'in Gonzo\u2019s Quest oyunu \u2014 Avalanche kaskadlar\u0131 ve 15 kata kadar \u00e7arpanlar i\u00e7eren 2010 tarihli bir klasik. Slot oyunlar\u0131 i\u00e7in \u00e7\u0131tay\u0131 y\u00fckselten nostaljik bir hit \u2013 demoyu \u00e7evrimi\u00e7i oynay\u0131n!\",\"breadcrumb\":{\"@id\":\"https:\\\/\\\/melbet.plus\\\/tr\\\/gonzos-quest\\\/#breadcrumb\"},\"inLanguage\":\"tr\",\"potentialAction\":[{\"@type\":\"ReadAction\",\"target\":[\"https:\\\/\\\/melbet.plus\\\/tr\\\/gonzos-quest\\\/\"]}]},{\"@type\":\"BreadcrumbList\",\"@id\":\"https:\\\/\\\/melbet.plus\\\/tr\\\/gonzos-quest\\\/#breadcrumb\",\"itemListElement\":[{\"@type\":\"ListItem\",\"position\":1,\"name\":\"Home\",\"item\":\"https:\\\/\\\/melbet.plus\\\/tr\\\/\"},{\"@type\":\"ListItem\",\"position\":2,\"name\":\"Gonzo\u2019s Quest\"}]},{\"@type\":\"WebSite\",\"@id\":\"https:\\\/\\\/melbet.plus\\\/tr\\\/#website\",\"url\":\"https:\\\/\\\/melbet.plus\\\/tr\\\/\",\"name\":\"Melbet tr\",\"description\":\"My WordPress Blog\",\"potentialAction\":[{\"@type\":\"SearchAction\",\"target\":{\"@type\":\"EntryPoint\",\"urlTemplate\":\"https:\\\/\\\/melbet.plus\\\/tr\\\/?s={search_term_string}\"},\"query-input\":{\"@type\":\"PropertyValueSpecification\",\"valueRequired\":true,\"valueName\":\"search_term_string\"}}],\"inLanguage\":\"tr\"}]}<\/script>\n<!-- \/ Yoast SEO plugin. -->","yoast_head_json":{"title":"Melbet'te Gonzo\u2019s Quest \u2014 x15 \u00c7arpan ve \u00c7\u0131\u011f Kazan\u00e7lar\u0131","description":"Melbet'te NetEnt'in Gonzo\u2019s Quest oyunu \u2014 Avalanche kaskadlar\u0131 ve 15 kata kadar \u00e7arpanlar i\u00e7eren 2010 tarihli bir klasik. Slot oyunlar\u0131 i\u00e7in \u00e7\u0131tay\u0131 y\u00fckselten nostaljik bir hit \u2013 demoyu \u00e7evrimi\u00e7i oynay\u0131n!","robots":{"index":"index","follow":"follow","max-snippet":"max-snippet:-1","max-image-preview":"max-image-preview:large","max-video-preview":"max-video-preview:-1"},"og_locale":"tr_TR","og_type":"article","og_title":"Melbet'te Gonzo\u2019s Quest \u2014 x15 \u00c7arpan ve \u00c7\u0131\u011f Kazan\u00e7lar\u0131","og_description":"Melbet'te NetEnt'in Gonzo\u2019s Quest oyunu \u2014 Avalanche kaskadlar\u0131 ve 15 kata kadar \u00e7arpanlar i\u00e7eren 2010 tarihli bir klasik. Slot oyunlar\u0131 i\u00e7in \u00e7\u0131tay\u0131 y\u00fckselten nostaljik bir hit \u2013 demoyu \u00e7evrimi\u00e7i oynay\u0131n!","og_url":"https:\/\/melbet.plus\/tr\/gonzos-quest\/","og_site_name":"Melbet tr","article_modified_time":"2026-05-04T12:36:15+00:00","twitter_card":"summary_large_image","schema":{"@context":"https:\/\/schema.org","@graph":[{"@type":"WebPage","@id":"https:\/\/melbet.plus\/tr\/gonzos-quest\/","url":"https:\/\/melbet.plus\/tr\/gonzos-quest\/","name":"Melbet'te Gonzo\u2019s Quest \u2014 x15 \u00c7arpan ve \u00c7\u0131\u011f Kazan\u00e7lar\u0131","isPartOf":{"@id":"https:\/\/melbet.plus\/tr\/#website"},"datePublished":"2026-03-23T09:35:30+00:00","dateModified":"2026-05-04T12:36:15+00:00","description":"Melbet'te NetEnt'in Gonzo\u2019s Quest oyunu \u2014 Avalanche kaskadlar\u0131 ve 15 kata kadar \u00e7arpanlar i\u00e7eren 2010 tarihli bir klasik. Slot oyunlar\u0131 i\u00e7in \u00e7\u0131tay\u0131 y\u00fckselten nostaljik bir hit \u2013 demoyu \u00e7evrimi\u00e7i oynay\u0131n!","breadcrumb":{"@id":"https:\/\/melbet.plus\/tr\/gonzos-quest\/#breadcrumb"},"inLanguage":"tr","potentialAction":[{"@type":"ReadAction","target":["https:\/\/melbet.plus\/tr\/gonzos-quest\/"]}]},{"@type":"BreadcrumbList","@id":"https:\/\/melbet.plus\/tr\/gonzos-quest\/#breadcrumb","itemListElement":[{"@type":"ListItem","position":1,"name":"Home","item":"https:\/\/melbet.plus\/tr\/"},{"@type":"ListItem","position":2,"name":"Gonzo\u2019s Quest"}]},{"@type":"WebSite","@id":"https:\/\/melbet.plus\/tr\/#website","url":"https:\/\/melbet.plus\/tr\/","name":"Melbet tr","description":"My WordPress Blog","potentialAction":[{"@type":"SearchAction","target":{"@type":"EntryPoint","urlTemplate":"https:\/\/melbet.plus\/tr\/?s={search_term_string}"},"query-input":{"@type":"PropertyValueSpecification","valueRequired":true,"valueName":"search_term_string"}}],"inLanguage":"tr"}]}},"_links":{"self":[{"href":"https:\/\/melbet.plus\/tr\/wp-json\/wp\/v2\/pages\/1094","targetHints":{"allow":["GET"]}}],"collection":[{"href":"https:\/\/melbet.plus\/tr\/wp-json\/wp\/v2\/pages"}],"about":[{"href":"https:\/\/melbet.plus\/tr\/wp-json\/wp\/v2\/types\/page"}],"author":[{"embeddable":true,"href":"https:\/\/melbet.plus\/tr\/wp-json\/wp\/v2\/users\/1"}],"replies":[{"embeddable":true,"href":"https:\/\/melbet.plus\/tr\/wp-json\/wp\/v2\/comments?post=1094"}],"version-history":[{"count":5,"href":"https:\/\/melbet.plus\/tr\/wp-json\/wp\/v2\/pages\/1094\/revisions"}],"predecessor-version":[{"id":1417,"href":"https:\/\/melbet.plus\/tr\/wp-json\/wp\/v2\/pages\/1094\/revisions\/1417"}],"wp:attachment":[{"href":"https:\/\/melbet.plus\/tr\/wp-json\/wp\/v2\/media?parent=1094"}],"curies":[{"name":"wp","href":"https:\/\/api.w.org\/{rel}","templated":true}]}}