{"id":1071,"date":"2026-03-23T07:07:40","date_gmt":"2026-03-23T07:07:40","guid":{"rendered":"https:\/\/melbet.plus\/tr\/?page_id=1071"},"modified":"2026-05-04T12:31:21","modified_gmt":"2026-05-04T12:31:21","slug":"gates-of-olympus","status":"publish","type":"page","link":"https:\/\/melbet.plus\/tr\/gates-of-olympus\/","title":{"rendered":"Gates of Olympus"},"content":{"rendered":"","protected":false},"excerpt":{"rendered":"","protected":false},"author":1,"featured_media":0,"parent":0,"menu_order":0,"comment_status":"closed","ping_status":"closed","template":"","meta":{"inline_featured_image":false,"footnotes":""},"class_list":["post-1071","page","type-page","status-publish","hentry"],"yoast_head":"<!-- This site is optimized with the Yoast SEO plugin v27.6 - https:\/\/yoast.com\/product\/yoast-seo-wordpress\/ -->\n<title>Melbet&#039;te Gates of Olympus \u2014 x5000&#039;e varan dev kazan\u00e7lar<\/title>\n<meta name=\"description\" content=\"Melbet Casino&#039;daki Gates of Olympus slotu \u2014 her yerde \u00f6deme, d\u00fc\u015fen kazan\u00e7lar ve 500 kata kadar Zeus \u00e7arpanlar\u0131 sunan efsanevi bir oyun. Bu pop\u00fcler oyunun neden hi\u00e7 eskimeyece\u011fini ke\u015ffedin \u2013 demoyu oynay\u0131n ya da ger\u00e7ek parayla oynay\u0131n!\" \/>\n<meta name=\"robots\" content=\"index, follow, max-snippet:-1, max-image-preview:large, max-video-preview:-1\" \/>\n<meta property=\"og:locale\" content=\"tr_TR\" \/>\n<meta property=\"og:type\" content=\"article\" \/>\n<meta property=\"og:title\" content=\"Melbet&#039;te Gates of Olympus \u2014 x5000&#039;e varan dev kazan\u00e7lar\" \/>\n<meta property=\"og:description\" content=\"Melbet Casino&#039;daki Gates of Olympus slotu \u2014 her yerde \u00f6deme, d\u00fc\u015fen kazan\u00e7lar ve 500 kata kadar Zeus \u00e7arpanlar\u0131 sunan efsanevi bir oyun. Bu pop\u00fcler oyunun neden hi\u00e7 eskimeyece\u011fini ke\u015ffedin \u2013 demoyu oynay\u0131n ya da ger\u00e7ek parayla oynay\u0131n!\" \/>\n<meta property=\"og:url\" content=\"https:\/\/melbet.plus\/tr\/gates-of-olympus\/\" \/>\n<meta property=\"og:site_name\" content=\"Melbet tr\" \/>\n<meta property=\"article:modified_time\" content=\"2026-05-04T12:31:21+00:00\" \/>\n<meta name=\"twitter:card\" content=\"summary_large_image\" \/>\n<script type=\"application\/ld+json\" class=\"yoast-schema-graph\">{\"@context\":\"https:\\\/\\\/schema.org\",\"@graph\":[{\"@type\":\"WebPage\",\"@id\":\"https:\\\/\\\/melbet.plus\\\/tr\\\/gates-of-olympus\\\/\",\"url\":\"https:\\\/\\\/melbet.plus\\\/tr\\\/gates-of-olympus\\\/\",\"name\":\"Melbet'te Gates of Olympus \u2014 x5000'e varan dev kazan\u00e7lar\",\"isPartOf\":{\"@id\":\"https:\\\/\\\/melbet.plus\\\/tr\\\/#website\"},\"datePublished\":\"2026-03-23T07:07:40+00:00\",\"dateModified\":\"2026-05-04T12:31:21+00:00\",\"description\":\"Melbet Casino'daki Gates of Olympus slotu \u2014 her yerde \u00f6deme, d\u00fc\u015fen kazan\u00e7lar ve 500 kata kadar Zeus \u00e7arpanlar\u0131 sunan efsanevi bir oyun. Bu pop\u00fcler oyunun neden hi\u00e7 eskimeyece\u011fini ke\u015ffedin \u2013 demoyu oynay\u0131n ya da ger\u00e7ek parayla oynay\u0131n!\",\"breadcrumb\":{\"@id\":\"https:\\\/\\\/melbet.plus\\\/tr\\\/gates-of-olympus\\\/#breadcrumb\"},\"inLanguage\":\"tr\",\"potentialAction\":[{\"@type\":\"ReadAction\",\"target\":[\"https:\\\/\\\/melbet.plus\\\/tr\\\/gates-of-olympus\\\/\"]}]},{\"@type\":\"BreadcrumbList\",\"@id\":\"https:\\\/\\\/melbet.plus\\\/tr\\\/gates-of-olympus\\\/#breadcrumb\",\"itemListElement\":[{\"@type\":\"ListItem\",\"position\":1,\"name\":\"Home\",\"item\":\"https:\\\/\\\/melbet.plus\\\/tr\\\/\"},{\"@type\":\"ListItem\",\"position\":2,\"name\":\"Gates of Olympus\"}]},{\"@type\":\"WebSite\",\"@id\":\"https:\\\/\\\/melbet.plus\\\/tr\\\/#website\",\"url\":\"https:\\\/\\\/melbet.plus\\\/tr\\\/\",\"name\":\"Melbet tr\",\"description\":\"My WordPress Blog\",\"potentialAction\":[{\"@type\":\"SearchAction\",\"target\":{\"@type\":\"EntryPoint\",\"urlTemplate\":\"https:\\\/\\\/melbet.plus\\\/tr\\\/?s={search_term_string}\"},\"query-input\":{\"@type\":\"PropertyValueSpecification\",\"valueRequired\":true,\"valueName\":\"search_term_string\"}}],\"inLanguage\":\"tr\"}]}<\/script>\n<!-- \/ Yoast SEO plugin. -->","yoast_head_json":{"title":"Melbet'te Gates of Olympus \u2014 x5000'e varan dev kazan\u00e7lar","description":"Melbet Casino'daki Gates of Olympus slotu \u2014 her yerde \u00f6deme, d\u00fc\u015fen kazan\u00e7lar ve 500 kata kadar Zeus \u00e7arpanlar\u0131 sunan efsanevi bir oyun. Bu pop\u00fcler oyunun neden hi\u00e7 eskimeyece\u011fini ke\u015ffedin \u2013 demoyu oynay\u0131n ya da ger\u00e7ek parayla oynay\u0131n!","robots":{"index":"index","follow":"follow","max-snippet":"max-snippet:-1","max-image-preview":"max-image-preview:large","max-video-preview":"max-video-preview:-1"},"og_locale":"tr_TR","og_type":"article","og_title":"Melbet'te Gates of Olympus \u2014 x5000'e varan dev kazan\u00e7lar","og_description":"Melbet Casino'daki Gates of Olympus slotu \u2014 her yerde \u00f6deme, d\u00fc\u015fen kazan\u00e7lar ve 500 kata kadar Zeus \u00e7arpanlar\u0131 sunan efsanevi bir oyun. Bu pop\u00fcler oyunun neden hi\u00e7 eskimeyece\u011fini ke\u015ffedin \u2013 demoyu oynay\u0131n ya da ger\u00e7ek parayla oynay\u0131n!","og_url":"https:\/\/melbet.plus\/tr\/gates-of-olympus\/","og_site_name":"Melbet tr","article_modified_time":"2026-05-04T12:31:21+00:00","twitter_card":"summary_large_image","schema":{"@context":"https:\/\/schema.org","@graph":[{"@type":"WebPage","@id":"https:\/\/melbet.plus\/tr\/gates-of-olympus\/","url":"https:\/\/melbet.plus\/tr\/gates-of-olympus\/","name":"Melbet'te Gates of Olympus \u2014 x5000'e varan dev kazan\u00e7lar","isPartOf":{"@id":"https:\/\/melbet.plus\/tr\/#website"},"datePublished":"2026-03-23T07:07:40+00:00","dateModified":"2026-05-04T12:31:21+00:00","description":"Melbet Casino'daki Gates of Olympus slotu \u2014 her yerde \u00f6deme, d\u00fc\u015fen kazan\u00e7lar ve 500 kata kadar Zeus \u00e7arpanlar\u0131 sunan efsanevi bir oyun. Bu pop\u00fcler oyunun neden hi\u00e7 eskimeyece\u011fini ke\u015ffedin \u2013 demoyu oynay\u0131n ya da ger\u00e7ek parayla oynay\u0131n!","breadcrumb":{"@id":"https:\/\/melbet.plus\/tr\/gates-of-olympus\/#breadcrumb"},"inLanguage":"tr","potentialAction":[{"@type":"ReadAction","target":["https:\/\/melbet.plus\/tr\/gates-of-olympus\/"]}]},{"@type":"BreadcrumbList","@id":"https:\/\/melbet.plus\/tr\/gates-of-olympus\/#breadcrumb","itemListElement":[{"@type":"ListItem","position":1,"name":"Home","item":"https:\/\/melbet.plus\/tr\/"},{"@type":"ListItem","position":2,"name":"Gates of Olympus"}]},{"@type":"WebSite","@id":"https:\/\/melbet.plus\/tr\/#website","url":"https:\/\/melbet.plus\/tr\/","name":"Melbet tr","description":"My WordPress Blog","potentialAction":[{"@type":"SearchAction","target":{"@type":"EntryPoint","urlTemplate":"https:\/\/melbet.plus\/tr\/?s={search_term_string}"},"query-input":{"@type":"PropertyValueSpecification","valueRequired":true,"valueName":"search_term_string"}}],"inLanguage":"tr"}]}},"_links":{"self":[{"href":"https:\/\/melbet.plus\/tr\/wp-json\/wp\/v2\/pages\/1071","targetHints":{"allow":["GET"]}}],"collection":[{"href":"https:\/\/melbet.plus\/tr\/wp-json\/wp\/v2\/pages"}],"about":[{"href":"https:\/\/melbet.plus\/tr\/wp-json\/wp\/v2\/types\/page"}],"author":[{"embeddable":true,"href":"https:\/\/melbet.plus\/tr\/wp-json\/wp\/v2\/users\/1"}],"replies":[{"embeddable":true,"href":"https:\/\/melbet.plus\/tr\/wp-json\/wp\/v2\/comments?post=1071"}],"version-history":[{"count":5,"href":"https:\/\/melbet.plus\/tr\/wp-json\/wp\/v2\/pages\/1071\/revisions"}],"predecessor-version":[{"id":1415,"href":"https:\/\/melbet.plus\/tr\/wp-json\/wp\/v2\/pages\/1071\/revisions\/1415"}],"wp:attachment":[{"href":"https:\/\/melbet.plus\/tr\/wp-json\/wp\/v2\/media?parent=1071"}],"curies":[{"name":"wp","href":"https:\/\/api.w.org\/{rel}","templated":true}]}}