{"id":1040,"date":"2026-03-20T04:57:47","date_gmt":"2026-03-20T04:57:47","guid":{"rendered":"https:\/\/melbet.plus\/tr\/?page_id=1040"},"modified":"2026-05-04T15:25:31","modified_gmt":"2026-05-04T15:25:31","slug":"mma","status":"publish","type":"page","link":"https:\/\/melbet.plus\/tr\/mma\/","title":{"rendered":"MMA"},"content":{"rendered":"","protected":false},"excerpt":{"rendered":"","protected":false},"author":1,"featured_media":0,"parent":0,"menu_order":0,"comment_status":"closed","ping_status":"closed","template":"","meta":{"inline_featured_image":false,"footnotes":""},"class_list":["post-1040","page","type-page","status-publish","hentry"],"yoast_head":"<!-- This site is optimized with the Yoast SEO plugin v27.6 - https:\/\/yoast.com\/product\/yoast-seo-wordpress\/ -->\n<title>Melbet&#039;te MMA bahisleri \u2014 UFC, nakavtlar ve rauntlar<\/title>\n<meta name=\"description\" content=\"Melbet&#039;te MMA \u2013 UFC ve Bellator bahisleri. Milyonlarca sterlinlik yay\u0131nlarda nakavtlar, pes ettirmeler ve rauntlar. En sevdi\u011finiz d\u00f6v\u00fc\u015f\u00e7\u00fclerle heyecan\u0131n\u0131z\u0131 doruklara \u00e7\u0131kar\u0131n ve kazanc\u0131n\u0131z\u0131 al\u0131n!\" \/>\n<meta name=\"robots\" content=\"index, follow, max-snippet:-1, max-image-preview:large, max-video-preview:-1\" \/>\n<meta property=\"og:locale\" content=\"tr_TR\" \/>\n<meta property=\"og:type\" content=\"article\" \/>\n<meta property=\"og:title\" content=\"Melbet&#039;te MMA bahisleri \u2014 UFC, nakavtlar ve rauntlar\" \/>\n<meta property=\"og:description\" content=\"Melbet&#039;te MMA \u2013 UFC ve Bellator bahisleri. Milyonlarca sterlinlik yay\u0131nlarda nakavtlar, pes ettirmeler ve rauntlar. En sevdi\u011finiz d\u00f6v\u00fc\u015f\u00e7\u00fclerle heyecan\u0131n\u0131z\u0131 doruklara \u00e7\u0131kar\u0131n ve kazanc\u0131n\u0131z\u0131 al\u0131n!\" \/>\n<meta property=\"og:url\" content=\"https:\/\/melbet.plus\/tr\/mma\/\" \/>\n<meta property=\"og:site_name\" content=\"Melbet tr\" \/>\n<meta property=\"article:modified_time\" content=\"2026-05-04T15:25:31+00:00\" \/>\n<meta name=\"twitter:card\" content=\"summary_large_image\" \/>\n<script type=\"application\/ld+json\" class=\"yoast-schema-graph\">{\"@context\":\"https:\\\/\\\/schema.org\",\"@graph\":[{\"@type\":\"WebPage\",\"@id\":\"https:\\\/\\\/melbet.plus\\\/tr\\\/mma\\\/\",\"url\":\"https:\\\/\\\/melbet.plus\\\/tr\\\/mma\\\/\",\"name\":\"Melbet'te MMA bahisleri \u2014 UFC, nakavtlar ve rauntlar\",\"isPartOf\":{\"@id\":\"https:\\\/\\\/melbet.plus\\\/tr\\\/#website\"},\"datePublished\":\"2026-03-20T04:57:47+00:00\",\"dateModified\":\"2026-05-04T15:25:31+00:00\",\"description\":\"Melbet'te MMA \u2013 UFC ve Bellator bahisleri. Milyonlarca sterlinlik yay\u0131nlarda nakavtlar, pes ettirmeler ve rauntlar. En sevdi\u011finiz d\u00f6v\u00fc\u015f\u00e7\u00fclerle heyecan\u0131n\u0131z\u0131 doruklara \u00e7\u0131kar\u0131n ve kazanc\u0131n\u0131z\u0131 al\u0131n!\",\"breadcrumb\":{\"@id\":\"https:\\\/\\\/melbet.plus\\\/tr\\\/mma\\\/#breadcrumb\"},\"inLanguage\":\"tr\",\"potentialAction\":[{\"@type\":\"ReadAction\",\"target\":[\"https:\\\/\\\/melbet.plus\\\/tr\\\/mma\\\/\"]}]},{\"@type\":\"BreadcrumbList\",\"@id\":\"https:\\\/\\\/melbet.plus\\\/tr\\\/mma\\\/#breadcrumb\",\"itemListElement\":[{\"@type\":\"ListItem\",\"position\":1,\"name\":\"Home\",\"item\":\"https:\\\/\\\/melbet.plus\\\/tr\\\/\"},{\"@type\":\"ListItem\",\"position\":2,\"name\":\"MMA\"}]},{\"@type\":\"WebSite\",\"@id\":\"https:\\\/\\\/melbet.plus\\\/tr\\\/#website\",\"url\":\"https:\\\/\\\/melbet.plus\\\/tr\\\/\",\"name\":\"Melbet tr\",\"description\":\"My WordPress Blog\",\"potentialAction\":[{\"@type\":\"SearchAction\",\"target\":{\"@type\":\"EntryPoint\",\"urlTemplate\":\"https:\\\/\\\/melbet.plus\\\/tr\\\/?s={search_term_string}\"},\"query-input\":{\"@type\":\"PropertyValueSpecification\",\"valueRequired\":true,\"valueName\":\"search_term_string\"}}],\"inLanguage\":\"tr\"}]}<\/script>\n<!-- \/ Yoast SEO plugin. -->","yoast_head_json":{"title":"Melbet'te MMA bahisleri \u2014 UFC, nakavtlar ve rauntlar","description":"Melbet'te MMA \u2013 UFC ve Bellator bahisleri. Milyonlarca sterlinlik yay\u0131nlarda nakavtlar, pes ettirmeler ve rauntlar. En sevdi\u011finiz d\u00f6v\u00fc\u015f\u00e7\u00fclerle heyecan\u0131n\u0131z\u0131 doruklara \u00e7\u0131kar\u0131n ve kazanc\u0131n\u0131z\u0131 al\u0131n!","robots":{"index":"index","follow":"follow","max-snippet":"max-snippet:-1","max-image-preview":"max-image-preview:large","max-video-preview":"max-video-preview:-1"},"og_locale":"tr_TR","og_type":"article","og_title":"Melbet'te MMA bahisleri \u2014 UFC, nakavtlar ve rauntlar","og_description":"Melbet'te MMA \u2013 UFC ve Bellator bahisleri. Milyonlarca sterlinlik yay\u0131nlarda nakavtlar, pes ettirmeler ve rauntlar. En sevdi\u011finiz d\u00f6v\u00fc\u015f\u00e7\u00fclerle heyecan\u0131n\u0131z\u0131 doruklara \u00e7\u0131kar\u0131n ve kazanc\u0131n\u0131z\u0131 al\u0131n!","og_url":"https:\/\/melbet.plus\/tr\/mma\/","og_site_name":"Melbet tr","article_modified_time":"2026-05-04T15:25:31+00:00","twitter_card":"summary_large_image","schema":{"@context":"https:\/\/schema.org","@graph":[{"@type":"WebPage","@id":"https:\/\/melbet.plus\/tr\/mma\/","url":"https:\/\/melbet.plus\/tr\/mma\/","name":"Melbet'te MMA bahisleri \u2014 UFC, nakavtlar ve rauntlar","isPartOf":{"@id":"https:\/\/melbet.plus\/tr\/#website"},"datePublished":"2026-03-20T04:57:47+00:00","dateModified":"2026-05-04T15:25:31+00:00","description":"Melbet'te MMA \u2013 UFC ve Bellator bahisleri. Milyonlarca sterlinlik yay\u0131nlarda nakavtlar, pes ettirmeler ve rauntlar. En sevdi\u011finiz d\u00f6v\u00fc\u015f\u00e7\u00fclerle heyecan\u0131n\u0131z\u0131 doruklara \u00e7\u0131kar\u0131n ve kazanc\u0131n\u0131z\u0131 al\u0131n!","breadcrumb":{"@id":"https:\/\/melbet.plus\/tr\/mma\/#breadcrumb"},"inLanguage":"tr","potentialAction":[{"@type":"ReadAction","target":["https:\/\/melbet.plus\/tr\/mma\/"]}]},{"@type":"BreadcrumbList","@id":"https:\/\/melbet.plus\/tr\/mma\/#breadcrumb","itemListElement":[{"@type":"ListItem","position":1,"name":"Home","item":"https:\/\/melbet.plus\/tr\/"},{"@type":"ListItem","position":2,"name":"MMA"}]},{"@type":"WebSite","@id":"https:\/\/melbet.plus\/tr\/#website","url":"https:\/\/melbet.plus\/tr\/","name":"Melbet tr","description":"My WordPress Blog","potentialAction":[{"@type":"SearchAction","target":{"@type":"EntryPoint","urlTemplate":"https:\/\/melbet.plus\/tr\/?s={search_term_string}"},"query-input":{"@type":"PropertyValueSpecification","valueRequired":true,"valueName":"search_term_string"}}],"inLanguage":"tr"}]}},"_links":{"self":[{"href":"https:\/\/melbet.plus\/tr\/wp-json\/wp\/v2\/pages\/1040","targetHints":{"allow":["GET"]}}],"collection":[{"href":"https:\/\/melbet.plus\/tr\/wp-json\/wp\/v2\/pages"}],"about":[{"href":"https:\/\/melbet.plus\/tr\/wp-json\/wp\/v2\/types\/page"}],"author":[{"embeddable":true,"href":"https:\/\/melbet.plus\/tr\/wp-json\/wp\/v2\/users\/1"}],"replies":[{"embeddable":true,"href":"https:\/\/melbet.plus\/tr\/wp-json\/wp\/v2\/comments?post=1040"}],"version-history":[{"count":5,"href":"https:\/\/melbet.plus\/tr\/wp-json\/wp\/v2\/pages\/1040\/revisions"}],"predecessor-version":[{"id":1425,"href":"https:\/\/melbet.plus\/tr\/wp-json\/wp\/v2\/pages\/1040\/revisions\/1425"}],"wp:attachment":[{"href":"https:\/\/melbet.plus\/tr\/wp-json\/wp\/v2\/media?parent=1040"}],"curies":[{"name":"wp","href":"https:\/\/api.w.org\/{rel}","templated":true}]}}