{"id":1036,"date":"2026-03-20T04:46:25","date_gmt":"2026-03-20T04:46:25","guid":{"rendered":"https:\/\/melbet.plus\/tr\/?page_id=1036"},"modified":"2026-05-04T16:16:04","modified_gmt":"2026-05-04T16:16:04","slug":"table-tennis","status":"publish","type":"page","link":"https:\/\/melbet.plus\/tr\/table-tennis\/","title":{"rendered":"Masa tenisi"},"content":{"rendered":"","protected":false},"excerpt":{"rendered":"","protected":false},"author":1,"featured_media":0,"parent":0,"menu_order":0,"comment_status":"closed","ping_status":"closed","template":"","meta":{"inline_featured_image":false,"footnotes":""},"class_list":["post-1036","page","type-page","status-publish","hentry"],"yoast_head":"<!-- This site is optimized with the Yoast SEO plugin v27.6 - https:\/\/yoast.com\/product\/yoast-seo-wordpress\/ -->\n<title>Melbet&#039;te masa tenisi bahisleri \u2014 7\/24 canl\u0131 oranlar<\/title>\n<meta name=\"description\" content=\"Melbet&#039;te masa tenisi \u2014 7\/24 heyecan dolu ma\u00e7lar, \u00f6ng\u00f6r\u00fclemez top hareketleri ve s\u00fcrprizlerle dolu set ve oyun bahisleri. Her zaman bir turnuva var \u2013 g\u00fcn\u00fcn her saati bahislerinizi oynay\u0131n!\" \/>\n<meta name=\"robots\" content=\"index, follow, max-snippet:-1, max-image-preview:large, max-video-preview:-1\" \/>\n<meta property=\"og:locale\" content=\"tr_TR\" \/>\n<meta property=\"og:type\" content=\"article\" \/>\n<meta property=\"og:title\" content=\"Melbet&#039;te masa tenisi bahisleri \u2014 7\/24 canl\u0131 oranlar\" \/>\n<meta property=\"og:description\" content=\"Melbet&#039;te masa tenisi \u2014 7\/24 heyecan dolu ma\u00e7lar, \u00f6ng\u00f6r\u00fclemez top hareketleri ve s\u00fcrprizlerle dolu set ve oyun bahisleri. Her zaman bir turnuva var \u2013 g\u00fcn\u00fcn her saati bahislerinizi oynay\u0131n!\" \/>\n<meta property=\"og:url\" content=\"https:\/\/melbet.plus\/tr\/table-tennis\/\" \/>\n<meta property=\"og:site_name\" content=\"Melbet tr\" \/>\n<meta property=\"article:modified_time\" content=\"2026-05-04T16:16:04+00:00\" \/>\n<meta name=\"twitter:card\" content=\"summary_large_image\" \/>\n<script type=\"application\/ld+json\" class=\"yoast-schema-graph\">{\"@context\":\"https:\\\/\\\/schema.org\",\"@graph\":[{\"@type\":\"WebPage\",\"@id\":\"https:\\\/\\\/melbet.plus\\\/tr\\\/table-tennis\\\/\",\"url\":\"https:\\\/\\\/melbet.plus\\\/tr\\\/table-tennis\\\/\",\"name\":\"Melbet'te masa tenisi bahisleri \u2014 7\\\/24 canl\u0131 oranlar\",\"isPartOf\":{\"@id\":\"https:\\\/\\\/melbet.plus\\\/tr\\\/#website\"},\"datePublished\":\"2026-03-20T04:46:25+00:00\",\"dateModified\":\"2026-05-04T16:16:04+00:00\",\"description\":\"Melbet'te masa tenisi \u2014 7\\\/24 heyecan dolu ma\u00e7lar, \u00f6ng\u00f6r\u00fclemez top hareketleri ve s\u00fcrprizlerle dolu set ve oyun bahisleri. Her zaman bir turnuva var \u2013 g\u00fcn\u00fcn her saati bahislerinizi oynay\u0131n!\",\"breadcrumb\":{\"@id\":\"https:\\\/\\\/melbet.plus\\\/tr\\\/table-tennis\\\/#breadcrumb\"},\"inLanguage\":\"tr\",\"potentialAction\":[{\"@type\":\"ReadAction\",\"target\":[\"https:\\\/\\\/melbet.plus\\\/tr\\\/table-tennis\\\/\"]}]},{\"@type\":\"BreadcrumbList\",\"@id\":\"https:\\\/\\\/melbet.plus\\\/tr\\\/table-tennis\\\/#breadcrumb\",\"itemListElement\":[{\"@type\":\"ListItem\",\"position\":1,\"name\":\"Home\",\"item\":\"https:\\\/\\\/melbet.plus\\\/tr\\\/\"},{\"@type\":\"ListItem\",\"position\":2,\"name\":\"Masa tenisi\"}]},{\"@type\":\"WebSite\",\"@id\":\"https:\\\/\\\/melbet.plus\\\/tr\\\/#website\",\"url\":\"https:\\\/\\\/melbet.plus\\\/tr\\\/\",\"name\":\"Melbet tr\",\"description\":\"My WordPress Blog\",\"potentialAction\":[{\"@type\":\"SearchAction\",\"target\":{\"@type\":\"EntryPoint\",\"urlTemplate\":\"https:\\\/\\\/melbet.plus\\\/tr\\\/?s={search_term_string}\"},\"query-input\":{\"@type\":\"PropertyValueSpecification\",\"valueRequired\":true,\"valueName\":\"search_term_string\"}}],\"inLanguage\":\"tr\"}]}<\/script>\n<!-- \/ Yoast SEO plugin. -->","yoast_head_json":{"title":"Melbet'te masa tenisi bahisleri \u2014 7\/24 canl\u0131 oranlar","description":"Melbet'te masa tenisi \u2014 7\/24 heyecan dolu ma\u00e7lar, \u00f6ng\u00f6r\u00fclemez top hareketleri ve s\u00fcrprizlerle dolu set ve oyun bahisleri. Her zaman bir turnuva var \u2013 g\u00fcn\u00fcn her saati bahislerinizi oynay\u0131n!","robots":{"index":"index","follow":"follow","max-snippet":"max-snippet:-1","max-image-preview":"max-image-preview:large","max-video-preview":"max-video-preview:-1"},"og_locale":"tr_TR","og_type":"article","og_title":"Melbet'te masa tenisi bahisleri \u2014 7\/24 canl\u0131 oranlar","og_description":"Melbet'te masa tenisi \u2014 7\/24 heyecan dolu ma\u00e7lar, \u00f6ng\u00f6r\u00fclemez top hareketleri ve s\u00fcrprizlerle dolu set ve oyun bahisleri. Her zaman bir turnuva var \u2013 g\u00fcn\u00fcn her saati bahislerinizi oynay\u0131n!","og_url":"https:\/\/melbet.plus\/tr\/table-tennis\/","og_site_name":"Melbet tr","article_modified_time":"2026-05-04T16:16:04+00:00","twitter_card":"summary_large_image","schema":{"@context":"https:\/\/schema.org","@graph":[{"@type":"WebPage","@id":"https:\/\/melbet.plus\/tr\/table-tennis\/","url":"https:\/\/melbet.plus\/tr\/table-tennis\/","name":"Melbet'te masa tenisi bahisleri \u2014 7\/24 canl\u0131 oranlar","isPartOf":{"@id":"https:\/\/melbet.plus\/tr\/#website"},"datePublished":"2026-03-20T04:46:25+00:00","dateModified":"2026-05-04T16:16:04+00:00","description":"Melbet'te masa tenisi \u2014 7\/24 heyecan dolu ma\u00e7lar, \u00f6ng\u00f6r\u00fclemez top hareketleri ve s\u00fcrprizlerle dolu set ve oyun bahisleri. Her zaman bir turnuva var \u2013 g\u00fcn\u00fcn her saati bahislerinizi oynay\u0131n!","breadcrumb":{"@id":"https:\/\/melbet.plus\/tr\/table-tennis\/#breadcrumb"},"inLanguage":"tr","potentialAction":[{"@type":"ReadAction","target":["https:\/\/melbet.plus\/tr\/table-tennis\/"]}]},{"@type":"BreadcrumbList","@id":"https:\/\/melbet.plus\/tr\/table-tennis\/#breadcrumb","itemListElement":[{"@type":"ListItem","position":1,"name":"Home","item":"https:\/\/melbet.plus\/tr\/"},{"@type":"ListItem","position":2,"name":"Masa tenisi"}]},{"@type":"WebSite","@id":"https:\/\/melbet.plus\/tr\/#website","url":"https:\/\/melbet.plus\/tr\/","name":"Melbet tr","description":"My WordPress Blog","potentialAction":[{"@type":"SearchAction","target":{"@type":"EntryPoint","urlTemplate":"https:\/\/melbet.plus\/tr\/?s={search_term_string}"},"query-input":{"@type":"PropertyValueSpecification","valueRequired":true,"valueName":"search_term_string"}}],"inLanguage":"tr"}]}},"_links":{"self":[{"href":"https:\/\/melbet.plus\/tr\/wp-json\/wp\/v2\/pages\/1036","targetHints":{"allow":["GET"]}}],"collection":[{"href":"https:\/\/melbet.plus\/tr\/wp-json\/wp\/v2\/pages"}],"about":[{"href":"https:\/\/melbet.plus\/tr\/wp-json\/wp\/v2\/types\/page"}],"author":[{"embeddable":true,"href":"https:\/\/melbet.plus\/tr\/wp-json\/wp\/v2\/users\/1"}],"replies":[{"embeddable":true,"href":"https:\/\/melbet.plus\/tr\/wp-json\/wp\/v2\/comments?post=1036"}],"version-history":[{"count":5,"href":"https:\/\/melbet.plus\/tr\/wp-json\/wp\/v2\/pages\/1036\/revisions"}],"predecessor-version":[{"id":1434,"href":"https:\/\/melbet.plus\/tr\/wp-json\/wp\/v2\/pages\/1036\/revisions\/1434"}],"wp:attachment":[{"href":"https:\/\/melbet.plus\/tr\/wp-json\/wp\/v2\/media?parent=1036"}],"curies":[{"name":"wp","href":"https:\/\/api.w.org\/{rel}","templated":true}]}}