{"id":1018,"date":"2026-03-17T07:00:59","date_gmt":"2026-03-17T07:00:59","guid":{"rendered":"https:\/\/melbet.plus\/tr\/?page_id=1018"},"modified":"2026-05-04T12:40:37","modified_gmt":"2026-05-04T12:40:37","slug":"hockey","status":"publish","type":"page","link":"https:\/\/melbet.plus\/tr\/hockey\/","title":{"rendered":"Hokey"},"content":{"rendered":"","protected":false},"excerpt":{"rendered":"","protected":false},"author":1,"featured_media":0,"parent":0,"menu_order":0,"comment_status":"closed","ping_status":"closed","template":"","meta":{"inline_featured_image":false,"footnotes":""},"class_list":["post-1018","page","type-page","status-publish","hentry"],"yoast_head":"<!-- This site is optimized with the Yoast SEO plugin v27.5 - https:\/\/yoast.com\/product\/yoast-seo-wordpress\/ -->\n<title>Melbet&#039;te hokey bahisleri \u2013 goller, penalt\u0131lar ve kavgalar<\/title>\n<meta name=\"description\" content=\"Melbet&#039;te Hokey \u2013 KHL ve NHL&#039;deki goller, penalt\u0131lar ve kavgalara y\u00f6nelik heyecan verici bahisler. Bilginizi s\u0131nay\u0131n ve heyecan\u0131 doru\u011fa \u00e7\u0131kar\u0131n. Hem taraftarlar hem de tarafs\u0131z bahis\u00e7iler i\u00e7in geni\u015f bir bahis yelpazesi!\" \/>\n<meta name=\"robots\" content=\"index, follow, max-snippet:-1, max-image-preview:large, max-video-preview:-1\" \/>\n<meta property=\"og:locale\" content=\"tr_TR\" \/>\n<meta property=\"og:type\" content=\"article\" \/>\n<meta property=\"og:title\" content=\"Melbet&#039;te hokey bahisleri \u2013 goller, penalt\u0131lar ve kavgalar\" \/>\n<meta property=\"og:description\" content=\"Melbet&#039;te Hokey \u2013 KHL ve NHL&#039;deki goller, penalt\u0131lar ve kavgalara y\u00f6nelik heyecan verici bahisler. Bilginizi s\u0131nay\u0131n ve heyecan\u0131 doru\u011fa \u00e7\u0131kar\u0131n. Hem taraftarlar hem de tarafs\u0131z bahis\u00e7iler i\u00e7in geni\u015f bir bahis yelpazesi!\" \/>\n<meta property=\"og:url\" content=\"https:\/\/melbet.plus\/tr\/hockey\/\" \/>\n<meta property=\"og:site_name\" content=\"Melbet tr\" \/>\n<meta property=\"article:modified_time\" content=\"2026-05-04T12:40:37+00:00\" \/>\n<meta name=\"twitter:card\" content=\"summary_large_image\" \/>\n<script type=\"application\/ld+json\" class=\"yoast-schema-graph\">{\"@context\":\"https:\\\/\\\/schema.org\",\"@graph\":[{\"@type\":\"WebPage\",\"@id\":\"https:\\\/\\\/melbet.plus\\\/tr\\\/hockey\\\/\",\"url\":\"https:\\\/\\\/melbet.plus\\\/tr\\\/hockey\\\/\",\"name\":\"Melbet'te hokey bahisleri \u2013 goller, penalt\u0131lar ve kavgalar\",\"isPartOf\":{\"@id\":\"https:\\\/\\\/melbet.plus\\\/tr\\\/#website\"},\"datePublished\":\"2026-03-17T07:00:59+00:00\",\"dateModified\":\"2026-05-04T12:40:37+00:00\",\"description\":\"Melbet'te Hokey \u2013 KHL ve NHL'deki goller, penalt\u0131lar ve kavgalara y\u00f6nelik heyecan verici bahisler. Bilginizi s\u0131nay\u0131n ve heyecan\u0131 doru\u011fa \u00e7\u0131kar\u0131n. Hem taraftarlar hem de tarafs\u0131z bahis\u00e7iler i\u00e7in geni\u015f bir bahis yelpazesi!\",\"breadcrumb\":{\"@id\":\"https:\\\/\\\/melbet.plus\\\/tr\\\/hockey\\\/#breadcrumb\"},\"inLanguage\":\"tr\",\"potentialAction\":[{\"@type\":\"ReadAction\",\"target\":[\"https:\\\/\\\/melbet.plus\\\/tr\\\/hockey\\\/\"]}]},{\"@type\":\"BreadcrumbList\",\"@id\":\"https:\\\/\\\/melbet.plus\\\/tr\\\/hockey\\\/#breadcrumb\",\"itemListElement\":[{\"@type\":\"ListItem\",\"position\":1,\"name\":\"Home\",\"item\":\"https:\\\/\\\/melbet.plus\\\/tr\\\/\"},{\"@type\":\"ListItem\",\"position\":2,\"name\":\"Hokey\"}]},{\"@type\":\"WebSite\",\"@id\":\"https:\\\/\\\/melbet.plus\\\/tr\\\/#website\",\"url\":\"https:\\\/\\\/melbet.plus\\\/tr\\\/\",\"name\":\"Melbet tr\",\"description\":\"My WordPress Blog\",\"potentialAction\":[{\"@type\":\"SearchAction\",\"target\":{\"@type\":\"EntryPoint\",\"urlTemplate\":\"https:\\\/\\\/melbet.plus\\\/tr\\\/?s={search_term_string}\"},\"query-input\":{\"@type\":\"PropertyValueSpecification\",\"valueRequired\":true,\"valueName\":\"search_term_string\"}}],\"inLanguage\":\"tr\"}]}<\/script>\n<!-- \/ Yoast SEO plugin. -->","yoast_head_json":{"title":"Melbet'te hokey bahisleri \u2013 goller, penalt\u0131lar ve kavgalar","description":"Melbet'te Hokey \u2013 KHL ve NHL'deki goller, penalt\u0131lar ve kavgalara y\u00f6nelik heyecan verici bahisler. Bilginizi s\u0131nay\u0131n ve heyecan\u0131 doru\u011fa \u00e7\u0131kar\u0131n. Hem taraftarlar hem de tarafs\u0131z bahis\u00e7iler i\u00e7in geni\u015f bir bahis yelpazesi!","robots":{"index":"index","follow":"follow","max-snippet":"max-snippet:-1","max-image-preview":"max-image-preview:large","max-video-preview":"max-video-preview:-1"},"og_locale":"tr_TR","og_type":"article","og_title":"Melbet'te hokey bahisleri \u2013 goller, penalt\u0131lar ve kavgalar","og_description":"Melbet'te Hokey \u2013 KHL ve NHL'deki goller, penalt\u0131lar ve kavgalara y\u00f6nelik heyecan verici bahisler. Bilginizi s\u0131nay\u0131n ve heyecan\u0131 doru\u011fa \u00e7\u0131kar\u0131n. Hem taraftarlar hem de tarafs\u0131z bahis\u00e7iler i\u00e7in geni\u015f bir bahis yelpazesi!","og_url":"https:\/\/melbet.plus\/tr\/hockey\/","og_site_name":"Melbet tr","article_modified_time":"2026-05-04T12:40:37+00:00","twitter_card":"summary_large_image","schema":{"@context":"https:\/\/schema.org","@graph":[{"@type":"WebPage","@id":"https:\/\/melbet.plus\/tr\/hockey\/","url":"https:\/\/melbet.plus\/tr\/hockey\/","name":"Melbet'te hokey bahisleri \u2013 goller, penalt\u0131lar ve kavgalar","isPartOf":{"@id":"https:\/\/melbet.plus\/tr\/#website"},"datePublished":"2026-03-17T07:00:59+00:00","dateModified":"2026-05-04T12:40:37+00:00","description":"Melbet'te Hokey \u2013 KHL ve NHL'deki goller, penalt\u0131lar ve kavgalara y\u00f6nelik heyecan verici bahisler. Bilginizi s\u0131nay\u0131n ve heyecan\u0131 doru\u011fa \u00e7\u0131kar\u0131n. Hem taraftarlar hem de tarafs\u0131z bahis\u00e7iler i\u00e7in geni\u015f bir bahis yelpazesi!","breadcrumb":{"@id":"https:\/\/melbet.plus\/tr\/hockey\/#breadcrumb"},"inLanguage":"tr","potentialAction":[{"@type":"ReadAction","target":["https:\/\/melbet.plus\/tr\/hockey\/"]}]},{"@type":"BreadcrumbList","@id":"https:\/\/melbet.plus\/tr\/hockey\/#breadcrumb","itemListElement":[{"@type":"ListItem","position":1,"name":"Home","item":"https:\/\/melbet.plus\/tr\/"},{"@type":"ListItem","position":2,"name":"Hokey"}]},{"@type":"WebSite","@id":"https:\/\/melbet.plus\/tr\/#website","url":"https:\/\/melbet.plus\/tr\/","name":"Melbet tr","description":"My WordPress Blog","potentialAction":[{"@type":"SearchAction","target":{"@type":"EntryPoint","urlTemplate":"https:\/\/melbet.plus\/tr\/?s={search_term_string}"},"query-input":{"@type":"PropertyValueSpecification","valueRequired":true,"valueName":"search_term_string"}}],"inLanguage":"tr"}]}},"_links":{"self":[{"href":"https:\/\/melbet.plus\/tr\/wp-json\/wp\/v2\/pages\/1018","targetHints":{"allow":["GET"]}}],"collection":[{"href":"https:\/\/melbet.plus\/tr\/wp-json\/wp\/v2\/pages"}],"about":[{"href":"https:\/\/melbet.plus\/tr\/wp-json\/wp\/v2\/types\/page"}],"author":[{"embeddable":true,"href":"https:\/\/melbet.plus\/tr\/wp-json\/wp\/v2\/users\/1"}],"replies":[{"embeddable":true,"href":"https:\/\/melbet.plus\/tr\/wp-json\/wp\/v2\/comments?post=1018"}],"version-history":[{"count":5,"href":"https:\/\/melbet.plus\/tr\/wp-json\/wp\/v2\/pages\/1018\/revisions"}],"predecessor-version":[{"id":1419,"href":"https:\/\/melbet.plus\/tr\/wp-json\/wp\/v2\/pages\/1018\/revisions\/1419"}],"wp:attachment":[{"href":"https:\/\/melbet.plus\/tr\/wp-json\/wp\/v2\/media?parent=1018"}],"curies":[{"name":"wp","href":"https:\/\/api.w.org\/{rel}","templated":true}]}}