{"id":271,"date":"2023-08-11T15:04:21","date_gmt":"2023-08-11T15:04:21","guid":{"rendered":"https:\/\/melbet.plus\/sn\/?page_id=271"},"modified":"2025-01-27T05:37:08","modified_gmt":"2025-01-27T05:37:08","slug":"app","status":"publish","type":"page","link":"https:\/\/melbet.plus\/sn\/app\/","title":{"rendered":"App"},"content":{"rendered":"","protected":false},"excerpt":{"rendered":"","protected":false},"author":1,"featured_media":0,"parent":0,"menu_order":0,"comment_status":"closed","ping_status":"closed","template":"","meta":{"inline_featured_image":false,"footnotes":""},"class_list":["post-271","page","type-page","status-publish","hentry"],"yoast_head":"<!-- This site is optimized with the Yoast SEO plugin v27.4 - https:\/\/yoast.com\/product\/yoast-seo-wordpress\/ -->\n<title>Melbet App T\u00e9l\u00e9charger pour Android (APK) et iOS en 2025 Gratuit<\/title>\n<meta name=\"description\" content=\"T\u00e9l\u00e9charger l&#039;application officielle Melbet S\u00e9n\u00e9gal \ud83d\udcf1 pour Android (APK) et iOS (iPhone et iPad) gratuitement en 2025 \u2705 Derni\u00e8re version de Melbet APK \u26a1 Obtenir 100% de bonus de bienvenue pour le premier d\u00e9p\u00f4t.\" \/>\n<meta name=\"robots\" content=\"index, follow, max-snippet:-1, max-image-preview:large, max-video-preview:-1\" \/>\n<meta property=\"og:locale\" content=\"fr_FR\" \/>\n<meta property=\"og:type\" content=\"article\" \/>\n<meta property=\"og:title\" content=\"Melbet App T\u00e9l\u00e9charger pour Android (APK) et iOS en 2025 Gratuit\" \/>\n<meta property=\"og:description\" content=\"T\u00e9l\u00e9charger l&#039;application officielle Melbet S\u00e9n\u00e9gal \ud83d\udcf1 pour Android (APK) et iOS (iPhone et iPad) gratuitement en 2025 \u2705 Derni\u00e8re version de Melbet APK \u26a1 Obtenir 100% de bonus de bienvenue pour le premier d\u00e9p\u00f4t.\" \/>\n<meta property=\"og:url\" content=\"https:\/\/melbet.plus\/sn\/app\/\" \/>\n<meta property=\"og:site_name\" content=\"Melbet sn\" \/>\n<meta property=\"article:modified_time\" content=\"2025-01-27T05:37:08+00:00\" \/>\n<meta name=\"twitter:card\" content=\"summary_large_image\" \/>\n<script type=\"application\/ld+json\" class=\"yoast-schema-graph\">{\"@context\":\"https:\\\/\\\/schema.org\",\"@graph\":[{\"@type\":\"WebPage\",\"@id\":\"https:\\\/\\\/melbet.plus\\\/sn\\\/app\\\/\",\"url\":\"https:\\\/\\\/melbet.plus\\\/sn\\\/app\\\/\",\"name\":\"Melbet App T\u00e9l\u00e9charger pour Android (APK) et iOS en 2025 Gratuit\",\"isPartOf\":{\"@id\":\"https:\\\/\\\/melbet.plus\\\/sn\\\/#website\"},\"datePublished\":\"2023-08-11T15:04:21+00:00\",\"dateModified\":\"2025-01-27T05:37:08+00:00\",\"description\":\"T\u00e9l\u00e9charger l'application officielle Melbet S\u00e9n\u00e9gal \ud83d\udcf1 pour Android (APK) et iOS (iPhone et iPad) gratuitement en 2025 \u2705 Derni\u00e8re version de Melbet APK \u26a1 Obtenir 100% de bonus de bienvenue pour le premier d\u00e9p\u00f4t.\",\"breadcrumb\":{\"@id\":\"https:\\\/\\\/melbet.plus\\\/sn\\\/app\\\/#breadcrumb\"},\"inLanguage\":\"fr-SN\",\"potentialAction\":[{\"@type\":\"ReadAction\",\"target\":[\"https:\\\/\\\/melbet.plus\\\/sn\\\/app\\\/\"]}]},{\"@type\":\"BreadcrumbList\",\"@id\":\"https:\\\/\\\/melbet.plus\\\/sn\\\/app\\\/#breadcrumb\",\"itemListElement\":[{\"@type\":\"ListItem\",\"position\":1,\"name\":\"Home\",\"item\":\"https:\\\/\\\/melbet.plus\\\/sn\\\/\"},{\"@type\":\"ListItem\",\"position\":2,\"name\":\"App\"}]},{\"@type\":\"WebSite\",\"@id\":\"https:\\\/\\\/melbet.plus\\\/sn\\\/#website\",\"url\":\"https:\\\/\\\/melbet.plus\\\/sn\\\/\",\"name\":\"Melbet sn\",\"description\":\"My WordPress Blog\",\"potentialAction\":[{\"@type\":\"SearchAction\",\"target\":{\"@type\":\"EntryPoint\",\"urlTemplate\":\"https:\\\/\\\/melbet.plus\\\/sn\\\/?s={search_term_string}\"},\"query-input\":{\"@type\":\"PropertyValueSpecification\",\"valueRequired\":true,\"valueName\":\"search_term_string\"}}],\"inLanguage\":\"fr-SN\"}]}<\/script>\n<!-- \/ Yoast SEO plugin. -->","yoast_head_json":{"title":"Melbet App T\u00e9l\u00e9charger pour Android (APK) et iOS en 2025 Gratuit","description":"T\u00e9l\u00e9charger l'application officielle Melbet S\u00e9n\u00e9gal \ud83d\udcf1 pour Android (APK) et iOS (iPhone et iPad) gratuitement en 2025 \u2705 Derni\u00e8re version de Melbet APK \u26a1 Obtenir 100% de bonus de bienvenue pour le premier d\u00e9p\u00f4t.","robots":{"index":"index","follow":"follow","max-snippet":"max-snippet:-1","max-image-preview":"max-image-preview:large","max-video-preview":"max-video-preview:-1"},"og_locale":"fr_FR","og_type":"article","og_title":"Melbet App T\u00e9l\u00e9charger pour Android (APK) et iOS en 2025 Gratuit","og_description":"T\u00e9l\u00e9charger l'application officielle Melbet S\u00e9n\u00e9gal \ud83d\udcf1 pour Android (APK) et iOS (iPhone et iPad) gratuitement en 2025 \u2705 Derni\u00e8re version de Melbet APK \u26a1 Obtenir 100% de bonus de bienvenue pour le premier d\u00e9p\u00f4t.","og_url":"https:\/\/melbet.plus\/sn\/app\/","og_site_name":"Melbet sn","article_modified_time":"2025-01-27T05:37:08+00:00","twitter_card":"summary_large_image","schema":{"@context":"https:\/\/schema.org","@graph":[{"@type":"WebPage","@id":"https:\/\/melbet.plus\/sn\/app\/","url":"https:\/\/melbet.plus\/sn\/app\/","name":"Melbet App T\u00e9l\u00e9charger pour Android (APK) et iOS en 2025 Gratuit","isPartOf":{"@id":"https:\/\/melbet.plus\/sn\/#website"},"datePublished":"2023-08-11T15:04:21+00:00","dateModified":"2025-01-27T05:37:08+00:00","description":"T\u00e9l\u00e9charger l'application officielle Melbet S\u00e9n\u00e9gal \ud83d\udcf1 pour Android (APK) et iOS (iPhone et iPad) gratuitement en 2025 \u2705 Derni\u00e8re version de Melbet APK \u26a1 Obtenir 100% de bonus de bienvenue pour le premier d\u00e9p\u00f4t.","breadcrumb":{"@id":"https:\/\/melbet.plus\/sn\/app\/#breadcrumb"},"inLanguage":"fr-SN","potentialAction":[{"@type":"ReadAction","target":["https:\/\/melbet.plus\/sn\/app\/"]}]},{"@type":"BreadcrumbList","@id":"https:\/\/melbet.plus\/sn\/app\/#breadcrumb","itemListElement":[{"@type":"ListItem","position":1,"name":"Home","item":"https:\/\/melbet.plus\/sn\/"},{"@type":"ListItem","position":2,"name":"App"}]},{"@type":"WebSite","@id":"https:\/\/melbet.plus\/sn\/#website","url":"https:\/\/melbet.plus\/sn\/","name":"Melbet sn","description":"My WordPress Blog","potentialAction":[{"@type":"SearchAction","target":{"@type":"EntryPoint","urlTemplate":"https:\/\/melbet.plus\/sn\/?s={search_term_string}"},"query-input":{"@type":"PropertyValueSpecification","valueRequired":true,"valueName":"search_term_string"}}],"inLanguage":"fr-SN"}]}},"_links":{"self":[{"href":"https:\/\/melbet.plus\/sn\/wp-json\/wp\/v2\/pages\/271","targetHints":{"allow":["GET"]}}],"collection":[{"href":"https:\/\/melbet.plus\/sn\/wp-json\/wp\/v2\/pages"}],"about":[{"href":"https:\/\/melbet.plus\/sn\/wp-json\/wp\/v2\/types\/page"}],"author":[{"embeddable":true,"href":"https:\/\/melbet.plus\/sn\/wp-json\/wp\/v2\/users\/1"}],"replies":[{"embeddable":true,"href":"https:\/\/melbet.plus\/sn\/wp-json\/wp\/v2\/comments?post=271"}],"version-history":[{"count":47,"href":"https:\/\/melbet.plus\/sn\/wp-json\/wp\/v2\/pages\/271\/revisions"}],"predecessor-version":[{"id":679,"href":"https:\/\/melbet.plus\/sn\/wp-json\/wp\/v2\/pages\/271\/revisions\/679"}],"wp:attachment":[{"href":"https:\/\/melbet.plus\/sn\/wp-json\/wp\/v2\/media?parent=271"}],"curies":[{"name":"wp","href":"https:\/\/api.w.org\/{rel}","templated":true}]}}