{"id":746,"date":"2025-04-25T07:31:56","date_gmt":"2025-04-25T07:31:56","guid":{"rendered":"https:\/\/melbet.plus\/ml\/?page_id=746"},"modified":"2026-01-21T13:01:02","modified_gmt":"2026-01-21T13:01:02","slug":"casino-welcome-package","status":"publish","type":"page","link":"https:\/\/melbet.plus\/ml\/bonus\/casino-welcome-package\/","title":{"rendered":"Pack de bienvenue au casino"},"content":{"rendered":"","protected":false},"excerpt":{"rendered":"","protected":false},"author":1,"featured_media":0,"parent":152,"menu_order":0,"comment_status":"closed","ping_status":"closed","template":"","meta":{"inline_featured_image":false,"footnotes":""},"class_list":["post-746","page","type-page","status-publish","hentry"],"yoast_head":"<!-- This site is optimized with the Yoast SEO plugin v27.3 - https:\/\/yoast.com\/product\/yoast-seo-wordpress\/ -->\n<title>Pack de bienvenue du casino Melbet jusqu&#039;\u00e0 1150000XOF + 290FS<\/title>\n<meta name=\"description\" content=\"Pr\u00eat \u00e0 d\u00e9crocher le jackpot? Obtenez jusqu&#039;\u00e0 1150000XOF et 290 tours gratuits lors de vos cinq premiers d\u00e9p\u00f4ts sur Melbet Mali Casino! Inscrivez-vous, d\u00e9posez de l&#039;argent et profitez d&#039;un maximum de bonus et de tours gratuits. Jouez pour gagner et tirez le meilleur parti de chaque pari!\" \/>\n<meta name=\"robots\" content=\"index, follow, max-snippet:-1, max-image-preview:large, max-video-preview:-1\" \/>\n<meta property=\"og:locale\" content=\"fr_FR\" \/>\n<meta property=\"og:type\" content=\"article\" \/>\n<meta property=\"og:title\" content=\"Pack de bienvenue du casino Melbet jusqu&#039;\u00e0 1150000XOF + 290FS\" \/>\n<meta property=\"og:description\" content=\"Pr\u00eat \u00e0 d\u00e9crocher le jackpot? Obtenez jusqu&#039;\u00e0 1150000XOF et 290 tours gratuits lors de vos cinq premiers d\u00e9p\u00f4ts sur Melbet Mali Casino! Inscrivez-vous, d\u00e9posez de l&#039;argent et profitez d&#039;un maximum de bonus et de tours gratuits. Jouez pour gagner et tirez le meilleur parti de chaque pari!\" \/>\n<meta property=\"og:url\" content=\"https:\/\/melbet.plus\/ml\/bonus\/casino-welcome-package\/\" \/>\n<meta property=\"og:site_name\" content=\"Melbet ml\" \/>\n<meta property=\"article:modified_time\" content=\"2026-01-21T13:01:02+00:00\" \/>\n<meta name=\"twitter:card\" content=\"summary_large_image\" \/>\n<script type=\"application\/ld+json\" class=\"yoast-schema-graph\">{\"@context\":\"https:\\\/\\\/schema.org\",\"@graph\":[{\"@type\":\"WebPage\",\"@id\":\"https:\\\/\\\/melbet.plus\\\/ml\\\/bonus\\\/casino-welcome-package\\\/\",\"url\":\"https:\\\/\\\/melbet.plus\\\/ml\\\/bonus\\\/casino-welcome-package\\\/\",\"name\":\"Pack de bienvenue du casino Melbet jusqu'\u00e0 1150000XOF + 290FS\",\"isPartOf\":{\"@id\":\"https:\\\/\\\/melbet.plus\\\/ml\\\/#website\"},\"datePublished\":\"2025-04-25T07:31:56+00:00\",\"dateModified\":\"2026-01-21T13:01:02+00:00\",\"description\":\"Pr\u00eat \u00e0 d\u00e9crocher le jackpot? Obtenez jusqu'\u00e0 1150000XOF et 290 tours gratuits lors de vos cinq premiers d\u00e9p\u00f4ts sur Melbet Mali Casino! Inscrivez-vous, d\u00e9posez de l'argent et profitez d'un maximum de bonus et de tours gratuits. Jouez pour gagner et tirez le meilleur parti de chaque pari!\",\"breadcrumb\":{\"@id\":\"https:\\\/\\\/melbet.plus\\\/ml\\\/bonus\\\/casino-welcome-package\\\/#breadcrumb\"},\"inLanguage\":\"fr-ML\",\"potentialAction\":[{\"@type\":\"ReadAction\",\"target\":[\"https:\\\/\\\/melbet.plus\\\/ml\\\/bonus\\\/casino-welcome-package\\\/\"]}]},{\"@type\":\"BreadcrumbList\",\"@id\":\"https:\\\/\\\/melbet.plus\\\/ml\\\/bonus\\\/casino-welcome-package\\\/#breadcrumb\",\"itemListElement\":[{\"@type\":\"ListItem\",\"position\":1,\"name\":\"Home\",\"item\":\"https:\\\/\\\/melbet.plus\\\/ml\\\/\"},{\"@type\":\"ListItem\",\"position\":2,\"name\":\"Bonus\",\"item\":\"https:\\\/\\\/melbet.plus\\\/ml\\\/bonus\\\/\"},{\"@type\":\"ListItem\",\"position\":3,\"name\":\"Pack de bienvenue au casino\"}]},{\"@type\":\"WebSite\",\"@id\":\"https:\\\/\\\/melbet.plus\\\/ml\\\/#website\",\"url\":\"https:\\\/\\\/melbet.plus\\\/ml\\\/\",\"name\":\"Melbet ml\",\"description\":\"My WordPress Blog\",\"potentialAction\":[{\"@type\":\"SearchAction\",\"target\":{\"@type\":\"EntryPoint\",\"urlTemplate\":\"https:\\\/\\\/melbet.plus\\\/ml\\\/?s={search_term_string}\"},\"query-input\":{\"@type\":\"PropertyValueSpecification\",\"valueRequired\":true,\"valueName\":\"search_term_string\"}}],\"inLanguage\":\"fr-ML\"}]}<\/script>\n<!-- \/ Yoast SEO plugin. -->","yoast_head_json":{"title":"Pack de bienvenue du casino Melbet jusqu'\u00e0 1150000XOF + 290FS","description":"Pr\u00eat \u00e0 d\u00e9crocher le jackpot? Obtenez jusqu'\u00e0 1150000XOF et 290 tours gratuits lors de vos cinq premiers d\u00e9p\u00f4ts sur Melbet Mali Casino! Inscrivez-vous, d\u00e9posez de l'argent et profitez d'un maximum de bonus et de tours gratuits. Jouez pour gagner et tirez le meilleur parti de chaque pari!","robots":{"index":"index","follow":"follow","max-snippet":"max-snippet:-1","max-image-preview":"max-image-preview:large","max-video-preview":"max-video-preview:-1"},"og_locale":"fr_FR","og_type":"article","og_title":"Pack de bienvenue du casino Melbet jusqu'\u00e0 1150000XOF + 290FS","og_description":"Pr\u00eat \u00e0 d\u00e9crocher le jackpot? Obtenez jusqu'\u00e0 1150000XOF et 290 tours gratuits lors de vos cinq premiers d\u00e9p\u00f4ts sur Melbet Mali Casino! Inscrivez-vous, d\u00e9posez de l'argent et profitez d'un maximum de bonus et de tours gratuits. Jouez pour gagner et tirez le meilleur parti de chaque pari!","og_url":"https:\/\/melbet.plus\/ml\/bonus\/casino-welcome-package\/","og_site_name":"Melbet ml","article_modified_time":"2026-01-21T13:01:02+00:00","twitter_card":"summary_large_image","schema":{"@context":"https:\/\/schema.org","@graph":[{"@type":"WebPage","@id":"https:\/\/melbet.plus\/ml\/bonus\/casino-welcome-package\/","url":"https:\/\/melbet.plus\/ml\/bonus\/casino-welcome-package\/","name":"Pack de bienvenue du casino Melbet jusqu'\u00e0 1150000XOF + 290FS","isPartOf":{"@id":"https:\/\/melbet.plus\/ml\/#website"},"datePublished":"2025-04-25T07:31:56+00:00","dateModified":"2026-01-21T13:01:02+00:00","description":"Pr\u00eat \u00e0 d\u00e9crocher le jackpot? Obtenez jusqu'\u00e0 1150000XOF et 290 tours gratuits lors de vos cinq premiers d\u00e9p\u00f4ts sur Melbet Mali Casino! Inscrivez-vous, d\u00e9posez de l'argent et profitez d'un maximum de bonus et de tours gratuits. Jouez pour gagner et tirez le meilleur parti de chaque pari!","breadcrumb":{"@id":"https:\/\/melbet.plus\/ml\/bonus\/casino-welcome-package\/#breadcrumb"},"inLanguage":"fr-ML","potentialAction":[{"@type":"ReadAction","target":["https:\/\/melbet.plus\/ml\/bonus\/casino-welcome-package\/"]}]},{"@type":"BreadcrumbList","@id":"https:\/\/melbet.plus\/ml\/bonus\/casino-welcome-package\/#breadcrumb","itemListElement":[{"@type":"ListItem","position":1,"name":"Home","item":"https:\/\/melbet.plus\/ml\/"},{"@type":"ListItem","position":2,"name":"Bonus","item":"https:\/\/melbet.plus\/ml\/bonus\/"},{"@type":"ListItem","position":3,"name":"Pack de bienvenue au casino"}]},{"@type":"WebSite","@id":"https:\/\/melbet.plus\/ml\/#website","url":"https:\/\/melbet.plus\/ml\/","name":"Melbet ml","description":"My WordPress Blog","potentialAction":[{"@type":"SearchAction","target":{"@type":"EntryPoint","urlTemplate":"https:\/\/melbet.plus\/ml\/?s={search_term_string}"},"query-input":{"@type":"PropertyValueSpecification","valueRequired":true,"valueName":"search_term_string"}}],"inLanguage":"fr-ML"}]}},"_links":{"self":[{"href":"https:\/\/melbet.plus\/ml\/wp-json\/wp\/v2\/pages\/746","targetHints":{"allow":["GET"]}}],"collection":[{"href":"https:\/\/melbet.plus\/ml\/wp-json\/wp\/v2\/pages"}],"about":[{"href":"https:\/\/melbet.plus\/ml\/wp-json\/wp\/v2\/types\/page"}],"author":[{"embeddable":true,"href":"https:\/\/melbet.plus\/ml\/wp-json\/wp\/v2\/users\/1"}],"replies":[{"embeddable":true,"href":"https:\/\/melbet.plus\/ml\/wp-json\/wp\/v2\/comments?post=746"}],"version-history":[{"count":5,"href":"https:\/\/melbet.plus\/ml\/wp-json\/wp\/v2\/pages\/746\/revisions"}],"predecessor-version":[{"id":1037,"href":"https:\/\/melbet.plus\/ml\/wp-json\/wp\/v2\/pages\/746\/revisions\/1037"}],"up":[{"embeddable":true,"href":"https:\/\/melbet.plus\/ml\/wp-json\/wp\/v2\/pages\/152"}],"wp:attachment":[{"href":"https:\/\/melbet.plus\/ml\/wp-json\/wp\/v2\/media?parent=746"}],"curies":[{"name":"wp","href":"https:\/\/api.w.org\/{rel}","templated":true}]}}