{"id":579,"date":"2024-09-23T13:41:56","date_gmt":"2024-09-23T13:41:56","guid":{"rendered":"https:\/\/melbet.plus\/ml\/?page_id=579"},"modified":"2026-01-20T18:38:01","modified_gmt":"2026-01-20T18:38:01","slug":"login","status":"publish","type":"page","link":"https:\/\/melbet.plus\/ml\/login\/","title":{"rendered":"Connexion"},"content":{"rendered":"","protected":false},"excerpt":{"rendered":"","protected":false},"author":1,"featured_media":0,"parent":0,"menu_order":0,"comment_status":"closed","ping_status":"closed","template":"","meta":{"inline_featured_image":false,"footnotes":""},"class_list":["post-579","page","type-page","status-publish","hentry"],"yoast_head":"<!-- This site is optimized with the Yoast SEO plugin v27.3 - https:\/\/yoast.com\/product\/yoast-seo-wordpress\/ -->\n<title>Connexion MelBet | Site officiel de paris<\/title>\n<meta name=\"description\" content=\"Connectez-vous \u00e0 votre compte MelBet Mali en ligne. Utilisez votre t\u00e9l\u00e9phone ou votre adresse e-mail pour vous connecter. Comment se connecter \u00e0 votre compte personnel MelBet. Rendez-vous sur la page de connexion MelBet et commencez \u00e0 parier d\u00e8s maintenant!\" \/>\n<meta name=\"robots\" content=\"index, follow, max-snippet:-1, max-image-preview:large, max-video-preview:-1\" \/>\n<meta property=\"og:locale\" content=\"fr_FR\" \/>\n<meta property=\"og:type\" content=\"article\" \/>\n<meta property=\"og:title\" content=\"Connexion MelBet | Site officiel de paris\" \/>\n<meta property=\"og:description\" content=\"Connectez-vous \u00e0 votre compte MelBet Mali en ligne. Utilisez votre t\u00e9l\u00e9phone ou votre adresse e-mail pour vous connecter. Comment se connecter \u00e0 votre compte personnel MelBet. Rendez-vous sur la page de connexion MelBet et commencez \u00e0 parier d\u00e8s maintenant!\" \/>\n<meta property=\"og:url\" content=\"https:\/\/melbet.plus\/ml\/login\/\" \/>\n<meta property=\"og:site_name\" content=\"Melbet ml\" \/>\n<meta property=\"article:modified_time\" content=\"2026-01-20T18:38:01+00:00\" \/>\n<meta name=\"twitter:card\" content=\"summary_large_image\" \/>\n<script type=\"application\/ld+json\" class=\"yoast-schema-graph\">{\"@context\":\"https:\\\/\\\/schema.org\",\"@graph\":[{\"@type\":\"WebPage\",\"@id\":\"https:\\\/\\\/melbet.plus\\\/ml\\\/login\\\/\",\"url\":\"https:\\\/\\\/melbet.plus\\\/ml\\\/login\\\/\",\"name\":\"Connexion MelBet | Site officiel de paris\",\"isPartOf\":{\"@id\":\"https:\\\/\\\/melbet.plus\\\/ml\\\/#website\"},\"datePublished\":\"2024-09-23T13:41:56+00:00\",\"dateModified\":\"2026-01-20T18:38:01+00:00\",\"description\":\"Connectez-vous \u00e0 votre compte MelBet Mali en ligne. Utilisez votre t\u00e9l\u00e9phone ou votre adresse e-mail pour vous connecter. Comment se connecter \u00e0 votre compte personnel MelBet. Rendez-vous sur la page de connexion MelBet et commencez \u00e0 parier d\u00e8s maintenant!\",\"breadcrumb\":{\"@id\":\"https:\\\/\\\/melbet.plus\\\/ml\\\/login\\\/#breadcrumb\"},\"inLanguage\":\"fr-ML\",\"potentialAction\":[{\"@type\":\"ReadAction\",\"target\":[\"https:\\\/\\\/melbet.plus\\\/ml\\\/login\\\/\"]}]},{\"@type\":\"BreadcrumbList\",\"@id\":\"https:\\\/\\\/melbet.plus\\\/ml\\\/login\\\/#breadcrumb\",\"itemListElement\":[{\"@type\":\"ListItem\",\"position\":1,\"name\":\"Home\",\"item\":\"https:\\\/\\\/melbet.plus\\\/ml\\\/\"},{\"@type\":\"ListItem\",\"position\":2,\"name\":\"Connexion\"}]},{\"@type\":\"WebSite\",\"@id\":\"https:\\\/\\\/melbet.plus\\\/ml\\\/#website\",\"url\":\"https:\\\/\\\/melbet.plus\\\/ml\\\/\",\"name\":\"Melbet ml\",\"description\":\"My WordPress Blog\",\"potentialAction\":[{\"@type\":\"SearchAction\",\"target\":{\"@type\":\"EntryPoint\",\"urlTemplate\":\"https:\\\/\\\/melbet.plus\\\/ml\\\/?s={search_term_string}\"},\"query-input\":{\"@type\":\"PropertyValueSpecification\",\"valueRequired\":true,\"valueName\":\"search_term_string\"}}],\"inLanguage\":\"fr-ML\"}]}<\/script>\n<!-- \/ Yoast SEO plugin. -->","yoast_head_json":{"title":"Connexion MelBet | Site officiel de paris","description":"Connectez-vous \u00e0 votre compte MelBet Mali en ligne. Utilisez votre t\u00e9l\u00e9phone ou votre adresse e-mail pour vous connecter. Comment se connecter \u00e0 votre compte personnel MelBet. Rendez-vous sur la page de connexion MelBet et commencez \u00e0 parier d\u00e8s maintenant!","robots":{"index":"index","follow":"follow","max-snippet":"max-snippet:-1","max-image-preview":"max-image-preview:large","max-video-preview":"max-video-preview:-1"},"og_locale":"fr_FR","og_type":"article","og_title":"Connexion MelBet | Site officiel de paris","og_description":"Connectez-vous \u00e0 votre compte MelBet Mali en ligne. Utilisez votre t\u00e9l\u00e9phone ou votre adresse e-mail pour vous connecter. Comment se connecter \u00e0 votre compte personnel MelBet. Rendez-vous sur la page de connexion MelBet et commencez \u00e0 parier d\u00e8s maintenant!","og_url":"https:\/\/melbet.plus\/ml\/login\/","og_site_name":"Melbet ml","article_modified_time":"2026-01-20T18:38:01+00:00","twitter_card":"summary_large_image","schema":{"@context":"https:\/\/schema.org","@graph":[{"@type":"WebPage","@id":"https:\/\/melbet.plus\/ml\/login\/","url":"https:\/\/melbet.plus\/ml\/login\/","name":"Connexion MelBet | Site officiel de paris","isPartOf":{"@id":"https:\/\/melbet.plus\/ml\/#website"},"datePublished":"2024-09-23T13:41:56+00:00","dateModified":"2026-01-20T18:38:01+00:00","description":"Connectez-vous \u00e0 votre compte MelBet Mali en ligne. Utilisez votre t\u00e9l\u00e9phone ou votre adresse e-mail pour vous connecter. Comment se connecter \u00e0 votre compte personnel MelBet. Rendez-vous sur la page de connexion MelBet et commencez \u00e0 parier d\u00e8s maintenant!","breadcrumb":{"@id":"https:\/\/melbet.plus\/ml\/login\/#breadcrumb"},"inLanguage":"fr-ML","potentialAction":[{"@type":"ReadAction","target":["https:\/\/melbet.plus\/ml\/login\/"]}]},{"@type":"BreadcrumbList","@id":"https:\/\/melbet.plus\/ml\/login\/#breadcrumb","itemListElement":[{"@type":"ListItem","position":1,"name":"Home","item":"https:\/\/melbet.plus\/ml\/"},{"@type":"ListItem","position":2,"name":"Connexion"}]},{"@type":"WebSite","@id":"https:\/\/melbet.plus\/ml\/#website","url":"https:\/\/melbet.plus\/ml\/","name":"Melbet ml","description":"My WordPress Blog","potentialAction":[{"@type":"SearchAction","target":{"@type":"EntryPoint","urlTemplate":"https:\/\/melbet.plus\/ml\/?s={search_term_string}"},"query-input":{"@type":"PropertyValueSpecification","valueRequired":true,"valueName":"search_term_string"}}],"inLanguage":"fr-ML"}]}},"_links":{"self":[{"href":"https:\/\/melbet.plus\/ml\/wp-json\/wp\/v2\/pages\/579","targetHints":{"allow":["GET"]}}],"collection":[{"href":"https:\/\/melbet.plus\/ml\/wp-json\/wp\/v2\/pages"}],"about":[{"href":"https:\/\/melbet.plus\/ml\/wp-json\/wp\/v2\/types\/page"}],"author":[{"embeddable":true,"href":"https:\/\/melbet.plus\/ml\/wp-json\/wp\/v2\/users\/1"}],"replies":[{"embeddable":true,"href":"https:\/\/melbet.plus\/ml\/wp-json\/wp\/v2\/comments?post=579"}],"version-history":[{"count":20,"href":"https:\/\/melbet.plus\/ml\/wp-json\/wp\/v2\/pages\/579\/revisions"}],"predecessor-version":[{"id":1034,"href":"https:\/\/melbet.plus\/ml\/wp-json\/wp\/v2\/pages\/579\/revisions\/1034"}],"wp:attachment":[{"href":"https:\/\/melbet.plus\/ml\/wp-json\/wp\/v2\/media?parent=579"}],"curies":[{"name":"wp","href":"https:\/\/api.w.org\/{rel}","templated":true}]}}