{"id":387,"date":"2024-08-16T14:55:48","date_gmt":"2024-08-16T14:55:48","guid":{"rendered":"https:\/\/melbet.plus\/ml\/?page_id=387"},"modified":"2026-01-20T18:34:43","modified_gmt":"2026-01-20T18:34:43","slug":"promo-code","status":"publish","type":"page","link":"https:\/\/melbet.plus\/ml\/promo-code\/","title":{"rendered":"Code promotionnel"},"content":{"rendered":"","protected":false},"excerpt":{"rendered":"","protected":false},"author":1,"featured_media":0,"parent":0,"menu_order":0,"comment_status":"closed","ping_status":"closed","template":"","meta":{"inline_featured_image":false,"footnotes":""},"class_list":["post-387","page","type-page","status-publish","hentry"],"yoast_head":"<!-- This site is optimized with the Yoast SEO plugin v27.3 - https:\/\/yoast.com\/product\/yoast-seo-wordpress\/ -->\n<title>Code promotionnel Melbet pour l&#039;inscription et l&#039;application 2026<\/title>\n<meta name=\"description\" content=\"D\u00e9couvrez les codes promotionnels Melbet Mali actuellement disponibles pour les paris sportifs et les paris casino en 2026 \ud83d\uddf8 Apprenez \u00e0 utiliser le code promotionnel Melbet et obtenez +100 % sur le montant de votre premier d\u00e9p\u00f4t!\" \/>\n<meta name=\"robots\" content=\"index, follow, max-snippet:-1, max-image-preview:large, max-video-preview:-1\" \/>\n<meta property=\"og:locale\" content=\"fr_FR\" \/>\n<meta property=\"og:type\" content=\"article\" \/>\n<meta property=\"og:title\" content=\"Code promotionnel Melbet pour l&#039;inscription et l&#039;application 2026\" \/>\n<meta property=\"og:description\" content=\"D\u00e9couvrez les codes promotionnels Melbet Mali actuellement disponibles pour les paris sportifs et les paris casino en 2026 \ud83d\uddf8 Apprenez \u00e0 utiliser le code promotionnel Melbet et obtenez +100 % sur le montant de votre premier d\u00e9p\u00f4t!\" \/>\n<meta property=\"og:url\" content=\"https:\/\/melbet.plus\/ml\/promo-code\/\" \/>\n<meta property=\"og:site_name\" content=\"Melbet ml\" \/>\n<meta property=\"article:modified_time\" content=\"2026-01-20T18:34:43+00:00\" \/>\n<meta name=\"twitter:card\" content=\"summary_large_image\" \/>\n<script type=\"application\/ld+json\" class=\"yoast-schema-graph\">{\"@context\":\"https:\\\/\\\/schema.org\",\"@graph\":[{\"@type\":\"WebPage\",\"@id\":\"https:\\\/\\\/melbet.plus\\\/ml\\\/promo-code\\\/\",\"url\":\"https:\\\/\\\/melbet.plus\\\/ml\\\/promo-code\\\/\",\"name\":\"Code promotionnel Melbet pour l'inscription et l'application 2026\",\"isPartOf\":{\"@id\":\"https:\\\/\\\/melbet.plus\\\/ml\\\/#website\"},\"datePublished\":\"2024-08-16T14:55:48+00:00\",\"dateModified\":\"2026-01-20T18:34:43+00:00\",\"description\":\"D\u00e9couvrez les codes promotionnels Melbet Mali actuellement disponibles pour les paris sportifs et les paris casino en 2026 \ud83d\uddf8 Apprenez \u00e0 utiliser le code promotionnel Melbet et obtenez +100 % sur le montant de votre premier d\u00e9p\u00f4t!\",\"breadcrumb\":{\"@id\":\"https:\\\/\\\/melbet.plus\\\/ml\\\/promo-code\\\/#breadcrumb\"},\"inLanguage\":\"fr-ML\",\"potentialAction\":[{\"@type\":\"ReadAction\",\"target\":[\"https:\\\/\\\/melbet.plus\\\/ml\\\/promo-code\\\/\"]}]},{\"@type\":\"BreadcrumbList\",\"@id\":\"https:\\\/\\\/melbet.plus\\\/ml\\\/promo-code\\\/#breadcrumb\",\"itemListElement\":[{\"@type\":\"ListItem\",\"position\":1,\"name\":\"Home\",\"item\":\"https:\\\/\\\/melbet.plus\\\/ml\\\/\"},{\"@type\":\"ListItem\",\"position\":2,\"name\":\"Code promotionnel\"}]},{\"@type\":\"WebSite\",\"@id\":\"https:\\\/\\\/melbet.plus\\\/ml\\\/#website\",\"url\":\"https:\\\/\\\/melbet.plus\\\/ml\\\/\",\"name\":\"Melbet ml\",\"description\":\"My WordPress Blog\",\"potentialAction\":[{\"@type\":\"SearchAction\",\"target\":{\"@type\":\"EntryPoint\",\"urlTemplate\":\"https:\\\/\\\/melbet.plus\\\/ml\\\/?s={search_term_string}\"},\"query-input\":{\"@type\":\"PropertyValueSpecification\",\"valueRequired\":true,\"valueName\":\"search_term_string\"}}],\"inLanguage\":\"fr-ML\"}]}<\/script>\n<!-- \/ Yoast SEO plugin. -->","yoast_head_json":{"title":"Code promotionnel Melbet pour l'inscription et l'application 2026","description":"D\u00e9couvrez les codes promotionnels Melbet Mali actuellement disponibles pour les paris sportifs et les paris casino en 2026 \ud83d\uddf8 Apprenez \u00e0 utiliser le code promotionnel Melbet et obtenez +100 % sur le montant de votre premier d\u00e9p\u00f4t!","robots":{"index":"index","follow":"follow","max-snippet":"max-snippet:-1","max-image-preview":"max-image-preview:large","max-video-preview":"max-video-preview:-1"},"og_locale":"fr_FR","og_type":"article","og_title":"Code promotionnel Melbet pour l'inscription et l'application 2026","og_description":"D\u00e9couvrez les codes promotionnels Melbet Mali actuellement disponibles pour les paris sportifs et les paris casino en 2026 \ud83d\uddf8 Apprenez \u00e0 utiliser le code promotionnel Melbet et obtenez +100 % sur le montant de votre premier d\u00e9p\u00f4t!","og_url":"https:\/\/melbet.plus\/ml\/promo-code\/","og_site_name":"Melbet ml","article_modified_time":"2026-01-20T18:34:43+00:00","twitter_card":"summary_large_image","schema":{"@context":"https:\/\/schema.org","@graph":[{"@type":"WebPage","@id":"https:\/\/melbet.plus\/ml\/promo-code\/","url":"https:\/\/melbet.plus\/ml\/promo-code\/","name":"Code promotionnel Melbet pour l'inscription et l'application 2026","isPartOf":{"@id":"https:\/\/melbet.plus\/ml\/#website"},"datePublished":"2024-08-16T14:55:48+00:00","dateModified":"2026-01-20T18:34:43+00:00","description":"D\u00e9couvrez les codes promotionnels Melbet Mali actuellement disponibles pour les paris sportifs et les paris casino en 2026 \ud83d\uddf8 Apprenez \u00e0 utiliser le code promotionnel Melbet et obtenez +100 % sur le montant de votre premier d\u00e9p\u00f4t!","breadcrumb":{"@id":"https:\/\/melbet.plus\/ml\/promo-code\/#breadcrumb"},"inLanguage":"fr-ML","potentialAction":[{"@type":"ReadAction","target":["https:\/\/melbet.plus\/ml\/promo-code\/"]}]},{"@type":"BreadcrumbList","@id":"https:\/\/melbet.plus\/ml\/promo-code\/#breadcrumb","itemListElement":[{"@type":"ListItem","position":1,"name":"Home","item":"https:\/\/melbet.plus\/ml\/"},{"@type":"ListItem","position":2,"name":"Code promotionnel"}]},{"@type":"WebSite","@id":"https:\/\/melbet.plus\/ml\/#website","url":"https:\/\/melbet.plus\/ml\/","name":"Melbet ml","description":"My WordPress Blog","potentialAction":[{"@type":"SearchAction","target":{"@type":"EntryPoint","urlTemplate":"https:\/\/melbet.plus\/ml\/?s={search_term_string}"},"query-input":{"@type":"PropertyValueSpecification","valueRequired":true,"valueName":"search_term_string"}}],"inLanguage":"fr-ML"}]}},"_links":{"self":[{"href":"https:\/\/melbet.plus\/ml\/wp-json\/wp\/v2\/pages\/387","targetHints":{"allow":["GET"]}}],"collection":[{"href":"https:\/\/melbet.plus\/ml\/wp-json\/wp\/v2\/pages"}],"about":[{"href":"https:\/\/melbet.plus\/ml\/wp-json\/wp\/v2\/types\/page"}],"author":[{"embeddable":true,"href":"https:\/\/melbet.plus\/ml\/wp-json\/wp\/v2\/users\/1"}],"replies":[{"embeddable":true,"href":"https:\/\/melbet.plus\/ml\/wp-json\/wp\/v2\/comments?post=387"}],"version-history":[{"count":40,"href":"https:\/\/melbet.plus\/ml\/wp-json\/wp\/v2\/pages\/387\/revisions"}],"predecessor-version":[{"id":1033,"href":"https:\/\/melbet.plus\/ml\/wp-json\/wp\/v2\/pages\/387\/revisions\/1033"}],"wp:attachment":[{"href":"https:\/\/melbet.plus\/ml\/wp-json\/wp\/v2\/media?parent=387"}],"curies":[{"name":"wp","href":"https:\/\/api.w.org\/{rel}","templated":true}]}}