{"id":698,"date":"2025-05-06T08:48:42","date_gmt":"2025-05-06T08:48:42","guid":{"rendered":"https:\/\/melbet.plus\/ma\/?page_id=698"},"modified":"2025-05-06T14:57:41","modified_gmt":"2025-05-06T14:57:41","slug":"welcome-bonus","status":"publish","type":"page","link":"https:\/\/melbet.plus\/ma\/bonus\/welcome-bonus\/","title":{"rendered":"Bonus de bienvenue"},"content":{"rendered":"","protected":false},"excerpt":{"rendered":"","protected":false},"author":1,"featured_media":0,"parent":152,"menu_order":0,"comment_status":"closed","ping_status":"closed","template":"","meta":{"inline_featured_image":false,"footnotes":""},"class_list":["post-698","page","type-page","status-publish","hentry"],"yoast_head":"<!-- This site is optimized with the Yoast SEO plugin v27.4 - https:\/\/yoast.com\/product\/yoast-seo-wordpress\/ -->\n<title>Bonus de bienvenue Melbet jusqu&#039;\u00e0 1000 MAD: double d\u00e9p\u00f4t<\/title>\n<meta name=\"description\" content=\"Obtenez vos 1000 dirhams chez Melbet - d\u00e9posez 9 dirhams apr\u00e8s votre inscription et nous doublerons votre d\u00e9p\u00f4t! Ne manquez pas l&#039;occasion d&#039;augmenter votre mise et de commencer \u00e0 jouer avec le bonus maximum. Un bonus qui fonctionne vraiment - pr\u00eat \u00e0 encaisser?\" \/>\n<meta name=\"robots\" content=\"index, follow, max-snippet:-1, max-image-preview:large, max-video-preview:-1\" \/>\n<meta property=\"og:locale\" content=\"fr_FR\" \/>\n<meta property=\"og:type\" content=\"article\" \/>\n<meta property=\"og:title\" content=\"Bonus de bienvenue Melbet jusqu&#039;\u00e0 1000 MAD: double d\u00e9p\u00f4t\" \/>\n<meta property=\"og:description\" content=\"Obtenez vos 1000 dirhams chez Melbet - d\u00e9posez 9 dirhams apr\u00e8s votre inscription et nous doublerons votre d\u00e9p\u00f4t! Ne manquez pas l&#039;occasion d&#039;augmenter votre mise et de commencer \u00e0 jouer avec le bonus maximum. Un bonus qui fonctionne vraiment - pr\u00eat \u00e0 encaisser?\" \/>\n<meta property=\"og:url\" content=\"https:\/\/melbet.plus\/ma\/bonus\/welcome-bonus\/\" \/>\n<meta property=\"og:site_name\" content=\"Melbet ma\" \/>\n<meta property=\"article:modified_time\" content=\"2025-05-06T14:57:41+00:00\" \/>\n<meta name=\"twitter:card\" content=\"summary_large_image\" \/>\n<script type=\"application\/ld+json\" class=\"yoast-schema-graph\">{\"@context\":\"https:\\\/\\\/schema.org\",\"@graph\":[{\"@type\":\"WebPage\",\"@id\":\"https:\\\/\\\/melbet.plus\\\/ma\\\/bonus\\\/welcome-bonus\\\/\",\"url\":\"https:\\\/\\\/melbet.plus\\\/ma\\\/bonus\\\/welcome-bonus\\\/\",\"name\":\"Bonus de bienvenue Melbet jusqu'\u00e0 1000 MAD: double d\u00e9p\u00f4t\",\"isPartOf\":{\"@id\":\"https:\\\/\\\/melbet.plus\\\/ma\\\/#website\"},\"datePublished\":\"2025-05-06T08:48:42+00:00\",\"dateModified\":\"2025-05-06T14:57:41+00:00\",\"description\":\"Obtenez vos 1000 dirhams chez Melbet - d\u00e9posez 9 dirhams apr\u00e8s votre inscription et nous doublerons votre d\u00e9p\u00f4t! Ne manquez pas l'occasion d'augmenter votre mise et de commencer \u00e0 jouer avec le bonus maximum. Un bonus qui fonctionne vraiment - pr\u00eat \u00e0 encaisser?\",\"breadcrumb\":{\"@id\":\"https:\\\/\\\/melbet.plus\\\/ma\\\/bonus\\\/welcome-bonus\\\/#breadcrumb\"},\"inLanguage\":\"fr-MA\",\"potentialAction\":[{\"@type\":\"ReadAction\",\"target\":[\"https:\\\/\\\/melbet.plus\\\/ma\\\/bonus\\\/welcome-bonus\\\/\"]}]},{\"@type\":\"BreadcrumbList\",\"@id\":\"https:\\\/\\\/melbet.plus\\\/ma\\\/bonus\\\/welcome-bonus\\\/#breadcrumb\",\"itemListElement\":[{\"@type\":\"ListItem\",\"position\":1,\"name\":\"Home\",\"item\":\"https:\\\/\\\/melbet.plus\\\/ma\\\/\"},{\"@type\":\"ListItem\",\"position\":2,\"name\":\"Bonuses\",\"item\":\"https:\\\/\\\/melbet.plus\\\/ma\\\/bonus\\\/\"},{\"@type\":\"ListItem\",\"position\":3,\"name\":\"Bonus de bienvenue\"}]},{\"@type\":\"WebSite\",\"@id\":\"https:\\\/\\\/melbet.plus\\\/ma\\\/#website\",\"url\":\"https:\\\/\\\/melbet.plus\\\/ma\\\/\",\"name\":\"Melbet ma\",\"description\":\"My WordPress Blog\",\"potentialAction\":[{\"@type\":\"SearchAction\",\"target\":{\"@type\":\"EntryPoint\",\"urlTemplate\":\"https:\\\/\\\/melbet.plus\\\/ma\\\/?s={search_term_string}\"},\"query-input\":{\"@type\":\"PropertyValueSpecification\",\"valueRequired\":true,\"valueName\":\"search_term_string\"}}],\"inLanguage\":\"fr-MA\"}]}<\/script>\n<!-- \/ Yoast SEO plugin. -->","yoast_head_json":{"title":"Bonus de bienvenue Melbet jusqu'\u00e0 1000 MAD: double d\u00e9p\u00f4t","description":"Obtenez vos 1000 dirhams chez Melbet - d\u00e9posez 9 dirhams apr\u00e8s votre inscription et nous doublerons votre d\u00e9p\u00f4t! Ne manquez pas l'occasion d'augmenter votre mise et de commencer \u00e0 jouer avec le bonus maximum. Un bonus qui fonctionne vraiment - pr\u00eat \u00e0 encaisser?","robots":{"index":"index","follow":"follow","max-snippet":"max-snippet:-1","max-image-preview":"max-image-preview:large","max-video-preview":"max-video-preview:-1"},"og_locale":"fr_FR","og_type":"article","og_title":"Bonus de bienvenue Melbet jusqu'\u00e0 1000 MAD: double d\u00e9p\u00f4t","og_description":"Obtenez vos 1000 dirhams chez Melbet - d\u00e9posez 9 dirhams apr\u00e8s votre inscription et nous doublerons votre d\u00e9p\u00f4t! Ne manquez pas l'occasion d'augmenter votre mise et de commencer \u00e0 jouer avec le bonus maximum. Un bonus qui fonctionne vraiment - pr\u00eat \u00e0 encaisser?","og_url":"https:\/\/melbet.plus\/ma\/bonus\/welcome-bonus\/","og_site_name":"Melbet ma","article_modified_time":"2025-05-06T14:57:41+00:00","twitter_card":"summary_large_image","schema":{"@context":"https:\/\/schema.org","@graph":[{"@type":"WebPage","@id":"https:\/\/melbet.plus\/ma\/bonus\/welcome-bonus\/","url":"https:\/\/melbet.plus\/ma\/bonus\/welcome-bonus\/","name":"Bonus de bienvenue Melbet jusqu'\u00e0 1000 MAD: double d\u00e9p\u00f4t","isPartOf":{"@id":"https:\/\/melbet.plus\/ma\/#website"},"datePublished":"2025-05-06T08:48:42+00:00","dateModified":"2025-05-06T14:57:41+00:00","description":"Obtenez vos 1000 dirhams chez Melbet - d\u00e9posez 9 dirhams apr\u00e8s votre inscription et nous doublerons votre d\u00e9p\u00f4t! Ne manquez pas l'occasion d'augmenter votre mise et de commencer \u00e0 jouer avec le bonus maximum. Un bonus qui fonctionne vraiment - pr\u00eat \u00e0 encaisser?","breadcrumb":{"@id":"https:\/\/melbet.plus\/ma\/bonus\/welcome-bonus\/#breadcrumb"},"inLanguage":"fr-MA","potentialAction":[{"@type":"ReadAction","target":["https:\/\/melbet.plus\/ma\/bonus\/welcome-bonus\/"]}]},{"@type":"BreadcrumbList","@id":"https:\/\/melbet.plus\/ma\/bonus\/welcome-bonus\/#breadcrumb","itemListElement":[{"@type":"ListItem","position":1,"name":"Home","item":"https:\/\/melbet.plus\/ma\/"},{"@type":"ListItem","position":2,"name":"Bonuses","item":"https:\/\/melbet.plus\/ma\/bonus\/"},{"@type":"ListItem","position":3,"name":"Bonus de bienvenue"}]},{"@type":"WebSite","@id":"https:\/\/melbet.plus\/ma\/#website","url":"https:\/\/melbet.plus\/ma\/","name":"Melbet ma","description":"My WordPress Blog","potentialAction":[{"@type":"SearchAction","target":{"@type":"EntryPoint","urlTemplate":"https:\/\/melbet.plus\/ma\/?s={search_term_string}"},"query-input":{"@type":"PropertyValueSpecification","valueRequired":true,"valueName":"search_term_string"}}],"inLanguage":"fr-MA"}]}},"_links":{"self":[{"href":"https:\/\/melbet.plus\/ma\/wp-json\/wp\/v2\/pages\/698","targetHints":{"allow":["GET"]}}],"collection":[{"href":"https:\/\/melbet.plus\/ma\/wp-json\/wp\/v2\/pages"}],"about":[{"href":"https:\/\/melbet.plus\/ma\/wp-json\/wp\/v2\/types\/page"}],"author":[{"embeddable":true,"href":"https:\/\/melbet.plus\/ma\/wp-json\/wp\/v2\/users\/1"}],"replies":[{"embeddable":true,"href":"https:\/\/melbet.plus\/ma\/wp-json\/wp\/v2\/comments?post=698"}],"version-history":[{"count":2,"href":"https:\/\/melbet.plus\/ma\/wp-json\/wp\/v2\/pages\/698\/revisions"}],"predecessor-version":[{"id":718,"href":"https:\/\/melbet.plus\/ma\/wp-json\/wp\/v2\/pages\/698\/revisions\/718"}],"up":[{"embeddable":true,"href":"https:\/\/melbet.plus\/ma\/wp-json\/wp\/v2\/pages\/152"}],"wp:attachment":[{"href":"https:\/\/melbet.plus\/ma\/wp-json\/wp\/v2\/media?parent=698"}],"curies":[{"name":"wp","href":"https:\/\/api.w.org\/{rel}","templated":true}]}}