{"id":619,"date":"2024-11-06T14:49:45","date_gmt":"2024-11-06T14:49:45","guid":{"rendered":"https:\/\/melbet.plus\/ma\/?page_id=619"},"modified":"2024-11-12T15:55:14","modified_gmt":"2024-11-12T15:55:14","slug":"login","status":"publish","type":"page","link":"https:\/\/melbet.plus\/ma\/login\/","title":{"rendered":"Connexion"},"content":{"rendered":"","protected":false},"excerpt":{"rendered":"","protected":false},"author":1,"featured_media":0,"parent":0,"menu_order":0,"comment_status":"closed","ping_status":"closed","template":"","meta":{"inline_featured_image":false,"footnotes":""},"class_list":["post-619","page","type-page","status-publish","hentry"],"yoast_head":"<!-- This site is optimized with the Yoast SEO plugin v27.4 - https:\/\/yoast.com\/product\/yoast-seo-wordpress\/ -->\n<title>MelBet Maroc Login | Site officiel de paris<\/title>\n<meta name=\"description\" content=\"Connectez-vous \u00e0 votre compte MelBet en ligne. Utilisez votre t\u00e9l\u00e9phone ou votre email pour vous connecter. Comment se connecter \u00e0 votre compte personnel MelBet. Visitez la page de connexion de MelBet et commencez \u00e0 parier maintenant!\" \/>\n<meta name=\"robots\" content=\"index, follow, max-snippet:-1, max-image-preview:large, max-video-preview:-1\" \/>\n<meta property=\"og:locale\" content=\"fr_FR\" \/>\n<meta property=\"og:type\" content=\"article\" \/>\n<meta property=\"og:title\" content=\"MelBet Maroc Login | Site officiel de paris\" \/>\n<meta property=\"og:description\" content=\"Connectez-vous \u00e0 votre compte MelBet en ligne. Utilisez votre t\u00e9l\u00e9phone ou votre email pour vous connecter. Comment se connecter \u00e0 votre compte personnel MelBet. Visitez la page de connexion de MelBet et commencez \u00e0 parier maintenant!\" \/>\n<meta property=\"og:url\" content=\"https:\/\/melbet.plus\/ma\/login\/\" \/>\n<meta property=\"og:site_name\" content=\"Melbet ma\" \/>\n<meta property=\"article:modified_time\" content=\"2024-11-12T15:55:14+00:00\" \/>\n<meta name=\"twitter:card\" content=\"summary_large_image\" \/>\n<script type=\"application\/ld+json\" class=\"yoast-schema-graph\">{\"@context\":\"https:\\\/\\\/schema.org\",\"@graph\":[{\"@type\":\"WebPage\",\"@id\":\"https:\\\/\\\/melbet.plus\\\/ma\\\/login\\\/\",\"url\":\"https:\\\/\\\/melbet.plus\\\/ma\\\/login\\\/\",\"name\":\"MelBet Maroc Login | Site officiel de paris\",\"isPartOf\":{\"@id\":\"https:\\\/\\\/melbet.plus\\\/ma\\\/#website\"},\"datePublished\":\"2024-11-06T14:49:45+00:00\",\"dateModified\":\"2024-11-12T15:55:14+00:00\",\"description\":\"Connectez-vous \u00e0 votre compte MelBet en ligne. Utilisez votre t\u00e9l\u00e9phone ou votre email pour vous connecter. Comment se connecter \u00e0 votre compte personnel MelBet. Visitez la page de connexion de MelBet et commencez \u00e0 parier maintenant!\",\"breadcrumb\":{\"@id\":\"https:\\\/\\\/melbet.plus\\\/ma\\\/login\\\/#breadcrumb\"},\"inLanguage\":\"fr-MA\",\"potentialAction\":[{\"@type\":\"ReadAction\",\"target\":[\"https:\\\/\\\/melbet.plus\\\/ma\\\/login\\\/\"]}]},{\"@type\":\"BreadcrumbList\",\"@id\":\"https:\\\/\\\/melbet.plus\\\/ma\\\/login\\\/#breadcrumb\",\"itemListElement\":[{\"@type\":\"ListItem\",\"position\":1,\"name\":\"Home\",\"item\":\"https:\\\/\\\/melbet.plus\\\/ma\\\/\"},{\"@type\":\"ListItem\",\"position\":2,\"name\":\"Connexion\"}]},{\"@type\":\"WebSite\",\"@id\":\"https:\\\/\\\/melbet.plus\\\/ma\\\/#website\",\"url\":\"https:\\\/\\\/melbet.plus\\\/ma\\\/\",\"name\":\"Melbet ma\",\"description\":\"My WordPress Blog\",\"potentialAction\":[{\"@type\":\"SearchAction\",\"target\":{\"@type\":\"EntryPoint\",\"urlTemplate\":\"https:\\\/\\\/melbet.plus\\\/ma\\\/?s={search_term_string}\"},\"query-input\":{\"@type\":\"PropertyValueSpecification\",\"valueRequired\":true,\"valueName\":\"search_term_string\"}}],\"inLanguage\":\"fr-MA\"}]}<\/script>\n<!-- \/ Yoast SEO plugin. -->","yoast_head_json":{"title":"MelBet Maroc Login | Site officiel de paris","description":"Connectez-vous \u00e0 votre compte MelBet en ligne. Utilisez votre t\u00e9l\u00e9phone ou votre email pour vous connecter. Comment se connecter \u00e0 votre compte personnel MelBet. Visitez la page de connexion de MelBet et commencez \u00e0 parier maintenant!","robots":{"index":"index","follow":"follow","max-snippet":"max-snippet:-1","max-image-preview":"max-image-preview:large","max-video-preview":"max-video-preview:-1"},"og_locale":"fr_FR","og_type":"article","og_title":"MelBet Maroc Login | Site officiel de paris","og_description":"Connectez-vous \u00e0 votre compte MelBet en ligne. Utilisez votre t\u00e9l\u00e9phone ou votre email pour vous connecter. Comment se connecter \u00e0 votre compte personnel MelBet. Visitez la page de connexion de MelBet et commencez \u00e0 parier maintenant!","og_url":"https:\/\/melbet.plus\/ma\/login\/","og_site_name":"Melbet ma","article_modified_time":"2024-11-12T15:55:14+00:00","twitter_card":"summary_large_image","schema":{"@context":"https:\/\/schema.org","@graph":[{"@type":"WebPage","@id":"https:\/\/melbet.plus\/ma\/login\/","url":"https:\/\/melbet.plus\/ma\/login\/","name":"MelBet Maroc Login | Site officiel de paris","isPartOf":{"@id":"https:\/\/melbet.plus\/ma\/#website"},"datePublished":"2024-11-06T14:49:45+00:00","dateModified":"2024-11-12T15:55:14+00:00","description":"Connectez-vous \u00e0 votre compte MelBet en ligne. Utilisez votre t\u00e9l\u00e9phone ou votre email pour vous connecter. Comment se connecter \u00e0 votre compte personnel MelBet. Visitez la page de connexion de MelBet et commencez \u00e0 parier maintenant!","breadcrumb":{"@id":"https:\/\/melbet.plus\/ma\/login\/#breadcrumb"},"inLanguage":"fr-MA","potentialAction":[{"@type":"ReadAction","target":["https:\/\/melbet.plus\/ma\/login\/"]}]},{"@type":"BreadcrumbList","@id":"https:\/\/melbet.plus\/ma\/login\/#breadcrumb","itemListElement":[{"@type":"ListItem","position":1,"name":"Home","item":"https:\/\/melbet.plus\/ma\/"},{"@type":"ListItem","position":2,"name":"Connexion"}]},{"@type":"WebSite","@id":"https:\/\/melbet.plus\/ma\/#website","url":"https:\/\/melbet.plus\/ma\/","name":"Melbet ma","description":"My WordPress Blog","potentialAction":[{"@type":"SearchAction","target":{"@type":"EntryPoint","urlTemplate":"https:\/\/melbet.plus\/ma\/?s={search_term_string}"},"query-input":{"@type":"PropertyValueSpecification","valueRequired":true,"valueName":"search_term_string"}}],"inLanguage":"fr-MA"}]}},"_links":{"self":[{"href":"https:\/\/melbet.plus\/ma\/wp-json\/wp\/v2\/pages\/619","targetHints":{"allow":["GET"]}}],"collection":[{"href":"https:\/\/melbet.plus\/ma\/wp-json\/wp\/v2\/pages"}],"about":[{"href":"https:\/\/melbet.plus\/ma\/wp-json\/wp\/v2\/types\/page"}],"author":[{"embeddable":true,"href":"https:\/\/melbet.plus\/ma\/wp-json\/wp\/v2\/users\/1"}],"replies":[{"embeddable":true,"href":"https:\/\/melbet.plus\/ma\/wp-json\/wp\/v2\/comments?post=619"}],"version-history":[{"count":3,"href":"https:\/\/melbet.plus\/ma\/wp-json\/wp\/v2\/pages\/619\/revisions"}],"predecessor-version":[{"id":686,"href":"https:\/\/melbet.plus\/ma\/wp-json\/wp\/v2\/pages\/619\/revisions\/686"}],"wp:attachment":[{"href":"https:\/\/melbet.plus\/ma\/wp-json\/wp\/v2\/media?parent=619"}],"curies":[{"name":"wp","href":"https:\/\/api.w.org\/{rel}","templated":true}]}}