{"id":826,"date":"2025-06-04T14:47:16","date_gmt":"2025-06-04T14:47:16","guid":{"rendered":"https:\/\/melbet.plus\/lv\/?page_id=826"},"modified":"2025-07-08T05:58:12","modified_gmt":"2025-07-08T05:58:12","slug":"safe-bet","status":"publish","type":"page","link":"https:\/\/melbet.plus\/lv\/bonus\/safe-bet\/","title":{"rendered":"Dro\u0161a likme"},"content":{"rendered":"","protected":false},"excerpt":{"rendered":"","protected":false},"author":1,"featured_media":0,"parent":152,"menu_order":0,"comment_status":"closed","ping_status":"closed","template":"","meta":{"inline_featured_image":false,"footnotes":""},"class_list":["post-826","page","type-page","status-publish","hentry"],"yoast_head":"<!-- This site is optimized with the Yoast SEO plugin v27.3 - https:\/\/yoast.com\/product\/yoast-seo-wordpress\/ -->\n<title>Melbet aizsarg\u0101tas likmes \u1409 Zaud\u0113juma gad\u012bjum\u0101 sa\u0146emiet bezmaksas likmes<\/title>\n<meta name=\"description\" content=\"Nerisk\u0113jiet bez apdro\u0161in\u0101\u0161anas! Melbet aizsarg\u0101t\u0101 likme ir j\u016bsu iesp\u0113ja sa\u0146emt bezmaksas likmes pat zaud\u0113juma gad\u012bjum\u0101. Uzst\u0101diet likmes uz lab\u0101kaj\u0101m sp\u0113l\u0113m un sagatavojieties d\u0101sn\u0101m balv\u0101m! Pievienojieties mums un sp\u0113l\u0113jiet ar p\u0101rliec\u012bbu!\" \/>\n<meta name=\"robots\" content=\"index, follow, max-snippet:-1, max-image-preview:large, max-video-preview:-1\" \/>\n<meta property=\"og:locale\" content=\"lv_LV\" \/>\n<meta property=\"og:type\" content=\"article\" \/>\n<meta property=\"og:title\" content=\"Melbet aizsarg\u0101tas likmes \u1409 Zaud\u0113juma gad\u012bjum\u0101 sa\u0146emiet bezmaksas likmes\" \/>\n<meta property=\"og:description\" content=\"Nerisk\u0113jiet bez apdro\u0161in\u0101\u0161anas! Melbet aizsarg\u0101t\u0101 likme ir j\u016bsu iesp\u0113ja sa\u0146emt bezmaksas likmes pat zaud\u0113juma gad\u012bjum\u0101. Uzst\u0101diet likmes uz lab\u0101kaj\u0101m sp\u0113l\u0113m un sagatavojieties d\u0101sn\u0101m balv\u0101m! Pievienojieties mums un sp\u0113l\u0113jiet ar p\u0101rliec\u012bbu!\" \/>\n<meta property=\"og:url\" content=\"https:\/\/melbet.plus\/lv\/bonus\/safe-bet\/\" \/>\n<meta property=\"og:site_name\" content=\"Melbet lv\" \/>\n<meta property=\"article:modified_time\" content=\"2025-07-08T05:58:12+00:00\" \/>\n<meta name=\"twitter:card\" content=\"summary_large_image\" \/>\n<script type=\"application\/ld+json\" class=\"yoast-schema-graph\">{\"@context\":\"https:\\\/\\\/schema.org\",\"@graph\":[{\"@type\":\"WebPage\",\"@id\":\"https:\\\/\\\/melbet.plus\\\/lv\\\/bonus\\\/safe-bet\\\/\",\"url\":\"https:\\\/\\\/melbet.plus\\\/lv\\\/bonus\\\/safe-bet\\\/\",\"name\":\"Melbet aizsarg\u0101tas likmes \u1409 Zaud\u0113juma gad\u012bjum\u0101 sa\u0146emiet bezmaksas likmes\",\"isPartOf\":{\"@id\":\"https:\\\/\\\/melbet.plus\\\/lv\\\/#website\"},\"datePublished\":\"2025-06-04T14:47:16+00:00\",\"dateModified\":\"2025-07-08T05:58:12+00:00\",\"description\":\"Nerisk\u0113jiet bez apdro\u0161in\u0101\u0161anas! Melbet aizsarg\u0101t\u0101 likme ir j\u016bsu iesp\u0113ja sa\u0146emt bezmaksas likmes pat zaud\u0113juma gad\u012bjum\u0101. Uzst\u0101diet likmes uz lab\u0101kaj\u0101m sp\u0113l\u0113m un sagatavojieties d\u0101sn\u0101m balv\u0101m! Pievienojieties mums un sp\u0113l\u0113jiet ar p\u0101rliec\u012bbu!\",\"breadcrumb\":{\"@id\":\"https:\\\/\\\/melbet.plus\\\/lv\\\/bonus\\\/safe-bet\\\/#breadcrumb\"},\"inLanguage\":\"lv-LV\",\"potentialAction\":[{\"@type\":\"ReadAction\",\"target\":[\"https:\\\/\\\/melbet.plus\\\/lv\\\/bonus\\\/safe-bet\\\/\"]}]},{\"@type\":\"BreadcrumbList\",\"@id\":\"https:\\\/\\\/melbet.plus\\\/lv\\\/bonus\\\/safe-bet\\\/#breadcrumb\",\"itemListElement\":[{\"@type\":\"ListItem\",\"position\":1,\"name\":\"Home\",\"item\":\"https:\\\/\\\/melbet.plus\\\/lv\\\/\"},{\"@type\":\"ListItem\",\"position\":2,\"name\":\"Bonusi\",\"item\":\"https:\\\/\\\/melbet.plus\\\/lv\\\/bonus\\\/\"},{\"@type\":\"ListItem\",\"position\":3,\"name\":\"Dro\u0161a likme\"}]},{\"@type\":\"WebSite\",\"@id\":\"https:\\\/\\\/melbet.plus\\\/lv\\\/#website\",\"url\":\"https:\\\/\\\/melbet.plus\\\/lv\\\/\",\"name\":\"Melbet lv\",\"description\":\"My WordPress Blog\",\"potentialAction\":[{\"@type\":\"SearchAction\",\"target\":{\"@type\":\"EntryPoint\",\"urlTemplate\":\"https:\\\/\\\/melbet.plus\\\/lv\\\/?s={search_term_string}\"},\"query-input\":{\"@type\":\"PropertyValueSpecification\",\"valueRequired\":true,\"valueName\":\"search_term_string\"}}],\"inLanguage\":\"lv-LV\"}]}<\/script>\n<!-- \/ Yoast SEO plugin. -->","yoast_head_json":{"title":"Melbet aizsarg\u0101tas likmes \u1409 Zaud\u0113juma gad\u012bjum\u0101 sa\u0146emiet bezmaksas likmes","description":"Nerisk\u0113jiet bez apdro\u0161in\u0101\u0161anas! Melbet aizsarg\u0101t\u0101 likme ir j\u016bsu iesp\u0113ja sa\u0146emt bezmaksas likmes pat zaud\u0113juma gad\u012bjum\u0101. Uzst\u0101diet likmes uz lab\u0101kaj\u0101m sp\u0113l\u0113m un sagatavojieties d\u0101sn\u0101m balv\u0101m! Pievienojieties mums un sp\u0113l\u0113jiet ar p\u0101rliec\u012bbu!","robots":{"index":"index","follow":"follow","max-snippet":"max-snippet:-1","max-image-preview":"max-image-preview:large","max-video-preview":"max-video-preview:-1"},"og_locale":"lv_LV","og_type":"article","og_title":"Melbet aizsarg\u0101tas likmes \u1409 Zaud\u0113juma gad\u012bjum\u0101 sa\u0146emiet bezmaksas likmes","og_description":"Nerisk\u0113jiet bez apdro\u0161in\u0101\u0161anas! Melbet aizsarg\u0101t\u0101 likme ir j\u016bsu iesp\u0113ja sa\u0146emt bezmaksas likmes pat zaud\u0113juma gad\u012bjum\u0101. Uzst\u0101diet likmes uz lab\u0101kaj\u0101m sp\u0113l\u0113m un sagatavojieties d\u0101sn\u0101m balv\u0101m! Pievienojieties mums un sp\u0113l\u0113jiet ar p\u0101rliec\u012bbu!","og_url":"https:\/\/melbet.plus\/lv\/bonus\/safe-bet\/","og_site_name":"Melbet lv","article_modified_time":"2025-07-08T05:58:12+00:00","twitter_card":"summary_large_image","schema":{"@context":"https:\/\/schema.org","@graph":[{"@type":"WebPage","@id":"https:\/\/melbet.plus\/lv\/bonus\/safe-bet\/","url":"https:\/\/melbet.plus\/lv\/bonus\/safe-bet\/","name":"Melbet aizsarg\u0101tas likmes \u1409 Zaud\u0113juma gad\u012bjum\u0101 sa\u0146emiet bezmaksas likmes","isPartOf":{"@id":"https:\/\/melbet.plus\/lv\/#website"},"datePublished":"2025-06-04T14:47:16+00:00","dateModified":"2025-07-08T05:58:12+00:00","description":"Nerisk\u0113jiet bez apdro\u0161in\u0101\u0161anas! Melbet aizsarg\u0101t\u0101 likme ir j\u016bsu iesp\u0113ja sa\u0146emt bezmaksas likmes pat zaud\u0113juma gad\u012bjum\u0101. Uzst\u0101diet likmes uz lab\u0101kaj\u0101m sp\u0113l\u0113m un sagatavojieties d\u0101sn\u0101m balv\u0101m! Pievienojieties mums un sp\u0113l\u0113jiet ar p\u0101rliec\u012bbu!","breadcrumb":{"@id":"https:\/\/melbet.plus\/lv\/bonus\/safe-bet\/#breadcrumb"},"inLanguage":"lv-LV","potentialAction":[{"@type":"ReadAction","target":["https:\/\/melbet.plus\/lv\/bonus\/safe-bet\/"]}]},{"@type":"BreadcrumbList","@id":"https:\/\/melbet.plus\/lv\/bonus\/safe-bet\/#breadcrumb","itemListElement":[{"@type":"ListItem","position":1,"name":"Home","item":"https:\/\/melbet.plus\/lv\/"},{"@type":"ListItem","position":2,"name":"Bonusi","item":"https:\/\/melbet.plus\/lv\/bonus\/"},{"@type":"ListItem","position":3,"name":"Dro\u0161a likme"}]},{"@type":"WebSite","@id":"https:\/\/melbet.plus\/lv\/#website","url":"https:\/\/melbet.plus\/lv\/","name":"Melbet lv","description":"My WordPress Blog","potentialAction":[{"@type":"SearchAction","target":{"@type":"EntryPoint","urlTemplate":"https:\/\/melbet.plus\/lv\/?s={search_term_string}"},"query-input":{"@type":"PropertyValueSpecification","valueRequired":true,"valueName":"search_term_string"}}],"inLanguage":"lv-LV"}]}},"_links":{"self":[{"href":"https:\/\/melbet.plus\/lv\/wp-json\/wp\/v2\/pages\/826","targetHints":{"allow":["GET"]}}],"collection":[{"href":"https:\/\/melbet.plus\/lv\/wp-json\/wp\/v2\/pages"}],"about":[{"href":"https:\/\/melbet.plus\/lv\/wp-json\/wp\/v2\/types\/page"}],"author":[{"embeddable":true,"href":"https:\/\/melbet.plus\/lv\/wp-json\/wp\/v2\/users\/1"}],"replies":[{"embeddable":true,"href":"https:\/\/melbet.plus\/lv\/wp-json\/wp\/v2\/comments?post=826"}],"version-history":[{"count":4,"href":"https:\/\/melbet.plus\/lv\/wp-json\/wp\/v2\/pages\/826\/revisions"}],"predecessor-version":[{"id":876,"href":"https:\/\/melbet.plus\/lv\/wp-json\/wp\/v2\/pages\/826\/revisions\/876"}],"up":[{"embeddable":true,"href":"https:\/\/melbet.plus\/lv\/wp-json\/wp\/v2\/pages\/152"}],"wp:attachment":[{"href":"https:\/\/melbet.plus\/lv\/wp-json\/wp\/v2\/media?parent=826"}],"curies":[{"name":"wp","href":"https:\/\/api.w.org\/{rel}","templated":true}]}}