{"id":751,"date":"2025-04-25T07:51:03","date_gmt":"2025-04-25T07:51:03","guid":{"rendered":"https:\/\/melbet.plus\/lv\/?page_id=751"},"modified":"2025-07-08T05:55:31","modified_gmt":"2025-07-08T05:55:31","slug":"deposit-series","status":"publish","type":"page","link":"https:\/\/melbet.plus\/lv\/bonus\/deposit-series\/","title":{"rendered":"Noguld\u012bjumu s\u0113rija"},"content":{"rendered":"","protected":false},"excerpt":{"rendered":"","protected":false},"author":1,"featured_media":0,"parent":152,"menu_order":0,"comment_status":"closed","ping_status":"closed","template":"","meta":{"inline_featured_image":false,"footnotes":""},"class_list":["post-751","page","type-page","status-publish","hentry"],"yoast_head":"<!-- This site is optimized with the Yoast SEO plugin v27.4 - https:\/\/yoast.com\/product\/yoast-seo-wordpress\/ -->\n<title>Melbet depoz\u012btu s\u0113rija: Ieg\u016bstiet l\u012bdz 100 \u20ac par 2., 3. un 4. depoz\u012btu.<\/title>\n<meta name=\"description\" content=\"Veiciet depoz\u012btu no \u20ac5 Melbet vietn\u0113 un sa\u0146emiet l\u012bdz pat \u20ac100 bonusu par otro, tre\u0161o un ceturto depoz\u012btu! Autom\u0101tiska uzkr\u0101\u0161an\u0101s, re\u0101li procenti un maksim\u0101las priek\u0161roc\u012bbas - deriet uz savu pe\u013c\u0146u un nepalaidiet gar\u0101m iesp\u0113ju!\" \/>\n<meta name=\"robots\" content=\"index, follow, max-snippet:-1, max-image-preview:large, max-video-preview:-1\" \/>\n<meta property=\"og:locale\" content=\"lv_LV\" \/>\n<meta property=\"og:type\" content=\"article\" \/>\n<meta property=\"og:title\" content=\"Melbet depoz\u012btu s\u0113rija: Ieg\u016bstiet l\u012bdz 100 \u20ac par 2., 3. un 4. depoz\u012btu.\" \/>\n<meta property=\"og:description\" content=\"Veiciet depoz\u012btu no \u20ac5 Melbet vietn\u0113 un sa\u0146emiet l\u012bdz pat \u20ac100 bonusu par otro, tre\u0161o un ceturto depoz\u012btu! Autom\u0101tiska uzkr\u0101\u0161an\u0101s, re\u0101li procenti un maksim\u0101las priek\u0161roc\u012bbas - deriet uz savu pe\u013c\u0146u un nepalaidiet gar\u0101m iesp\u0113ju!\" \/>\n<meta property=\"og:url\" content=\"https:\/\/melbet.plus\/lv\/bonus\/deposit-series\/\" \/>\n<meta property=\"og:site_name\" content=\"Melbet lv\" \/>\n<meta property=\"article:modified_time\" content=\"2025-07-08T05:55:31+00:00\" \/>\n<meta name=\"twitter:card\" content=\"summary_large_image\" \/>\n<script type=\"application\/ld+json\" class=\"yoast-schema-graph\">{\"@context\":\"https:\\\/\\\/schema.org\",\"@graph\":[{\"@type\":\"WebPage\",\"@id\":\"https:\\\/\\\/melbet.plus\\\/lv\\\/bonus\\\/deposit-series\\\/\",\"url\":\"https:\\\/\\\/melbet.plus\\\/lv\\\/bonus\\\/deposit-series\\\/\",\"name\":\"Melbet depoz\u012btu s\u0113rija: Ieg\u016bstiet l\u012bdz 100 \u20ac par 2., 3. un 4. depoz\u012btu.\",\"isPartOf\":{\"@id\":\"https:\\\/\\\/melbet.plus\\\/lv\\\/#website\"},\"datePublished\":\"2025-04-25T07:51:03+00:00\",\"dateModified\":\"2025-07-08T05:55:31+00:00\",\"description\":\"Veiciet depoz\u012btu no \u20ac5 Melbet vietn\u0113 un sa\u0146emiet l\u012bdz pat \u20ac100 bonusu par otro, tre\u0161o un ceturto depoz\u012btu! Autom\u0101tiska uzkr\u0101\u0161an\u0101s, re\u0101li procenti un maksim\u0101las priek\u0161roc\u012bbas - deriet uz savu pe\u013c\u0146u un nepalaidiet gar\u0101m iesp\u0113ju!\",\"breadcrumb\":{\"@id\":\"https:\\\/\\\/melbet.plus\\\/lv\\\/bonus\\\/deposit-series\\\/#breadcrumb\"},\"inLanguage\":\"lv-LV\",\"potentialAction\":[{\"@type\":\"ReadAction\",\"target\":[\"https:\\\/\\\/melbet.plus\\\/lv\\\/bonus\\\/deposit-series\\\/\"]}]},{\"@type\":\"BreadcrumbList\",\"@id\":\"https:\\\/\\\/melbet.plus\\\/lv\\\/bonus\\\/deposit-series\\\/#breadcrumb\",\"itemListElement\":[{\"@type\":\"ListItem\",\"position\":1,\"name\":\"Home\",\"item\":\"https:\\\/\\\/melbet.plus\\\/lv\\\/\"},{\"@type\":\"ListItem\",\"position\":2,\"name\":\"Bonusi\",\"item\":\"https:\\\/\\\/melbet.plus\\\/lv\\\/bonus\\\/\"},{\"@type\":\"ListItem\",\"position\":3,\"name\":\"Noguld\u012bjumu s\u0113rija\"}]},{\"@type\":\"WebSite\",\"@id\":\"https:\\\/\\\/melbet.plus\\\/lv\\\/#website\",\"url\":\"https:\\\/\\\/melbet.plus\\\/lv\\\/\",\"name\":\"Melbet lv\",\"description\":\"My WordPress Blog\",\"potentialAction\":[{\"@type\":\"SearchAction\",\"target\":{\"@type\":\"EntryPoint\",\"urlTemplate\":\"https:\\\/\\\/melbet.plus\\\/lv\\\/?s={search_term_string}\"},\"query-input\":{\"@type\":\"PropertyValueSpecification\",\"valueRequired\":true,\"valueName\":\"search_term_string\"}}],\"inLanguage\":\"lv-LV\"}]}<\/script>\n<!-- \/ Yoast SEO plugin. -->","yoast_head_json":{"title":"Melbet depoz\u012btu s\u0113rija: Ieg\u016bstiet l\u012bdz 100 \u20ac par 2., 3. un 4. depoz\u012btu.","description":"Veiciet depoz\u012btu no \u20ac5 Melbet vietn\u0113 un sa\u0146emiet l\u012bdz pat \u20ac100 bonusu par otro, tre\u0161o un ceturto depoz\u012btu! Autom\u0101tiska uzkr\u0101\u0161an\u0101s, re\u0101li procenti un maksim\u0101las priek\u0161roc\u012bbas - deriet uz savu pe\u013c\u0146u un nepalaidiet gar\u0101m iesp\u0113ju!","robots":{"index":"index","follow":"follow","max-snippet":"max-snippet:-1","max-image-preview":"max-image-preview:large","max-video-preview":"max-video-preview:-1"},"og_locale":"lv_LV","og_type":"article","og_title":"Melbet depoz\u012btu s\u0113rija: Ieg\u016bstiet l\u012bdz 100 \u20ac par 2., 3. un 4. depoz\u012btu.","og_description":"Veiciet depoz\u012btu no \u20ac5 Melbet vietn\u0113 un sa\u0146emiet l\u012bdz pat \u20ac100 bonusu par otro, tre\u0161o un ceturto depoz\u012btu! Autom\u0101tiska uzkr\u0101\u0161an\u0101s, re\u0101li procenti un maksim\u0101las priek\u0161roc\u012bbas - deriet uz savu pe\u013c\u0146u un nepalaidiet gar\u0101m iesp\u0113ju!","og_url":"https:\/\/melbet.plus\/lv\/bonus\/deposit-series\/","og_site_name":"Melbet lv","article_modified_time":"2025-07-08T05:55:31+00:00","twitter_card":"summary_large_image","schema":{"@context":"https:\/\/schema.org","@graph":[{"@type":"WebPage","@id":"https:\/\/melbet.plus\/lv\/bonus\/deposit-series\/","url":"https:\/\/melbet.plus\/lv\/bonus\/deposit-series\/","name":"Melbet depoz\u012btu s\u0113rija: Ieg\u016bstiet l\u012bdz 100 \u20ac par 2., 3. un 4. depoz\u012btu.","isPartOf":{"@id":"https:\/\/melbet.plus\/lv\/#website"},"datePublished":"2025-04-25T07:51:03+00:00","dateModified":"2025-07-08T05:55:31+00:00","description":"Veiciet depoz\u012btu no \u20ac5 Melbet vietn\u0113 un sa\u0146emiet l\u012bdz pat \u20ac100 bonusu par otro, tre\u0161o un ceturto depoz\u012btu! Autom\u0101tiska uzkr\u0101\u0161an\u0101s, re\u0101li procenti un maksim\u0101las priek\u0161roc\u012bbas - deriet uz savu pe\u013c\u0146u un nepalaidiet gar\u0101m iesp\u0113ju!","breadcrumb":{"@id":"https:\/\/melbet.plus\/lv\/bonus\/deposit-series\/#breadcrumb"},"inLanguage":"lv-LV","potentialAction":[{"@type":"ReadAction","target":["https:\/\/melbet.plus\/lv\/bonus\/deposit-series\/"]}]},{"@type":"BreadcrumbList","@id":"https:\/\/melbet.plus\/lv\/bonus\/deposit-series\/#breadcrumb","itemListElement":[{"@type":"ListItem","position":1,"name":"Home","item":"https:\/\/melbet.plus\/lv\/"},{"@type":"ListItem","position":2,"name":"Bonusi","item":"https:\/\/melbet.plus\/lv\/bonus\/"},{"@type":"ListItem","position":3,"name":"Noguld\u012bjumu s\u0113rija"}]},{"@type":"WebSite","@id":"https:\/\/melbet.plus\/lv\/#website","url":"https:\/\/melbet.plus\/lv\/","name":"Melbet lv","description":"My WordPress Blog","potentialAction":[{"@type":"SearchAction","target":{"@type":"EntryPoint","urlTemplate":"https:\/\/melbet.plus\/lv\/?s={search_term_string}"},"query-input":{"@type":"PropertyValueSpecification","valueRequired":true,"valueName":"search_term_string"}}],"inLanguage":"lv-LV"}]}},"_links":{"self":[{"href":"https:\/\/melbet.plus\/lv\/wp-json\/wp\/v2\/pages\/751","targetHints":{"allow":["GET"]}}],"collection":[{"href":"https:\/\/melbet.plus\/lv\/wp-json\/wp\/v2\/pages"}],"about":[{"href":"https:\/\/melbet.plus\/lv\/wp-json\/wp\/v2\/types\/page"}],"author":[{"embeddable":true,"href":"https:\/\/melbet.plus\/lv\/wp-json\/wp\/v2\/users\/1"}],"replies":[{"embeddable":true,"href":"https:\/\/melbet.plus\/lv\/wp-json\/wp\/v2\/comments?post=751"}],"version-history":[{"count":7,"href":"https:\/\/melbet.plus\/lv\/wp-json\/wp\/v2\/pages\/751\/revisions"}],"predecessor-version":[{"id":874,"href":"https:\/\/melbet.plus\/lv\/wp-json\/wp\/v2\/pages\/751\/revisions\/874"}],"up":[{"embeddable":true,"href":"https:\/\/melbet.plus\/lv\/wp-json\/wp\/v2\/pages\/152"}],"wp:attachment":[{"href":"https:\/\/melbet.plus\/lv\/wp-json\/wp\/v2\/media?parent=751"}],"curies":[{"name":"wp","href":"https:\/\/api.w.org\/{rel}","templated":true}]}}