{"id":746,"date":"2025-04-25T07:31:56","date_gmt":"2025-04-25T07:31:56","guid":{"rendered":"https:\/\/melbet.plus\/lv\/?page_id=746"},"modified":"2025-07-19T07:02:36","modified_gmt":"2025-07-19T07:02:36","slug":"casino-welcome-package","status":"publish","type":"page","link":"https:\/\/melbet.plus\/lv\/bonus\/casino-welcome-package\/","title":{"rendered":"Kazino sagaid\u012b\u0161anas pakete"},"content":{"rendered":"","protected":false},"excerpt":{"rendered":"","protected":false},"author":1,"featured_media":0,"parent":152,"menu_order":0,"comment_status":"closed","ping_status":"closed","template":"","meta":{"inline_featured_image":false,"footnotes":""},"class_list":["post-746","page","type-page","status-publish","hentry"],"yoast_head":"<!-- This site is optimized with the Yoast SEO plugin v27.3 - https:\/\/yoast.com\/product\/yoast-seo-wordpress\/ -->\n<title>Melbet kazino sagaid\u012b\u0161anas pakete: L\u012bdz \u20ac 1750 + 290 FS<\/title>\n<meta name=\"description\" content=\"Vai esat gatavs laim\u0113t d\u017eekpotu? Ieg\u016bstiet l\u012bdz pat \u20ac1750 un 290 bezmaksas griezienus ar pirmajiem pieciem depoz\u012btiem Melbet Casino! Re\u0123istr\u0113jieties, iemaks\u0101jiet naudu un izmantojiet maksim\u0101los bonusus un bezmaksas griezienus - sp\u0113l\u0113jiet ar pe\u013c\u0146u un g\u016bstiet lielu labumu no katras likmes!\" \/>\n<meta name=\"robots\" content=\"index, follow, max-snippet:-1, max-image-preview:large, max-video-preview:-1\" \/>\n<meta property=\"og:locale\" content=\"lv_LV\" \/>\n<meta property=\"og:type\" content=\"article\" \/>\n<meta property=\"og:title\" content=\"Melbet kazino sagaid\u012b\u0161anas pakete: L\u012bdz \u20ac 1750 + 290 FS\" \/>\n<meta property=\"og:description\" content=\"Vai esat gatavs laim\u0113t d\u017eekpotu? Ieg\u016bstiet l\u012bdz pat \u20ac1750 un 290 bezmaksas griezienus ar pirmajiem pieciem depoz\u012btiem Melbet Casino! Re\u0123istr\u0113jieties, iemaks\u0101jiet naudu un izmantojiet maksim\u0101los bonusus un bezmaksas griezienus - sp\u0113l\u0113jiet ar pe\u013c\u0146u un g\u016bstiet lielu labumu no katras likmes!\" \/>\n<meta property=\"og:url\" content=\"https:\/\/melbet.plus\/lv\/bonus\/casino-welcome-package\/\" \/>\n<meta property=\"og:site_name\" content=\"Melbet lv\" \/>\n<meta property=\"article:modified_time\" content=\"2025-07-19T07:02:36+00:00\" \/>\n<meta name=\"twitter:card\" content=\"summary_large_image\" \/>\n<script type=\"application\/ld+json\" class=\"yoast-schema-graph\">{\"@context\":\"https:\\\/\\\/schema.org\",\"@graph\":[{\"@type\":\"WebPage\",\"@id\":\"https:\\\/\\\/melbet.plus\\\/lv\\\/bonus\\\/casino-welcome-package\\\/\",\"url\":\"https:\\\/\\\/melbet.plus\\\/lv\\\/bonus\\\/casino-welcome-package\\\/\",\"name\":\"Melbet kazino sagaid\u012b\u0161anas pakete: L\u012bdz \u20ac 1750 + 290 FS\",\"isPartOf\":{\"@id\":\"https:\\\/\\\/melbet.plus\\\/lv\\\/#website\"},\"datePublished\":\"2025-04-25T07:31:56+00:00\",\"dateModified\":\"2025-07-19T07:02:36+00:00\",\"description\":\"Vai esat gatavs laim\u0113t d\u017eekpotu? Ieg\u016bstiet l\u012bdz pat \u20ac1750 un 290 bezmaksas griezienus ar pirmajiem pieciem depoz\u012btiem Melbet Casino! Re\u0123istr\u0113jieties, iemaks\u0101jiet naudu un izmantojiet maksim\u0101los bonusus un bezmaksas griezienus - sp\u0113l\u0113jiet ar pe\u013c\u0146u un g\u016bstiet lielu labumu no katras likmes!\",\"breadcrumb\":{\"@id\":\"https:\\\/\\\/melbet.plus\\\/lv\\\/bonus\\\/casino-welcome-package\\\/#breadcrumb\"},\"inLanguage\":\"lv-LV\",\"potentialAction\":[{\"@type\":\"ReadAction\",\"target\":[\"https:\\\/\\\/melbet.plus\\\/lv\\\/bonus\\\/casino-welcome-package\\\/\"]}]},{\"@type\":\"BreadcrumbList\",\"@id\":\"https:\\\/\\\/melbet.plus\\\/lv\\\/bonus\\\/casino-welcome-package\\\/#breadcrumb\",\"itemListElement\":[{\"@type\":\"ListItem\",\"position\":1,\"name\":\"Home\",\"item\":\"https:\\\/\\\/melbet.plus\\\/lv\\\/\"},{\"@type\":\"ListItem\",\"position\":2,\"name\":\"Bonusi\",\"item\":\"https:\\\/\\\/melbet.plus\\\/lv\\\/bonus\\\/\"},{\"@type\":\"ListItem\",\"position\":3,\"name\":\"Kazino sagaid\u012b\u0161anas pakete\"}]},{\"@type\":\"WebSite\",\"@id\":\"https:\\\/\\\/melbet.plus\\\/lv\\\/#website\",\"url\":\"https:\\\/\\\/melbet.plus\\\/lv\\\/\",\"name\":\"Melbet lv\",\"description\":\"My WordPress Blog\",\"potentialAction\":[{\"@type\":\"SearchAction\",\"target\":{\"@type\":\"EntryPoint\",\"urlTemplate\":\"https:\\\/\\\/melbet.plus\\\/lv\\\/?s={search_term_string}\"},\"query-input\":{\"@type\":\"PropertyValueSpecification\",\"valueRequired\":true,\"valueName\":\"search_term_string\"}}],\"inLanguage\":\"lv-LV\"}]}<\/script>\n<!-- \/ Yoast SEO plugin. -->","yoast_head_json":{"title":"Melbet kazino sagaid\u012b\u0161anas pakete: L\u012bdz \u20ac 1750 + 290 FS","description":"Vai esat gatavs laim\u0113t d\u017eekpotu? Ieg\u016bstiet l\u012bdz pat \u20ac1750 un 290 bezmaksas griezienus ar pirmajiem pieciem depoz\u012btiem Melbet Casino! Re\u0123istr\u0113jieties, iemaks\u0101jiet naudu un izmantojiet maksim\u0101los bonusus un bezmaksas griezienus - sp\u0113l\u0113jiet ar pe\u013c\u0146u un g\u016bstiet lielu labumu no katras likmes!","robots":{"index":"index","follow":"follow","max-snippet":"max-snippet:-1","max-image-preview":"max-image-preview:large","max-video-preview":"max-video-preview:-1"},"og_locale":"lv_LV","og_type":"article","og_title":"Melbet kazino sagaid\u012b\u0161anas pakete: L\u012bdz \u20ac 1750 + 290 FS","og_description":"Vai esat gatavs laim\u0113t d\u017eekpotu? Ieg\u016bstiet l\u012bdz pat \u20ac1750 un 290 bezmaksas griezienus ar pirmajiem pieciem depoz\u012btiem Melbet Casino! Re\u0123istr\u0113jieties, iemaks\u0101jiet naudu un izmantojiet maksim\u0101los bonusus un bezmaksas griezienus - sp\u0113l\u0113jiet ar pe\u013c\u0146u un g\u016bstiet lielu labumu no katras likmes!","og_url":"https:\/\/melbet.plus\/lv\/bonus\/casino-welcome-package\/","og_site_name":"Melbet lv","article_modified_time":"2025-07-19T07:02:36+00:00","twitter_card":"summary_large_image","schema":{"@context":"https:\/\/schema.org","@graph":[{"@type":"WebPage","@id":"https:\/\/melbet.plus\/lv\/bonus\/casino-welcome-package\/","url":"https:\/\/melbet.plus\/lv\/bonus\/casino-welcome-package\/","name":"Melbet kazino sagaid\u012b\u0161anas pakete: L\u012bdz \u20ac 1750 + 290 FS","isPartOf":{"@id":"https:\/\/melbet.plus\/lv\/#website"},"datePublished":"2025-04-25T07:31:56+00:00","dateModified":"2025-07-19T07:02:36+00:00","description":"Vai esat gatavs laim\u0113t d\u017eekpotu? Ieg\u016bstiet l\u012bdz pat \u20ac1750 un 290 bezmaksas griezienus ar pirmajiem pieciem depoz\u012btiem Melbet Casino! Re\u0123istr\u0113jieties, iemaks\u0101jiet naudu un izmantojiet maksim\u0101los bonusus un bezmaksas griezienus - sp\u0113l\u0113jiet ar pe\u013c\u0146u un g\u016bstiet lielu labumu no katras likmes!","breadcrumb":{"@id":"https:\/\/melbet.plus\/lv\/bonus\/casino-welcome-package\/#breadcrumb"},"inLanguage":"lv-LV","potentialAction":[{"@type":"ReadAction","target":["https:\/\/melbet.plus\/lv\/bonus\/casino-welcome-package\/"]}]},{"@type":"BreadcrumbList","@id":"https:\/\/melbet.plus\/lv\/bonus\/casino-welcome-package\/#breadcrumb","itemListElement":[{"@type":"ListItem","position":1,"name":"Home","item":"https:\/\/melbet.plus\/lv\/"},{"@type":"ListItem","position":2,"name":"Bonusi","item":"https:\/\/melbet.plus\/lv\/bonus\/"},{"@type":"ListItem","position":3,"name":"Kazino sagaid\u012b\u0161anas pakete"}]},{"@type":"WebSite","@id":"https:\/\/melbet.plus\/lv\/#website","url":"https:\/\/melbet.plus\/lv\/","name":"Melbet lv","description":"My WordPress Blog","potentialAction":[{"@type":"SearchAction","target":{"@type":"EntryPoint","urlTemplate":"https:\/\/melbet.plus\/lv\/?s={search_term_string}"},"query-input":{"@type":"PropertyValueSpecification","valueRequired":true,"valueName":"search_term_string"}}],"inLanguage":"lv-LV"}]}},"_links":{"self":[{"href":"https:\/\/melbet.plus\/lv\/wp-json\/wp\/v2\/pages\/746","targetHints":{"allow":["GET"]}}],"collection":[{"href":"https:\/\/melbet.plus\/lv\/wp-json\/wp\/v2\/pages"}],"about":[{"href":"https:\/\/melbet.plus\/lv\/wp-json\/wp\/v2\/types\/page"}],"author":[{"embeddable":true,"href":"https:\/\/melbet.plus\/lv\/wp-json\/wp\/v2\/users\/1"}],"replies":[{"embeddable":true,"href":"https:\/\/melbet.plus\/lv\/wp-json\/wp\/v2\/comments?post=746"}],"version-history":[{"count":6,"href":"https:\/\/melbet.plus\/lv\/wp-json\/wp\/v2\/pages\/746\/revisions"}],"predecessor-version":[{"id":870,"href":"https:\/\/melbet.plus\/lv\/wp-json\/wp\/v2\/pages\/746\/revisions\/870"}],"up":[{"embeddable":true,"href":"https:\/\/melbet.plus\/lv\/wp-json\/wp\/v2\/pages\/152"}],"wp:attachment":[{"href":"https:\/\/melbet.plus\/lv\/wp-json\/wp\/v2\/media?parent=746"}],"curies":[{"name":"wp","href":"https:\/\/api.w.org\/{rel}","templated":true}]}}