{"id":727,"date":"2025-04-25T06:27:44","date_gmt":"2025-04-25T06:27:44","guid":{"rendered":"https:\/\/melbet.plus\/lv\/?page_id=727"},"modified":"2025-07-08T06:01:29","modified_gmt":"2025-07-08T06:01:29","slug":"welcome-bonus","status":"publish","type":"page","link":"https:\/\/melbet.plus\/lv\/bonus\/welcome-bonus\/","title":{"rendered":"Atzin\u012bbas bonuss"},"content":{"rendered":"","protected":false},"excerpt":{"rendered":"","protected":false},"author":1,"featured_media":0,"parent":152,"menu_order":0,"comment_status":"closed","ping_status":"closed","template":"","meta":{"inline_featured_image":false,"footnotes":""},"class_list":["post-727","page","type-page","status-publish","hentry"],"yoast_head":"<!-- This site is optimized with the Yoast SEO plugin v27.3 - https:\/\/yoast.com\/product\/yoast-seo-wordpress\/ -->\n<title>Melbet bonuss l\u012bdz 110 \u20ac: dubult\u0101 iemaksa p\u0113c re\u0123istr\u0101cijas<\/title>\n<meta name=\"description\" content=\"Ieg\u016bstiet savu \u20ac110 Melbet vietn\u0113 - p\u0113c re\u0123istr\u0101cijas iemaks\u0101jiet \u20ac1, un m\u0113s dubultosim J\u016bsu iemaksu! Nepalaidiet gar\u0101m iesp\u0113ju palielin\u0101t savu likmi un s\u0101kt sp\u0113l\u0113t ar maksim\u0101lo bonusu. Bonuss, kas patie\u0161\u0101m darbojas - esat gatavs sa\u0146emt naudu?\" \/>\n<meta name=\"robots\" content=\"index, follow, max-snippet:-1, max-image-preview:large, max-video-preview:-1\" \/>\n<meta property=\"og:locale\" content=\"lv_LV\" \/>\n<meta property=\"og:type\" content=\"article\" \/>\n<meta property=\"og:title\" content=\"Melbet bonuss l\u012bdz 110 \u20ac: dubult\u0101 iemaksa p\u0113c re\u0123istr\u0101cijas\" \/>\n<meta property=\"og:description\" content=\"Ieg\u016bstiet savu \u20ac110 Melbet vietn\u0113 - p\u0113c re\u0123istr\u0101cijas iemaks\u0101jiet \u20ac1, un m\u0113s dubultosim J\u016bsu iemaksu! Nepalaidiet gar\u0101m iesp\u0113ju palielin\u0101t savu likmi un s\u0101kt sp\u0113l\u0113t ar maksim\u0101lo bonusu. Bonuss, kas patie\u0161\u0101m darbojas - esat gatavs sa\u0146emt naudu?\" \/>\n<meta property=\"og:url\" content=\"https:\/\/melbet.plus\/lv\/bonus\/welcome-bonus\/\" \/>\n<meta property=\"og:site_name\" content=\"Melbet lv\" \/>\n<meta property=\"article:modified_time\" content=\"2025-07-08T06:01:29+00:00\" \/>\n<meta name=\"twitter:card\" content=\"summary_large_image\" \/>\n<script type=\"application\/ld+json\" class=\"yoast-schema-graph\">{\"@context\":\"https:\\\/\\\/schema.org\",\"@graph\":[{\"@type\":\"WebPage\",\"@id\":\"https:\\\/\\\/melbet.plus\\\/lv\\\/bonus\\\/welcome-bonus\\\/\",\"url\":\"https:\\\/\\\/melbet.plus\\\/lv\\\/bonus\\\/welcome-bonus\\\/\",\"name\":\"Melbet bonuss l\u012bdz 110 \u20ac: dubult\u0101 iemaksa p\u0113c re\u0123istr\u0101cijas\",\"isPartOf\":{\"@id\":\"https:\\\/\\\/melbet.plus\\\/lv\\\/#website\"},\"datePublished\":\"2025-04-25T06:27:44+00:00\",\"dateModified\":\"2025-07-08T06:01:29+00:00\",\"description\":\"Ieg\u016bstiet savu \u20ac110 Melbet vietn\u0113 - p\u0113c re\u0123istr\u0101cijas iemaks\u0101jiet \u20ac1, un m\u0113s dubultosim J\u016bsu iemaksu! Nepalaidiet gar\u0101m iesp\u0113ju palielin\u0101t savu likmi un s\u0101kt sp\u0113l\u0113t ar maksim\u0101lo bonusu. Bonuss, kas patie\u0161\u0101m darbojas - esat gatavs sa\u0146emt naudu?\",\"breadcrumb\":{\"@id\":\"https:\\\/\\\/melbet.plus\\\/lv\\\/bonus\\\/welcome-bonus\\\/#breadcrumb\"},\"inLanguage\":\"lv-LV\",\"potentialAction\":[{\"@type\":\"ReadAction\",\"target\":[\"https:\\\/\\\/melbet.plus\\\/lv\\\/bonus\\\/welcome-bonus\\\/\"]}]},{\"@type\":\"BreadcrumbList\",\"@id\":\"https:\\\/\\\/melbet.plus\\\/lv\\\/bonus\\\/welcome-bonus\\\/#breadcrumb\",\"itemListElement\":[{\"@type\":\"ListItem\",\"position\":1,\"name\":\"Home\",\"item\":\"https:\\\/\\\/melbet.plus\\\/lv\\\/\"},{\"@type\":\"ListItem\",\"position\":2,\"name\":\"Bonusi\",\"item\":\"https:\\\/\\\/melbet.plus\\\/lv\\\/bonus\\\/\"},{\"@type\":\"ListItem\",\"position\":3,\"name\":\"Atzin\u012bbas bonuss\"}]},{\"@type\":\"WebSite\",\"@id\":\"https:\\\/\\\/melbet.plus\\\/lv\\\/#website\",\"url\":\"https:\\\/\\\/melbet.plus\\\/lv\\\/\",\"name\":\"Melbet lv\",\"description\":\"My WordPress Blog\",\"potentialAction\":[{\"@type\":\"SearchAction\",\"target\":{\"@type\":\"EntryPoint\",\"urlTemplate\":\"https:\\\/\\\/melbet.plus\\\/lv\\\/?s={search_term_string}\"},\"query-input\":{\"@type\":\"PropertyValueSpecification\",\"valueRequired\":true,\"valueName\":\"search_term_string\"}}],\"inLanguage\":\"lv-LV\"}]}<\/script>\n<!-- \/ Yoast SEO plugin. -->","yoast_head_json":{"title":"Melbet bonuss l\u012bdz 110 \u20ac: dubult\u0101 iemaksa p\u0113c re\u0123istr\u0101cijas","description":"Ieg\u016bstiet savu \u20ac110 Melbet vietn\u0113 - p\u0113c re\u0123istr\u0101cijas iemaks\u0101jiet \u20ac1, un m\u0113s dubultosim J\u016bsu iemaksu! Nepalaidiet gar\u0101m iesp\u0113ju palielin\u0101t savu likmi un s\u0101kt sp\u0113l\u0113t ar maksim\u0101lo bonusu. Bonuss, kas patie\u0161\u0101m darbojas - esat gatavs sa\u0146emt naudu?","robots":{"index":"index","follow":"follow","max-snippet":"max-snippet:-1","max-image-preview":"max-image-preview:large","max-video-preview":"max-video-preview:-1"},"og_locale":"lv_LV","og_type":"article","og_title":"Melbet bonuss l\u012bdz 110 \u20ac: dubult\u0101 iemaksa p\u0113c re\u0123istr\u0101cijas","og_description":"Ieg\u016bstiet savu \u20ac110 Melbet vietn\u0113 - p\u0113c re\u0123istr\u0101cijas iemaks\u0101jiet \u20ac1, un m\u0113s dubultosim J\u016bsu iemaksu! Nepalaidiet gar\u0101m iesp\u0113ju palielin\u0101t savu likmi un s\u0101kt sp\u0113l\u0113t ar maksim\u0101lo bonusu. Bonuss, kas patie\u0161\u0101m darbojas - esat gatavs sa\u0146emt naudu?","og_url":"https:\/\/melbet.plus\/lv\/bonus\/welcome-bonus\/","og_site_name":"Melbet lv","article_modified_time":"2025-07-08T06:01:29+00:00","twitter_card":"summary_large_image","schema":{"@context":"https:\/\/schema.org","@graph":[{"@type":"WebPage","@id":"https:\/\/melbet.plus\/lv\/bonus\/welcome-bonus\/","url":"https:\/\/melbet.plus\/lv\/bonus\/welcome-bonus\/","name":"Melbet bonuss l\u012bdz 110 \u20ac: dubult\u0101 iemaksa p\u0113c re\u0123istr\u0101cijas","isPartOf":{"@id":"https:\/\/melbet.plus\/lv\/#website"},"datePublished":"2025-04-25T06:27:44+00:00","dateModified":"2025-07-08T06:01:29+00:00","description":"Ieg\u016bstiet savu \u20ac110 Melbet vietn\u0113 - p\u0113c re\u0123istr\u0101cijas iemaks\u0101jiet \u20ac1, un m\u0113s dubultosim J\u016bsu iemaksu! Nepalaidiet gar\u0101m iesp\u0113ju palielin\u0101t savu likmi un s\u0101kt sp\u0113l\u0113t ar maksim\u0101lo bonusu. Bonuss, kas patie\u0161\u0101m darbojas - esat gatavs sa\u0146emt naudu?","breadcrumb":{"@id":"https:\/\/melbet.plus\/lv\/bonus\/welcome-bonus\/#breadcrumb"},"inLanguage":"lv-LV","potentialAction":[{"@type":"ReadAction","target":["https:\/\/melbet.plus\/lv\/bonus\/welcome-bonus\/"]}]},{"@type":"BreadcrumbList","@id":"https:\/\/melbet.plus\/lv\/bonus\/welcome-bonus\/#breadcrumb","itemListElement":[{"@type":"ListItem","position":1,"name":"Home","item":"https:\/\/melbet.plus\/lv\/"},{"@type":"ListItem","position":2,"name":"Bonusi","item":"https:\/\/melbet.plus\/lv\/bonus\/"},{"@type":"ListItem","position":3,"name":"Atzin\u012bbas bonuss"}]},{"@type":"WebSite","@id":"https:\/\/melbet.plus\/lv\/#website","url":"https:\/\/melbet.plus\/lv\/","name":"Melbet lv","description":"My WordPress Blog","potentialAction":[{"@type":"SearchAction","target":{"@type":"EntryPoint","urlTemplate":"https:\/\/melbet.plus\/lv\/?s={search_term_string}"},"query-input":{"@type":"PropertyValueSpecification","valueRequired":true,"valueName":"search_term_string"}}],"inLanguage":"lv-LV"}]}},"_links":{"self":[{"href":"https:\/\/melbet.plus\/lv\/wp-json\/wp\/v2\/pages\/727","targetHints":{"allow":["GET"]}}],"collection":[{"href":"https:\/\/melbet.plus\/lv\/wp-json\/wp\/v2\/pages"}],"about":[{"href":"https:\/\/melbet.plus\/lv\/wp-json\/wp\/v2\/types\/page"}],"author":[{"embeddable":true,"href":"https:\/\/melbet.plus\/lv\/wp-json\/wp\/v2\/users\/1"}],"replies":[{"embeddable":true,"href":"https:\/\/melbet.plus\/lv\/wp-json\/wp\/v2\/comments?post=727"}],"version-history":[{"count":7,"href":"https:\/\/melbet.plus\/lv\/wp-json\/wp\/v2\/pages\/727\/revisions"}],"predecessor-version":[{"id":878,"href":"https:\/\/melbet.plus\/lv\/wp-json\/wp\/v2\/pages\/727\/revisions\/878"}],"up":[{"embeddable":true,"href":"https:\/\/melbet.plus\/lv\/wp-json\/wp\/v2\/pages\/152"}],"wp:attachment":[{"href":"https:\/\/melbet.plus\/lv\/wp-json\/wp\/v2\/media?parent=727"}],"curies":[{"name":"wp","href":"https:\/\/api.w.org\/{rel}","templated":true}]}}