{"id":579,"date":"2024-09-23T13:41:56","date_gmt":"2024-09-23T13:41:56","guid":{"rendered":"https:\/\/melbet.plus\/lv\/?page_id=579"},"modified":"2025-07-08T07:05:51","modified_gmt":"2025-07-08T07:05:51","slug":"login","status":"publish","type":"page","link":"https:\/\/melbet.plus\/lv\/login\/","title":{"rendered":"Pieteik\u0161an\u0101s"},"content":{"rendered":"","protected":false},"excerpt":{"rendered":"","protected":false},"author":1,"featured_media":0,"parent":0,"menu_order":0,"comment_status":"closed","ping_status":"closed","template":"","meta":{"inline_featured_image":false,"footnotes":""},"class_list":["post-579","page","type-page","status-publish","hentry"],"yoast_head":"<!-- This site is optimized with the Yoast SEO plugin v27.3 - https:\/\/yoast.com\/product\/yoast-seo-wordpress\/ -->\n<title>MelBet pieteik\u0161an\u0101s | Ofici\u0101l\u0101 der\u012bbu m\u0101jaslapa<\/title>\n<meta name=\"description\" content=\"Pierakstieties sav\u0101 MelBet kont\u0101 tie\u0161saist\u0113. Lai pieteiktos, izmantojiet t\u0101lruni vai e-pastu. K\u0101 pieteikties sav\u0101 MelBet person\u012bgaj\u0101 kont\u0101. Apmekl\u0113jiet MelBet pieteik\u0161an\u0101s lapu un s\u0101ciet veikt likmes tagad!\" \/>\n<meta name=\"robots\" content=\"index, follow, max-snippet:-1, max-image-preview:large, max-video-preview:-1\" \/>\n<meta property=\"og:locale\" content=\"lv_LV\" \/>\n<meta property=\"og:type\" content=\"article\" \/>\n<meta property=\"og:title\" content=\"MelBet pieteik\u0161an\u0101s | Ofici\u0101l\u0101 der\u012bbu m\u0101jaslapa\" \/>\n<meta property=\"og:description\" content=\"Pierakstieties sav\u0101 MelBet kont\u0101 tie\u0161saist\u0113. Lai pieteiktos, izmantojiet t\u0101lruni vai e-pastu. K\u0101 pieteikties sav\u0101 MelBet person\u012bgaj\u0101 kont\u0101. Apmekl\u0113jiet MelBet pieteik\u0161an\u0101s lapu un s\u0101ciet veikt likmes tagad!\" \/>\n<meta property=\"og:url\" content=\"https:\/\/melbet.plus\/lv\/login\/\" \/>\n<meta property=\"og:site_name\" content=\"Melbet lv\" \/>\n<meta property=\"article:modified_time\" content=\"2025-07-08T07:05:51+00:00\" \/>\n<meta name=\"twitter:card\" content=\"summary_large_image\" \/>\n<script type=\"application\/ld+json\" class=\"yoast-schema-graph\">{\"@context\":\"https:\\\/\\\/schema.org\",\"@graph\":[{\"@type\":\"WebPage\",\"@id\":\"https:\\\/\\\/melbet.plus\\\/lv\\\/login\\\/\",\"url\":\"https:\\\/\\\/melbet.plus\\\/lv\\\/login\\\/\",\"name\":\"MelBet pieteik\u0161an\u0101s | Ofici\u0101l\u0101 der\u012bbu m\u0101jaslapa\",\"isPartOf\":{\"@id\":\"https:\\\/\\\/melbet.plus\\\/lv\\\/#website\"},\"datePublished\":\"2024-09-23T13:41:56+00:00\",\"dateModified\":\"2025-07-08T07:05:51+00:00\",\"description\":\"Pierakstieties sav\u0101 MelBet kont\u0101 tie\u0161saist\u0113. Lai pieteiktos, izmantojiet t\u0101lruni vai e-pastu. K\u0101 pieteikties sav\u0101 MelBet person\u012bgaj\u0101 kont\u0101. Apmekl\u0113jiet MelBet pieteik\u0161an\u0101s lapu un s\u0101ciet veikt likmes tagad!\",\"breadcrumb\":{\"@id\":\"https:\\\/\\\/melbet.plus\\\/lv\\\/login\\\/#breadcrumb\"},\"inLanguage\":\"lv-LV\",\"potentialAction\":[{\"@type\":\"ReadAction\",\"target\":[\"https:\\\/\\\/melbet.plus\\\/lv\\\/login\\\/\"]}]},{\"@type\":\"BreadcrumbList\",\"@id\":\"https:\\\/\\\/melbet.plus\\\/lv\\\/login\\\/#breadcrumb\",\"itemListElement\":[{\"@type\":\"ListItem\",\"position\":1,\"name\":\"Home\",\"item\":\"https:\\\/\\\/melbet.plus\\\/lv\\\/\"},{\"@type\":\"ListItem\",\"position\":2,\"name\":\"Pieteik\u0161an\u0101s\"}]},{\"@type\":\"WebSite\",\"@id\":\"https:\\\/\\\/melbet.plus\\\/lv\\\/#website\",\"url\":\"https:\\\/\\\/melbet.plus\\\/lv\\\/\",\"name\":\"Melbet lv\",\"description\":\"My WordPress Blog\",\"potentialAction\":[{\"@type\":\"SearchAction\",\"target\":{\"@type\":\"EntryPoint\",\"urlTemplate\":\"https:\\\/\\\/melbet.plus\\\/lv\\\/?s={search_term_string}\"},\"query-input\":{\"@type\":\"PropertyValueSpecification\",\"valueRequired\":true,\"valueName\":\"search_term_string\"}}],\"inLanguage\":\"lv-LV\"}]}<\/script>\n<!-- \/ Yoast SEO plugin. -->","yoast_head_json":{"title":"MelBet pieteik\u0161an\u0101s | Ofici\u0101l\u0101 der\u012bbu m\u0101jaslapa","description":"Pierakstieties sav\u0101 MelBet kont\u0101 tie\u0161saist\u0113. Lai pieteiktos, izmantojiet t\u0101lruni vai e-pastu. K\u0101 pieteikties sav\u0101 MelBet person\u012bgaj\u0101 kont\u0101. Apmekl\u0113jiet MelBet pieteik\u0161an\u0101s lapu un s\u0101ciet veikt likmes tagad!","robots":{"index":"index","follow":"follow","max-snippet":"max-snippet:-1","max-image-preview":"max-image-preview:large","max-video-preview":"max-video-preview:-1"},"og_locale":"lv_LV","og_type":"article","og_title":"MelBet pieteik\u0161an\u0101s | Ofici\u0101l\u0101 der\u012bbu m\u0101jaslapa","og_description":"Pierakstieties sav\u0101 MelBet kont\u0101 tie\u0161saist\u0113. Lai pieteiktos, izmantojiet t\u0101lruni vai e-pastu. K\u0101 pieteikties sav\u0101 MelBet person\u012bgaj\u0101 kont\u0101. Apmekl\u0113jiet MelBet pieteik\u0161an\u0101s lapu un s\u0101ciet veikt likmes tagad!","og_url":"https:\/\/melbet.plus\/lv\/login\/","og_site_name":"Melbet lv","article_modified_time":"2025-07-08T07:05:51+00:00","twitter_card":"summary_large_image","schema":{"@context":"https:\/\/schema.org","@graph":[{"@type":"WebPage","@id":"https:\/\/melbet.plus\/lv\/login\/","url":"https:\/\/melbet.plus\/lv\/login\/","name":"MelBet pieteik\u0161an\u0101s | Ofici\u0101l\u0101 der\u012bbu m\u0101jaslapa","isPartOf":{"@id":"https:\/\/melbet.plus\/lv\/#website"},"datePublished":"2024-09-23T13:41:56+00:00","dateModified":"2025-07-08T07:05:51+00:00","description":"Pierakstieties sav\u0101 MelBet kont\u0101 tie\u0161saist\u0113. Lai pieteiktos, izmantojiet t\u0101lruni vai e-pastu. K\u0101 pieteikties sav\u0101 MelBet person\u012bgaj\u0101 kont\u0101. Apmekl\u0113jiet MelBet pieteik\u0161an\u0101s lapu un s\u0101ciet veikt likmes tagad!","breadcrumb":{"@id":"https:\/\/melbet.plus\/lv\/login\/#breadcrumb"},"inLanguage":"lv-LV","potentialAction":[{"@type":"ReadAction","target":["https:\/\/melbet.plus\/lv\/login\/"]}]},{"@type":"BreadcrumbList","@id":"https:\/\/melbet.plus\/lv\/login\/#breadcrumb","itemListElement":[{"@type":"ListItem","position":1,"name":"Home","item":"https:\/\/melbet.plus\/lv\/"},{"@type":"ListItem","position":2,"name":"Pieteik\u0161an\u0101s"}]},{"@type":"WebSite","@id":"https:\/\/melbet.plus\/lv\/#website","url":"https:\/\/melbet.plus\/lv\/","name":"Melbet lv","description":"My WordPress Blog","potentialAction":[{"@type":"SearchAction","target":{"@type":"EntryPoint","urlTemplate":"https:\/\/melbet.plus\/lv\/?s={search_term_string}"},"query-input":{"@type":"PropertyValueSpecification","valueRequired":true,"valueName":"search_term_string"}}],"inLanguage":"lv-LV"}]}},"_links":{"self":[{"href":"https:\/\/melbet.plus\/lv\/wp-json\/wp\/v2\/pages\/579","targetHints":{"allow":["GET"]}}],"collection":[{"href":"https:\/\/melbet.plus\/lv\/wp-json\/wp\/v2\/pages"}],"about":[{"href":"https:\/\/melbet.plus\/lv\/wp-json\/wp\/v2\/types\/page"}],"author":[{"embeddable":true,"href":"https:\/\/melbet.plus\/lv\/wp-json\/wp\/v2\/users\/1"}],"replies":[{"embeddable":true,"href":"https:\/\/melbet.plus\/lv\/wp-json\/wp\/v2\/comments?post=579"}],"version-history":[{"count":17,"href":"https:\/\/melbet.plus\/lv\/wp-json\/wp\/v2\/pages\/579\/revisions"}],"predecessor-version":[{"id":889,"href":"https:\/\/melbet.plus\/lv\/wp-json\/wp\/v2\/pages\/579\/revisions\/889"}],"wp:attachment":[{"href":"https:\/\/melbet.plus\/lv\/wp-json\/wp\/v2\/media?parent=579"}],"curies":[{"name":"wp","href":"https:\/\/api.w.org\/{rel}","templated":true}]}}