{"id":554,"date":"2024-09-11T06:32:09","date_gmt":"2024-09-11T06:32:09","guid":{"rendered":"https:\/\/melbet.plus\/lv\/?page_id=554"},"modified":"2025-07-19T07:04:34","modified_gmt":"2025-07-19T07:04:34","slug":"apk","status":"publish","type":"page","link":"https:\/\/melbet.plus\/lv\/apk\/","title":{"rendered":"Apk"},"content":{"rendered":"","protected":false},"excerpt":{"rendered":"","protected":false},"author":1,"featured_media":0,"parent":0,"menu_order":0,"comment_status":"closed","ping_status":"closed","template":"","meta":{"inline_featured_image":false,"footnotes":""},"class_list":["post-554","page","type-page","status-publish","hentry"],"yoast_head":"<!-- This site is optimized with the Yoast SEO plugin v27.3 - https:\/\/yoast.com\/product\/yoast-seo-wordpress\/ -->\n<title>Melbet Apk Lejupiel\u0101d\u0113t oper\u0113t\u0101jsist\u0113mai Android<\/title>\n<meta name=\"description\" content=\"Melbet Apk pied\u0101v\u0101 sporta der\u012bbas un kazino sp\u0113les. Lejupiel\u0101d\u0113jiet ofici\u0101lo Melbet apk bez maksas. Soli pa solim instrukcijas un apk apraksts. Instal\u0113jiet Melbet apk, lai \u0101tri piek\u013c\u016btu Melbet vietnei\" \/>\n<meta name=\"robots\" content=\"index, follow, max-snippet:-1, max-image-preview:large, max-video-preview:-1\" \/>\n<meta property=\"og:locale\" content=\"lv_LV\" \/>\n<meta property=\"og:type\" content=\"article\" \/>\n<meta property=\"og:title\" content=\"Melbet Apk Lejupiel\u0101d\u0113t oper\u0113t\u0101jsist\u0113mai Android\" \/>\n<meta property=\"og:description\" content=\"Melbet Apk pied\u0101v\u0101 sporta der\u012bbas un kazino sp\u0113les. Lejupiel\u0101d\u0113jiet ofici\u0101lo Melbet apk bez maksas. Soli pa solim instrukcijas un apk apraksts. Instal\u0113jiet Melbet apk, lai \u0101tri piek\u013c\u016btu Melbet vietnei\" \/>\n<meta property=\"og:url\" content=\"https:\/\/melbet.plus\/lv\/apk\/\" \/>\n<meta property=\"og:site_name\" content=\"Melbet lv\" \/>\n<meta property=\"article:modified_time\" content=\"2025-07-19T07:04:34+00:00\" \/>\n<meta name=\"twitter:card\" content=\"summary_large_image\" \/>\n<script type=\"application\/ld+json\" class=\"yoast-schema-graph\">{\"@context\":\"https:\\\/\\\/schema.org\",\"@graph\":[{\"@type\":\"WebPage\",\"@id\":\"https:\\\/\\\/melbet.plus\\\/lv\\\/apk\\\/\",\"url\":\"https:\\\/\\\/melbet.plus\\\/lv\\\/apk\\\/\",\"name\":\"Melbet Apk Lejupiel\u0101d\u0113t oper\u0113t\u0101jsist\u0113mai Android\",\"isPartOf\":{\"@id\":\"https:\\\/\\\/melbet.plus\\\/lv\\\/#website\"},\"datePublished\":\"2024-09-11T06:32:09+00:00\",\"dateModified\":\"2025-07-19T07:04:34+00:00\",\"description\":\"Melbet Apk pied\u0101v\u0101 sporta der\u012bbas un kazino sp\u0113les. Lejupiel\u0101d\u0113jiet ofici\u0101lo Melbet apk bez maksas. Soli pa solim instrukcijas un apk apraksts. Instal\u0113jiet Melbet apk, lai \u0101tri piek\u013c\u016btu Melbet vietnei\",\"breadcrumb\":{\"@id\":\"https:\\\/\\\/melbet.plus\\\/lv\\\/apk\\\/#breadcrumb\"},\"inLanguage\":\"lv-LV\",\"potentialAction\":[{\"@type\":\"ReadAction\",\"target\":[\"https:\\\/\\\/melbet.plus\\\/lv\\\/apk\\\/\"]}]},{\"@type\":\"BreadcrumbList\",\"@id\":\"https:\\\/\\\/melbet.plus\\\/lv\\\/apk\\\/#breadcrumb\",\"itemListElement\":[{\"@type\":\"ListItem\",\"position\":1,\"name\":\"Home\",\"item\":\"https:\\\/\\\/melbet.plus\\\/lv\\\/\"},{\"@type\":\"ListItem\",\"position\":2,\"name\":\"Apk\"}]},{\"@type\":\"WebSite\",\"@id\":\"https:\\\/\\\/melbet.plus\\\/lv\\\/#website\",\"url\":\"https:\\\/\\\/melbet.plus\\\/lv\\\/\",\"name\":\"Melbet lv\",\"description\":\"My WordPress Blog\",\"potentialAction\":[{\"@type\":\"SearchAction\",\"target\":{\"@type\":\"EntryPoint\",\"urlTemplate\":\"https:\\\/\\\/melbet.plus\\\/lv\\\/?s={search_term_string}\"},\"query-input\":{\"@type\":\"PropertyValueSpecification\",\"valueRequired\":true,\"valueName\":\"search_term_string\"}}],\"inLanguage\":\"lv-LV\"}]}<\/script>\n<!-- \/ Yoast SEO plugin. -->","yoast_head_json":{"title":"Melbet Apk Lejupiel\u0101d\u0113t oper\u0113t\u0101jsist\u0113mai Android","description":"Melbet Apk pied\u0101v\u0101 sporta der\u012bbas un kazino sp\u0113les. Lejupiel\u0101d\u0113jiet ofici\u0101lo Melbet apk bez maksas. Soli pa solim instrukcijas un apk apraksts. Instal\u0113jiet Melbet apk, lai \u0101tri piek\u013c\u016btu Melbet vietnei","robots":{"index":"index","follow":"follow","max-snippet":"max-snippet:-1","max-image-preview":"max-image-preview:large","max-video-preview":"max-video-preview:-1"},"og_locale":"lv_LV","og_type":"article","og_title":"Melbet Apk Lejupiel\u0101d\u0113t oper\u0113t\u0101jsist\u0113mai Android","og_description":"Melbet Apk pied\u0101v\u0101 sporta der\u012bbas un kazino sp\u0113les. Lejupiel\u0101d\u0113jiet ofici\u0101lo Melbet apk bez maksas. Soli pa solim instrukcijas un apk apraksts. Instal\u0113jiet Melbet apk, lai \u0101tri piek\u013c\u016btu Melbet vietnei","og_url":"https:\/\/melbet.plus\/lv\/apk\/","og_site_name":"Melbet lv","article_modified_time":"2025-07-19T07:04:34+00:00","twitter_card":"summary_large_image","schema":{"@context":"https:\/\/schema.org","@graph":[{"@type":"WebPage","@id":"https:\/\/melbet.plus\/lv\/apk\/","url":"https:\/\/melbet.plus\/lv\/apk\/","name":"Melbet Apk Lejupiel\u0101d\u0113t oper\u0113t\u0101jsist\u0113mai Android","isPartOf":{"@id":"https:\/\/melbet.plus\/lv\/#website"},"datePublished":"2024-09-11T06:32:09+00:00","dateModified":"2025-07-19T07:04:34+00:00","description":"Melbet Apk pied\u0101v\u0101 sporta der\u012bbas un kazino sp\u0113les. Lejupiel\u0101d\u0113jiet ofici\u0101lo Melbet apk bez maksas. Soli pa solim instrukcijas un apk apraksts. Instal\u0113jiet Melbet apk, lai \u0101tri piek\u013c\u016btu Melbet vietnei","breadcrumb":{"@id":"https:\/\/melbet.plus\/lv\/apk\/#breadcrumb"},"inLanguage":"lv-LV","potentialAction":[{"@type":"ReadAction","target":["https:\/\/melbet.plus\/lv\/apk\/"]}]},{"@type":"BreadcrumbList","@id":"https:\/\/melbet.plus\/lv\/apk\/#breadcrumb","itemListElement":[{"@type":"ListItem","position":1,"name":"Home","item":"https:\/\/melbet.plus\/lv\/"},{"@type":"ListItem","position":2,"name":"Apk"}]},{"@type":"WebSite","@id":"https:\/\/melbet.plus\/lv\/#website","url":"https:\/\/melbet.plus\/lv\/","name":"Melbet lv","description":"My WordPress Blog","potentialAction":[{"@type":"SearchAction","target":{"@type":"EntryPoint","urlTemplate":"https:\/\/melbet.plus\/lv\/?s={search_term_string}"},"query-input":{"@type":"PropertyValueSpecification","valueRequired":true,"valueName":"search_term_string"}}],"inLanguage":"lv-LV"}]}},"_links":{"self":[{"href":"https:\/\/melbet.plus\/lv\/wp-json\/wp\/v2\/pages\/554","targetHints":{"allow":["GET"]}}],"collection":[{"href":"https:\/\/melbet.plus\/lv\/wp-json\/wp\/v2\/pages"}],"about":[{"href":"https:\/\/melbet.plus\/lv\/wp-json\/wp\/v2\/types\/page"}],"author":[{"embeddable":true,"href":"https:\/\/melbet.plus\/lv\/wp-json\/wp\/v2\/users\/1"}],"replies":[{"embeddable":true,"href":"https:\/\/melbet.plus\/lv\/wp-json\/wp\/v2\/comments?post=554"}],"version-history":[{"count":20,"href":"https:\/\/melbet.plus\/lv\/wp-json\/wp\/v2\/pages\/554\/revisions"}],"predecessor-version":[{"id":896,"href":"https:\/\/melbet.plus\/lv\/wp-json\/wp\/v2\/pages\/554\/revisions\/896"}],"wp:attachment":[{"href":"https:\/\/melbet.plus\/lv\/wp-json\/wp\/v2\/media?parent=554"}],"curies":[{"name":"wp","href":"https:\/\/api.w.org\/{rel}","templated":true}]}}