{"id":330,"date":"2024-07-15T09:36:21","date_gmt":"2024-07-15T09:36:21","guid":{"rendered":"https:\/\/melbet.plus\/lv\/?page_id=330"},"modified":"2025-07-19T07:03:13","modified_gmt":"2025-07-19T07:03:13","slug":"casino","status":"publish","type":"page","link":"https:\/\/melbet.plus\/lv\/casino\/","title":{"rendered":"Kazino"},"content":{"rendered":"","protected":false},"excerpt":{"rendered":"","protected":false},"author":1,"featured_media":0,"parent":0,"menu_order":0,"comment_status":"closed","ping_status":"closed","template":"","meta":{"inline_featured_image":false,"footnotes":""},"class_list":["post-330","page","type-page","status-publish","hentry"],"yoast_head":"<!-- This site is optimized with the Yoast SEO plugin v27.3 - https:\/\/yoast.com\/product\/yoast-seo-wordpress\/ -->\n<title>Melbet kazino: Sp\u0113les, \u012bstu d\u012bleru kazino, bonuss<\/title>\n<meta name=\"description\" content=\"Ofici\u0101l\u0101 Melbet kazino vietne: S\u0101kt sp\u0113l\u0113t Melbet kazino sp\u0113les un sa\u0146emt bonusus visiem jaunajiem sp\u0113l\u0113t\u0101jiem \u26a1 S\u0101ciet sp\u0113l\u0113t Melbet kazino sp\u0113les un sa\u0146emiet bonusus jau tagad.\" \/>\n<meta name=\"robots\" content=\"index, follow, max-snippet:-1, max-image-preview:large, max-video-preview:-1\" \/>\n<meta property=\"og:locale\" content=\"lv_LV\" \/>\n<meta property=\"og:type\" content=\"article\" \/>\n<meta property=\"og:title\" content=\"Melbet kazino: Sp\u0113les, \u012bstu d\u012bleru kazino, bonuss\" \/>\n<meta property=\"og:description\" content=\"Ofici\u0101l\u0101 Melbet kazino vietne: S\u0101kt sp\u0113l\u0113t Melbet kazino sp\u0113les un sa\u0146emt bonusus visiem jaunajiem sp\u0113l\u0113t\u0101jiem \u26a1 S\u0101ciet sp\u0113l\u0113t Melbet kazino sp\u0113les un sa\u0146emiet bonusus jau tagad.\" \/>\n<meta property=\"og:url\" content=\"https:\/\/melbet.plus\/lv\/casino\/\" \/>\n<meta property=\"og:site_name\" content=\"Melbet lv\" \/>\n<meta property=\"article:modified_time\" content=\"2025-07-19T07:03:13+00:00\" \/>\n<meta name=\"twitter:card\" content=\"summary_large_image\" \/>\n<script type=\"application\/ld+json\" class=\"yoast-schema-graph\">{\"@context\":\"https:\\\/\\\/schema.org\",\"@graph\":[{\"@type\":\"WebPage\",\"@id\":\"https:\\\/\\\/melbet.plus\\\/lv\\\/casino\\\/\",\"url\":\"https:\\\/\\\/melbet.plus\\\/lv\\\/casino\\\/\",\"name\":\"Melbet kazino: Sp\u0113les, \u012bstu d\u012bleru kazino, bonuss\",\"isPartOf\":{\"@id\":\"https:\\\/\\\/melbet.plus\\\/lv\\\/#website\"},\"datePublished\":\"2024-07-15T09:36:21+00:00\",\"dateModified\":\"2025-07-19T07:03:13+00:00\",\"description\":\"Ofici\u0101l\u0101 Melbet kazino vietne: S\u0101kt sp\u0113l\u0113t Melbet kazino sp\u0113les un sa\u0146emt bonusus visiem jaunajiem sp\u0113l\u0113t\u0101jiem \u26a1 S\u0101ciet sp\u0113l\u0113t Melbet kazino sp\u0113les un sa\u0146emiet bonusus jau tagad.\",\"breadcrumb\":{\"@id\":\"https:\\\/\\\/melbet.plus\\\/lv\\\/casino\\\/#breadcrumb\"},\"inLanguage\":\"lv-LV\",\"potentialAction\":[{\"@type\":\"ReadAction\",\"target\":[\"https:\\\/\\\/melbet.plus\\\/lv\\\/casino\\\/\"]}]},{\"@type\":\"BreadcrumbList\",\"@id\":\"https:\\\/\\\/melbet.plus\\\/lv\\\/casino\\\/#breadcrumb\",\"itemListElement\":[{\"@type\":\"ListItem\",\"position\":1,\"name\":\"Home\",\"item\":\"https:\\\/\\\/melbet.plus\\\/lv\\\/\"},{\"@type\":\"ListItem\",\"position\":2,\"name\":\"Kazino\"}]},{\"@type\":\"WebSite\",\"@id\":\"https:\\\/\\\/melbet.plus\\\/lv\\\/#website\",\"url\":\"https:\\\/\\\/melbet.plus\\\/lv\\\/\",\"name\":\"Melbet lv\",\"description\":\"My WordPress Blog\",\"potentialAction\":[{\"@type\":\"SearchAction\",\"target\":{\"@type\":\"EntryPoint\",\"urlTemplate\":\"https:\\\/\\\/melbet.plus\\\/lv\\\/?s={search_term_string}\"},\"query-input\":{\"@type\":\"PropertyValueSpecification\",\"valueRequired\":true,\"valueName\":\"search_term_string\"}}],\"inLanguage\":\"lv-LV\"}]}<\/script>\n<!-- \/ Yoast SEO plugin. -->","yoast_head_json":{"title":"Melbet kazino: Sp\u0113les, \u012bstu d\u012bleru kazino, bonuss","description":"Ofici\u0101l\u0101 Melbet kazino vietne: S\u0101kt sp\u0113l\u0113t Melbet kazino sp\u0113les un sa\u0146emt bonusus visiem jaunajiem sp\u0113l\u0113t\u0101jiem \u26a1 S\u0101ciet sp\u0113l\u0113t Melbet kazino sp\u0113les un sa\u0146emiet bonusus jau tagad.","robots":{"index":"index","follow":"follow","max-snippet":"max-snippet:-1","max-image-preview":"max-image-preview:large","max-video-preview":"max-video-preview:-1"},"og_locale":"lv_LV","og_type":"article","og_title":"Melbet kazino: Sp\u0113les, \u012bstu d\u012bleru kazino, bonuss","og_description":"Ofici\u0101l\u0101 Melbet kazino vietne: S\u0101kt sp\u0113l\u0113t Melbet kazino sp\u0113les un sa\u0146emt bonusus visiem jaunajiem sp\u0113l\u0113t\u0101jiem \u26a1 S\u0101ciet sp\u0113l\u0113t Melbet kazino sp\u0113les un sa\u0146emiet bonusus jau tagad.","og_url":"https:\/\/melbet.plus\/lv\/casino\/","og_site_name":"Melbet lv","article_modified_time":"2025-07-19T07:03:13+00:00","twitter_card":"summary_large_image","schema":{"@context":"https:\/\/schema.org","@graph":[{"@type":"WebPage","@id":"https:\/\/melbet.plus\/lv\/casino\/","url":"https:\/\/melbet.plus\/lv\/casino\/","name":"Melbet kazino: Sp\u0113les, \u012bstu d\u012bleru kazino, bonuss","isPartOf":{"@id":"https:\/\/melbet.plus\/lv\/#website"},"datePublished":"2024-07-15T09:36:21+00:00","dateModified":"2025-07-19T07:03:13+00:00","description":"Ofici\u0101l\u0101 Melbet kazino vietne: S\u0101kt sp\u0113l\u0113t Melbet kazino sp\u0113les un sa\u0146emt bonusus visiem jaunajiem sp\u0113l\u0113t\u0101jiem \u26a1 S\u0101ciet sp\u0113l\u0113t Melbet kazino sp\u0113les un sa\u0146emiet bonusus jau tagad.","breadcrumb":{"@id":"https:\/\/melbet.plus\/lv\/casino\/#breadcrumb"},"inLanguage":"lv-LV","potentialAction":[{"@type":"ReadAction","target":["https:\/\/melbet.plus\/lv\/casino\/"]}]},{"@type":"BreadcrumbList","@id":"https:\/\/melbet.plus\/lv\/casino\/#breadcrumb","itemListElement":[{"@type":"ListItem","position":1,"name":"Home","item":"https:\/\/melbet.plus\/lv\/"},{"@type":"ListItem","position":2,"name":"Kazino"}]},{"@type":"WebSite","@id":"https:\/\/melbet.plus\/lv\/#website","url":"https:\/\/melbet.plus\/lv\/","name":"Melbet lv","description":"My WordPress Blog","potentialAction":[{"@type":"SearchAction","target":{"@type":"EntryPoint","urlTemplate":"https:\/\/melbet.plus\/lv\/?s={search_term_string}"},"query-input":{"@type":"PropertyValueSpecification","valueRequired":true,"valueName":"search_term_string"}}],"inLanguage":"lv-LV"}]}},"_links":{"self":[{"href":"https:\/\/melbet.plus\/lv\/wp-json\/wp\/v2\/pages\/330","targetHints":{"allow":["GET"]}}],"collection":[{"href":"https:\/\/melbet.plus\/lv\/wp-json\/wp\/v2\/pages"}],"about":[{"href":"https:\/\/melbet.plus\/lv\/wp-json\/wp\/v2\/types\/page"}],"author":[{"embeddable":true,"href":"https:\/\/melbet.plus\/lv\/wp-json\/wp\/v2\/users\/1"}],"replies":[{"embeddable":true,"href":"https:\/\/melbet.plus\/lv\/wp-json\/wp\/v2\/comments?post=330"}],"version-history":[{"count":42,"href":"https:\/\/melbet.plus\/lv\/wp-json\/wp\/v2\/pages\/330\/revisions"}],"predecessor-version":[{"id":895,"href":"https:\/\/melbet.plus\/lv\/wp-json\/wp\/v2\/pages\/330\/revisions\/895"}],"wp:attachment":[{"href":"https:\/\/melbet.plus\/lv\/wp-json\/wp\/v2\/media?parent=330"}],"curies":[{"name":"wp","href":"https:\/\/api.w.org\/{rel}","templated":true}]}}