{"id":328,"date":"2024-08-15T09:32:52","date_gmt":"2024-08-15T09:32:52","guid":{"rendered":"https:\/\/melbet.plus\/lv\/?page_id=328"},"modified":"2025-07-08T07:19:26","modified_gmt":"2025-07-08T07:19:26","slug":"registration","status":"publish","type":"page","link":"https:\/\/melbet.plus\/lv\/registration\/","title":{"rendered":"Re\u0123istr\u0101cija"},"content":{"rendered":"","protected":false},"excerpt":{"rendered":"","protected":false},"author":1,"featured_media":0,"parent":0,"menu_order":0,"comment_status":"closed","ping_status":"closed","template":"","meta":{"inline_featured_image":false,"footnotes":""},"class_list":["post-328","page","type-page","status-publish","hentry"],"yoast_head":"<!-- This site is optimized with the Yoast SEO plugin v27.3 - https:\/\/yoast.com\/product\/yoast-seo-wordpress\/ -->\n<title>Melbet konta re\u0123istr\u0101cija un verifik\u0101cija<\/title>\n<meta name=\"description\" content=\"Melbet konta re\u0123istr\u0113\u0161ana ir \u013coti vienk\u0101r\u0161a un vienk\u0101r\u0161a, un to var izdar\u012bt \u010detros veidos: pa e-pastu, t\u0101lru\u0146a numuru, ar vienu klik\u0161\u0137i vai izmantojot soci\u0101lo t\u012bklu.\" \/>\n<meta name=\"robots\" content=\"index, follow, max-snippet:-1, max-image-preview:large, max-video-preview:-1\" \/>\n<meta property=\"og:locale\" content=\"lv_LV\" \/>\n<meta property=\"og:type\" content=\"article\" \/>\n<meta property=\"og:title\" content=\"Melbet konta re\u0123istr\u0101cija un verifik\u0101cija\" \/>\n<meta property=\"og:description\" content=\"Melbet konta re\u0123istr\u0113\u0161ana ir \u013coti vienk\u0101r\u0161a un vienk\u0101r\u0161a, un to var izdar\u012bt \u010detros veidos: pa e-pastu, t\u0101lru\u0146a numuru, ar vienu klik\u0161\u0137i vai izmantojot soci\u0101lo t\u012bklu.\" \/>\n<meta property=\"og:url\" content=\"https:\/\/melbet.plus\/lv\/registration\/\" \/>\n<meta property=\"og:site_name\" content=\"Melbet lv\" \/>\n<meta property=\"article:modified_time\" content=\"2025-07-08T07:19:26+00:00\" \/>\n<meta name=\"twitter:card\" content=\"summary_large_image\" \/>\n<script type=\"application\/ld+json\" class=\"yoast-schema-graph\">{\"@context\":\"https:\\\/\\\/schema.org\",\"@graph\":[{\"@type\":\"WebPage\",\"@id\":\"https:\\\/\\\/melbet.plus\\\/lv\\\/registration\\\/\",\"url\":\"https:\\\/\\\/melbet.plus\\\/lv\\\/registration\\\/\",\"name\":\"Melbet konta re\u0123istr\u0101cija un verifik\u0101cija\",\"isPartOf\":{\"@id\":\"https:\\\/\\\/melbet.plus\\\/lv\\\/#website\"},\"datePublished\":\"2024-08-15T09:32:52+00:00\",\"dateModified\":\"2025-07-08T07:19:26+00:00\",\"description\":\"Melbet konta re\u0123istr\u0113\u0161ana ir \u013coti vienk\u0101r\u0161a un vienk\u0101r\u0161a, un to var izdar\u012bt \u010detros veidos: pa e-pastu, t\u0101lru\u0146a numuru, ar vienu klik\u0161\u0137i vai izmantojot soci\u0101lo t\u012bklu.\",\"breadcrumb\":{\"@id\":\"https:\\\/\\\/melbet.plus\\\/lv\\\/registration\\\/#breadcrumb\"},\"inLanguage\":\"lv-LV\",\"potentialAction\":[{\"@type\":\"ReadAction\",\"target\":[\"https:\\\/\\\/melbet.plus\\\/lv\\\/registration\\\/\"]}]},{\"@type\":\"BreadcrumbList\",\"@id\":\"https:\\\/\\\/melbet.plus\\\/lv\\\/registration\\\/#breadcrumb\",\"itemListElement\":[{\"@type\":\"ListItem\",\"position\":1,\"name\":\"Home\",\"item\":\"https:\\\/\\\/melbet.plus\\\/lv\\\/\"},{\"@type\":\"ListItem\",\"position\":2,\"name\":\"Re\u0123istr\u0101cija\"}]},{\"@type\":\"WebSite\",\"@id\":\"https:\\\/\\\/melbet.plus\\\/lv\\\/#website\",\"url\":\"https:\\\/\\\/melbet.plus\\\/lv\\\/\",\"name\":\"Melbet lv\",\"description\":\"My WordPress Blog\",\"potentialAction\":[{\"@type\":\"SearchAction\",\"target\":{\"@type\":\"EntryPoint\",\"urlTemplate\":\"https:\\\/\\\/melbet.plus\\\/lv\\\/?s={search_term_string}\"},\"query-input\":{\"@type\":\"PropertyValueSpecification\",\"valueRequired\":true,\"valueName\":\"search_term_string\"}}],\"inLanguage\":\"lv-LV\"}]}<\/script>\n<!-- \/ Yoast SEO plugin. -->","yoast_head_json":{"title":"Melbet konta re\u0123istr\u0101cija un verifik\u0101cija","description":"Melbet konta re\u0123istr\u0113\u0161ana ir \u013coti vienk\u0101r\u0161a un vienk\u0101r\u0161a, un to var izdar\u012bt \u010detros veidos: pa e-pastu, t\u0101lru\u0146a numuru, ar vienu klik\u0161\u0137i vai izmantojot soci\u0101lo t\u012bklu.","robots":{"index":"index","follow":"follow","max-snippet":"max-snippet:-1","max-image-preview":"max-image-preview:large","max-video-preview":"max-video-preview:-1"},"og_locale":"lv_LV","og_type":"article","og_title":"Melbet konta re\u0123istr\u0101cija un verifik\u0101cija","og_description":"Melbet konta re\u0123istr\u0113\u0161ana ir \u013coti vienk\u0101r\u0161a un vienk\u0101r\u0161a, un to var izdar\u012bt \u010detros veidos: pa e-pastu, t\u0101lru\u0146a numuru, ar vienu klik\u0161\u0137i vai izmantojot soci\u0101lo t\u012bklu.","og_url":"https:\/\/melbet.plus\/lv\/registration\/","og_site_name":"Melbet lv","article_modified_time":"2025-07-08T07:19:26+00:00","twitter_card":"summary_large_image","schema":{"@context":"https:\/\/schema.org","@graph":[{"@type":"WebPage","@id":"https:\/\/melbet.plus\/lv\/registration\/","url":"https:\/\/melbet.plus\/lv\/registration\/","name":"Melbet konta re\u0123istr\u0101cija un verifik\u0101cija","isPartOf":{"@id":"https:\/\/melbet.plus\/lv\/#website"},"datePublished":"2024-08-15T09:32:52+00:00","dateModified":"2025-07-08T07:19:26+00:00","description":"Melbet konta re\u0123istr\u0113\u0161ana ir \u013coti vienk\u0101r\u0161a un vienk\u0101r\u0161a, un to var izdar\u012bt \u010detros veidos: pa e-pastu, t\u0101lru\u0146a numuru, ar vienu klik\u0161\u0137i vai izmantojot soci\u0101lo t\u012bklu.","breadcrumb":{"@id":"https:\/\/melbet.plus\/lv\/registration\/#breadcrumb"},"inLanguage":"lv-LV","potentialAction":[{"@type":"ReadAction","target":["https:\/\/melbet.plus\/lv\/registration\/"]}]},{"@type":"BreadcrumbList","@id":"https:\/\/melbet.plus\/lv\/registration\/#breadcrumb","itemListElement":[{"@type":"ListItem","position":1,"name":"Home","item":"https:\/\/melbet.plus\/lv\/"},{"@type":"ListItem","position":2,"name":"Re\u0123istr\u0101cija"}]},{"@type":"WebSite","@id":"https:\/\/melbet.plus\/lv\/#website","url":"https:\/\/melbet.plus\/lv\/","name":"Melbet lv","description":"My WordPress Blog","potentialAction":[{"@type":"SearchAction","target":{"@type":"EntryPoint","urlTemplate":"https:\/\/melbet.plus\/lv\/?s={search_term_string}"},"query-input":{"@type":"PropertyValueSpecification","valueRequired":true,"valueName":"search_term_string"}}],"inLanguage":"lv-LV"}]}},"_links":{"self":[{"href":"https:\/\/melbet.plus\/lv\/wp-json\/wp\/v2\/pages\/328","targetHints":{"allow":["GET"]}}],"collection":[{"href":"https:\/\/melbet.plus\/lv\/wp-json\/wp\/v2\/pages"}],"about":[{"href":"https:\/\/melbet.plus\/lv\/wp-json\/wp\/v2\/types\/page"}],"author":[{"embeddable":true,"href":"https:\/\/melbet.plus\/lv\/wp-json\/wp\/v2\/users\/1"}],"replies":[{"embeddable":true,"href":"https:\/\/melbet.plus\/lv\/wp-json\/wp\/v2\/comments?post=328"}],"version-history":[{"count":30,"href":"https:\/\/melbet.plus\/lv\/wp-json\/wp\/v2\/pages\/328\/revisions"}],"predecessor-version":[{"id":893,"href":"https:\/\/melbet.plus\/lv\/wp-json\/wp\/v2\/pages\/328\/revisions\/893"}],"wp:attachment":[{"href":"https:\/\/melbet.plus\/lv\/wp-json\/wp\/v2\/media?parent=328"}],"curies":[{"name":"wp","href":"https:\/\/api.w.org\/{rel}","templated":true}]}}