{"id":826,"date":"2025-06-04T14:47:16","date_gmt":"2025-06-04T14:47:16","guid":{"rendered":"https:\/\/melbet.plus\/lt\/?page_id=826"},"modified":"2025-07-17T17:58:32","modified_gmt":"2025-07-17T17:58:32","slug":"safe-bet","status":"publish","type":"page","link":"https:\/\/melbet.plus\/lt\/bonus\/safe-bet\/","title":{"rendered":"Saugus statymas"},"content":{"rendered":"","protected":false},"excerpt":{"rendered":"","protected":false},"author":1,"featured_media":0,"parent":152,"menu_order":0,"comment_status":"closed","ping_status":"closed","template":"","meta":{"inline_featured_image":false,"footnotes":""},"class_list":["post-826","page","type-page","status-publish","hentry"],"yoast_head":"<!-- This site is optimized with the Yoast SEO plugin v27.3 - https:\/\/yoast.com\/product\/yoast-seo-wordpress\/ -->\n<title>Melbet apsaugotas statymas \u1409 Gaukite nemokamus statymus<\/title>\n<meta name=\"description\" content=\"Nerizikuokite be draudimo! Melbet apsaugotas statymas - tai galimyb\u0117 gauti nemokam\u0173 statym\u0173 net ir pralaim\u0117jimo atveju. Atlikite statymus u\u017e svarbiausias rungtynes ir pasiruo\u0161kite dosniems atlygiams! Prisijunkite prie m\u016bs\u0173 ir \u017eaiskite u\u017etikrintai!\" \/>\n<meta name=\"robots\" content=\"index, follow, max-snippet:-1, max-image-preview:large, max-video-preview:-1\" \/>\n<meta property=\"og:locale\" content=\"lt_LT\" \/>\n<meta property=\"og:type\" content=\"article\" \/>\n<meta property=\"og:title\" content=\"Melbet apsaugotas statymas \u1409 Gaukite nemokamus statymus\" \/>\n<meta property=\"og:description\" content=\"Nerizikuokite be draudimo! Melbet apsaugotas statymas - tai galimyb\u0117 gauti nemokam\u0173 statym\u0173 net ir pralaim\u0117jimo atveju. Atlikite statymus u\u017e svarbiausias rungtynes ir pasiruo\u0161kite dosniems atlygiams! Prisijunkite prie m\u016bs\u0173 ir \u017eaiskite u\u017etikrintai!\" \/>\n<meta property=\"og:url\" content=\"https:\/\/melbet.plus\/lt\/bonus\/safe-bet\/\" \/>\n<meta property=\"og:site_name\" content=\"Melbet lt\" \/>\n<meta property=\"article:modified_time\" content=\"2025-07-17T17:58:32+00:00\" \/>\n<meta name=\"twitter:card\" content=\"summary_large_image\" \/>\n<script type=\"application\/ld+json\" class=\"yoast-schema-graph\">{\"@context\":\"https:\\\/\\\/schema.org\",\"@graph\":[{\"@type\":\"WebPage\",\"@id\":\"https:\\\/\\\/melbet.plus\\\/lt\\\/bonus\\\/safe-bet\\\/\",\"url\":\"https:\\\/\\\/melbet.plus\\\/lt\\\/bonus\\\/safe-bet\\\/\",\"name\":\"Melbet apsaugotas statymas \u1409 Gaukite nemokamus statymus\",\"isPartOf\":{\"@id\":\"https:\\\/\\\/melbet.plus\\\/lt\\\/#website\"},\"datePublished\":\"2025-06-04T14:47:16+00:00\",\"dateModified\":\"2025-07-17T17:58:32+00:00\",\"description\":\"Nerizikuokite be draudimo! Melbet apsaugotas statymas - tai galimyb\u0117 gauti nemokam\u0173 statym\u0173 net ir pralaim\u0117jimo atveju. Atlikite statymus u\u017e svarbiausias rungtynes ir pasiruo\u0161kite dosniems atlygiams! Prisijunkite prie m\u016bs\u0173 ir \u017eaiskite u\u017etikrintai!\",\"breadcrumb\":{\"@id\":\"https:\\\/\\\/melbet.plus\\\/lt\\\/bonus\\\/safe-bet\\\/#breadcrumb\"},\"inLanguage\":\"lt-LT\",\"potentialAction\":[{\"@type\":\"ReadAction\",\"target\":[\"https:\\\/\\\/melbet.plus\\\/lt\\\/bonus\\\/safe-bet\\\/\"]}]},{\"@type\":\"BreadcrumbList\",\"@id\":\"https:\\\/\\\/melbet.plus\\\/lt\\\/bonus\\\/safe-bet\\\/#breadcrumb\",\"itemListElement\":[{\"@type\":\"ListItem\",\"position\":1,\"name\":\"Home\",\"item\":\"https:\\\/\\\/melbet.plus\\\/lt\\\/\"},{\"@type\":\"ListItem\",\"position\":2,\"name\":\"Premijos\",\"item\":\"https:\\\/\\\/melbet.plus\\\/lt\\\/bonus\\\/\"},{\"@type\":\"ListItem\",\"position\":3,\"name\":\"Saugus statymas\"}]},{\"@type\":\"WebSite\",\"@id\":\"https:\\\/\\\/melbet.plus\\\/lt\\\/#website\",\"url\":\"https:\\\/\\\/melbet.plus\\\/lt\\\/\",\"name\":\"Melbet lt\",\"description\":\"My WordPress Blog\",\"potentialAction\":[{\"@type\":\"SearchAction\",\"target\":{\"@type\":\"EntryPoint\",\"urlTemplate\":\"https:\\\/\\\/melbet.plus\\\/lt\\\/?s={search_term_string}\"},\"query-input\":{\"@type\":\"PropertyValueSpecification\",\"valueRequired\":true,\"valueName\":\"search_term_string\"}}],\"inLanguage\":\"lt-LT\"}]}<\/script>\n<!-- \/ Yoast SEO plugin. -->","yoast_head_json":{"title":"Melbet apsaugotas statymas \u1409 Gaukite nemokamus statymus","description":"Nerizikuokite be draudimo! Melbet apsaugotas statymas - tai galimyb\u0117 gauti nemokam\u0173 statym\u0173 net ir pralaim\u0117jimo atveju. Atlikite statymus u\u017e svarbiausias rungtynes ir pasiruo\u0161kite dosniems atlygiams! Prisijunkite prie m\u016bs\u0173 ir \u017eaiskite u\u017etikrintai!","robots":{"index":"index","follow":"follow","max-snippet":"max-snippet:-1","max-image-preview":"max-image-preview:large","max-video-preview":"max-video-preview:-1"},"og_locale":"lt_LT","og_type":"article","og_title":"Melbet apsaugotas statymas \u1409 Gaukite nemokamus statymus","og_description":"Nerizikuokite be draudimo! Melbet apsaugotas statymas - tai galimyb\u0117 gauti nemokam\u0173 statym\u0173 net ir pralaim\u0117jimo atveju. Atlikite statymus u\u017e svarbiausias rungtynes ir pasiruo\u0161kite dosniems atlygiams! Prisijunkite prie m\u016bs\u0173 ir \u017eaiskite u\u017etikrintai!","og_url":"https:\/\/melbet.plus\/lt\/bonus\/safe-bet\/","og_site_name":"Melbet lt","article_modified_time":"2025-07-17T17:58:32+00:00","twitter_card":"summary_large_image","schema":{"@context":"https:\/\/schema.org","@graph":[{"@type":"WebPage","@id":"https:\/\/melbet.plus\/lt\/bonus\/safe-bet\/","url":"https:\/\/melbet.plus\/lt\/bonus\/safe-bet\/","name":"Melbet apsaugotas statymas \u1409 Gaukite nemokamus statymus","isPartOf":{"@id":"https:\/\/melbet.plus\/lt\/#website"},"datePublished":"2025-06-04T14:47:16+00:00","dateModified":"2025-07-17T17:58:32+00:00","description":"Nerizikuokite be draudimo! Melbet apsaugotas statymas - tai galimyb\u0117 gauti nemokam\u0173 statym\u0173 net ir pralaim\u0117jimo atveju. Atlikite statymus u\u017e svarbiausias rungtynes ir pasiruo\u0161kite dosniems atlygiams! Prisijunkite prie m\u016bs\u0173 ir \u017eaiskite u\u017etikrintai!","breadcrumb":{"@id":"https:\/\/melbet.plus\/lt\/bonus\/safe-bet\/#breadcrumb"},"inLanguage":"lt-LT","potentialAction":[{"@type":"ReadAction","target":["https:\/\/melbet.plus\/lt\/bonus\/safe-bet\/"]}]},{"@type":"BreadcrumbList","@id":"https:\/\/melbet.plus\/lt\/bonus\/safe-bet\/#breadcrumb","itemListElement":[{"@type":"ListItem","position":1,"name":"Home","item":"https:\/\/melbet.plus\/lt\/"},{"@type":"ListItem","position":2,"name":"Premijos","item":"https:\/\/melbet.plus\/lt\/bonus\/"},{"@type":"ListItem","position":3,"name":"Saugus statymas"}]},{"@type":"WebSite","@id":"https:\/\/melbet.plus\/lt\/#website","url":"https:\/\/melbet.plus\/lt\/","name":"Melbet lt","description":"My WordPress Blog","potentialAction":[{"@type":"SearchAction","target":{"@type":"EntryPoint","urlTemplate":"https:\/\/melbet.plus\/lt\/?s={search_term_string}"},"query-input":{"@type":"PropertyValueSpecification","valueRequired":true,"valueName":"search_term_string"}}],"inLanguage":"lt-LT"}]}},"_links":{"self":[{"href":"https:\/\/melbet.plus\/lt\/wp-json\/wp\/v2\/pages\/826","targetHints":{"allow":["GET"]}}],"collection":[{"href":"https:\/\/melbet.plus\/lt\/wp-json\/wp\/v2\/pages"}],"about":[{"href":"https:\/\/melbet.plus\/lt\/wp-json\/wp\/v2\/types\/page"}],"author":[{"embeddable":true,"href":"https:\/\/melbet.plus\/lt\/wp-json\/wp\/v2\/users\/1"}],"replies":[{"embeddable":true,"href":"https:\/\/melbet.plus\/lt\/wp-json\/wp\/v2\/comments?post=826"}],"version-history":[{"count":5,"href":"https:\/\/melbet.plus\/lt\/wp-json\/wp\/v2\/pages\/826\/revisions"}],"predecessor-version":[{"id":887,"href":"https:\/\/melbet.plus\/lt\/wp-json\/wp\/v2\/pages\/826\/revisions\/887"}],"up":[{"embeddable":true,"href":"https:\/\/melbet.plus\/lt\/wp-json\/wp\/v2\/pages\/152"}],"wp:attachment":[{"href":"https:\/\/melbet.plus\/lt\/wp-json\/wp\/v2\/media?parent=826"}],"curies":[{"name":"wp","href":"https:\/\/api.w.org\/{rel}","templated":true}]}}