{"id":751,"date":"2025-04-25T07:51:03","date_gmt":"2025-04-25T07:51:03","guid":{"rendered":"https:\/\/melbet.plus\/lt\/?page_id=751"},"modified":"2025-07-06T11:35:29","modified_gmt":"2025-07-06T11:35:29","slug":"deposit-series","status":"publish","type":"page","link":"https:\/\/melbet.plus\/lt\/bonus\/deposit-series\/","title":{"rendered":"Ind\u0117li\u0173 serija"},"content":{"rendered":"","protected":false},"excerpt":{"rendered":"","protected":false},"author":1,"featured_media":0,"parent":152,"menu_order":0,"comment_status":"closed","ping_status":"closed","template":"","meta":{"inline_featured_image":false,"footnotes":""},"class_list":["post-751","page","type-page","status-publish","hentry"],"yoast_head":"<!-- This site is optimized with the Yoast SEO plugin v27.4 - https:\/\/yoast.com\/product\/yoast-seo-wordpress\/ -->\n<title>Melbet ind\u0117li\u0173 serija: Gaukite iki 100 \u20ac u\u017e 2, 3 ir 4 ind\u0117l\u012f<\/title>\n<meta name=\"description\" content=\"\u012ene\u0161kite nuo \u20ac5 at Melbet ir gaukite iki \u20ac100 premij\u0105 u\u017e antr\u0105, tre\u010di\u0105 ir ketvirt\u0105 ind\u0117l\u012f! Automatinis kaupimas, realios pal\u016bkanos ir maksimali nauda - statykite u\u017e savo peln\u0105 ir nepraleiskite progos!\" \/>\n<meta name=\"robots\" content=\"index, follow, max-snippet:-1, max-image-preview:large, max-video-preview:-1\" \/>\n<meta property=\"og:locale\" content=\"lt_LT\" \/>\n<meta property=\"og:type\" content=\"article\" \/>\n<meta property=\"og:title\" content=\"Melbet ind\u0117li\u0173 serija: Gaukite iki 100 \u20ac u\u017e 2, 3 ir 4 ind\u0117l\u012f\" \/>\n<meta property=\"og:description\" content=\"\u012ene\u0161kite nuo \u20ac5 at Melbet ir gaukite iki \u20ac100 premij\u0105 u\u017e antr\u0105, tre\u010di\u0105 ir ketvirt\u0105 ind\u0117l\u012f! Automatinis kaupimas, realios pal\u016bkanos ir maksimali nauda - statykite u\u017e savo peln\u0105 ir nepraleiskite progos!\" \/>\n<meta property=\"og:url\" content=\"https:\/\/melbet.plus\/lt\/bonus\/deposit-series\/\" \/>\n<meta property=\"og:site_name\" content=\"Melbet lt\" \/>\n<meta property=\"article:modified_time\" content=\"2025-07-06T11:35:29+00:00\" \/>\n<meta name=\"twitter:card\" content=\"summary_large_image\" \/>\n<script type=\"application\/ld+json\" class=\"yoast-schema-graph\">{\"@context\":\"https:\\\/\\\/schema.org\",\"@graph\":[{\"@type\":\"WebPage\",\"@id\":\"https:\\\/\\\/melbet.plus\\\/lt\\\/bonus\\\/deposit-series\\\/\",\"url\":\"https:\\\/\\\/melbet.plus\\\/lt\\\/bonus\\\/deposit-series\\\/\",\"name\":\"Melbet ind\u0117li\u0173 serija: Gaukite iki 100 \u20ac u\u017e 2, 3 ir 4 ind\u0117l\u012f\",\"isPartOf\":{\"@id\":\"https:\\\/\\\/melbet.plus\\\/lt\\\/#website\"},\"datePublished\":\"2025-04-25T07:51:03+00:00\",\"dateModified\":\"2025-07-06T11:35:29+00:00\",\"description\":\"\u012ene\u0161kite nuo \u20ac5 at Melbet ir gaukite iki \u20ac100 premij\u0105 u\u017e antr\u0105, tre\u010di\u0105 ir ketvirt\u0105 ind\u0117l\u012f! Automatinis kaupimas, realios pal\u016bkanos ir maksimali nauda - statykite u\u017e savo peln\u0105 ir nepraleiskite progos!\",\"breadcrumb\":{\"@id\":\"https:\\\/\\\/melbet.plus\\\/lt\\\/bonus\\\/deposit-series\\\/#breadcrumb\"},\"inLanguage\":\"lt-LT\",\"potentialAction\":[{\"@type\":\"ReadAction\",\"target\":[\"https:\\\/\\\/melbet.plus\\\/lt\\\/bonus\\\/deposit-series\\\/\"]}]},{\"@type\":\"BreadcrumbList\",\"@id\":\"https:\\\/\\\/melbet.plus\\\/lt\\\/bonus\\\/deposit-series\\\/#breadcrumb\",\"itemListElement\":[{\"@type\":\"ListItem\",\"position\":1,\"name\":\"Home\",\"item\":\"https:\\\/\\\/melbet.plus\\\/lt\\\/\"},{\"@type\":\"ListItem\",\"position\":2,\"name\":\"Premijos\",\"item\":\"https:\\\/\\\/melbet.plus\\\/lt\\\/bonus\\\/\"},{\"@type\":\"ListItem\",\"position\":3,\"name\":\"Ind\u0117li\u0173 serija\"}]},{\"@type\":\"WebSite\",\"@id\":\"https:\\\/\\\/melbet.plus\\\/lt\\\/#website\",\"url\":\"https:\\\/\\\/melbet.plus\\\/lt\\\/\",\"name\":\"Melbet lt\",\"description\":\"My WordPress Blog\",\"potentialAction\":[{\"@type\":\"SearchAction\",\"target\":{\"@type\":\"EntryPoint\",\"urlTemplate\":\"https:\\\/\\\/melbet.plus\\\/lt\\\/?s={search_term_string}\"},\"query-input\":{\"@type\":\"PropertyValueSpecification\",\"valueRequired\":true,\"valueName\":\"search_term_string\"}}],\"inLanguage\":\"lt-LT\"}]}<\/script>\n<!-- \/ Yoast SEO plugin. -->","yoast_head_json":{"title":"Melbet ind\u0117li\u0173 serija: Gaukite iki 100 \u20ac u\u017e 2, 3 ir 4 ind\u0117l\u012f","description":"\u012ene\u0161kite nuo \u20ac5 at Melbet ir gaukite iki \u20ac100 premij\u0105 u\u017e antr\u0105, tre\u010di\u0105 ir ketvirt\u0105 ind\u0117l\u012f! Automatinis kaupimas, realios pal\u016bkanos ir maksimali nauda - statykite u\u017e savo peln\u0105 ir nepraleiskite progos!","robots":{"index":"index","follow":"follow","max-snippet":"max-snippet:-1","max-image-preview":"max-image-preview:large","max-video-preview":"max-video-preview:-1"},"og_locale":"lt_LT","og_type":"article","og_title":"Melbet ind\u0117li\u0173 serija: Gaukite iki 100 \u20ac u\u017e 2, 3 ir 4 ind\u0117l\u012f","og_description":"\u012ene\u0161kite nuo \u20ac5 at Melbet ir gaukite iki \u20ac100 premij\u0105 u\u017e antr\u0105, tre\u010di\u0105 ir ketvirt\u0105 ind\u0117l\u012f! Automatinis kaupimas, realios pal\u016bkanos ir maksimali nauda - statykite u\u017e savo peln\u0105 ir nepraleiskite progos!","og_url":"https:\/\/melbet.plus\/lt\/bonus\/deposit-series\/","og_site_name":"Melbet lt","article_modified_time":"2025-07-06T11:35:29+00:00","twitter_card":"summary_large_image","schema":{"@context":"https:\/\/schema.org","@graph":[{"@type":"WebPage","@id":"https:\/\/melbet.plus\/lt\/bonus\/deposit-series\/","url":"https:\/\/melbet.plus\/lt\/bonus\/deposit-series\/","name":"Melbet ind\u0117li\u0173 serija: Gaukite iki 100 \u20ac u\u017e 2, 3 ir 4 ind\u0117l\u012f","isPartOf":{"@id":"https:\/\/melbet.plus\/lt\/#website"},"datePublished":"2025-04-25T07:51:03+00:00","dateModified":"2025-07-06T11:35:29+00:00","description":"\u012ene\u0161kite nuo \u20ac5 at Melbet ir gaukite iki \u20ac100 premij\u0105 u\u017e antr\u0105, tre\u010di\u0105 ir ketvirt\u0105 ind\u0117l\u012f! Automatinis kaupimas, realios pal\u016bkanos ir maksimali nauda - statykite u\u017e savo peln\u0105 ir nepraleiskite progos!","breadcrumb":{"@id":"https:\/\/melbet.plus\/lt\/bonus\/deposit-series\/#breadcrumb"},"inLanguage":"lt-LT","potentialAction":[{"@type":"ReadAction","target":["https:\/\/melbet.plus\/lt\/bonus\/deposit-series\/"]}]},{"@type":"BreadcrumbList","@id":"https:\/\/melbet.plus\/lt\/bonus\/deposit-series\/#breadcrumb","itemListElement":[{"@type":"ListItem","position":1,"name":"Home","item":"https:\/\/melbet.plus\/lt\/"},{"@type":"ListItem","position":2,"name":"Premijos","item":"https:\/\/melbet.plus\/lt\/bonus\/"},{"@type":"ListItem","position":3,"name":"Ind\u0117li\u0173 serija"}]},{"@type":"WebSite","@id":"https:\/\/melbet.plus\/lt\/#website","url":"https:\/\/melbet.plus\/lt\/","name":"Melbet lt","description":"My WordPress Blog","potentialAction":[{"@type":"SearchAction","target":{"@type":"EntryPoint","urlTemplate":"https:\/\/melbet.plus\/lt\/?s={search_term_string}"},"query-input":{"@type":"PropertyValueSpecification","valueRequired":true,"valueName":"search_term_string"}}],"inLanguage":"lt-LT"}]}},"_links":{"self":[{"href":"https:\/\/melbet.plus\/lt\/wp-json\/wp\/v2\/pages\/751","targetHints":{"allow":["GET"]}}],"collection":[{"href":"https:\/\/melbet.plus\/lt\/wp-json\/wp\/v2\/pages"}],"about":[{"href":"https:\/\/melbet.plus\/lt\/wp-json\/wp\/v2\/types\/page"}],"author":[{"embeddable":true,"href":"https:\/\/melbet.plus\/lt\/wp-json\/wp\/v2\/users\/1"}],"replies":[{"embeddable":true,"href":"https:\/\/melbet.plus\/lt\/wp-json\/wp\/v2\/comments?post=751"}],"version-history":[{"count":6,"href":"https:\/\/melbet.plus\/lt\/wp-json\/wp\/v2\/pages\/751\/revisions"}],"predecessor-version":[{"id":885,"href":"https:\/\/melbet.plus\/lt\/wp-json\/wp\/v2\/pages\/751\/revisions\/885"}],"up":[{"embeddable":true,"href":"https:\/\/melbet.plus\/lt\/wp-json\/wp\/v2\/pages\/152"}],"wp:attachment":[{"href":"https:\/\/melbet.plus\/lt\/wp-json\/wp\/v2\/media?parent=751"}],"curies":[{"name":"wp","href":"https:\/\/api.w.org\/{rel}","templated":true}]}}