{"id":746,"date":"2025-04-25T07:31:56","date_gmt":"2025-04-25T07:31:56","guid":{"rendered":"https:\/\/melbet.plus\/lt\/?page_id=746"},"modified":"2025-07-17T17:59:03","modified_gmt":"2025-07-17T17:59:03","slug":"casino-welcome-package","status":"publish","type":"page","link":"https:\/\/melbet.plus\/lt\/bonus\/casino-welcome-package\/","title":{"rendered":"Kazino sveikinimo paketas"},"content":{"rendered":"","protected":false},"excerpt":{"rendered":"","protected":false},"author":1,"featured_media":0,"parent":152,"menu_order":0,"comment_status":"closed","ping_status":"closed","template":"","meta":{"inline_featured_image":false,"footnotes":""},"class_list":["post-746","page","type-page","status-publish","hentry"],"yoast_head":"<!-- This site is optimized with the Yoast SEO plugin v27.3 - https:\/\/yoast.com\/product\/yoast-seo-wordpress\/ -->\n<title>Melbet Casino sveikinimo paketas: Iki \u20ac 1750 + 290 FS<\/title>\n<meta name=\"description\" content=\"Ar esate pasireng\u0119 laim\u0117ti aukso puod\u0105? Gaukite iki \u20ac1750 ir 290 nemokam\u0173 sukim\u0173 su pirmaisiais penkiais ind\u0117liais Melbet Casino! U\u017esiregistruokite, \u012fne\u0161kite pinigus ir pasinaudokite maksimaliomis premijomis bei nemokamais sukimais - \u017eaiskite pelningai ir gaukite didel\u012f peln\u0105 i\u0161 kiekvieno statymo!\" \/>\n<meta name=\"robots\" content=\"index, follow, max-snippet:-1, max-image-preview:large, max-video-preview:-1\" \/>\n<meta property=\"og:locale\" content=\"lt_LT\" \/>\n<meta property=\"og:type\" content=\"article\" \/>\n<meta property=\"og:title\" content=\"Melbet Casino sveikinimo paketas: Iki \u20ac 1750 + 290 FS\" \/>\n<meta property=\"og:description\" content=\"Ar esate pasireng\u0119 laim\u0117ti aukso puod\u0105? Gaukite iki \u20ac1750 ir 290 nemokam\u0173 sukim\u0173 su pirmaisiais penkiais ind\u0117liais Melbet Casino! U\u017esiregistruokite, \u012fne\u0161kite pinigus ir pasinaudokite maksimaliomis premijomis bei nemokamais sukimais - \u017eaiskite pelningai ir gaukite didel\u012f peln\u0105 i\u0161 kiekvieno statymo!\" \/>\n<meta property=\"og:url\" content=\"https:\/\/melbet.plus\/lt\/bonus\/casino-welcome-package\/\" \/>\n<meta property=\"og:site_name\" content=\"Melbet lt\" \/>\n<meta property=\"article:modified_time\" content=\"2025-07-17T17:59:03+00:00\" \/>\n<meta name=\"twitter:card\" content=\"summary_large_image\" \/>\n<script type=\"application\/ld+json\" class=\"yoast-schema-graph\">{\"@context\":\"https:\\\/\\\/schema.org\",\"@graph\":[{\"@type\":\"WebPage\",\"@id\":\"https:\\\/\\\/melbet.plus\\\/lt\\\/bonus\\\/casino-welcome-package\\\/\",\"url\":\"https:\\\/\\\/melbet.plus\\\/lt\\\/bonus\\\/casino-welcome-package\\\/\",\"name\":\"Melbet Casino sveikinimo paketas: Iki \u20ac 1750 + 290 FS\",\"isPartOf\":{\"@id\":\"https:\\\/\\\/melbet.plus\\\/lt\\\/#website\"},\"datePublished\":\"2025-04-25T07:31:56+00:00\",\"dateModified\":\"2025-07-17T17:59:03+00:00\",\"description\":\"Ar esate pasireng\u0119 laim\u0117ti aukso puod\u0105? Gaukite iki \u20ac1750 ir 290 nemokam\u0173 sukim\u0173 su pirmaisiais penkiais ind\u0117liais Melbet Casino! U\u017esiregistruokite, \u012fne\u0161kite pinigus ir pasinaudokite maksimaliomis premijomis bei nemokamais sukimais - \u017eaiskite pelningai ir gaukite didel\u012f peln\u0105 i\u0161 kiekvieno statymo!\",\"breadcrumb\":{\"@id\":\"https:\\\/\\\/melbet.plus\\\/lt\\\/bonus\\\/casino-welcome-package\\\/#breadcrumb\"},\"inLanguage\":\"lt-LT\",\"potentialAction\":[{\"@type\":\"ReadAction\",\"target\":[\"https:\\\/\\\/melbet.plus\\\/lt\\\/bonus\\\/casino-welcome-package\\\/\"]}]},{\"@type\":\"BreadcrumbList\",\"@id\":\"https:\\\/\\\/melbet.plus\\\/lt\\\/bonus\\\/casino-welcome-package\\\/#breadcrumb\",\"itemListElement\":[{\"@type\":\"ListItem\",\"position\":1,\"name\":\"Home\",\"item\":\"https:\\\/\\\/melbet.plus\\\/lt\\\/\"},{\"@type\":\"ListItem\",\"position\":2,\"name\":\"Premijos\",\"item\":\"https:\\\/\\\/melbet.plus\\\/lt\\\/bonus\\\/\"},{\"@type\":\"ListItem\",\"position\":3,\"name\":\"Kazino sveikinimo paketas\"}]},{\"@type\":\"WebSite\",\"@id\":\"https:\\\/\\\/melbet.plus\\\/lt\\\/#website\",\"url\":\"https:\\\/\\\/melbet.plus\\\/lt\\\/\",\"name\":\"Melbet lt\",\"description\":\"My WordPress Blog\",\"potentialAction\":[{\"@type\":\"SearchAction\",\"target\":{\"@type\":\"EntryPoint\",\"urlTemplate\":\"https:\\\/\\\/melbet.plus\\\/lt\\\/?s={search_term_string}\"},\"query-input\":{\"@type\":\"PropertyValueSpecification\",\"valueRequired\":true,\"valueName\":\"search_term_string\"}}],\"inLanguage\":\"lt-LT\"}]}<\/script>\n<!-- \/ Yoast SEO plugin. -->","yoast_head_json":{"title":"Melbet Casino sveikinimo paketas: Iki \u20ac 1750 + 290 FS","description":"Ar esate pasireng\u0119 laim\u0117ti aukso puod\u0105? Gaukite iki \u20ac1750 ir 290 nemokam\u0173 sukim\u0173 su pirmaisiais penkiais ind\u0117liais Melbet Casino! U\u017esiregistruokite, \u012fne\u0161kite pinigus ir pasinaudokite maksimaliomis premijomis bei nemokamais sukimais - \u017eaiskite pelningai ir gaukite didel\u012f peln\u0105 i\u0161 kiekvieno statymo!","robots":{"index":"index","follow":"follow","max-snippet":"max-snippet:-1","max-image-preview":"max-image-preview:large","max-video-preview":"max-video-preview:-1"},"og_locale":"lt_LT","og_type":"article","og_title":"Melbet Casino sveikinimo paketas: Iki \u20ac 1750 + 290 FS","og_description":"Ar esate pasireng\u0119 laim\u0117ti aukso puod\u0105? Gaukite iki \u20ac1750 ir 290 nemokam\u0173 sukim\u0173 su pirmaisiais penkiais ind\u0117liais Melbet Casino! U\u017esiregistruokite, \u012fne\u0161kite pinigus ir pasinaudokite maksimaliomis premijomis bei nemokamais sukimais - \u017eaiskite pelningai ir gaukite didel\u012f peln\u0105 i\u0161 kiekvieno statymo!","og_url":"https:\/\/melbet.plus\/lt\/bonus\/casino-welcome-package\/","og_site_name":"Melbet lt","article_modified_time":"2025-07-17T17:59:03+00:00","twitter_card":"summary_large_image","schema":{"@context":"https:\/\/schema.org","@graph":[{"@type":"WebPage","@id":"https:\/\/melbet.plus\/lt\/bonus\/casino-welcome-package\/","url":"https:\/\/melbet.plus\/lt\/bonus\/casino-welcome-package\/","name":"Melbet Casino sveikinimo paketas: Iki \u20ac 1750 + 290 FS","isPartOf":{"@id":"https:\/\/melbet.plus\/lt\/#website"},"datePublished":"2025-04-25T07:31:56+00:00","dateModified":"2025-07-17T17:59:03+00:00","description":"Ar esate pasireng\u0119 laim\u0117ti aukso puod\u0105? Gaukite iki \u20ac1750 ir 290 nemokam\u0173 sukim\u0173 su pirmaisiais penkiais ind\u0117liais Melbet Casino! U\u017esiregistruokite, \u012fne\u0161kite pinigus ir pasinaudokite maksimaliomis premijomis bei nemokamais sukimais - \u017eaiskite pelningai ir gaukite didel\u012f peln\u0105 i\u0161 kiekvieno statymo!","breadcrumb":{"@id":"https:\/\/melbet.plus\/lt\/bonus\/casino-welcome-package\/#breadcrumb"},"inLanguage":"lt-LT","potentialAction":[{"@type":"ReadAction","target":["https:\/\/melbet.plus\/lt\/bonus\/casino-welcome-package\/"]}]},{"@type":"BreadcrumbList","@id":"https:\/\/melbet.plus\/lt\/bonus\/casino-welcome-package\/#breadcrumb","itemListElement":[{"@type":"ListItem","position":1,"name":"Home","item":"https:\/\/melbet.plus\/lt\/"},{"@type":"ListItem","position":2,"name":"Premijos","item":"https:\/\/melbet.plus\/lt\/bonus\/"},{"@type":"ListItem","position":3,"name":"Kazino sveikinimo paketas"}]},{"@type":"WebSite","@id":"https:\/\/melbet.plus\/lt\/#website","url":"https:\/\/melbet.plus\/lt\/","name":"Melbet lt","description":"My WordPress Blog","potentialAction":[{"@type":"SearchAction","target":{"@type":"EntryPoint","urlTemplate":"https:\/\/melbet.plus\/lt\/?s={search_term_string}"},"query-input":{"@type":"PropertyValueSpecification","valueRequired":true,"valueName":"search_term_string"}}],"inLanguage":"lt-LT"}]}},"_links":{"self":[{"href":"https:\/\/melbet.plus\/lt\/wp-json\/wp\/v2\/pages\/746","targetHints":{"allow":["GET"]}}],"collection":[{"href":"https:\/\/melbet.plus\/lt\/wp-json\/wp\/v2\/pages"}],"about":[{"href":"https:\/\/melbet.plus\/lt\/wp-json\/wp\/v2\/types\/page"}],"author":[{"embeddable":true,"href":"https:\/\/melbet.plus\/lt\/wp-json\/wp\/v2\/users\/1"}],"replies":[{"embeddable":true,"href":"https:\/\/melbet.plus\/lt\/wp-json\/wp\/v2\/comments?post=746"}],"version-history":[{"count":7,"href":"https:\/\/melbet.plus\/lt\/wp-json\/wp\/v2\/pages\/746\/revisions"}],"predecessor-version":[{"id":882,"href":"https:\/\/melbet.plus\/lt\/wp-json\/wp\/v2\/pages\/746\/revisions\/882"}],"up":[{"embeddable":true,"href":"https:\/\/melbet.plus\/lt\/wp-json\/wp\/v2\/pages\/152"}],"wp:attachment":[{"href":"https:\/\/melbet.plus\/lt\/wp-json\/wp\/v2\/media?parent=746"}],"curies":[{"name":"wp","href":"https:\/\/api.w.org\/{rel}","templated":true}]}}