{"id":740,"date":"2025-04-25T07:11:44","date_gmt":"2025-04-25T07:11:44","guid":{"rendered":"https:\/\/melbet.plus\/lt\/?page_id=740"},"modified":"2025-07-17T17:59:36","modified_gmt":"2025-07-17T17:59:36","slug":"cashback","status":"publish","type":"page","link":"https:\/\/melbet.plus\/lt\/bonus\/cashback\/","title":{"rendered":"Pinig\u0173 gr\u0105\u017einimas"},"content":{"rendered":"","protected":false},"excerpt":{"rendered":"","protected":false},"author":1,"featured_media":0,"parent":152,"menu_order":0,"comment_status":"closed","ping_status":"closed","template":"","meta":{"inline_featured_image":false,"footnotes":""},"class_list":["post-740","page","type-page","status-publish","hentry"],"yoast_head":"<!-- This site is optimized with the Yoast SEO plugin v27.3 - https:\/\/yoast.com\/product\/yoast-seo-wordpress\/ -->\n<title>Melbet 10 % gryn\u0173j\u0173 pinig\u0173 gr\u0105\u017einimas mobiliojoje program\u0117l\u0117je<\/title>\n<meta name=\"description\" content=\"Norite atgauti 10 % savo statym\u0173? Naudokit\u0117s Melbet mobili\u0105ja program\u0117le ir kas savait\u0119 atgaukite pinigus! Prisijunkite prie savo paskyros, aktyvuokite akcij\u0105 ir atlikite statymus nuo 1 \u20ac su tinkamais koeficientais - pelnas bus gr\u0105\u017eintas tiesiai \u012f j\u016bs\u0173 s\u0105skait\u0105.\" \/>\n<meta name=\"robots\" content=\"index, follow, max-snippet:-1, max-image-preview:large, max-video-preview:-1\" \/>\n<meta property=\"og:locale\" content=\"lt_LT\" \/>\n<meta property=\"og:type\" content=\"article\" \/>\n<meta property=\"og:title\" content=\"Melbet 10 % gryn\u0173j\u0173 pinig\u0173 gr\u0105\u017einimas mobiliojoje program\u0117l\u0117je\" \/>\n<meta property=\"og:description\" content=\"Norite atgauti 10 % savo statym\u0173? Naudokit\u0117s Melbet mobili\u0105ja program\u0117le ir kas savait\u0119 atgaukite pinigus! Prisijunkite prie savo paskyros, aktyvuokite akcij\u0105 ir atlikite statymus nuo 1 \u20ac su tinkamais koeficientais - pelnas bus gr\u0105\u017eintas tiesiai \u012f j\u016bs\u0173 s\u0105skait\u0105.\" \/>\n<meta property=\"og:url\" content=\"https:\/\/melbet.plus\/lt\/bonus\/cashback\/\" \/>\n<meta property=\"og:site_name\" content=\"Melbet lt\" \/>\n<meta property=\"article:modified_time\" content=\"2025-07-17T17:59:36+00:00\" \/>\n<meta name=\"twitter:card\" content=\"summary_large_image\" \/>\n<script type=\"application\/ld+json\" class=\"yoast-schema-graph\">{\"@context\":\"https:\\\/\\\/schema.org\",\"@graph\":[{\"@type\":\"WebPage\",\"@id\":\"https:\\\/\\\/melbet.plus\\\/lt\\\/bonus\\\/cashback\\\/\",\"url\":\"https:\\\/\\\/melbet.plus\\\/lt\\\/bonus\\\/cashback\\\/\",\"name\":\"Melbet 10 % gryn\u0173j\u0173 pinig\u0173 gr\u0105\u017einimas mobiliojoje program\u0117l\u0117je\",\"isPartOf\":{\"@id\":\"https:\\\/\\\/melbet.plus\\\/lt\\\/#website\"},\"datePublished\":\"2025-04-25T07:11:44+00:00\",\"dateModified\":\"2025-07-17T17:59:36+00:00\",\"description\":\"Norite atgauti 10 % savo statym\u0173? Naudokit\u0117s Melbet mobili\u0105ja program\u0117le ir kas savait\u0119 atgaukite pinigus! Prisijunkite prie savo paskyros, aktyvuokite akcij\u0105 ir atlikite statymus nuo 1 \u20ac su tinkamais koeficientais - pelnas bus gr\u0105\u017eintas tiesiai \u012f j\u016bs\u0173 s\u0105skait\u0105.\",\"breadcrumb\":{\"@id\":\"https:\\\/\\\/melbet.plus\\\/lt\\\/bonus\\\/cashback\\\/#breadcrumb\"},\"inLanguage\":\"lt-LT\",\"potentialAction\":[{\"@type\":\"ReadAction\",\"target\":[\"https:\\\/\\\/melbet.plus\\\/lt\\\/bonus\\\/cashback\\\/\"]}]},{\"@type\":\"BreadcrumbList\",\"@id\":\"https:\\\/\\\/melbet.plus\\\/lt\\\/bonus\\\/cashback\\\/#breadcrumb\",\"itemListElement\":[{\"@type\":\"ListItem\",\"position\":1,\"name\":\"Home\",\"item\":\"https:\\\/\\\/melbet.plus\\\/lt\\\/\"},{\"@type\":\"ListItem\",\"position\":2,\"name\":\"Premijos\",\"item\":\"https:\\\/\\\/melbet.plus\\\/lt\\\/bonus\\\/\"},{\"@type\":\"ListItem\",\"position\":3,\"name\":\"Pinig\u0173 gr\u0105\u017einimas\"}]},{\"@type\":\"WebSite\",\"@id\":\"https:\\\/\\\/melbet.plus\\\/lt\\\/#website\",\"url\":\"https:\\\/\\\/melbet.plus\\\/lt\\\/\",\"name\":\"Melbet lt\",\"description\":\"My WordPress Blog\",\"potentialAction\":[{\"@type\":\"SearchAction\",\"target\":{\"@type\":\"EntryPoint\",\"urlTemplate\":\"https:\\\/\\\/melbet.plus\\\/lt\\\/?s={search_term_string}\"},\"query-input\":{\"@type\":\"PropertyValueSpecification\",\"valueRequired\":true,\"valueName\":\"search_term_string\"}}],\"inLanguage\":\"lt-LT\"}]}<\/script>\n<!-- \/ Yoast SEO plugin. -->","yoast_head_json":{"title":"Melbet 10 % gryn\u0173j\u0173 pinig\u0173 gr\u0105\u017einimas mobiliojoje program\u0117l\u0117je","description":"Norite atgauti 10 % savo statym\u0173? Naudokit\u0117s Melbet mobili\u0105ja program\u0117le ir kas savait\u0119 atgaukite pinigus! Prisijunkite prie savo paskyros, aktyvuokite akcij\u0105 ir atlikite statymus nuo 1 \u20ac su tinkamais koeficientais - pelnas bus gr\u0105\u017eintas tiesiai \u012f j\u016bs\u0173 s\u0105skait\u0105.","robots":{"index":"index","follow":"follow","max-snippet":"max-snippet:-1","max-image-preview":"max-image-preview:large","max-video-preview":"max-video-preview:-1"},"og_locale":"lt_LT","og_type":"article","og_title":"Melbet 10 % gryn\u0173j\u0173 pinig\u0173 gr\u0105\u017einimas mobiliojoje program\u0117l\u0117je","og_description":"Norite atgauti 10 % savo statym\u0173? Naudokit\u0117s Melbet mobili\u0105ja program\u0117le ir kas savait\u0119 atgaukite pinigus! Prisijunkite prie savo paskyros, aktyvuokite akcij\u0105 ir atlikite statymus nuo 1 \u20ac su tinkamais koeficientais - pelnas bus gr\u0105\u017eintas tiesiai \u012f j\u016bs\u0173 s\u0105skait\u0105.","og_url":"https:\/\/melbet.plus\/lt\/bonus\/cashback\/","og_site_name":"Melbet lt","article_modified_time":"2025-07-17T17:59:36+00:00","twitter_card":"summary_large_image","schema":{"@context":"https:\/\/schema.org","@graph":[{"@type":"WebPage","@id":"https:\/\/melbet.plus\/lt\/bonus\/cashback\/","url":"https:\/\/melbet.plus\/lt\/bonus\/cashback\/","name":"Melbet 10 % gryn\u0173j\u0173 pinig\u0173 gr\u0105\u017einimas mobiliojoje program\u0117l\u0117je","isPartOf":{"@id":"https:\/\/melbet.plus\/lt\/#website"},"datePublished":"2025-04-25T07:11:44+00:00","dateModified":"2025-07-17T17:59:36+00:00","description":"Norite atgauti 10 % savo statym\u0173? Naudokit\u0117s Melbet mobili\u0105ja program\u0117le ir kas savait\u0119 atgaukite pinigus! Prisijunkite prie savo paskyros, aktyvuokite akcij\u0105 ir atlikite statymus nuo 1 \u20ac su tinkamais koeficientais - pelnas bus gr\u0105\u017eintas tiesiai \u012f j\u016bs\u0173 s\u0105skait\u0105.","breadcrumb":{"@id":"https:\/\/melbet.plus\/lt\/bonus\/cashback\/#breadcrumb"},"inLanguage":"lt-LT","potentialAction":[{"@type":"ReadAction","target":["https:\/\/melbet.plus\/lt\/bonus\/cashback\/"]}]},{"@type":"BreadcrumbList","@id":"https:\/\/melbet.plus\/lt\/bonus\/cashback\/#breadcrumb","itemListElement":[{"@type":"ListItem","position":1,"name":"Home","item":"https:\/\/melbet.plus\/lt\/"},{"@type":"ListItem","position":2,"name":"Premijos","item":"https:\/\/melbet.plus\/lt\/bonus\/"},{"@type":"ListItem","position":3,"name":"Pinig\u0173 gr\u0105\u017einimas"}]},{"@type":"WebSite","@id":"https:\/\/melbet.plus\/lt\/#website","url":"https:\/\/melbet.plus\/lt\/","name":"Melbet lt","description":"My WordPress Blog","potentialAction":[{"@type":"SearchAction","target":{"@type":"EntryPoint","urlTemplate":"https:\/\/melbet.plus\/lt\/?s={search_term_string}"},"query-input":{"@type":"PropertyValueSpecification","valueRequired":true,"valueName":"search_term_string"}}],"inLanguage":"lt-LT"}]}},"_links":{"self":[{"href":"https:\/\/melbet.plus\/lt\/wp-json\/wp\/v2\/pages\/740","targetHints":{"allow":["GET"]}}],"collection":[{"href":"https:\/\/melbet.plus\/lt\/wp-json\/wp\/v2\/pages"}],"about":[{"href":"https:\/\/melbet.plus\/lt\/wp-json\/wp\/v2\/types\/page"}],"author":[{"embeddable":true,"href":"https:\/\/melbet.plus\/lt\/wp-json\/wp\/v2\/users\/1"}],"replies":[{"embeddable":true,"href":"https:\/\/melbet.plus\/lt\/wp-json\/wp\/v2\/comments?post=740"}],"version-history":[{"count":9,"href":"https:\/\/melbet.plus\/lt\/wp-json\/wp\/v2\/pages\/740\/revisions"}],"predecessor-version":[{"id":883,"href":"https:\/\/melbet.plus\/lt\/wp-json\/wp\/v2\/pages\/740\/revisions\/883"}],"up":[{"embeddable":true,"href":"https:\/\/melbet.plus\/lt\/wp-json\/wp\/v2\/pages\/152"}],"wp:attachment":[{"href":"https:\/\/melbet.plus\/lt\/wp-json\/wp\/v2\/media?parent=740"}],"curies":[{"name":"wp","href":"https:\/\/api.w.org\/{rel}","templated":true}]}}