{"id":727,"date":"2025-04-25T06:27:44","date_gmt":"2025-04-25T06:27:44","guid":{"rendered":"https:\/\/melbet.plus\/lt\/?page_id=727"},"modified":"2025-07-17T18:00:22","modified_gmt":"2025-07-17T18:00:22","slug":"welcome-bonus","status":"publish","type":"page","link":"https:\/\/melbet.plus\/lt\/bonus\/welcome-bonus\/","title":{"rendered":"Sveikinimo premija"},"content":{"rendered":"","protected":false},"excerpt":{"rendered":"","protected":false},"author":1,"featured_media":0,"parent":152,"menu_order":0,"comment_status":"closed","ping_status":"closed","template":"","meta":{"inline_featured_image":false,"footnotes":""},"class_list":["post-727","page","type-page","status-publish","hentry"],"yoast_head":"<!-- This site is optimized with the Yoast SEO plugin v27.3 - https:\/\/yoast.com\/product\/yoast-seo-wordpress\/ -->\n<title>Melbet sveikinimo premija iki 110 \u20ac: dvigubas ind\u0117lis<\/title>\n<meta name=\"description\" content=\"Gaukite savo 110 \u20ac Melbet - po registracijos \u012fmok\u0117kite 1 \u20ac ir mes padvigubinsime j\u016bs\u0173 \u012fmok\u0105! Nepraleiskite progos padidinti savo statym\u0105 ir prad\u0117ti \u017eaisti su maksimalia premija. Premija, kuri tikrai veikia - pasiruo\u0161\u0119 gauti pinig\u0173?\" \/>\n<meta name=\"robots\" content=\"index, follow, max-snippet:-1, max-image-preview:large, max-video-preview:-1\" \/>\n<meta property=\"og:locale\" content=\"lt_LT\" \/>\n<meta property=\"og:type\" content=\"article\" \/>\n<meta property=\"og:title\" content=\"Melbet sveikinimo premija iki 110 \u20ac: dvigubas ind\u0117lis\" \/>\n<meta property=\"og:description\" content=\"Gaukite savo 110 \u20ac Melbet - po registracijos \u012fmok\u0117kite 1 \u20ac ir mes padvigubinsime j\u016bs\u0173 \u012fmok\u0105! Nepraleiskite progos padidinti savo statym\u0105 ir prad\u0117ti \u017eaisti su maksimalia premija. Premija, kuri tikrai veikia - pasiruo\u0161\u0119 gauti pinig\u0173?\" \/>\n<meta property=\"og:url\" content=\"https:\/\/melbet.plus\/lt\/bonus\/welcome-bonus\/\" \/>\n<meta property=\"og:site_name\" content=\"Melbet lt\" \/>\n<meta property=\"article:modified_time\" content=\"2025-07-17T18:00:22+00:00\" \/>\n<meta name=\"twitter:card\" content=\"summary_large_image\" \/>\n<script type=\"application\/ld+json\" class=\"yoast-schema-graph\">{\"@context\":\"https:\\\/\\\/schema.org\",\"@graph\":[{\"@type\":\"WebPage\",\"@id\":\"https:\\\/\\\/melbet.plus\\\/lt\\\/bonus\\\/welcome-bonus\\\/\",\"url\":\"https:\\\/\\\/melbet.plus\\\/lt\\\/bonus\\\/welcome-bonus\\\/\",\"name\":\"Melbet sveikinimo premija iki 110 \u20ac: dvigubas ind\u0117lis\",\"isPartOf\":{\"@id\":\"https:\\\/\\\/melbet.plus\\\/lt\\\/#website\"},\"datePublished\":\"2025-04-25T06:27:44+00:00\",\"dateModified\":\"2025-07-17T18:00:22+00:00\",\"description\":\"Gaukite savo 110 \u20ac Melbet - po registracijos \u012fmok\u0117kite 1 \u20ac ir mes padvigubinsime j\u016bs\u0173 \u012fmok\u0105! Nepraleiskite progos padidinti savo statym\u0105 ir prad\u0117ti \u017eaisti su maksimalia premija. Premija, kuri tikrai veikia - pasiruo\u0161\u0119 gauti pinig\u0173?\",\"breadcrumb\":{\"@id\":\"https:\\\/\\\/melbet.plus\\\/lt\\\/bonus\\\/welcome-bonus\\\/#breadcrumb\"},\"inLanguage\":\"lt-LT\",\"potentialAction\":[{\"@type\":\"ReadAction\",\"target\":[\"https:\\\/\\\/melbet.plus\\\/lt\\\/bonus\\\/welcome-bonus\\\/\"]}]},{\"@type\":\"BreadcrumbList\",\"@id\":\"https:\\\/\\\/melbet.plus\\\/lt\\\/bonus\\\/welcome-bonus\\\/#breadcrumb\",\"itemListElement\":[{\"@type\":\"ListItem\",\"position\":1,\"name\":\"Home\",\"item\":\"https:\\\/\\\/melbet.plus\\\/lt\\\/\"},{\"@type\":\"ListItem\",\"position\":2,\"name\":\"Premijos\",\"item\":\"https:\\\/\\\/melbet.plus\\\/lt\\\/bonus\\\/\"},{\"@type\":\"ListItem\",\"position\":3,\"name\":\"Sveikinimo premija\"}]},{\"@type\":\"WebSite\",\"@id\":\"https:\\\/\\\/melbet.plus\\\/lt\\\/#website\",\"url\":\"https:\\\/\\\/melbet.plus\\\/lt\\\/\",\"name\":\"Melbet lt\",\"description\":\"My WordPress Blog\",\"potentialAction\":[{\"@type\":\"SearchAction\",\"target\":{\"@type\":\"EntryPoint\",\"urlTemplate\":\"https:\\\/\\\/melbet.plus\\\/lt\\\/?s={search_term_string}\"},\"query-input\":{\"@type\":\"PropertyValueSpecification\",\"valueRequired\":true,\"valueName\":\"search_term_string\"}}],\"inLanguage\":\"lt-LT\"}]}<\/script>\n<!-- \/ Yoast SEO plugin. -->","yoast_head_json":{"title":"Melbet sveikinimo premija iki 110 \u20ac: dvigubas ind\u0117lis","description":"Gaukite savo 110 \u20ac Melbet - po registracijos \u012fmok\u0117kite 1 \u20ac ir mes padvigubinsime j\u016bs\u0173 \u012fmok\u0105! Nepraleiskite progos padidinti savo statym\u0105 ir prad\u0117ti \u017eaisti su maksimalia premija. Premija, kuri tikrai veikia - pasiruo\u0161\u0119 gauti pinig\u0173?","robots":{"index":"index","follow":"follow","max-snippet":"max-snippet:-1","max-image-preview":"max-image-preview:large","max-video-preview":"max-video-preview:-1"},"og_locale":"lt_LT","og_type":"article","og_title":"Melbet sveikinimo premija iki 110 \u20ac: dvigubas ind\u0117lis","og_description":"Gaukite savo 110 \u20ac Melbet - po registracijos \u012fmok\u0117kite 1 \u20ac ir mes padvigubinsime j\u016bs\u0173 \u012fmok\u0105! Nepraleiskite progos padidinti savo statym\u0105 ir prad\u0117ti \u017eaisti su maksimalia premija. Premija, kuri tikrai veikia - pasiruo\u0161\u0119 gauti pinig\u0173?","og_url":"https:\/\/melbet.plus\/lt\/bonus\/welcome-bonus\/","og_site_name":"Melbet lt","article_modified_time":"2025-07-17T18:00:22+00:00","twitter_card":"summary_large_image","schema":{"@context":"https:\/\/schema.org","@graph":[{"@type":"WebPage","@id":"https:\/\/melbet.plus\/lt\/bonus\/welcome-bonus\/","url":"https:\/\/melbet.plus\/lt\/bonus\/welcome-bonus\/","name":"Melbet sveikinimo premija iki 110 \u20ac: dvigubas ind\u0117lis","isPartOf":{"@id":"https:\/\/melbet.plus\/lt\/#website"},"datePublished":"2025-04-25T06:27:44+00:00","dateModified":"2025-07-17T18:00:22+00:00","description":"Gaukite savo 110 \u20ac Melbet - po registracijos \u012fmok\u0117kite 1 \u20ac ir mes padvigubinsime j\u016bs\u0173 \u012fmok\u0105! Nepraleiskite progos padidinti savo statym\u0105 ir prad\u0117ti \u017eaisti su maksimalia premija. Premija, kuri tikrai veikia - pasiruo\u0161\u0119 gauti pinig\u0173?","breadcrumb":{"@id":"https:\/\/melbet.plus\/lt\/bonus\/welcome-bonus\/#breadcrumb"},"inLanguage":"lt-LT","potentialAction":[{"@type":"ReadAction","target":["https:\/\/melbet.plus\/lt\/bonus\/welcome-bonus\/"]}]},{"@type":"BreadcrumbList","@id":"https:\/\/melbet.plus\/lt\/bonus\/welcome-bonus\/#breadcrumb","itemListElement":[{"@type":"ListItem","position":1,"name":"Home","item":"https:\/\/melbet.plus\/lt\/"},{"@type":"ListItem","position":2,"name":"Premijos","item":"https:\/\/melbet.plus\/lt\/bonus\/"},{"@type":"ListItem","position":3,"name":"Sveikinimo premija"}]},{"@type":"WebSite","@id":"https:\/\/melbet.plus\/lt\/#website","url":"https:\/\/melbet.plus\/lt\/","name":"Melbet lt","description":"My WordPress Blog","potentialAction":[{"@type":"SearchAction","target":{"@type":"EntryPoint","urlTemplate":"https:\/\/melbet.plus\/lt\/?s={search_term_string}"},"query-input":{"@type":"PropertyValueSpecification","valueRequired":true,"valueName":"search_term_string"}}],"inLanguage":"lt-LT"}]}},"_links":{"self":[{"href":"https:\/\/melbet.plus\/lt\/wp-json\/wp\/v2\/pages\/727","targetHints":{"allow":["GET"]}}],"collection":[{"href":"https:\/\/melbet.plus\/lt\/wp-json\/wp\/v2\/pages"}],"about":[{"href":"https:\/\/melbet.plus\/lt\/wp-json\/wp\/v2\/types\/page"}],"author":[{"embeddable":true,"href":"https:\/\/melbet.plus\/lt\/wp-json\/wp\/v2\/users\/1"}],"replies":[{"embeddable":true,"href":"https:\/\/melbet.plus\/lt\/wp-json\/wp\/v2\/comments?post=727"}],"version-history":[{"count":7,"href":"https:\/\/melbet.plus\/lt\/wp-json\/wp\/v2\/pages\/727\/revisions"}],"predecessor-version":[{"id":889,"href":"https:\/\/melbet.plus\/lt\/wp-json\/wp\/v2\/pages\/727\/revisions\/889"}],"up":[{"embeddable":true,"href":"https:\/\/melbet.plus\/lt\/wp-json\/wp\/v2\/pages\/152"}],"wp:attachment":[{"href":"https:\/\/melbet.plus\/lt\/wp-json\/wp\/v2\/media?parent=727"}],"curies":[{"name":"wp","href":"https:\/\/api.w.org\/{rel}","templated":true}]}}